{"id":237,"date":"2022-04-20T12:53:29","date_gmt":"2022-04-20T10:53:29","guid":{"rendered":"https:\/\/ikasougou.com\/ikaselifitini\/?post_type=product&#038;p=237"},"modified":"2022-04-20T12:54:06","modified_gmt":"2022-04-20T10:54:06","slug":"extra-tonic-12-bouteilles","status":"publish","type":"product","link":"https:\/\/ikasougou.com\/ikaselifitini\/produit\/extra-tonic-12-bouteilles\/","title":{"rendered":"Extra Tonic 12 Bouteilles"},"content":{"rendered":"<p>P\u00e9tillante, gazeuse, Extra Tonic, vous apporte rafra\u00eechissement et \u00e9nergie !<br \/>\n\u00c0 consommer frais pendant vos diverses activit\u00e9s !<\/p>\n<div style=\"display:flex; gap:10px;justify-content:center\" class=\"wps-pgfw-pdf-generate-icon__wrapper-frontend\">\n\t\t<a  href=\"https:\/\/ikasougou.com\/ikaselifitini\/wp-json\/wp\/v2\/product\/237?action=genpdf&amp;id=237\" class=\"pgfw-single-pdf-download-button\" ><img src=\"https:\/\/ikasougou.com\/ikaselifitini\/wp-content\/plugins\/pdf-generator-for-wp\/admin\/src\/images\/PDF_Tray.svg\" title=\"G\u00e9n\u00e9rer un PDF\" style=\"width:auto; height:45px;\"><\/a>\n\t\t<\/div>","protected":false},"excerpt":{"rendered":"<p>P\u00e9tillante, gazeuse, Extra Tonic, vous apporte rafra\u00eechissement et \u00e9nergie !<\/p>\n","protected":false},"featured_media":261,"comment_status":"open","ping_status":"closed","template":"","meta":{"jetpack_publicize_message":"","jetpack_publicize_feature_enabled":true,"jetpack_social_post_already_shared":true,"jetpack_social_options":{"image_generator_settings":{"template":"highway","default_image_id":0,"font":"","enabled":false},"version":2}},"product_brand":[],"product_cat":[98],"product_tag":[108,109,121],"class_list":{"0":"post-237","1":"product","2":"type-product","3":"status-publish","4":"has-post-thumbnail","6":"product_cat-boissons-2","7":"product_tag-energie","8":"product_tag-petillante","9":"product_tag-tonic","11":"first","12":"instock","13":"shipping-taxable","14":"purchasable","15":"product-type-simple"},"ams_default_variation_id":0,"ams_product_points_reward":[],"ams_product_discount_percentage":0,"ams_price_to_display":2000,"aioseo_notices":[],"ams_acf":[],"jetpack_publicize_connections":[],"jetpack-related-posts":[],"jetpack_sharing_enabled":true,"jetpack_likes_enabled":true,"_links":{"self":[{"href":"https:\/\/ikasougou.com\/ikaselifitini\/wp-json\/wp\/v2\/product\/237","targetHints":{"allow":["GET"]}}],"collection":[{"href":"https:\/\/ikasougou.com\/ikaselifitini\/wp-json\/wp\/v2\/product"}],"about":[{"href":"https:\/\/ikasougou.com\/ikaselifitini\/wp-json\/wp\/v2\/types\/product"}],"replies":[{"embeddable":true,"href":"https:\/\/ikasougou.com\/ikaselifitini\/wp-json\/wp\/v2\/comments?post=237"}],"wp:featuredmedia":[{"embeddable":true,"href":"https:\/\/ikasougou.com\/ikaselifitini\/wp-json\/wp\/v2\/media\/261"}],"wp:attachment":[{"href":"https:\/\/ikasougou.com\/ikaselifitini\/wp-json\/wp\/v2\/media?parent=237"}],"wp:term":[{"taxonomy":"product_brand","embeddable":true,"href":"https:\/\/ikasougou.com\/ikaselifitini\/wp-json\/wp\/v2\/product_brand?post=237"},{"taxonomy":"product_cat","embeddable":true,"href":"https:\/\/ikasougou.com\/ikaselifitini\/wp-json\/wp\/v2\/product_cat?post=237"},{"taxonomy":"product_tag","embeddable":true,"href":"https:\/\/ikasougou.com\/ikaselifitini\/wp-json\/wp\/v2\/product_tag?post=237"}],"curies":[{"name":"wp","href":"https:\/\/api.w.org\/{rel}","templated":true}]}}