{"id":184,"date":"2021-04-19T14:23:42","date_gmt":"2021-04-19T12:23:42","guid":{"rendered":"https:\/\/ikasougou.com\/ikasounkalo\/?post_type=product&#038;p=184"},"modified":"2021-05-21T14:04:26","modified_gmt":"2021-05-21T12:04:26","slug":"pates-barilla-penne-rigate","status":"publish","type":"product","link":"https:\/\/ikasougou.com\/ikasounkalo\/produit\/pates-barilla-penne-rigate\/","title":{"rendered":"Pates Barilla &#8211; PENNE RIGATE"},"content":{"rendered":"<p>Les Penne Rigate Barilla au go\u00fbt intense, sont capables d&#8217;absorber parfaitement toutes vos sauces. Le secret\u00a0? Une combinaison de bl\u00e9s durs excellents et recherch\u00e9s qui mettent parfaitement en relief le go\u00fbt de cette vari\u00e9t\u00e9 de p\u00e2tes, fabriqu\u00e9es avec toute l&#8217;exp\u00e9rience et la passion d&#8217;un producteur fier d&#8217;une tradition centenaire. Go\u00fbtez-les, vous ferez l&#8217;exp\u00e9rience gustative des Penne Barilla comme si vous mangiez des p\u00e2tes pour la premi\u00e8re fois.<\/p>\n<h2 class=\"section-heading\">A PROPOS DE<\/h2>\n<div class=\"l-mb1\">\n<div class=\"media media--infoList\">\n<div class=\"media-img\">\n<div class=\"icon icon--mid\"><\/div>\n<\/div>\n<div class=\"media-body\">P\u00e2tes courtes<\/div>\n<\/div>\n<div class=\"media media--infoList\">\n<div class=\"media-img\">\n<div class=\"icon icon--mid\"><\/div>\n<\/div>\n<div class=\"media-body\">P\u00e2tes \u00e0 la semoule de bl\u00e9 dur<\/div>\n<\/div>\n<div class=\"media media--infoList\">\n<div class=\"media-img\">\n<div class=\"icon icon--mid\"><\/div>\n<\/div>\n<div class=\"media-body\">Temps de cuisson 11 minutes<\/div>\n<\/div>\n<\/div>\n<div class=\"media media--top media--infoList media--infoList--tall\">\n<div class=\"media-img\">\n<div class=\"icon icon--mid\"><\/div>\n<\/div>\n<div class=\"media-body\">\n<h3>Quelles sont les valeurs nutritionnelles\u00a0?<\/h3>\n<div class=\"tableResponsive\">\n<div class=\"table-wrapper\">\n<table>\n<tbody>\n<tr>\n<th>VALEURS NUTRITIONNELLES MOYENNES POUR 100 G<\/th>\n<th>UNIT\u00c9<\/th>\n<th>VALEUR<\/th>\n<\/tr>\n<tr>\n<td>\u00c9NERGIE<\/td>\n<td>kcal<\/td>\n<td>359<\/td>\n<\/tr>\n<tr>\n<td>\u00c9NERGIE<\/td>\n<td>kJ<\/td>\n<td>1521<\/td>\n<\/tr>\n<tr>\n<td>MATI\u00c8RES GRASSES<\/td>\n<td>g<\/td>\n<td>2,0<\/td>\n<\/tr>\n<tr>\n<td>Dont: ACIDES GRAS SATUR\u00c9S<\/td>\n<td>g<\/td>\n<td>0,5<\/td>\n<\/tr>\n<tr>\n<td>GLUCIDES<\/td>\n<td>g<\/td>\n<td>71,2<\/td>\n<\/tr>\n<tr>\n<td>Dont: SUCRES<\/td>\n<td>g<\/td>\n<td>3,5<\/td>\n<\/tr>\n<tr>\n<td>FIBRES ALIMENTAIRES<\/td>\n<td>g<\/td>\n<td>3,0<\/td>\n<\/tr>\n<tr>\n<td>PROT\u00c9INES<\/td>\n<td>g<\/td>\n<td>12,5<\/td>\n<\/tr>\n<tr>\n<td>SEL<\/td>\n<td>g<\/td>\n<td>0,013<\/td>\n<\/tr>\n<\/tbody>\n<\/table>\n<\/div>\n<\/div>\n<\/div>\n<\/div>\n<div style=\"display:flex; gap:10px;justify-content:center\" class=\"wps-pgfw-pdf-generate-icon__wrapper-frontend\">\n\t\t<a  href=\"https:\/\/ikasougou.com\/ikasounkalo\/wp-json\/wp\/v2\/product\/184?action=genpdf&amp;id=184\" class=\"pgfw-single-pdf-download-button\" ><img src=\"https:\/\/ikasougou.com\/ikasounkalo\/wp-content\/plugins\/pdf-generator-for-wp\/admin\/src\/images\/PDF_Tray.svg\" title=\"G\u00e9n\u00e9rer un PDF\" style=\"width:auto; height:45px;\"><\/a>\n\t\t<\/div>","protected":false},"excerpt":{"rendered":"<p>Les Penne Rigate Barilla au go\u00fbt intense, sont capables d&#8217;absorber parfaitement toutes vos sauces. Le secret\u00a0? Une combinaison de bl\u00e9s durs excellents et recherch\u00e9s qui mettent parfaitement en relief le go\u00fbt de cette vari\u00e9t\u00e9 de p\u00e2tes, fabriqu\u00e9es avec toute l&#8217;exp\u00e9rience et la passion d&#8217;un producteur fier d&#8217;une tradition centenaire. Go\u00fbtez-les, vous ferez l&#8217;exp\u00e9rience gustative des [&#8230;]\n","protected":false},"featured_media":185,"comment_status":"open","ping_status":"closed","template":"","meta":{"jetpack_publicize_message":"","jetpack_publicize_feature_enabled":true,"jetpack_social_post_already_shared":false,"jetpack_social_options":{"image_generator_settings":{"template":"highway","default_image_id":0,"font":"","enabled":false},"version":2}},"product_brand":[],"product_cat":[16],"product_tag":[52,33,34,35,36,51,28],"class_list":{"0":"post-184","1":"product","2":"type-product","3":"status-publish","4":"has-post-thumbnail","6":"product_cat-alimentaires","7":"product_tag-barilla","8":"product_tag-careme","9":"product_tag-ikasougou-com","10":"product_tag-ikasounkalo","11":"product_tag-jeune","12":"product_tag-pates","13":"product_tag-ruptures","15":"first","16":"instock","17":"shipping-taxable","18":"purchasable","19":"product-type-simple"},"ams_default_variation_id":0,"ams_product_points_reward":[],"ams_product_discount_percentage":0,"ams_price_to_display":1700,"aioseo_notices":[],"ams_acf":[],"jetpack_publicize_connections":[],"jetpack-related-posts":[],"jetpack_sharing_enabled":true,"jetpack_likes_enabled":true,"_links":{"self":[{"href":"https:\/\/ikasougou.com\/ikasounkalo\/wp-json\/wp\/v2\/product\/184","targetHints":{"allow":["GET"]}}],"collection":[{"href":"https:\/\/ikasougou.com\/ikasounkalo\/wp-json\/wp\/v2\/product"}],"about":[{"href":"https:\/\/ikasougou.com\/ikasounkalo\/wp-json\/wp\/v2\/types\/product"}],"replies":[{"embeddable":true,"href":"https:\/\/ikasougou.com\/ikasounkalo\/wp-json\/wp\/v2\/comments?post=184"}],"wp:featuredmedia":[{"embeddable":true,"href":"https:\/\/ikasougou.com\/ikasounkalo\/wp-json\/wp\/v2\/media\/185"}],"wp:attachment":[{"href":"https:\/\/ikasougou.com\/ikasounkalo\/wp-json\/wp\/v2\/media?parent=184"}],"wp:term":[{"taxonomy":"product_brand","embeddable":true,"href":"https:\/\/ikasougou.com\/ikasounkalo\/wp-json\/wp\/v2\/product_brand?post=184"},{"taxonomy":"product_cat","embeddable":true,"href":"https:\/\/ikasougou.com\/ikasounkalo\/wp-json\/wp\/v2\/product_cat?post=184"},{"taxonomy":"product_tag","embeddable":true,"href":"https:\/\/ikasougou.com\/ikasounkalo\/wp-json\/wp\/v2\/product_tag?post=184"}],"curies":[{"name":"wp","href":"https:\/\/api.w.org\/{rel}","templated":true}]}}