{"id":214,"date":"2021-04-19T23:27:31","date_gmt":"2021-04-19T21:27:31","guid":{"rendered":"https:\/\/ikasougou.com\/ikasounkalo\/?post_type=product&#038;p=214"},"modified":"2025-06-11T20:21:13","modified_gmt":"2025-06-11T18:21:13","slug":"la-baleine-etui-carton-sel-fin-iode-500g","status":"publish","type":"product","link":"https:\/\/ikasougou.com\/ikasounkalo\/produit\/la-baleine-etui-carton-sel-fin-iode-500g\/","title":{"rendered":"La Baleine Etui Carton Sel Fin Iod\u00e9 500g"},"content":{"rendered":"<div id=\"presTitle\" class=\"fpCat testSep\">\n<div class=\"fpCatTitle\">Pr\u00e9sentation produit : La Baleine Etui Carton Sel Fin Iod\u00e9 500gr<\/div>\n<\/div>\n<div id=\"presContent\" class=\"fpBlk testSep extCode\" data-provider=\"None\">\n<div id=\"flix-inpage\"><\/div>\n<div id=\"wc-power-page\">\n<div id=\"syndi_powerpage\"><\/div>\n<\/div>\n<div id=\"LoadBeeContent\" class=\"loadbeeTabContent\">\n<div class=\"loadbeeTab\" data-loadbee-manufacturer=\"EAN\" data-loadbee-product=\"\" data-loadbee-language=\"fr_FR\" data-loadbee-button=\"default\" data-loadbee-css=\"default\" data-loadbee-template=\"default\" data-loadbee-buttonlanguage=\"fr_FR\"><\/div>\n<\/div>\n<p>Description du produit Etui carton contenant 500gr de sel de mer fin iod\u00e9. Le sel de mer provient de l\u2019\u00e9vaporation naturelle de l\u2019eau de mer dans les marais salants, sous l\u2019effet conjugu\u00e9 du soleil et du vent. Ingr\u00e9dients Ingr\u00e9dients : Iodure de sodium, Ferronitrile de sodium Voir l&#8217;ensemble des Description du produit<\/p>\n<\/div>\n<div id=\"desc\" class=\"anchor\"><\/div>\n<div id=\"descContent\" class=\"fpBlk testSep\" data-cs-override-id=\"Descriptif\">\n<p class=\"fpMb\">Description du produit Etui carton contenant 500gr de sel de mer fin iod\u00e9. Le sel de mer provient de l\u2019\u00e9vaporation naturelle de l\u2019eau de mer dans les marais salants, sous l\u2019effet conjugu\u00e9 du soleil et du vent. Ingr\u00e9dients Ingr\u00e9dients : Iodure de sodium, Ferronitrile de sodium Voir l&#8217;ensemble des Description du produit<\/p>\n<table class=\"fpDescTb fpDescTbPub\">\n<tbody>\n<tr>\n<th colspan=\"2\">Informations g\u00e9n\u00e9rales sur le produit<\/th>\n<\/tr>\n<tr>\n<td>Nom du produit<\/td>\n<td>La Baleine Etui Carton Sel Fin Iod\u00e9 500 g 500 g<\/td>\n<\/tr>\n<tr>\n<td>Cat\u00e9gorie<\/td>\n<td>SEL &amp; POIVRE<\/td>\n<\/tr>\n<tr>\n<th colspan=\"2\">Informations produit<\/th>\n<\/tr>\n<tr>\n<td>Marque<\/td>\n<td>La Baleine<\/td>\n<\/tr>\n<tr>\n<td>Poids en g<\/td>\n<td>0 g<\/td>\n<\/tr>\n<\/tbody>\n<\/table>\n<\/div>\n<div id=\"rating\" class=\"anchor\"><\/div>\n<div id=\"fpFAQRatings\" class=\"noRating noQuestion\">\n<div id=\"fpRatingTitle\" class=\"fpCat testSep \"><\/div>\n<\/div>\n<div style=\"display:flex; gap:10px;justify-content:center\" class=\"wps-pgfw-pdf-generate-icon__wrapper-frontend\">\n\t\t<a  href=\"https:\/\/ikasougou.com\/ikasounkalo\/wp-json\/wp\/v2\/product\/214?action=genpdf&amp;id=214\" class=\"pgfw-single-pdf-download-button\" ><img src=\"https:\/\/ikasougou.com\/ikasounkalo\/wp-content\/plugins\/pdf-generator-for-wp\/admin\/src\/images\/PDF_Tray.svg\" title=\"G\u00e9n\u00e9rer un PDF\" style=\"width:auto; height:45px;\"><\/a>\n\t\t<\/div>","protected":false},"excerpt":{"rendered":"<p>Pr\u00e9sentation produit : La Baleine Etui Carton Sel Fin Iod\u00e9 500gr Description du produit Etui carton contenant 500gr de sel de mer fin iod\u00e9. Le sel de mer provient de l\u2019\u00e9vaporation naturelle de l\u2019eau de mer dans les marais salants, sous l\u2019effet conjugu\u00e9 du soleil et du vent. Ingr\u00e9dients Ingr\u00e9dients : Iodure de sodium, Ferronitrile [&#8230;]\n","protected":false},"featured_media":215,"comment_status":"open","ping_status":"closed","template":"","meta":{"jetpack_publicize_message":"","jetpack_publicize_feature_enabled":true,"jetpack_social_post_already_shared":false,"jetpack_social_options":{"image_generator_settings":{"template":"highway","default_image_id":0,"font":"","enabled":false},"version":2}},"product_brand":[],"product_cat":[16],"product_tag":[25,34,36,65],"class_list":{"0":"post-214","1":"product","2":"type-product","3":"status-publish","4":"has-post-thumbnail","6":"product_cat-alimentaires","7":"product_tag-bamako","8":"product_tag-ikasougou-com","9":"product_tag-jeune","10":"product_tag-sel-iode","12":"first","13":"instock","14":"shipping-taxable","15":"purchasable","16":"product-type-simple"},"ams_default_variation_id":0,"ams_product_points_reward":[],"ams_product_discount_percentage":0,"ams_price_to_display":1000,"aioseo_notices":[],"ams_acf":[],"jetpack_publicize_connections":[],"jetpack-related-posts":[],"jetpack_sharing_enabled":true,"jetpack_likes_enabled":true,"_links":{"self":[{"href":"https:\/\/ikasougou.com\/ikasounkalo\/wp-json\/wp\/v2\/product\/214","targetHints":{"allow":["GET"]}}],"collection":[{"href":"https:\/\/ikasougou.com\/ikasounkalo\/wp-json\/wp\/v2\/product"}],"about":[{"href":"https:\/\/ikasougou.com\/ikasounkalo\/wp-json\/wp\/v2\/types\/product"}],"replies":[{"embeddable":true,"href":"https:\/\/ikasougou.com\/ikasounkalo\/wp-json\/wp\/v2\/comments?post=214"}],"wp:featuredmedia":[{"embeddable":true,"href":"https:\/\/ikasougou.com\/ikasounkalo\/wp-json\/wp\/v2\/media\/215"}],"wp:attachment":[{"href":"https:\/\/ikasougou.com\/ikasounkalo\/wp-json\/wp\/v2\/media?parent=214"}],"wp:term":[{"taxonomy":"product_brand","embeddable":true,"href":"https:\/\/ikasougou.com\/ikasounkalo\/wp-json\/wp\/v2\/product_brand?post=214"},{"taxonomy":"product_cat","embeddable":true,"href":"https:\/\/ikasougou.com\/ikasounkalo\/wp-json\/wp\/v2\/product_cat?post=214"},{"taxonomy":"product_tag","embeddable":true,"href":"https:\/\/ikasougou.com\/ikasounkalo\/wp-json\/wp\/v2\/product_tag?post=214"}],"curies":[{"name":"wp","href":"https:\/\/api.w.org\/{rel}","templated":true}]}}