{"id":222,"date":"2021-04-20T00:05:47","date_gmt":"2021-04-19T22:05:47","guid":{"rendered":"https:\/\/ikasougou.com\/ikasounkalo\/?post_type=product&#038;p=222"},"modified":"2021-04-21T14:20:04","modified_gmt":"2021-04-21T12:20:04","slug":"viva-confiture-fraise","status":"publish","type":"product","link":"https:\/\/ikasougou.com\/ikasounkalo\/produit\/viva-confiture-fraise\/","title":{"rendered":"Viva Confiture fraise"},"content":{"rendered":"<p>Cette confiture de fraises avec des morceaux, est originale avec le camembert et d\u00e9licieuse en accompagnement d&#8217;une pana-cotta peu sucr\u00e9e. Vous pourrez \u00e9galement la d\u00e9guster de fa\u00e7on plus traditionnelle au petit d\u00e9jeuner, classique mais tellement savoureuse !!<\/p>\n<table class=\"fpDescTb fpDescTbPub\">\n<tbody>\n<tr>\n<th colspan=\"2\">Informations g\u00e9n\u00e9rales sur le produit<\/th>\n<\/tr>\n<tr>\n<td>Nom du produit<\/td>\n<td>VIVA Confiture de Fraise &#8211; 370 g<\/td>\n<\/tr>\n<tr>\n<td>Cat\u00e9gorie<\/td>\n<td>CONFITURES<\/td>\n<\/tr>\n<tr>\n<td><\/td>\n<td><\/td>\n<\/tr>\n<tr>\n<th colspan=\"2\">Informations g\u00e9n\u00e9rales<\/th>\n<\/tr>\n<tr>\n<td>Marque<\/td>\n<td>VIVA<\/td>\n<\/tr>\n<tr>\n<td>Type de Produit<\/td>\n<td>Confiture de Fraise<\/td>\n<\/tr>\n<tr>\n<td>Conditionnement<\/td>\n<td>Bocal<\/td>\n<\/tr>\n<tr>\n<td>Type de conditionnement<\/td>\n<td>Familial<\/td>\n<\/tr>\n<tr>\n<td>Contenance\/unit\u00e9<\/td>\n<td>370 g<\/td>\n<\/tr>\n<tr>\n<td>Description du produit<\/td>\n<td>Confiture extra de fraises<\/td>\n<\/tr>\n<tr>\n<th colspan=\"2\">Caract\u00e9ristiques du produit<\/th>\n<\/tr>\n<tr>\n<td>Allerg\u00e8nes<\/td>\n<td>Non<\/td>\n<\/tr>\n<tr>\n<th colspan=\"2\">Composition<\/th>\n<\/tr>\n<tr>\n<td>Ingr\u00e9dients<\/td>\n<td>sucre &#8211;\u00a0fraises &#8211;\u00a0g\u00e9lifiant : pectines &#8211;\u00a0acidifiant : acide citrique. Pr\u00e9par\u00e9e avec 50g de fruits po<br \/>\nur 100g de produit fini.<\/td>\n<\/tr>\n<tr>\n<td>Valeurs nutritionnelles<\/td>\n<td>Pour 100 g : 1 046 kj &#8211; 246 kcal<\/td>\n<\/tr>\n<tr>\n<td>Valeur \u00e9nerg\u00e9tique en KJ et Kcal<\/td>\n<td>Donn\u00e9es nutritionnelles pour 100g\/100ml : 246 kcal, 1046 kJ<\/td>\n<\/tr>\n<tr>\n<td>Dont sucre<\/td>\n<td>59 g<\/td>\n<\/tr>\n<tr>\n<td>Glucides<\/td>\n<td>61 g<\/td>\n<\/tr>\n<tr>\n<td>Prot\u00e9ines<\/td>\n<td>0.5 g<\/td>\n<\/tr>\n<tr>\n<th colspan=\"2\">Conseils<\/th>\n<\/tr>\n<tr>\n<td>Conditions de conservation<\/td>\n<td>Avant ouverture, \u00e0 conserver \u00e0 l&#8217;abri de la chaleur et de la lumi\u00e8re &#8211; Apr\u00e8s ouverture, \u00e0 conserver<br \/>\nau r\u00e9frig\u00e9rateur et \u00e0 consommer dans les 15 jours &#8211;<\/td>\n<\/tr>\n<\/tbody>\n<\/table>\n<div style=\"display:flex; gap:10px;justify-content:center\" class=\"wps-pgfw-pdf-generate-icon__wrapper-frontend\">\n\t\t<a  href=\"https:\/\/ikasougou.com\/ikasounkalo\/wp-json\/wp\/v2\/product\/222?action=genpdf&amp;id=222\" class=\"pgfw-single-pdf-download-button\" ><img src=\"https:\/\/ikasougou.com\/ikasounkalo\/wp-content\/plugins\/pdf-generator-for-wp\/admin\/src\/images\/PDF_Tray.svg\" title=\"G\u00e9n\u00e9rer un PDF\" style=\"width:auto; height:45px;\"><\/a>\n\t\t<\/div>","protected":false},"excerpt":{"rendered":"<p>Cette confiture de fraises avec des morceaux, est originale avec le camembert et d\u00e9licieuse en accompagnement d&#8217;une pana-cotta peu sucr\u00e9e. Vous pourrez \u00e9galement la d\u00e9guster de fa\u00e7on plus traditionnelle au petit d\u00e9jeuner, classique mais tellement savoureuse !! Informations g\u00e9n\u00e9rales sur le produit Nom du produit VIVA Confiture de Fraise &#8211; 370 g Cat\u00e9gorie CONFITURES Informations [&#8230;]\n","protected":false},"featured_media":229,"comment_status":"open","ping_status":"closed","template":"","meta":{"jetpack_publicize_message":"","jetpack_publicize_feature_enabled":true,"jetpack_social_post_already_shared":false,"jetpack_social_options":{"image_generator_settings":{"template":"highway","default_image_id":0,"font":"","enabled":false},"version":2}},"product_brand":[],"product_cat":[16],"product_tag":[25,67,34,26,28],"class_list":{"0":"post-222","1":"product","2":"type-product","3":"status-publish","4":"has-post-thumbnail","6":"product_cat-alimentaires","7":"product_tag-bamako","8":"product_tag-confiture","9":"product_tag-ikasougou-com","10":"product_tag-ramadan","11":"product_tag-ruptures","13":"first","14":"instock","15":"shipping-taxable","16":"purchasable","17":"product-type-simple"},"ams_default_variation_id":0,"ams_product_points_reward":[],"ams_product_discount_percentage":0,"ams_price_to_display":900,"aioseo_notices":[],"ams_acf":[],"jetpack_publicize_connections":[],"jetpack-related-posts":[],"jetpack_sharing_enabled":true,"jetpack_likes_enabled":true,"_links":{"self":[{"href":"https:\/\/ikasougou.com\/ikasounkalo\/wp-json\/wp\/v2\/product\/222","targetHints":{"allow":["GET"]}}],"collection":[{"href":"https:\/\/ikasougou.com\/ikasounkalo\/wp-json\/wp\/v2\/product"}],"about":[{"href":"https:\/\/ikasougou.com\/ikasounkalo\/wp-json\/wp\/v2\/types\/product"}],"replies":[{"embeddable":true,"href":"https:\/\/ikasougou.com\/ikasounkalo\/wp-json\/wp\/v2\/comments?post=222"}],"wp:featuredmedia":[{"embeddable":true,"href":"https:\/\/ikasougou.com\/ikasounkalo\/wp-json\/wp\/v2\/media\/229"}],"wp:attachment":[{"href":"https:\/\/ikasougou.com\/ikasounkalo\/wp-json\/wp\/v2\/media?parent=222"}],"wp:term":[{"taxonomy":"product_brand","embeddable":true,"href":"https:\/\/ikasougou.com\/ikasounkalo\/wp-json\/wp\/v2\/product_brand?post=222"},{"taxonomy":"product_cat","embeddable":true,"href":"https:\/\/ikasougou.com\/ikasounkalo\/wp-json\/wp\/v2\/product_cat?post=222"},{"taxonomy":"product_tag","embeddable":true,"href":"https:\/\/ikasougou.com\/ikasounkalo\/wp-json\/wp\/v2\/product_tag?post=222"}],"curies":[{"name":"wp","href":"https:\/\/api.w.org\/{rel}","templated":true}]}}