{"id":24,"date":"2021-04-05T19:52:07","date_gmt":"2021-04-05T17:52:07","guid":{"rendered":"https:\/\/ikasougou.com\/ikasounkalo\/?post_type=product&#038;p=24"},"modified":"2021-05-08T14:03:23","modified_gmt":"2021-05-08T12:03:23","slug":"chapelet-electronique-avec-boussole","status":"publish","type":"product","link":"https:\/\/ikasougou.com\/ikasounkalo\/produit\/chapelet-electronique-avec-boussole\/","title":{"rendered":"Chapelet Electronique  avec Boussole"},"content":{"rendered":"<div class=\"detailmodule_text-image\">\n<p>Faite vos pri\u00e8res avec ce Chapelet Electronique muni d&#8217;un Boussole pour vous aider \u00e0 trouver la direction de la Mecque.<\/p>\n<ul class=\"a-unordered-list a-vertical a-spacing-mini\">\n<li><span class=\"a-list-item\">facile \u00e0 transporter: le comptoir de petite taille est l\u00e9ger, il est donc facile \u00e0 transporter.<\/span><\/li>\n<li><span class=\"a-list-item\">fonctionnement silencieux: nombre de d\u00e9filement et fonctionnement silencieux. Faites d\u00e9filer le pouce pour commencer \u00e0 compter avec le rouleau lisse.<\/span><\/li>\n<li><span class=\"a-list-item\">mise hors tension automatique: la lecture statistique, la mise hors tension automatique et le compteur peuvent \u00eatre remis \u00e0 z\u00e9ro.<\/span><\/li>\n<li><span class=\"a-list-item\">r\u00e9sistance \u00e0 la chute: mati\u00e8re plastique avec une bonne r\u00e9sistance \u00e0 la chute.<\/span><\/li>\n<li><span class=\"a-list-item\">occasions appropri\u00e9es: utilis\u00e9 pour toutes sortes de relaxation de m\u00e9ditation, d\u00e9compression, doigts actifs, etc.<\/span><\/li>\n<\/ul>\n<p class=\"detail-desc-decorate-content\">Description Nouveau Tasbih Digital de l&#8217;usine SXH5136 Rang: 0-99999 Mod\u00e8le n \u00b0 2026 LED Mod\u00e8le NO. 2026LED avec LED Bonne qualit\u00e9 comme d&#8217;habitude Batterie AG13 (ne peut pas \u00eatre remplac\u00e9e) 2032 pour compteur LED (ne peut pas \u00eatre remplac\u00e9) Emballage: 1 pi\u00e8ce\/bo\u00eete 240 pi\u00e8ces\/ctn<\/p>\n<p><img data-recalc-dims=\"1\" decoding=\"async\" class=\"detail-desc-decorate-image\" src=\"https:\/\/i0.wp.com\/ae04.alicdn.com\/kf\/H9913c767ffd749a0881c9b541778259cs.jpg?w=1020&#038;ssl=1\" \/><img data-recalc-dims=\"1\" decoding=\"async\" class=\"detail-desc-decorate-image\" src=\"https:\/\/i0.wp.com\/ae04.alicdn.com\/kf\/H6e9ceceef31148a18d80796671198d18U.jpg?w=1020&#038;ssl=1\" \/><img data-recalc-dims=\"1\" decoding=\"async\" class=\"detail-desc-decorate-image\" src=\"https:\/\/i0.wp.com\/ae04.alicdn.com\/kf\/Hc2384878eb5441bda4bb894d20261f49W.jpg?w=1020&#038;ssl=1\" \/><img data-recalc-dims=\"1\" decoding=\"async\" class=\"detail-desc-decorate-image\" src=\"https:\/\/i0.wp.com\/ae04.alicdn.com\/kf\/H08284eaf4c0444c285b779812dd43404E.jpg?w=1020&#038;ssl=1\" \/><img data-recalc-dims=\"1\" decoding=\"async\" class=\"detail-desc-decorate-image\" src=\"https:\/\/i0.wp.com\/ae04.alicdn.com\/kf\/H6f36725600f54903995abf267d3f6e04b.jpg?w=1020&#038;ssl=1\" \/><img data-recalc-dims=\"1\" decoding=\"async\" class=\"detail-desc-decorate-image\" src=\"https:\/\/i0.wp.com\/ae04.alicdn.com\/kf\/Hf3d37050eee04b6f94e590ec489c1d62c.jpg?w=1020&#038;ssl=1\" \/><img data-recalc-dims=\"1\" decoding=\"async\" class=\"detail-desc-decorate-image\" src=\"https:\/\/i0.wp.com\/ae04.alicdn.com\/kf\/H07f90ae3282b47d4a1e0e1d4644d1310J.jpg?w=1020&#038;ssl=1\" \/><img data-recalc-dims=\"1\" decoding=\"async\" class=\"detail-desc-decorate-image\" src=\"https:\/\/i0.wp.com\/ae04.alicdn.com\/kf\/H78c0d4bb02bc42f3bec07d266ad578e2n.jpg?w=1020&#038;ssl=1\" \/><img data-recalc-dims=\"1\" decoding=\"async\" class=\"detail-desc-decorate-image\" src=\"https:\/\/i0.wp.com\/ae04.alicdn.com\/kf\/Hb9a58042843c4bc0b9990f9d858ff45at.jpg?w=1020&#038;ssl=1\" \/><\/p>\n<\/div>\n<div class=\"detailmodule_image\"><\/div>\n<div style=\"display:flex; gap:10px;justify-content:center\" class=\"wps-pgfw-pdf-generate-icon__wrapper-frontend\">\n\t\t<a  href=\"https:\/\/ikasougou.com\/ikasounkalo\/wp-json\/wp\/v2\/product\/24?action=genpdf&amp;id=24\" class=\"pgfw-single-pdf-download-button\" ><img src=\"https:\/\/ikasougou.com\/ikasounkalo\/wp-content\/plugins\/pdf-generator-for-wp\/admin\/src\/images\/PDF_Tray.svg\" title=\"G\u00e9n\u00e9rer un PDF\" style=\"width:auto; height:45px;\"><\/a>\n\t\t<\/div>","protected":false},"excerpt":{"rendered":"<p>Faite vos pri\u00e8res avec ce Chapelet Electronique muni d&#8217;un Boussole pour vous aider \u00e0 trouver la direction de la Mecque. facile \u00e0 transporter: le comptoir de petite taille est l\u00e9ger, il est donc facile \u00e0 transporter. fonctionnement silencieux: nombre de d\u00e9filement et fonctionnement silencieux. Faites d\u00e9filer le pouce pour commencer \u00e0 compter avec le rouleau [&#8230;]\n","protected":false},"featured_media":25,"comment_status":"open","ping_status":"closed","template":"","meta":{"jetpack_publicize_message":"","jetpack_publicize_feature_enabled":true,"jetpack_social_post_already_shared":false,"jetpack_social_options":{"image_generator_settings":{"template":"highway","default_image_id":0,"font":"","enabled":false},"version":2}},"product_brand":[],"product_cat":[19],"product_tag":[25,20,24,21,23,22,26],"class_list":{"0":"post-24","1":"product","2":"type-product","3":"status-publish","4":"has-post-thumbnail","6":"product_cat-ika-sali-minen","7":"product_tag-bamako","8":"product_tag-chapelet-musulman-electronique","9":"product_tag-ikasougou","10":"product_tag-islam","11":"product_tag-mali","12":"product_tag-priere","13":"product_tag-ramadan","15":"first","16":"outofstock","17":"shipping-taxable","18":"product-type-simple"},"ams_default_variation_id":0,"ams_product_points_reward":[],"ams_product_discount_percentage":0,"ams_price_to_display":0,"aioseo_notices":[],"ams_acf":[],"jetpack_publicize_connections":[],"jetpack-related-posts":[],"jetpack_sharing_enabled":true,"jetpack_likes_enabled":true,"_links":{"self":[{"href":"https:\/\/ikasougou.com\/ikasounkalo\/wp-json\/wp\/v2\/product\/24","targetHints":{"allow":["GET"]}}],"collection":[{"href":"https:\/\/ikasougou.com\/ikasounkalo\/wp-json\/wp\/v2\/product"}],"about":[{"href":"https:\/\/ikasougou.com\/ikasounkalo\/wp-json\/wp\/v2\/types\/product"}],"replies":[{"embeddable":true,"href":"https:\/\/ikasougou.com\/ikasounkalo\/wp-json\/wp\/v2\/comments?post=24"}],"wp:featuredmedia":[{"embeddable":true,"href":"https:\/\/ikasougou.com\/ikasounkalo\/wp-json\/wp\/v2\/media\/25"}],"wp:attachment":[{"href":"https:\/\/ikasougou.com\/ikasounkalo\/wp-json\/wp\/v2\/media?parent=24"}],"wp:term":[{"taxonomy":"product_brand","embeddable":true,"href":"https:\/\/ikasougou.com\/ikasounkalo\/wp-json\/wp\/v2\/product_brand?post=24"},{"taxonomy":"product_cat","embeddable":true,"href":"https:\/\/ikasougou.com\/ikasounkalo\/wp-json\/wp\/v2\/product_cat?post=24"},{"taxonomy":"product_tag","embeddable":true,"href":"https:\/\/ikasougou.com\/ikasounkalo\/wp-json\/wp\/v2\/product_tag?post=24"}],"curies":[{"name":"wp","href":"https:\/\/api.w.org\/{rel}","templated":true}]}}