{"id":270,"date":"2021-04-21T16:05:39","date_gmt":"2021-04-21T14:05:39","guid":{"rendered":"https:\/\/ikasougou.com\/ikasounkalo\/?post_type=product&#038;p=270"},"modified":"2021-04-21T16:05:40","modified_gmt":"2021-04-21T14:05:40","slug":"pressea-nectar-orange","status":"publish","type":"product","link":"https:\/\/ikasougou.com\/ikasounkalo\/produit\/pressea-nectar-orange\/","title":{"rendered":"Pr\u00e9ss\u00e9a Nectar Orange"},"content":{"rendered":"<div class=\"page-title dt-sc-breadcrumb-parallax \">\n<div class=\"page-title-container\">\n<div class=\"breadcrumb\">\n<p><img data-recalc-dims=\"1\" loading=\"lazy\" decoding=\"async\" class=\"alignright\" src=\"https:\/\/i0.wp.com\/www.pressea.sn\/wp-content\/uploads\/2015\/10\/Classic_orange-567x567.jpg?resize=310%2C310&#038;ssl=1\" width=\"310\" height=\"310\" \/><\/p>\n<\/div>\n<\/div>\n<\/div>\n<div class=\"dt-sc-margin70\">Excellent pour prendre des forces apr\u00e8s une dure journ\u00e9e de Jeun<\/div>\n<div class=\"container\">\n<div id=\"primary\" class=\"content-full-width\">\n<article id=\"post-1664\" class=\"portfolio-single post-1664 dt_portfolios type-dt_portfolios status-publish hentry portfolio_entries-classique\">\n<div class=\"column dt-sc-one-half first\">\n<p class=\"p_gamme\"><strong> Gamme : <\/strong> <a rel=\"tag\">Classique<\/a><\/p>\n<p>Riche en vitamine C et flavono\u00efdes, l\u2019orange est un fruit juteux\u00a0et\u00a0sucr\u00e9. Elle a de nombreux bienfaits et pr\u00e9viendrait plusieurs maladies. Issu d\u2019une s\u00e9lection des meilleures oranges, le Jus Pr\u00e9ss\u00e9a Orange va vous fournir toute l\u2019\u00e9nergie n\u00e9cessaire pour \u00eatre en pleine forme toute la journ\u00e9e.<\/p>\n<p><strong>Ingr\u00e9dients :<\/strong><\/p>\n<ul>\n<li>Eau<\/li>\n<li>Sucre<\/li>\n<li>Concentr\u00e9 de Jus d\u2019Orange (min 60%)<\/li>\n<li>Acide Citrique (E330)3<\/li>\n<\/ul>\n<\/div>\n<\/article>\n<\/div>\n<\/div>\n<div style=\"display:flex; gap:10px;justify-content:center\" class=\"wps-pgfw-pdf-generate-icon__wrapper-frontend\">\n\t\t<a  href=\"https:\/\/ikasougou.com\/ikasounkalo\/wp-json\/wp\/v2\/product\/270?action=genpdf&amp;id=270\" class=\"pgfw-single-pdf-download-button\" ><img src=\"https:\/\/ikasougou.com\/ikasounkalo\/wp-content\/plugins\/pdf-generator-for-wp\/admin\/src\/images\/PDF_Tray.svg\" title=\"G\u00e9n\u00e9rer un PDF\" style=\"width:auto; height:45px;\"><\/a>\n\t\t<\/div>","protected":false},"excerpt":{"rendered":"<p>Excellent pour prendre des forces apr\u00e8s une dure journ\u00e9e de Jeun Gamme : Classique Riche en vitamine C et flavono\u00efdes, l\u2019orange est un fruit juteux\u00a0et\u00a0sucr\u00e9. Elle a de nombreux bienfaits et pr\u00e9viendrait plusieurs maladies. Issu d\u2019une s\u00e9lection des meilleures oranges, le Jus Pr\u00e9ss\u00e9a Orange va vous fournir toute l\u2019\u00e9nergie n\u00e9cessaire pour \u00eatre en pleine forme [&#8230;]\n","protected":false},"featured_media":271,"comment_status":"open","ping_status":"closed","template":"","meta":{"jetpack_publicize_message":"","jetpack_publicize_feature_enabled":true,"jetpack_social_post_already_shared":false,"jetpack_social_options":{"image_generator_settings":{"template":"highway","default_image_id":0,"font":"","enabled":false},"version":2}},"product_brand":[],"product_cat":[16],"product_tag":[25,34,70,23,71,26,28],"class_list":{"0":"post-270","1":"product","2":"type-product","3":"status-publish","4":"has-post-thumbnail","6":"product_cat-alimentaires","7":"product_tag-bamako","8":"product_tag-ikasougou-com","9":"product_tag-jus-dorange","10":"product_tag-mali","11":"product_tag-nectar-dorange","12":"product_tag-ramadan","13":"product_tag-ruptures","15":"first","16":"instock","17":"shipping-taxable","18":"purchasable","19":"product-type-simple"},"ams_default_variation_id":0,"ams_product_points_reward":[],"ams_product_discount_percentage":0,"ams_price_to_display":1250,"aioseo_notices":[],"ams_acf":[],"jetpack_publicize_connections":[],"jetpack-related-posts":[],"jetpack_sharing_enabled":true,"jetpack_likes_enabled":true,"_links":{"self":[{"href":"https:\/\/ikasougou.com\/ikasounkalo\/wp-json\/wp\/v2\/product\/270","targetHints":{"allow":["GET"]}}],"collection":[{"href":"https:\/\/ikasougou.com\/ikasounkalo\/wp-json\/wp\/v2\/product"}],"about":[{"href":"https:\/\/ikasougou.com\/ikasounkalo\/wp-json\/wp\/v2\/types\/product"}],"replies":[{"embeddable":true,"href":"https:\/\/ikasougou.com\/ikasounkalo\/wp-json\/wp\/v2\/comments?post=270"}],"wp:featuredmedia":[{"embeddable":true,"href":"https:\/\/ikasougou.com\/ikasounkalo\/wp-json\/wp\/v2\/media\/271"}],"wp:attachment":[{"href":"https:\/\/ikasougou.com\/ikasounkalo\/wp-json\/wp\/v2\/media?parent=270"}],"wp:term":[{"taxonomy":"product_brand","embeddable":true,"href":"https:\/\/ikasougou.com\/ikasounkalo\/wp-json\/wp\/v2\/product_brand?post=270"},{"taxonomy":"product_cat","embeddable":true,"href":"https:\/\/ikasougou.com\/ikasounkalo\/wp-json\/wp\/v2\/product_cat?post=270"},{"taxonomy":"product_tag","embeddable":true,"href":"https:\/\/ikasougou.com\/ikasounkalo\/wp-json\/wp\/v2\/product_tag?post=270"}],"curies":[{"name":"wp","href":"https:\/\/api.w.org\/{rel}","templated":true}]}}