{"id":281,"date":"2021-04-22T05:02:43","date_gmt":"2021-04-22T03:02:43","guid":{"rendered":"https:\/\/ikasougou.com\/ikasounkalo\/?post_type=product&#038;p=281"},"modified":"2021-04-22T22:06:36","modified_gmt":"2021-04-22T20:06:36","slug":"thon-entier-listao-hl-tournesol-belle-france","status":"publish","type":"product","link":"https:\/\/ikasougou.com\/ikasounkalo\/produit\/thon-entier-listao-hl-tournesol-belle-france\/","title":{"rendered":"THON ENTIER LISTAO HL.TOURNESOL BELLE FRANCE"},"content":{"rendered":"<nav>\n<div id=\"nav-tab1\" class=\"nav nav-tabs\" role=\"tablist\">\n<h4><strong>Information sur notre produit :\u00a0<\/strong>Thon Entier \u00c0 L&#8217;Huile De Tournesol 104G Belle France<br \/>\n<strong>Composition :\u00a0<\/strong>Thon listao, huile de tournesol, sel. Poids net : 160g. Poids net \u00e9goutt\u00e9 : 104g.<\/h4>\n<h4 class=\"h6\">Valeur<\/h4>\n<p>&nbsp;<\/p>\n<\/div>\n<\/nav>\n<div id=\"nav-tabContent\" class=\"tab-content pt-2\">\n<div id=\"nav-1\" class=\"tab-pane fade pt-2 show active\" role=\"tabpanel\" aria-labelledby=\"nav-1-tab\">\n<table class=\"table table-bordered table-striped\">\n<thead>\n<tr>\n<th scope=\"col\">Nutriment<\/th>\n<th scope=\"col\">Quantit\u00e9<\/th>\n<th scope=\"col\">VNR<\/th>\n<\/tr>\n<\/thead>\n<tbody>\n<tr>\n<td>Energie<\/td>\n<td>191 Kcal \/ 798 Kj<\/td>\n<td>9.6 %<\/td>\n<\/tr>\n<tr>\n<td>Prot\u00e9ines<\/td>\n<td>25.2 g<\/td>\n<td>50.4 %<\/td>\n<\/tr>\n<tr>\n<td>Lipides<\/td>\n<td>10 g<\/td>\n<td>14.3 %<\/td>\n<\/tr>\n<tr>\n<td><u>dont<\/u>\u00a0AG Satur\u00e9s<\/td>\n<td>1.5 g<\/td>\n<td>7.5 %<\/td>\n<\/tr>\n<tr>\n<td>Glucides<\/td>\n<td>0 g<\/td>\n<td>&#8211;<\/td>\n<\/tr>\n<tr>\n<td><u>dont<\/u>\u00a0Sucres<\/td>\n<td>0 g<\/td>\n<td>&#8211;<\/td>\n<\/tr>\n<tr>\n<td>Sel<\/td>\n<td>1.2 g<\/td>\n<td>20 %<\/td>\n<\/tr>\n<\/tbody>\n<\/table>\n<div class=\"text-center py-0 mb-n1\">Apports pour\u00a0<b>100 g \/ ml<\/b>, exprim\u00e9s \u00e9galement en % des Valeurs Nutritionnelles de R\u00e9f\u00e9rence (VNR)<\/div>\n<\/div>\n<\/div>\n<div style=\"display:flex; gap:10px;justify-content:center\" class=\"wps-pgfw-pdf-generate-icon__wrapper-frontend\">\n\t\t<a  href=\"https:\/\/ikasougou.com\/ikasounkalo\/wp-json\/wp\/v2\/product\/281?action=genpdf&amp;id=281\" class=\"pgfw-single-pdf-download-button\" ><img src=\"https:\/\/ikasougou.com\/ikasounkalo\/wp-content\/plugins\/pdf-generator-for-wp\/admin\/src\/images\/PDF_Tray.svg\" title=\"G\u00e9n\u00e9rer un PDF\" style=\"width:auto; height:45px;\"><\/a>\n\t\t<\/div>","protected":false},"excerpt":{"rendered":"<p>Information sur notre produit :\u00a0Thon Entier \u00c0 L&#8217;Huile De Tournesol 104G Belle France Composition :\u00a0Thon listao, huile de tournesol, sel. Poids net : 160g. Poids net \u00e9goutt\u00e9 : 104g. Valeur &nbsp; Nutriment Quantit\u00e9 VNR Energie 191 Kcal \/ 798 Kj 9.6 % Prot\u00e9ines 25.2 g 50.4 % Lipides 10 g 14.3 % dont\u00a0AG Satur\u00e9s 1.5 [&#8230;]\n","protected":false},"featured_media":283,"comment_status":"open","ping_status":"closed","template":"","meta":{"jetpack_publicize_message":"","jetpack_publicize_feature_enabled":true,"jetpack_social_post_already_shared":false,"jetpack_social_options":{"image_generator_settings":{"template":"highway","default_image_id":0,"font":"","enabled":false},"version":2}},"product_brand":[],"product_cat":[16],"product_tag":[25,34,35,26,78],"class_list":{"0":"post-281","1":"product","2":"type-product","3":"status-publish","4":"has-post-thumbnail","6":"product_cat-alimentaires","7":"product_tag-bamako","8":"product_tag-ikasougou-com","9":"product_tag-ikasounkalo","10":"product_tag-ramadan","11":"product_tag-thon","13":"first","14":"instock","15":"shipping-taxable","16":"purchasable","17":"product-type-simple"},"ams_default_variation_id":0,"ams_product_points_reward":[],"ams_product_discount_percentage":0,"ams_price_to_display":2250,"aioseo_notices":[],"ams_acf":[],"jetpack_publicize_connections":[],"jetpack-related-posts":[],"jetpack_sharing_enabled":true,"jetpack_likes_enabled":true,"_links":{"self":[{"href":"https:\/\/ikasougou.com\/ikasounkalo\/wp-json\/wp\/v2\/product\/281","targetHints":{"allow":["GET"]}}],"collection":[{"href":"https:\/\/ikasougou.com\/ikasounkalo\/wp-json\/wp\/v2\/product"}],"about":[{"href":"https:\/\/ikasougou.com\/ikasounkalo\/wp-json\/wp\/v2\/types\/product"}],"replies":[{"embeddable":true,"href":"https:\/\/ikasougou.com\/ikasounkalo\/wp-json\/wp\/v2\/comments?post=281"}],"wp:featuredmedia":[{"embeddable":true,"href":"https:\/\/ikasougou.com\/ikasounkalo\/wp-json\/wp\/v2\/media\/283"}],"wp:attachment":[{"href":"https:\/\/ikasougou.com\/ikasounkalo\/wp-json\/wp\/v2\/media?parent=281"}],"wp:term":[{"taxonomy":"product_brand","embeddable":true,"href":"https:\/\/ikasougou.com\/ikasounkalo\/wp-json\/wp\/v2\/product_brand?post=281"},{"taxonomy":"product_cat","embeddable":true,"href":"https:\/\/ikasougou.com\/ikasounkalo\/wp-json\/wp\/v2\/product_cat?post=281"},{"taxonomy":"product_tag","embeddable":true,"href":"https:\/\/ikasougou.com\/ikasounkalo\/wp-json\/wp\/v2\/product_tag?post=281"}],"curies":[{"name":"wp","href":"https:\/\/api.w.org\/{rel}","templated":true}]}}