{"id":287,"date":"2021-04-22T13:10:47","date_gmt":"2021-04-22T11:10:47","guid":{"rendered":"https:\/\/ikasougou.com\/ikasounkalo\/?post_type=product&#038;p=287"},"modified":"2022-04-04T18:48:32","modified_gmt":"2022-04-04T16:48:32","slug":"287","status":"publish","type":"product","link":"https:\/\/ikasougou.com\/ikasounkalo\/produit\/287\/","title":{"rendered":"Thermos inoxydable"},"content":{"rendered":"<h3>Description<\/h3>\n<div class=\"product-desc-box cf\">\n<p class=\"description\">Acier inoxydable compact et durable, incassable, \u00e0 double paroi, verrou de s\u00e9curit\u00e9 et bec \u00e9tanche. Equip\u00e9 d&#8217;empreinte. Convient pour les boissons chaudes et froides.<\/p>\n<p class=\"product-page-info-block-title\">Caract\u00e9ristiques du produit<\/p>\n<ul class=\"product-page-attributes-ul\">\n<li>Construction incassable, enti\u00e8rement en acier inoxydable\u00a0 \u00a0 \u00a0 \u00a0 \u00a0 \u00a0 \u00a0 \u00a0 \u00a0 \u00a0 \u00a0 \u00a0 \u00a0 \u00a0 \u00a0 \u00a0 \u00a0 \u00a0 \u00a0 \u00a0<img data-recalc-dims=\"1\" loading=\"lazy\" decoding=\"async\" class=\"alignnone wp-image-288\" src=\"https:\/\/i0.wp.com\/ikasougou.com\/ikasounkalo\/wp-content\/uploads\/sites\/87\/2021\/04\/thermos2.jpg?resize=160%2C233&#038;ssl=1\" alt=\"\" width=\"160\" height=\"233\" srcset=\"https:\/\/i0.wp.com\/ikasougou.com\/ikasounkalo\/wp-content\/uploads\/sites\/87\/2021\/04\/thermos2.jpg?resize=273%2C400&amp;ssl=1 273w, https:\/\/i0.wp.com\/ikasougou.com\/ikasounkalo\/wp-content\/uploads\/sites\/87\/2021\/04\/thermos2.jpg?resize=547%2C800&amp;ssl=1 547w, https:\/\/i0.wp.com\/ikasougou.com\/ikasounkalo\/wp-content\/uploads\/sites\/87\/2021\/04\/thermos2.jpg?resize=768%2C1124&amp;ssl=1 768w, https:\/\/i0.wp.com\/ikasougou.com\/ikasounkalo\/wp-content\/uploads\/sites\/87\/2021\/04\/thermos2.jpg?resize=1050%2C1536&amp;ssl=1 1050w, https:\/\/i0.wp.com\/ikasougou.com\/ikasounkalo\/wp-content\/uploads\/sites\/87\/2021\/04\/thermos2.jpg?resize=1400%2C2048&amp;ssl=1 1400w, https:\/\/i0.wp.com\/ikasougou.com\/ikasounkalo\/wp-content\/uploads\/sites\/87\/2021\/04\/thermos2.jpg?resize=510%2C746&amp;ssl=1 510w, https:\/\/i0.wp.com\/ikasougou.com\/ikasounkalo\/wp-content\/uploads\/sites\/87\/2021\/04\/thermos2.jpg?w=1745&amp;ssl=1 1745w\" sizes=\"auto, (max-width: 160px) 100vw, 160px\" \/><\/li>\n<li>Extr\u00eamement durable et compact.<\/li>\n<\/ul>\n<\/div>\n<div style=\"display:flex; gap:10px;justify-content:center\" class=\"wps-pgfw-pdf-generate-icon__wrapper-frontend\">\n\t\t<a  href=\"https:\/\/ikasougou.com\/ikasounkalo\/wp-json\/wp\/v2\/product\/287?action=genpdf&amp;id=287\" class=\"pgfw-single-pdf-download-button\" ><img src=\"https:\/\/ikasougou.com\/ikasounkalo\/wp-content\/plugins\/pdf-generator-for-wp\/admin\/src\/images\/PDF_Tray.svg\" title=\"G\u00e9n\u00e9rer un PDF\" style=\"width:auto; height:45px;\"><\/a>\n\t\t<\/div>","protected":false},"excerpt":{"rendered":"<p>Description Acier inoxydable compact et durable, incassable, \u00e0 double paroi, verrou de s\u00e9curit\u00e9 et bec \u00e9tanche. Equip\u00e9 d&#8217;empreinte. Convient pour les boissons chaudes et froides. Caract\u00e9ristiques du produit Construction incassable, enti\u00e8rement en acier inoxydable\u00a0 \u00a0 \u00a0 \u00a0 \u00a0 \u00a0 \u00a0 \u00a0 \u00a0 \u00a0 \u00a0 \u00a0 \u00a0 \u00a0 \u00a0 \u00a0 \u00a0 \u00a0 \u00a0 \u00a0 Extr\u00eamement durable [&#8230;]\n","protected":false},"featured_media":289,"comment_status":"open","ping_status":"closed","template":"","meta":{"jetpack_publicize_message":"","jetpack_publicize_feature_enabled":true,"jetpack_social_post_already_shared":false,"jetpack_social_options":{"image_generator_settings":{"template":"highway","default_image_id":0,"font":"","enabled":false},"version":2}},"product_brand":[],"product_cat":[18],"product_tag":[25,80,34,35,28,79],"class_list":{"0":"post-287","1":"product","2":"type-product","3":"status-publish","4":"has-post-thumbnail","6":"product_cat-home","7":"product_tag-bamako","8":"product_tag-eau-chaude","9":"product_tag-ikasougou-com","10":"product_tag-ikasounkalo","11":"product_tag-ruptures","12":"product_tag-thermos","14":"first","15":"outofstock","16":"shipping-taxable","17":"purchasable","18":"product-type-simple"},"ams_default_variation_id":0,"ams_product_points_reward":[],"ams_product_discount_percentage":0,"ams_price_to_display":12500,"aioseo_notices":[],"ams_acf":[],"jetpack_publicize_connections":[],"jetpack-related-posts":[],"jetpack_sharing_enabled":true,"jetpack_likes_enabled":true,"_links":{"self":[{"href":"https:\/\/ikasougou.com\/ikasounkalo\/wp-json\/wp\/v2\/product\/287","targetHints":{"allow":["GET"]}}],"collection":[{"href":"https:\/\/ikasougou.com\/ikasounkalo\/wp-json\/wp\/v2\/product"}],"about":[{"href":"https:\/\/ikasougou.com\/ikasounkalo\/wp-json\/wp\/v2\/types\/product"}],"replies":[{"embeddable":true,"href":"https:\/\/ikasougou.com\/ikasounkalo\/wp-json\/wp\/v2\/comments?post=287"}],"wp:featuredmedia":[{"embeddable":true,"href":"https:\/\/ikasougou.com\/ikasounkalo\/wp-json\/wp\/v2\/media\/289"}],"wp:attachment":[{"href":"https:\/\/ikasougou.com\/ikasounkalo\/wp-json\/wp\/v2\/media?parent=287"}],"wp:term":[{"taxonomy":"product_brand","embeddable":true,"href":"https:\/\/ikasougou.com\/ikasounkalo\/wp-json\/wp\/v2\/product_brand?post=287"},{"taxonomy":"product_cat","embeddable":true,"href":"https:\/\/ikasougou.com\/ikasounkalo\/wp-json\/wp\/v2\/product_cat?post=287"},{"taxonomy":"product_tag","embeddable":true,"href":"https:\/\/ikasougou.com\/ikasounkalo\/wp-json\/wp\/v2\/product_tag?post=287"}],"curies":[{"name":"wp","href":"https:\/\/api.w.org\/{rel}","templated":true}]}}