{"id":292,"date":"2021-04-23T12:43:20","date_gmt":"2021-04-23T10:43:20","guid":{"rendered":"https:\/\/ikasougou.com\/ikasounkalo\/?post_type=product&#038;p=292"},"modified":"2021-04-23T12:43:20","modified_gmt":"2021-04-23T10:43:20","slug":"top-ramen-chicken-poulet-nissin","status":"publish","type":"product","link":"https:\/\/ikasougou.com\/ikasounkalo\/produit\/top-ramen-chicken-poulet-nissin\/","title":{"rendered":"Top ramen chicken (poulet) &#8211; Nissin"},"content":{"rendered":"<p>Cette populaire soupe aux nouilles japonaise constitue un d\u00eener r\u00e9confortant.<\/p>\n<h2 class=\"animated t5 title noodled animate-in\">TOUT CE QUE VOUS AIMEZ, MAINTENANT PARTOUT.<\/h2>\n<p class=\"animated p1 animate-in\">Vous pouvez d\u00e9sormais emporter Top Ramen n&#8217;importe o\u00f9!\u00a0Pr\u00eats en trois minutes, les bols Top Ramen sont portables, allant au micro-ondes et personnalisables pour que vous puissiez profiter de tous les bienfaits des nouilles en d\u00e9placement ou au travail.\u00a0De plus, il n&#8217;y a pas de vaisselle \u00e0 nettoyer par la suite!\u00a0Chaque bol Top Ramen est rempli de l\u00e9gumes &#8211; y compris des poivrons rouges, des oignons verts, du ma\u00efs et des carottes &#8211; sans MSG ajout\u00e9.\u00a0Et chaque d\u00e9licieux bol est livr\u00e9 avec sa propre sauce au go\u00fbt unique \u00e0 l&#8217;int\u00e9rieur: teriyaki pour le poulet, ail pour les crevettes et s\u00e9same pour la sauce soja.\u00a0Maintenant, partout o\u00f9 il y a un micro-ondes, vous n&#8217;\u00eates qu&#8217;\u00e0 trois minutes d&#8217;un d\u00e9licieux repas Top Ramen!<\/p>\n<p><img data-recalc-dims=\"1\" loading=\"lazy\" decoding=\"async\" class=\"size-medium wp-image-293 aligncenter\" src=\"https:\/\/i0.wp.com\/ikasougou.com\/ikasounkalo\/wp-content\/uploads\/sites\/87\/2021\/04\/ramen2.jpg?resize=400%2C400&#038;ssl=1\" alt=\"\" width=\"400\" height=\"400\" srcset=\"https:\/\/i0.wp.com\/ikasougou.com\/ikasounkalo\/wp-content\/uploads\/sites\/87\/2021\/04\/ramen2.jpg?resize=400%2C400&amp;ssl=1 400w, https:\/\/i0.wp.com\/ikasougou.com\/ikasounkalo\/wp-content\/uploads\/sites\/87\/2021\/04\/ramen2.jpg?resize=280%2C280&amp;ssl=1 280w, https:\/\/i0.wp.com\/ikasougou.com\/ikasounkalo\/wp-content\/uploads\/sites\/87\/2021\/04\/ramen2.jpg?resize=100%2C100&amp;ssl=1 100w, https:\/\/i0.wp.com\/ikasougou.com\/ikasounkalo\/wp-content\/uploads\/sites\/87\/2021\/04\/ramen2.jpg?w=425&amp;ssl=1 425w\" sizes=\"auto, (max-width: 400px) 100vw, 400px\" \/><\/p>\n<div style=\"display:flex; gap:10px;justify-content:center\" class=\"wps-pgfw-pdf-generate-icon__wrapper-frontend\">\n\t\t<a  href=\"https:\/\/ikasougou.com\/ikasounkalo\/wp-json\/wp\/v2\/product\/292?action=genpdf&amp;id=292\" class=\"pgfw-single-pdf-download-button\" ><img src=\"https:\/\/ikasougou.com\/ikasounkalo\/wp-content\/plugins\/pdf-generator-for-wp\/admin\/src\/images\/PDF_Tray.svg\" title=\"G\u00e9n\u00e9rer un PDF\" style=\"width:auto; height:45px;\"><\/a>\n\t\t<\/div>","protected":false},"excerpt":{"rendered":"<p>Cette populaire soupe aux nouilles japonaise constitue un d\u00eener r\u00e9confortant. TOUT CE QUE VOUS AIMEZ, MAINTENANT PARTOUT. Vous pouvez d\u00e9sormais emporter Top Ramen n&#8217;importe o\u00f9!\u00a0Pr\u00eats en trois minutes, les bols Top Ramen sont portables, allant au micro-ondes et personnalisables pour que vous puissiez profiter de tous les bienfaits des nouilles en d\u00e9placement ou au travail.\u00a0De [&#8230;]\n","protected":false},"featured_media":294,"comment_status":"open","ping_status":"closed","template":"","meta":{"jetpack_publicize_message":"","jetpack_publicize_feature_enabled":true,"jetpack_social_post_already_shared":false,"jetpack_social_options":{"image_generator_settings":{"template":"highway","default_image_id":0,"font":"","enabled":false},"version":2}},"product_brand":[],"product_cat":[16],"product_tag":[34,35,23,81,28],"class_list":{"0":"post-292","1":"product","2":"type-product","3":"status-publish","4":"has-post-thumbnail","6":"product_cat-alimentaires","7":"product_tag-ikasougou-com","8":"product_tag-ikasounkalo","9":"product_tag-mali","10":"product_tag-ramen","11":"product_tag-ruptures","13":"first","14":"instock","15":"shipping-taxable","16":"purchasable","17":"product-type-simple"},"ams_default_variation_id":0,"ams_product_points_reward":[],"ams_product_discount_percentage":0,"ams_price_to_display":250,"aioseo_notices":[],"ams_acf":[],"jetpack_publicize_connections":[],"jetpack-related-posts":[],"jetpack_sharing_enabled":true,"jetpack_likes_enabled":true,"_links":{"self":[{"href":"https:\/\/ikasougou.com\/ikasounkalo\/wp-json\/wp\/v2\/product\/292","targetHints":{"allow":["GET"]}}],"collection":[{"href":"https:\/\/ikasougou.com\/ikasounkalo\/wp-json\/wp\/v2\/product"}],"about":[{"href":"https:\/\/ikasougou.com\/ikasounkalo\/wp-json\/wp\/v2\/types\/product"}],"replies":[{"embeddable":true,"href":"https:\/\/ikasougou.com\/ikasounkalo\/wp-json\/wp\/v2\/comments?post=292"}],"wp:featuredmedia":[{"embeddable":true,"href":"https:\/\/ikasougou.com\/ikasounkalo\/wp-json\/wp\/v2\/media\/294"}],"wp:attachment":[{"href":"https:\/\/ikasougou.com\/ikasounkalo\/wp-json\/wp\/v2\/media?parent=292"}],"wp:term":[{"taxonomy":"product_brand","embeddable":true,"href":"https:\/\/ikasougou.com\/ikasounkalo\/wp-json\/wp\/v2\/product_brand?post=292"},{"taxonomy":"product_cat","embeddable":true,"href":"https:\/\/ikasougou.com\/ikasounkalo\/wp-json\/wp\/v2\/product_cat?post=292"},{"taxonomy":"product_tag","embeddable":true,"href":"https:\/\/ikasougou.com\/ikasounkalo\/wp-json\/wp\/v2\/product_tag?post=292"}],"curies":[{"name":"wp","href":"https:\/\/api.w.org\/{rel}","templated":true}]}}