{"id":297,"date":"2021-04-23T13:54:44","date_gmt":"2021-04-23T11:54:44","guid":{"rendered":"https:\/\/ikasougou.com\/ikasounkalo\/?post_type=product&#038;p=297"},"modified":"2021-04-23T13:54:45","modified_gmt":"2021-04-23T11:54:45","slug":"foco-jus-de-coco","status":"publish","type":"product","link":"https:\/\/ikasougou.com\/ikasounkalo\/produit\/foco-jus-de-coco\/","title":{"rendered":"Foco Jus de Coco"},"content":{"rendered":"<h4><span><span class=\"\">La cuisine cr\u00e9ative est loco pour\u00a0<\/span><\/span><span><span class=\"\">Foco<\/span><\/span><span><span class=\"\">\u00a0!\u00a0<\/span>L&#8217;eau de coco Foco est de l&#8217;eau de coco 100% naturelle.\u00a0Il est fabriqu\u00e9 \u00e0 partir de noix de coco tri\u00e9es sur le volet et ne contient ni sucre ajout\u00e9 ni conservateur, c&#8217;est donc une excellente alternative au soda ou au jus.\u00a0Foco est rempli d&#8217;\u00e9lectrolytes pour vous garder, vous et votre famille, hydrat\u00e9s toute la journ\u00e9e.\u00a0Que vous soyez \u00e0 la maison, \u00e0 l&#8217;\u00e9cole ou en d\u00e9placement, l&#8217;eau de coco Foco a bon go\u00fbt et vous rafra\u00eechit!\u00a0Trouvez une friandise de Foco dans le sac de cadeaux de la chasse au tr\u00e9sor des assiettes \u00e9quilibr\u00e9es du Festival de la nourriture pour enfants!<\/span><\/h4>\n<p>&nbsp;<\/p>\n<h3><span>De la bouche d&#8217;un enfant:<\/span><\/h3>\n<p><em><span>Ma m\u00e8re me donne Foco apr\u00e8s mes matchs de football &#8211; j&#8217;adore \u00e7a!<\/span><\/em><\/p>\n<h3><span>Des yeux d&#8217;un parent: \u00a0\u00a0<\/span><img loading=\"lazy\" decoding=\"async\" class=\"size-medium wp-image-9092 alignright\" src=\"https:\/\/translate.google.com\/website?sl=auto&amp;tl=fr&amp;ajax=1&amp;u=http:\/\/www.thecreativekitchen.com\/wp-content\/uploads\/Foco-2-300x300.png\" sizes=\"auto, (max-width: 300px) 100vw, 300px\" srcset=\"https:\/\/odjqvj2oxb2mugp2m42mx3yf6u-ac4c6men2g7xr2a-thecreativekitchen.translate.goog\/wp-content\/uploads\/Foco-2-300x300.png 300w,https:\/\/odjqvj2oxb2mugp2m42mx3yf6u-ac4c6men2g7xr2a-thecreativekitchen.translate.goog\/product-review-foco-100-pure-coconut-water\/ https:\/\/www.thecreativekitchen.com\/wp-content\/uploads\/Foco-2-150x150.png 150w,https:\/\/odjqvj2oxb2mugp2m42mx3yf6u-ac4c6men2g7xr2a-thecreativekitchen.translate.goog\/product-review-foco-100-pure-coconut-water\/ https:\/\/www.thecreativekitchen.com\/wp-content\/uploads\/Foco-2.png 747w\" alt=\"Foco 2\" width=\"300\" height=\"300\" \/><\/h3>\n<p><em><span>L&#8217;eau de coco Foco est une boisson enti\u00e8rement naturelle vers laquelle ma famille et moi nous tournons les jours o\u00f9 nous avons besoin d&#8217;un regain d&#8217;\u00e9nergie gr\u00e2ce aux \u00e9lectrolytes.\u00a0Foco est une excellente alternative aux sodas et aux jus.\u00a0Nous obtenons la saveur suppl\u00e9mentaire sans aucun sucre ajout\u00e9.\u00a0Toute ma famille appr\u00e9cie son go\u00fbt pur et rafra\u00eechissant! \u00a0<\/span><\/em><\/p>\n<h3><span>Caract\u00e9ristiques savoureuses:<\/span><\/h3>\n<p><em><span>L&#8217;eau de coco 100% pure Foco est disponible dans les saveurs suivantes:<\/span><\/em><\/p>\n<ul>\n<li><span>100% eau de coco pure<\/span><\/li>\n<li><span>100% eau de coco pure \u00e0 l&#8217;ananas<\/span><\/li>\n<li><span>100% eau de coco pure \u00e0 la mangue<\/span><\/li>\n<li><span>100% eau de coco pure avec litchi<\/span><\/li>\n<li><span>100% eau de coco pure avec goyave rose<\/span><\/li>\n<li><span>100% eau de coco pure \u00e0 la grenade<\/span><\/li>\n<\/ul>\n<h3><span>Le gla\u00e7age sur le g\u00e2teau: \u00a0\u00a0<\/span><img loading=\"lazy\" decoding=\"async\" class=\"size-medium wp-image-9093 alignright\" src=\"https:\/\/translate.google.com\/website?sl=auto&amp;tl=fr&amp;ajax=1&amp;u=http:\/\/www.thecreativekitchen.com\/wp-content\/uploads\/foco-pure-logo-gb-300x49.jpg\" sizes=\"auto, (max-width: 300px) 100vw, 300px\" srcset=\"https:\/\/odjqvj2oxb2mugp2m42mx3yf6u-ac4c6men2g7xr2a-thecreativekitchen.translate.goog\/wp-content\/uploads\/foco-pure-logo-gb-300x49.jpg 300w,https:\/\/odjqvj2oxb2mugp2m42mx3yf6u-ac4c6men2g7xr2a-thecreativekitchen.translate.goog\/product-review-foco-100-pure-coconut-water\/ https:\/\/www.thecreativekitchen.com\/wp-content\/uploads\/foco-pure-logo-gb-1024x167.jpg 1024w\" alt=\"Foco pur logo_polices incorpor\u00e9es\" width=\"300\" height=\"49\" \/><\/h3>\n<p><em><span>L&#8217;eau de coco 100% Foco est d&#8217;origine unique et enti\u00e8rement naturelle.\u00a0Il est sans conservateur, sans sucre, sans cholest\u00e9rol et sans gras, et il n&#8217;est pas fait de concentr\u00e9.<\/span><\/em><\/p>\n<h3><span>Le temps de manger?!<\/span><\/h3>\n<p><em><span>Buvez Foco comme une alternative au soda ou au jus que toute la famille appr\u00e9ciera!<\/span><\/em><\/p>\n<h3><span>Pr\u00eat \u00e0 partir?<\/span><\/h3>\n<p><em><span>Oui!\u00a0L&#8217;eau de coco 100% pure Foco est livr\u00e9e dans un contenant refermable!<\/span><\/em><\/p>\n<h3><span>M\u00e9langer!<\/span><\/h3>\n<p><em><span>Utilisez l&#8217;eau de coco de Foco pour pr\u00e9parer des smoothies avec les fruits pr\u00e9f\u00e9r\u00e9s de votre famille!<\/span><\/em><\/p>\n<div style=\"display:flex; gap:10px;justify-content:center\" class=\"wps-pgfw-pdf-generate-icon__wrapper-frontend\">\n\t\t<a  href=\"https:\/\/ikasougou.com\/ikasounkalo\/wp-json\/wp\/v2\/product\/297?action=genpdf&amp;id=297\" class=\"pgfw-single-pdf-download-button\" ><img src=\"https:\/\/ikasougou.com\/ikasounkalo\/wp-content\/plugins\/pdf-generator-for-wp\/admin\/src\/images\/PDF_Tray.svg\" title=\"G\u00e9n\u00e9rer un PDF\" style=\"width:auto; height:45px;\"><\/a>\n\t\t<\/div>","protected":false},"excerpt":{"rendered":"<p>La cuisine cr\u00e9ative est loco pour\u00a0Foco\u00a0!\u00a0L&#8217;eau de coco Foco est de l&#8217;eau de coco 100% naturelle.\u00a0Il est fabriqu\u00e9 \u00e0 partir de noix de coco tri\u00e9es sur le volet et ne contient ni sucre ajout\u00e9 ni conservateur, c&#8217;est donc une excellente alternative au soda ou au jus.\u00a0Foco est rempli d&#8217;\u00e9lectrolytes pour vous garder, vous et votre [&#8230;]\n","protected":false},"featured_media":298,"comment_status":"open","ping_status":"closed","template":"","meta":{"jetpack_publicize_message":"","jetpack_publicize_feature_enabled":true,"jetpack_social_post_already_shared":false,"jetpack_social_options":{"image_generator_settings":{"template":"highway","default_image_id":0,"font":"","enabled":false},"version":2}},"product_brand":[],"product_cat":[16],"product_tag":[25,34,35,82,23],"class_list":{"0":"post-297","1":"product","2":"type-product","3":"status-publish","4":"has-post-thumbnail","6":"product_cat-alimentaires","7":"product_tag-bamako","8":"product_tag-ikasougou-com","9":"product_tag-ikasounkalo","10":"product_tag-jus-de-coco","11":"product_tag-mali","13":"first","14":"instock","15":"shipping-taxable","16":"purchasable","17":"product-type-simple"},"ams_default_variation_id":0,"ams_product_points_reward":[],"ams_product_discount_percentage":0,"ams_price_to_display":1000,"aioseo_notices":[],"ams_acf":[],"jetpack_publicize_connections":[],"jetpack-related-posts":[],"jetpack_sharing_enabled":true,"jetpack_likes_enabled":true,"_links":{"self":[{"href":"https:\/\/ikasougou.com\/ikasounkalo\/wp-json\/wp\/v2\/product\/297","targetHints":{"allow":["GET"]}}],"collection":[{"href":"https:\/\/ikasougou.com\/ikasounkalo\/wp-json\/wp\/v2\/product"}],"about":[{"href":"https:\/\/ikasougou.com\/ikasounkalo\/wp-json\/wp\/v2\/types\/product"}],"replies":[{"embeddable":true,"href":"https:\/\/ikasougou.com\/ikasounkalo\/wp-json\/wp\/v2\/comments?post=297"}],"wp:featuredmedia":[{"embeddable":true,"href":"https:\/\/ikasougou.com\/ikasounkalo\/wp-json\/wp\/v2\/media\/298"}],"wp:attachment":[{"href":"https:\/\/ikasougou.com\/ikasounkalo\/wp-json\/wp\/v2\/media?parent=297"}],"wp:term":[{"taxonomy":"product_brand","embeddable":true,"href":"https:\/\/ikasougou.com\/ikasounkalo\/wp-json\/wp\/v2\/product_brand?post=297"},{"taxonomy":"product_cat","embeddable":true,"href":"https:\/\/ikasougou.com\/ikasounkalo\/wp-json\/wp\/v2\/product_cat?post=297"},{"taxonomy":"product_tag","embeddable":true,"href":"https:\/\/ikasougou.com\/ikasounkalo\/wp-json\/wp\/v2\/product_tag?post=297"}],"curies":[{"name":"wp","href":"https:\/\/api.w.org\/{rel}","templated":true}]}}