{"id":324,"date":"2021-04-25T13:34:41","date_gmt":"2021-04-25T11:34:41","guid":{"rendered":"https:\/\/ikasougou.com\/ikasounkalo\/?post_type=product&#038;p=324"},"modified":"2021-04-25T13:34:42","modified_gmt":"2021-04-25T11:34:42","slug":"mms","status":"publish","type":"product","link":"https:\/\/ikasougou.com\/ikasounkalo\/produit\/mms\/","title":{"rendered":"m&#038;m&#8217;s"},"content":{"rendered":"<p>&nbsp;<\/p>\n<p>Ingr\u00e9dients : chocolat\u00a0 (sucre, chocolat alcalis\u00e9, chocolat, beurre de cacao, graisse <strong>laiti\u00e8re<\/strong>, <strong>lait<\/strong> \u00e9cr\u00e9m\u00e9, l\u00e9cithine de <strong>soja<\/strong>), sucre, sirop de ma\u00efs, huile de palmiste hydrog\u00e9n\u00e9, chocolat alcalis\u00e9, <strong>lait<\/strong> \u00e9cr\u00e9m\u00e9, amidon de ma\u00efs, contient moins de 1% de : graisse <strong>laiti\u00e8re<\/strong>, <strong>lactose<\/strong>, dextrine, sel, colorant E133-E110-E129*-E102, agent d&#8217;enrobage E903, ar\u00f4me artificiel, chocolat, \u00e9mulsifiant E414. * Peut avoir des effets ind\u00e9sirables sur l&#8217;activit\u00e9 et l&#8217;attention chez l&#8217;enfant.<span class=\"nq-u-inline-top\"><span class=\"nq-u-inline-top\"><span class=\"nq-u-inline-top\"><span class=\"nq-u-inline-top\"><br \/>\n<\/span><\/span><\/span><\/span><\/p>\n<p>Fabriqu\u00e9 par : MARS WRIGLEY CONFECTIONERY US LLC<img data-recalc-dims=\"1\" loading=\"lazy\" decoding=\"async\" class=\" wp-image-325 alignright\" src=\"https:\/\/i0.wp.com\/ikasougou.com\/ikasounkalo\/wp-content\/uploads\/sites\/87\/2021\/04\/im-mms.png.jpg?resize=143%2C158&#038;ssl=1\" alt=\"\" width=\"143\" height=\"158\" srcset=\"https:\/\/i0.wp.com\/ikasougou.com\/ikasounkalo\/wp-content\/uploads\/sites\/87\/2021\/04\/im-mms.png.jpg?resize=360%2C400&amp;ssl=1 360w, https:\/\/i0.wp.com\/ikasougou.com\/ikasounkalo\/wp-content\/uploads\/sites\/87\/2021\/04\/im-mms.png.jpg?resize=510%2C567&amp;ssl=1 510w, https:\/\/i0.wp.com\/ikasougou.com\/ikasounkalo\/wp-content\/uploads\/sites\/87\/2021\/04\/im-mms.png.jpg?w=540&amp;ssl=1 540w\" sizes=\"auto, (max-width: 143px) 100vw, 143px\" \/><\/p>\n<p>D\u00e9claration nutritionnelle (pour 100g) : \u00e9nergie 475Kcal, mati\u00e8res grasses 20g (dont acides gras satur\u00e9s 12.5g), glucides 72.5g (dont sucres 62.5g), prot\u00e9ines 2.5g, sel 250mg.<\/p>\n<div style=\"display:flex; gap:10px;justify-content:center\" class=\"wps-pgfw-pdf-generate-icon__wrapper-frontend\">\n\t\t<a  href=\"https:\/\/ikasougou.com\/ikasounkalo\/wp-json\/wp\/v2\/product\/324?action=genpdf&amp;id=324\" class=\"pgfw-single-pdf-download-button\" ><img src=\"https:\/\/ikasougou.com\/ikasounkalo\/wp-content\/plugins\/pdf-generator-for-wp\/admin\/src\/images\/PDF_Tray.svg\" title=\"G\u00e9n\u00e9rer un PDF\" style=\"width:auto; height:45px;\"><\/a>\n\t\t<\/div>","protected":false},"excerpt":{"rendered":"<p>&nbsp; Ingr\u00e9dients : chocolat\u00a0 (sucre, chocolat alcalis\u00e9, chocolat, beurre de cacao, graisse laiti\u00e8re, lait \u00e9cr\u00e9m\u00e9, l\u00e9cithine de soja), sucre, sirop de ma\u00efs, huile de palmiste hydrog\u00e9n\u00e9, chocolat alcalis\u00e9, lait \u00e9cr\u00e9m\u00e9, amidon de ma\u00efs, contient moins de 1% de : graisse laiti\u00e8re, lactose, dextrine, sel, colorant E133-E110-E129*-E102, agent d&#8217;enrobage E903, ar\u00f4me artificiel, chocolat, \u00e9mulsifiant E414. * [&#8230;]\n","protected":false},"featured_media":326,"comment_status":"open","ping_status":"closed","template":"","meta":{"jetpack_publicize_message":"","jetpack_publicize_feature_enabled":true,"jetpack_social_post_already_shared":false,"jetpack_social_options":{"image_generator_settings":{"template":"highway","default_image_id":0,"font":"","enabled":false},"version":2}},"product_brand":[],"product_cat":[16],"product_tag":[25,91,72,34,93,23,26,28],"class_list":{"0":"post-324","1":"product","2":"type-product","3":"status-publish","4":"has-post-thumbnail","6":"product_cat-alimentaires","7":"product_tag-bamako","8":"product_tag-bonbon","9":"product_tag-chocolat","10":"product_tag-ikasougou-com","11":"product_tag-mms","12":"product_tag-mali","13":"product_tag-ramadan","14":"product_tag-ruptures","16":"first","17":"instock","18":"shipping-taxable","19":"purchasable","20":"product-type-simple"},"ams_default_variation_id":0,"ams_product_points_reward":[],"ams_product_discount_percentage":0,"ams_price_to_display":750,"aioseo_notices":[],"ams_acf":[],"jetpack_publicize_connections":[],"jetpack-related-posts":[],"jetpack_sharing_enabled":true,"jetpack_likes_enabled":true,"_links":{"self":[{"href":"https:\/\/ikasougou.com\/ikasounkalo\/wp-json\/wp\/v2\/product\/324","targetHints":{"allow":["GET"]}}],"collection":[{"href":"https:\/\/ikasougou.com\/ikasounkalo\/wp-json\/wp\/v2\/product"}],"about":[{"href":"https:\/\/ikasougou.com\/ikasounkalo\/wp-json\/wp\/v2\/types\/product"}],"replies":[{"embeddable":true,"href":"https:\/\/ikasougou.com\/ikasounkalo\/wp-json\/wp\/v2\/comments?post=324"}],"wp:featuredmedia":[{"embeddable":true,"href":"https:\/\/ikasougou.com\/ikasounkalo\/wp-json\/wp\/v2\/media\/326"}],"wp:attachment":[{"href":"https:\/\/ikasougou.com\/ikasounkalo\/wp-json\/wp\/v2\/media?parent=324"}],"wp:term":[{"taxonomy":"product_brand","embeddable":true,"href":"https:\/\/ikasougou.com\/ikasounkalo\/wp-json\/wp\/v2\/product_brand?post=324"},{"taxonomy":"product_cat","embeddable":true,"href":"https:\/\/ikasougou.com\/ikasounkalo\/wp-json\/wp\/v2\/product_cat?post=324"},{"taxonomy":"product_tag","embeddable":true,"href":"https:\/\/ikasougou.com\/ikasounkalo\/wp-json\/wp\/v2\/product_tag?post=324"}],"curies":[{"name":"wp","href":"https:\/\/api.w.org\/{rel}","templated":true}]}}