{"id":327,"date":"2021-04-25T13:44:15","date_gmt":"2021-04-25T11:44:15","guid":{"rendered":"https:\/\/ikasougou.com\/ikasounkalo\/?post_type=product&#038;p=327"},"modified":"2021-04-25T13:44:15","modified_gmt":"2021-04-25T11:44:15","slug":"chocolat-au-lait-riz-croustillant-milka-pack-de-2","status":"publish","type":"product","link":"https:\/\/ikasougou.com\/ikasounkalo\/produit\/chocolat-au-lait-riz-croustillant-milka-pack-de-2\/","title":{"rendered":"Chocolat au lait riz croustillant MILKA pack de 2"},"content":{"rendered":"<h2 class=\"secondary-details__title\">Description<\/h2>\n<p class=\"paragraph\">Craquez pour Milka riz : Une tablette au chocolat au Lait du Pays Alpin et aux grains de riz souffl\u00e9s croustillants. 2 tablettes Milka riz \u00e0 d\u00e9guster en famille.<\/p>\n<h2 class=\"secondary-details__title\">Ingr\u00e9dients \/ Composition<\/h2>\n<div class=\"product-block-content\">\n<h3 class=\"title\">Ingr\u00e9dients<\/h3>\n<div class=\"product-block-content-paragraph\">\n<p class=\"paragraph\">Ingr\u00e9dients : Ingr\u00e9dients: Sucre, beurre de cacao, riz (13%), LAIT \u00e9cr\u00e9m\u00e9 en poudre, p\u00e2te de cacao, lactos\u00e9rum en poudre (LAIT), BEURRE concentr\u00e9, \u00e9mulsifiants (l\u00e9cithine de SOJA, l\u00e9cithine de tournesol), sel, p\u00e2te de NOISETTES, extrait de malt d&#8217;ORGE, ar\u00f4me naturel. Cacao: 30% minimum dans le chocolat au LAIT du pays alpin. PEUT CONTENIR AUTRES FRUITS A COQUE ET BL\u00c9.<img data-recalc-dims=\"1\" loading=\"lazy\" decoding=\"async\" class=\" wp-image-328 alignright\" src=\"https:\/\/i0.wp.com\/ikasougou.com\/ikasounkalo\/wp-content\/uploads\/sites\/87\/2021\/04\/81HlVhEjHYL._AC_SL1500_.jpg?resize=478%2C162&#038;ssl=1\" alt=\"\" width=\"478\" height=\"162\" srcset=\"https:\/\/i0.wp.com\/ikasougou.com\/ikasounkalo\/wp-content\/uploads\/sites\/87\/2021\/04\/81HlVhEjHYL._AC_SL1500_.jpg?resize=800%2C272&amp;ssl=1 800w, https:\/\/i0.wp.com\/ikasougou.com\/ikasounkalo\/wp-content\/uploads\/sites\/87\/2021\/04\/81HlVhEjHYL._AC_SL1500_.jpg?resize=1400%2C476&amp;ssl=1 1400w, https:\/\/i0.wp.com\/ikasougou.com\/ikasounkalo\/wp-content\/uploads\/sites\/87\/2021\/04\/81HlVhEjHYL._AC_SL1500_.jpg?resize=768%2C261&amp;ssl=1 768w, https:\/\/i0.wp.com\/ikasougou.com\/ikasounkalo\/wp-content\/uploads\/sites\/87\/2021\/04\/81HlVhEjHYL._AC_SL1500_.jpg?resize=510%2C173&amp;ssl=1 510w, https:\/\/i0.wp.com\/ikasougou.com\/ikasounkalo\/wp-content\/uploads\/sites\/87\/2021\/04\/81HlVhEjHYL._AC_SL1500_.jpg?w=1500&amp;ssl=1 1500w\" sizes=\"auto, (max-width: 478px) 100vw, 478px\" \/><\/p>\n<\/div>\n<\/div>\n<h3 class=\"title\">Valeurs nutritionnelles<\/h3>\n<div class=\"nutritional-details\">\n<div class=\"nutritional-details__header\">\n<div class=\"nutritional-details__header--column-title ds-title--s nutritional-details__title--left\"><\/div>\n<div class=\"nutritional-details__header--column-title ds-title--s nutritional-details__title--center\">Valeurs nutritionnelles \u00a0 pour 100 g<\/div>\n<\/div>\n<div class=\"nutritional-details__values\">\n<div class=\"nutritional-details__progresses\">\n<div class=\"nutritional-fact\">\n<div class=\"nutritional-fact__name\">\n<h3 class=\"subtitle\">valeur \u00e9nerg\u00e9tique (kJ)\u00a0 \u00a0 \u00a0 \u00a0 \u00a0 \u00a0 \u00a0 \u00a0 \u00a0 \u00a0 2124 kJ \/ 100 g<\/h3>\n<\/div>\n<\/div>\n<div class=\"nutritional-fact\">\n<div class=\"nutritional-fact__name\">\n<h3 class=\"subtitle\">valeur \u00e9nerg\u00e9tique (kcal)\u00a0 \u00a0 \u00a0 \u00a0 \u00a0 \u00a0 \u00a0 \u00a0 \u00a0507 kcal \/ 100 g<\/h3>\n<\/div>\n<\/div>\n<div class=\"nutritional-fact\">\n<div class=\"nutritional-fact__name\">\n<h3 class=\"subtitle\">mati\u00e8res grasses\u00a0 \u00a0 \u00a0 \u00a0 \u00a0 \u00a0 \u00a0 \u00a0 \u00a0 \u00a0 \u00a0 \u00a0 \u00a0 \u00a0 \u00a025 g \/ 100 g<\/h3>\n<\/div>\n<\/div>\n<div class=\"nutritional-fact\">\n<div class=\"nutritional-fact__name\">\n<h3 class=\"subtitle\">acides gras satur\u00e9s\u00a0 \u00a0 \u00a0 \u00a0 \u00a0 \u00a0 \u00a0 \u00a0 \u00a0 \u00a0 \u00a0 \u00a0 \u00a015 g \/ 100 g<\/h3>\n<\/div>\n<\/div>\n<div class=\"nutritional-fact\">\n<div class=\"nutritional-fact__name\">\n<h3 class=\"subtitle\">glucides\u00a0 \u00a0 \u00a0 \u00a0 \u00a0 \u00a0 \u00a0 \u00a0 \u00a0 \u00a0 \u00a0 \u00a0 \u00a0 \u00a0 \u00a0 \u00a0 \u00a0 \u00a0 \u00a0 \u00a0 \u00a0 \u00a063 g \/ 100 g<\/h3>\n<\/div>\n<\/div>\n<div class=\"nutritional-fact\">\n<div class=\"nutritional-fact__name\">\n<h3 class=\"subtitle\">sucres\u00a0 \u00a0 \u00a0 \u00a0 \u00a0 \u00a0 \u00a0 \u00a0 \u00a0 \u00a0 \u00a0 \u00a0 \u00a0 \u00a0 \u00a0 \u00a0 \u00a0 \u00a0 \u00a0 \u00a0 \u00a0 \u00a0 \u00a0 50 g \/ 100 g<\/h3>\n<\/div>\n<\/div>\n<div class=\"nutritional-fact\">\n<div class=\"nutritional-fact__name\">\n<h3 class=\"subtitle\">fibres alimentaires\u00a0 \u00a0 \u00a0 \u00a0 \u00a0 \u00a0 \u00a0 \u00a0 \u00a0 \u00a0 \u00a0 \u00a0 \u00a0 \u00a01.8 g \/ 100 g<\/h3>\n<\/div>\n<\/div>\n<div class=\"nutritional-fact\">\n<div class=\"nutritional-fact__name\">\n<h3 class=\"subtitle\">prot\u00e9ines\u00a0 \u00a0 \u00a0 \u00a0 \u00a0 \u00a0 \u00a0 \u00a0 \u00a0 \u00a0 \u00a0 \u00a0 \u00a0 \u00a0 \u00a0 \u00a0 \u00a0 \u00a0 \u00a0 \u00a0 \u00a0 6.4 g \/ 100 g<\/h3>\n<\/div>\n<\/div>\n<div class=\"nutritional-fact\">\n<div class=\"nutritional-fact__name\">\n<h3 class=\"subtitle\">sel<\/h3>\n<div class=\"nutritional-fact-value nutritional-fact__center\">0.73 g \/ 100 g<\/div>\n<\/div>\n<\/div>\n<\/div>\n<\/div>\n<\/div>\n<div class=\"nutritional-details__explanation\">*Apport de r\u00e9f\u00e9rence pour un adulte type (8400 kj \/ 2000 kcal)<\/div>\n<div class=\"secondary-details-allergens\">\n<div class=\"product-block-content\">\n<h3 class=\"title\">Allerg\u00e8nes<\/h3>\n<div class=\"product-block-content-paragraph\">\n<p class=\"paragraph\">Soja &#8211; Gluten &#8211; Lactose &#8211; Fruits \u00e0 coque<\/p>\n<\/div>\n<\/div>\n<\/div>\n<div id=\"data-recommandation-zone-1\" class=\"secondary-details-cross-sell\"><\/div>\n<h2 class=\"secondary-details__title\">Avantages et all\u00e9gations<\/h2>\n<div class=\"product-block-content\">\n<h3 class=\"title\">Avantages produit<\/h3>\n<div class=\"product-block-content-paragraph\">\n<div class=\"paragraph-truncate\">\n<p class=\"paragraph-truncate__paragraph\">Lait 100% issu du Pays Alpin : Milka travaille en collaboration avec 800 fermiers issus de petites exploitations familiales. Chaque fermier ne s\u2019occupe que de 60 vaches environ.<\/p>\n<p class=\"paragraph-truncate__paragraph\">Avantages consommateur<\/p>\n<\/div>\n<\/div>\n<\/div>\n<div class=\"product-block-content\">\n<div class=\"product-block-content-paragraph\">\n<div class=\"paragraph-truncate\">\n<p class=\"paragraph-truncate__paragraph\">Milka Riz Croustillant 2x100g<\/p>\n<\/div>\n<\/div>\n<\/div>\n<h2 class=\"secondary-details__title\">Conseils &amp; Infos conso<\/h2>\n<div class=\"product-block-content\">\n<h3 class=\"title\">Conservation<\/h3>\n<div class=\"product-block-content-paragraph\">\n<p class=\"paragraph\">A conserver \u00e0 l&#8217;abri de la chaleur et de l&#8217;humidit\u00e9.<\/p>\n<\/div>\n<\/div>\n<div class=\"product-block-content\"><\/div>\n<div style=\"display:flex; gap:10px;justify-content:center\" class=\"wps-pgfw-pdf-generate-icon__wrapper-frontend\">\n\t\t<a  href=\"https:\/\/ikasougou.com\/ikasounkalo\/wp-json\/wp\/v2\/product\/327?action=genpdf&amp;id=327\" class=\"pgfw-single-pdf-download-button\" ><img src=\"https:\/\/ikasougou.com\/ikasounkalo\/wp-content\/plugins\/pdf-generator-for-wp\/admin\/src\/images\/PDF_Tray.svg\" title=\"G\u00e9n\u00e9rer un PDF\" style=\"width:auto; height:45px;\"><\/a>\n\t\t<\/div>","protected":false},"excerpt":{"rendered":"<p>Description Craquez pour Milka riz : Une tablette au chocolat au Lait du Pays Alpin et aux grains de riz souffl\u00e9s croustillants. 2 tablettes Milka riz \u00e0 d\u00e9guster en famille. Ingr\u00e9dients \/ Composition Ingr\u00e9dients Ingr\u00e9dients : Ingr\u00e9dients: Sucre, beurre de cacao, riz (13%), LAIT \u00e9cr\u00e9m\u00e9 en poudre, p\u00e2te de cacao, lactos\u00e9rum en poudre (LAIT), BEURRE [&#8230;]\n","protected":false},"featured_media":331,"comment_status":"open","ping_status":"closed","template":"","meta":{"jetpack_publicize_message":"","jetpack_publicize_feature_enabled":true,"jetpack_social_post_already_shared":false,"jetpack_social_options":{"image_generator_settings":{"template":"highway","default_image_id":0,"font":"","enabled":false},"version":2}},"product_brand":[],"product_cat":[16],"product_tag":[72,34,94,28],"class_list":{"0":"post-327","1":"product","2":"type-product","3":"status-publish","4":"has-post-thumbnail","6":"product_cat-alimentaires","7":"product_tag-chocolat","8":"product_tag-ikasougou-com","9":"product_tag-riz-au-lait","10":"product_tag-ruptures","12":"first","13":"instock","14":"shipping-taxable","15":"purchasable","16":"product-type-simple"},"ams_default_variation_id":0,"ams_product_points_reward":[],"ams_product_discount_percentage":0,"ams_price_to_display":2600,"aioseo_notices":[],"ams_acf":[],"jetpack_publicize_connections":[],"jetpack-related-posts":[],"jetpack_sharing_enabled":true,"jetpack_likes_enabled":true,"_links":{"self":[{"href":"https:\/\/ikasougou.com\/ikasounkalo\/wp-json\/wp\/v2\/product\/327","targetHints":{"allow":["GET"]}}],"collection":[{"href":"https:\/\/ikasougou.com\/ikasounkalo\/wp-json\/wp\/v2\/product"}],"about":[{"href":"https:\/\/ikasougou.com\/ikasounkalo\/wp-json\/wp\/v2\/types\/product"}],"replies":[{"embeddable":true,"href":"https:\/\/ikasougou.com\/ikasounkalo\/wp-json\/wp\/v2\/comments?post=327"}],"wp:featuredmedia":[{"embeddable":true,"href":"https:\/\/ikasougou.com\/ikasounkalo\/wp-json\/wp\/v2\/media\/331"}],"wp:attachment":[{"href":"https:\/\/ikasougou.com\/ikasounkalo\/wp-json\/wp\/v2\/media?parent=327"}],"wp:term":[{"taxonomy":"product_brand","embeddable":true,"href":"https:\/\/ikasougou.com\/ikasounkalo\/wp-json\/wp\/v2\/product_brand?post=327"},{"taxonomy":"product_cat","embeddable":true,"href":"https:\/\/ikasougou.com\/ikasounkalo\/wp-json\/wp\/v2\/product_cat?post=327"},{"taxonomy":"product_tag","embeddable":true,"href":"https:\/\/ikasougou.com\/ikasounkalo\/wp-json\/wp\/v2\/product_tag?post=327"}],"curies":[{"name":"wp","href":"https:\/\/api.w.org\/{rel}","templated":true}]}}