{"id":336,"date":"2021-04-25T16:20:02","date_gmt":"2021-04-25T14:20:02","guid":{"rendered":"https:\/\/ikasougou.com\/ikasounkalo\/?post_type=product&#038;p=336"},"modified":"2021-04-25T16:20:04","modified_gmt":"2021-04-25T14:20:04","slug":"courses-moi-pates-macaroni-turini-500g","status":"publish","type":"product","link":"https:\/\/ikasougou.com\/ikasounkalo\/produit\/courses-moi-pates-macaroni-turini-500g\/","title":{"rendered":"Courses &#038; Moi P\u00e2tes Macaroni Turini 500g"},"content":{"rendered":"<p><span class=\"tlf_cdefinition\">P\u00e2te alimentaire \u00e0 base de semoule de bl\u00e9 dur, moul\u00e9e en forme de petits tubes creux allong\u00e9s, le plus souvent accommod\u00e9e avec du fromage, et qui constitue un des mets favoris des Italiens.<\/span> Elles peuvent \u00eatre lisses ou stri\u00e9es. Leur longueur \u00e9quivaut traditionnellement \u00e0 cinq fois leur diam\u00e8tre. Il s&#8217;agit d&#8217;un type de p\u00e2te extr\u00eamement populaire.<\/p>\n<p>Cet version se cuit en 6mn est ideal avec toutes les sauces.<\/p>\n<p>Ceux qui ont un four peuvent le gratiner au four avec du fromage.<\/p>\n<p>&nbsp;<\/p>\n<div style=\"display:flex; gap:10px;justify-content:center\" class=\"wps-pgfw-pdf-generate-icon__wrapper-frontend\">\n\t\t<a  href=\"https:\/\/ikasougou.com\/ikasounkalo\/wp-json\/wp\/v2\/product\/336?action=genpdf&amp;id=336\" class=\"pgfw-single-pdf-download-button\" ><img src=\"https:\/\/ikasougou.com\/ikasounkalo\/wp-content\/plugins\/pdf-generator-for-wp\/admin\/src\/images\/PDF_Tray.svg\" title=\"G\u00e9n\u00e9rer un PDF\" style=\"width:auto; height:45px;\"><\/a>\n\t\t<\/div>","protected":false},"excerpt":{"rendered":"<p>P\u00e2te alimentaire \u00e0 base de semoule de bl\u00e9 dur, moul\u00e9e en forme de petits tubes creux allong\u00e9s, le plus souvent accommod\u00e9e avec du fromage, et qui constitue un des mets favoris des Italiens. Elles peuvent \u00eatre lisses ou stri\u00e9es. Leur longueur \u00e9quivaut traditionnellement \u00e0 cinq fois leur diam\u00e8tre. Il s&#8217;agit d&#8217;un type de p\u00e2te extr\u00eamement [&#8230;]\n","protected":false},"featured_media":337,"comment_status":"open","ping_status":"closed","template":"","meta":{"jetpack_publicize_message":"","jetpack_publicize_feature_enabled":true,"jetpack_social_post_already_shared":false,"jetpack_social_options":{"image_generator_settings":{"template":"highway","default_image_id":0,"font":"","enabled":false},"version":2}},"product_brand":[],"product_cat":[16],"product_tag":[25,34,96,51,26],"class_list":{"0":"post-336","1":"product","2":"type-product","3":"status-publish","4":"has-post-thumbnail","6":"product_cat-alimentaires","7":"product_tag-bamako","8":"product_tag-ikasougou-com","9":"product_tag-macoroni","10":"product_tag-pates","11":"product_tag-ramadan","13":"first","14":"instock","15":"shipping-taxable","16":"purchasable","17":"product-type-simple"},"ams_default_variation_id":0,"ams_product_points_reward":[],"ams_product_discount_percentage":0,"ams_price_to_display":1000,"aioseo_notices":[],"ams_acf":[],"jetpack_publicize_connections":[],"jetpack-related-posts":[],"jetpack_sharing_enabled":true,"jetpack_likes_enabled":true,"_links":{"self":[{"href":"https:\/\/ikasougou.com\/ikasounkalo\/wp-json\/wp\/v2\/product\/336","targetHints":{"allow":["GET"]}}],"collection":[{"href":"https:\/\/ikasougou.com\/ikasounkalo\/wp-json\/wp\/v2\/product"}],"about":[{"href":"https:\/\/ikasougou.com\/ikasounkalo\/wp-json\/wp\/v2\/types\/product"}],"replies":[{"embeddable":true,"href":"https:\/\/ikasougou.com\/ikasounkalo\/wp-json\/wp\/v2\/comments?post=336"}],"wp:featuredmedia":[{"embeddable":true,"href":"https:\/\/ikasougou.com\/ikasounkalo\/wp-json\/wp\/v2\/media\/337"}],"wp:attachment":[{"href":"https:\/\/ikasougou.com\/ikasounkalo\/wp-json\/wp\/v2\/media?parent=336"}],"wp:term":[{"taxonomy":"product_brand","embeddable":true,"href":"https:\/\/ikasougou.com\/ikasounkalo\/wp-json\/wp\/v2\/product_brand?post=336"},{"taxonomy":"product_cat","embeddable":true,"href":"https:\/\/ikasougou.com\/ikasounkalo\/wp-json\/wp\/v2\/product_cat?post=336"},{"taxonomy":"product_tag","embeddable":true,"href":"https:\/\/ikasougou.com\/ikasounkalo\/wp-json\/wp\/v2\/product_tag?post=336"}],"curies":[{"name":"wp","href":"https:\/\/api.w.org\/{rel}","templated":true}]}}