{"id":340,"date":"2021-04-25T16:25:44","date_gmt":"2021-04-25T14:25:44","guid":{"rendered":"https:\/\/ikasougou.com\/ikasounkalo\/?post_type=product&#038;p=340"},"modified":"2025-06-11T22:31:29","modified_gmt":"2025-06-11T20:31:29","slug":"nutella-go","status":"publish","type":"product","link":"https:\/\/ikasougou.com\/ikasounkalo\/produit\/nutella-go\/","title":{"rendered":"Nutella &#038; Go"},"content":{"rendered":"<div class=\"celwidget\" data-csa-c-id=\"pwrmk2-tx28mk-4y1ub5-2usc82\" data-cel-widget=\"dpx-softlines-product-description_csm_instrumentation_wrapper\">\n<div id=\"descriptionAndDetails\" class=\"a-section a-spacing-extra-large\">\n<div id=\"productDescription_feature_div\" class=\"celwidget\" data-feature-name=\"productDescription\" data-csa-c-id=\"a5at4d-iys0sc-y2s84z-qkpvst\" data-cel-widget=\"productDescription_feature_div\">\n<div>\n<div id=\"productDescription_feature_div\" class=\"a-row feature\" data-feature-name=\"productDescription\" data-template-name=\"productDescription\" data-cel-widget=\"productDescription_feature_div\">\n<div id=\"productDescription\" class=\"a-section a-spacing-small\">\n<h3>Description du produit<\/h3>\n<p>Nutella&amp;Go c&#8217;est l&#8217;association de la d\u00e9licieuse p\u00e2te \u00e0 tartiner aux noisettes Nutella avec des b\u00e2tonnets c\u00e9r\u00e9aliers croustillants et dor\u00e9s au four pour une d\u00e9gustation en dehors de la maison.<\/p>\n<h3>Ingr\u00e9dients<\/h3>\n<p>P\u00e2te \u00e0 tartiner aux noisettes et cacao Sucre, huile de palme, NOISETTES 13%, cacao maigre 7,4%, LAIT \u00e9cr\u00e9m\u00e9 en poudre 6,6%, LACTOSERUM en poudre,<img data-recalc-dims=\"1\" loading=\"lazy\" decoding=\"async\" class=\" wp-image-341 alignright\" src=\"https:\/\/i0.wp.com\/ikasougou.com\/ikasounkalo\/wp-content\/uploads\/sites\/87\/2021\/04\/412F1UK-pL._AC_.jpg?resize=346%2C328&#038;ssl=1\" alt=\"\" width=\"346\" height=\"328\" \/> \u00e9mulsifiants : l\u00e9cithines [SOJA], ar\u00f4me naturel , Farine de FROMENT 88%, huile de palme,sel, levure de bi\u00e8re, extrait de malt d&#8217;ORGE 1,4%.<\/p>\n<div class=\"a-row\">\n<div class=\"a-column a-span6\">\n<h1 class=\"a-size-medium a-spacing-small\">Descriptif technique<\/h1>\n<\/div>\n<\/div>\n<div class=\"a-expander-content a-expander-extend-content\" aria-expanded=\"true\">\n<div class=\"a-row a-expander-container a-expander-inline-container\" aria-live=\"polite\">\n<h5 class=\"a-spacing-small\">Informations Produit<\/h5>\n<div class=\"a-expander-content a-expander-section-content a-section-expander-inner\" aria-expanded=\"true\">\n<table id=\"productDetails_techSpec_section_1\" class=\"a-keyvalue prodDetTable\" role=\"presentation\">\n<tbody>\n<tr>\n<th class=\"a-color-secondary a-size-base prodDetSectionEntry\">Dimensions du produit (L x l x h)<\/th>\n<td class=\"a-size-base prodDetAttrValue\">8.89 x 16.51 x 29.97 cm; 612.35 grammes<\/td>\n<\/tr>\n<tr>\n<th class=\"a-color-secondary a-size-base prodDetSectionEntry\">Is Discontinued By Manufacturer<\/th>\n<td class=\"a-size-base prodDetAttrValue\">Non<\/td>\n<\/tr>\n<tr>\n<th class=\"a-color-secondary a-size-base prodDetSectionEntry\">Nom du produit<\/th>\n<td class=\"a-size-base prodDetAttrValue\">En cas compos\u00e9 de p\u00e2te \u00e0 tartiner aux noisettes et au cacao et de b\u00e2tonnets c\u00e9r\u00e9aliers<\/td>\n<\/tr>\n<tr>\n<th class=\"a-color-secondary a-size-base prodDetSectionEntry\">Allerg\u00e8nes<\/th>\n<td class=\"a-size-base prodDetAttrValue\">Contient\u00a0: Soja, Lait, Noix, Cer\u00e9ales contenant du gluten<\/td>\n<\/tr>\n<tr>\n<th class=\"a-color-secondary a-size-base prodDetSectionEntry\">Poids net du produit<\/th>\n<td class=\"a-size-base prodDetAttrValue\">21.6 Onces<\/td>\n<\/tr>\n<tr>\n<th class=\"a-color-secondary a-size-base prodDetSectionEntry\">Unit\u00e9s<\/th>\n<td class=\"a-size-base prodDetAttrValue\">624 gramme<\/td>\n<\/tr>\n<tr>\n<th class=\"a-color-secondary a-size-base prodDetSectionEntry\">Stockage<\/th>\n<td class=\"a-size-base prodDetAttrValue\">Conserver dans un endroit frais et sec.<\/td>\n<\/tr>\n<tr>\n<th class=\"a-color-secondary a-size-base prodDetSectionEntry\">Contact du fabricant<\/th>\n<td class=\"a-size-base prodDetAttrValue\">Ferrero Deutschland, 60624 Frankfurt\/M., Allemagne<\/td>\n<\/tr>\n<tr>\n<th class=\"a-color-secondary a-size-base prodDetSectionEntry\">Pays d&#8217;origine<\/th>\n<td class=\"a-size-base prodDetAttrValue\">Allemagne<\/td>\n<\/tr>\n<tr>\n<th class=\"a-color-secondary a-size-base prodDetSectionEntry\">Marque<\/th>\n<td class=\"a-size-base prodDetAttrValue\">Nutella<\/td>\n<\/tr>\n<tr>\n<th class=\"a-color-secondary a-size-base prodDetSectionEntry\">Sp\u00e9cialit\u00e9<\/th>\n<td class=\"a-size-base prodDetAttrValue\">Adapt\u00e9 aux v\u00e9g\u00e9tariens<\/td>\n<\/tr>\n<tr>\n<th class=\"a-color-secondary a-size-base prodDetSectionEntry\">Fabricant<\/th>\n<td class=\"a-size-base prodDetAttrValue\">Ferrero<\/td>\n<\/tr>\n<tr>\n<th class=\"a-color-secondary a-size-base prodDetSectionEntry\">Poids de l&#8217;article<\/th>\n<td class=\"a-size-base prodDetAttrValue\">611 g<\/td>\n<\/tr>\n<\/tbody>\n<\/table>\n<\/div>\n<\/div>\n<div class=\"a-row a-expander-container a-expander-inline-container\" aria-live=\"polite\">\n<h5 class=\"a-spacing-small\">Informations Nutritionelles<\/h5>\n<div class=\"a-expander-content a-expander-section-content a-section-expander-inner\" aria-expanded=\"true\">\n<table id=\"productDetails_techSpec_section_2\" class=\"a-keyvalue prodDetTable\" role=\"presentation\">\n<tbody>\n<tr>\n<th class=\"a-color-secondary a-size-base prodDetSectionEntry\">Portion<\/th>\n<td class=\"a-size-base prodDetAttrValue\">100 grammes<\/td>\n<\/tr>\n<tr>\n<th class=\"a-color-secondary a-size-base prodDetSectionEntry\">\u00c9nergie (kcal)<\/th>\n<td class=\"a-size-base prodDetAttrValue\">516.24 kcal<\/td>\n<\/tr>\n<tr>\n<th class=\"a-color-secondary a-size-base prodDetSectionEntry\">Graisses<\/th>\n<td class=\"a-size-base prodDetAttrValue\">26 grammes<\/td>\n<\/tr>\n<tr>\n<th class=\"a-color-secondary a-size-base prodDetSectionEntry\">dont :<\/th>\n<\/tr>\n<tr>\n<th class=\"a-color-secondary a-size-base prodDetSectionEntry\">&#8211; Acides gras satur\u00e9s<\/th>\n<td class=\"a-size-base prodDetAttrValue\">9.4 grammes<\/td>\n<\/tr>\n<tr>\n<th class=\"a-color-secondary a-size-base prodDetSectionEntry\">Glucides<\/th>\n<td class=\"a-size-base prodDetAttrValue\">61.8 grammes<\/td>\n<\/tr>\n<tr>\n<th class=\"a-color-secondary a-size-base prodDetSectionEntry\">dont :<\/th>\n<\/tr>\n<tr>\n<th class=\"a-color-secondary a-size-base prodDetSectionEntry\">&#8211; Sucres<\/th>\n<td class=\"a-size-base prodDetAttrValue\">43.7 grammes<\/td>\n<\/tr>\n<tr>\n<th class=\"a-color-secondary a-size-base prodDetSectionEntry\">Prot\u00e9ines<\/th>\n<td class=\"a-size-base prodDetAttrValue\">7.1 grammes<\/td>\n<\/tr>\n<tr>\n<th class=\"a-color-secondary a-size-base prodDetSectionEntry\">Sel<\/th>\n<td class=\"a-size-base prodDetAttrValue\">0.647 grammes<\/td>\n<\/tr>\n<\/tbody>\n<\/table>\n<\/div>\n<\/div>\n<\/div>\n<\/div>\n<\/div>\n<\/div>\n<\/div>\n<\/div>\n<\/div>\n<div style=\"display:flex; gap:10px;justify-content:center\" class=\"wps-pgfw-pdf-generate-icon__wrapper-frontend\">\n\t\t<a  href=\"https:\/\/ikasougou.com\/ikasounkalo\/wp-json\/wp\/v2\/product\/340?action=genpdf&amp;id=340\" class=\"pgfw-single-pdf-download-button\" ><img src=\"https:\/\/ikasougou.com\/ikasounkalo\/wp-content\/plugins\/pdf-generator-for-wp\/admin\/src\/images\/PDF_Tray.svg\" title=\"G\u00e9n\u00e9rer un PDF\" style=\"width:auto; height:45px;\"><\/a>\n\t\t<\/div>","protected":false},"excerpt":{"rendered":"<p>Description du produit Nutella&amp;Go c&#8217;est l&#8217;association de la d\u00e9licieuse p\u00e2te \u00e0 tartiner aux noisettes Nutella avec des b\u00e2tonnets c\u00e9r\u00e9aliers croustillants et dor\u00e9s au four pour une d\u00e9gustation en dehors de la maison. Ingr\u00e9dients P\u00e2te \u00e0 tartiner aux noisettes et cacao Sucre, huile de palme, NOISETTES 13%, cacao maigre 7,4%, LAIT \u00e9cr\u00e9m\u00e9 en poudre 6,6%, LACTOSERUM [&#8230;]\n","protected":false},"featured_media":342,"comment_status":"open","ping_status":"closed","template":"","meta":{"jetpack_publicize_message":"","jetpack_publicize_feature_enabled":true,"jetpack_social_post_already_shared":false,"jetpack_social_options":{"image_generator_settings":{"template":"highway","default_image_id":0,"font":"","enabled":false},"version":2}},"product_brand":[],"product_cat":[16],"product_tag":[25,97,98,72,34,23,73],"class_list":{"0":"post-340","1":"product","2":"type-product","3":"status-publish","4":"has-post-thumbnail","6":"product_cat-alimentaires","7":"product_tag-bamako","8":"product_tag-batonnets","9":"product_tag-ceraliens","10":"product_tag-chocolat","11":"product_tag-ikasougou-com","12":"product_tag-mali","13":"product_tag-nutella","15":"first","16":"outofstock","17":"shipping-taxable","18":"purchasable","19":"product-type-simple"},"ams_default_variation_id":0,"ams_product_points_reward":[],"ams_product_discount_percentage":0,"ams_price_to_display":1000,"aioseo_notices":[],"ams_acf":[],"jetpack_publicize_connections":[],"jetpack-related-posts":[],"jetpack_sharing_enabled":true,"jetpack_likes_enabled":true,"_links":{"self":[{"href":"https:\/\/ikasougou.com\/ikasounkalo\/wp-json\/wp\/v2\/product\/340","targetHints":{"allow":["GET"]}}],"collection":[{"href":"https:\/\/ikasougou.com\/ikasounkalo\/wp-json\/wp\/v2\/product"}],"about":[{"href":"https:\/\/ikasougou.com\/ikasounkalo\/wp-json\/wp\/v2\/types\/product"}],"replies":[{"embeddable":true,"href":"https:\/\/ikasougou.com\/ikasounkalo\/wp-json\/wp\/v2\/comments?post=340"}],"wp:featuredmedia":[{"embeddable":true,"href":"https:\/\/ikasougou.com\/ikasounkalo\/wp-json\/wp\/v2\/media\/342"}],"wp:attachment":[{"href":"https:\/\/ikasougou.com\/ikasounkalo\/wp-json\/wp\/v2\/media?parent=340"}],"wp:term":[{"taxonomy":"product_brand","embeddable":true,"href":"https:\/\/ikasougou.com\/ikasounkalo\/wp-json\/wp\/v2\/product_brand?post=340"},{"taxonomy":"product_cat","embeddable":true,"href":"https:\/\/ikasougou.com\/ikasounkalo\/wp-json\/wp\/v2\/product_cat?post=340"},{"taxonomy":"product_tag","embeddable":true,"href":"https:\/\/ikasougou.com\/ikasounkalo\/wp-json\/wp\/v2\/product_tag?post=340"}],"curies":[{"name":"wp","href":"https:\/\/api.w.org\/{rel}","templated":true}]}}