{"id":345,"date":"2021-04-25T17:37:21","date_gmt":"2021-04-25T15:37:21","guid":{"rendered":"https:\/\/ikasougou.com\/ikasounkalo\/?post_type=product&#038;p=345"},"modified":"2021-04-25T17:37:21","modified_gmt":"2021-04-25T15:37:21","slug":"sirop-de-menthe-belle-france","status":"publish","type":"product","link":"https:\/\/ikasougou.com\/ikasounkalo\/produit\/sirop-de-menthe-belle-france\/","title":{"rendered":"SIrop de menthe &#8211; Belle France"},"content":{"rendered":"<p>Sirop de menthe<\/p>\n<h2>Ingr\u00e9dients<img data-recalc-dims=\"1\" loading=\"lazy\" decoding=\"async\" class=\" wp-image-347 alignright\" src=\"https:\/\/i0.wp.com\/ikasougou.com\/ikasounkalo\/wp-content\/uploads\/sites\/87\/2021\/04\/menthe.jpg?resize=277%2C277&#038;ssl=1\" alt=\"\" width=\"277\" height=\"277\" srcset=\"https:\/\/i0.wp.com\/ikasougou.com\/ikasounkalo\/wp-content\/uploads\/sites\/87\/2021\/04\/menthe.jpg?resize=400%2C400&amp;ssl=1 400w, https:\/\/i0.wp.com\/ikasougou.com\/ikasounkalo\/wp-content\/uploads\/sites\/87\/2021\/04\/menthe.jpg?resize=800%2C800&amp;ssl=1 800w, https:\/\/i0.wp.com\/ikasougou.com\/ikasounkalo\/wp-content\/uploads\/sites\/87\/2021\/04\/menthe.jpg?resize=280%2C280&amp;ssl=1 280w, https:\/\/i0.wp.com\/ikasougou.com\/ikasounkalo\/wp-content\/uploads\/sites\/87\/2021\/04\/menthe.jpg?resize=768%2C768&amp;ssl=1 768w, https:\/\/i0.wp.com\/ikasougou.com\/ikasounkalo\/wp-content\/uploads\/sites\/87\/2021\/04\/menthe.jpg?resize=510%2C510&amp;ssl=1 510w, https:\/\/i0.wp.com\/ikasougou.com\/ikasounkalo\/wp-content\/uploads\/sites\/87\/2021\/04\/menthe.jpg?resize=100%2C100&amp;ssl=1 100w, https:\/\/i0.wp.com\/ikasougou.com\/ikasounkalo\/wp-content\/uploads\/sites\/87\/2021\/04\/menthe.jpg?w=1200&amp;ssl=1 1200w\" sizes=\"auto, (max-width: 277px) 100vw, 277px\" \/><\/h2>\n<div>\n<div class=\"ea-product-ingredients-composition\">\n<p>eau, sirop de glucose-fructose, sucre, ar\u00f4mes naturels de menthe avec autres ar\u00f4mes naturels, colorants : E160a &#8211; E133.<\/p>\n<\/div>\n<div class=\"uk-width-1-2@m\">\n<table class=\"table table-striped table-hover table-sm\">\n<tbody>\n<tr>\n<td>Energie<\/td>\n<td>1172 kJ (280.1 kcal)<\/td>\n<\/tr>\n<tr>\n<td>Mati\u00e8res grasses \/ Lipides<\/td>\n<td>0.1 g<\/td>\n<\/tr>\n<tr>\n<td>\u00a0\u00a0\u00a0\u00a0dont Acides gras satur\u00e9s<\/td>\n<td>0.1 g<\/td>\n<\/tr>\n<tr>\n<td>Glucides<\/td>\n<td>70 g<\/td>\n<\/tr>\n<tr>\n<td>\u00a0\u00a0\u00a0\u00a0dont sucres<\/td>\n<td>70 g<\/td>\n<\/tr>\n<tr>\n<td>Fibres alimentaires<\/td>\n<td>N\/A<\/td>\n<\/tr>\n<tr>\n<td>Prot\u00e9ines<\/td>\n<td>0.1 g<\/td>\n<\/tr>\n<tr>\n<td>Sel<\/td>\n<td>0.00 g<\/td>\n<\/tr>\n<\/tbody>\n<\/table>\n<\/div>\n<\/div>\n<div style=\"display:flex; gap:10px;justify-content:center\" class=\"wps-pgfw-pdf-generate-icon__wrapper-frontend\">\n\t\t<a  href=\"https:\/\/ikasougou.com\/ikasounkalo\/wp-json\/wp\/v2\/product\/345?action=genpdf&amp;id=345\" class=\"pgfw-single-pdf-download-button\" ><img src=\"https:\/\/ikasougou.com\/ikasounkalo\/wp-content\/plugins\/pdf-generator-for-wp\/admin\/src\/images\/PDF_Tray.svg\" title=\"G\u00e9n\u00e9rer un PDF\" style=\"width:auto; height:45px;\"><\/a>\n\t\t<\/div>","protected":false},"excerpt":{"rendered":"<p>Sirop de menthe Ingr\u00e9dients eau, sirop de glucose-fructose, sucre, ar\u00f4mes naturels de menthe avec autres ar\u00f4mes naturels, colorants : E160a &#8211; E133. Energie 1172 kJ (280.1 kcal) Mati\u00e8res grasses \/ Lipides 0.1 g \u00a0\u00a0\u00a0\u00a0dont Acides gras satur\u00e9s 0.1 g Glucides 70 g \u00a0\u00a0\u00a0\u00a0dont sucres 70 g Fibres alimentaires N\/A Prot\u00e9ines 0.1 g Sel 0.00 g<\/p>\n","protected":false},"featured_media":346,"comment_status":"open","ping_status":"closed","template":"","meta":{"jetpack_publicize_message":"","jetpack_publicize_feature_enabled":true,"jetpack_social_post_already_shared":false,"jetpack_social_options":{"image_generator_settings":{"template":"highway","default_image_id":0,"font":"","enabled":false},"version":2}},"product_brand":[],"product_cat":[16],"product_tag":[25,33,34,92,28,99],"class_list":{"0":"post-345","1":"product","2":"type-product","3":"status-publish","4":"has-post-thumbnail","6":"product_cat-alimentaires","7":"product_tag-bamako","8":"product_tag-careme","9":"product_tag-ikasougou-com","10":"product_tag-menthe","11":"product_tag-ruptures","12":"product_tag-sirop","14":"first","15":"instock","16":"shipping-taxable","17":"purchasable","18":"product-type-simple"},"ams_default_variation_id":0,"ams_product_points_reward":[],"ams_product_discount_percentage":0,"ams_price_to_display":2500,"aioseo_notices":[],"ams_acf":[],"jetpack_publicize_connections":[],"jetpack-related-posts":[],"jetpack_sharing_enabled":true,"jetpack_likes_enabled":true,"_links":{"self":[{"href":"https:\/\/ikasougou.com\/ikasounkalo\/wp-json\/wp\/v2\/product\/345","targetHints":{"allow":["GET"]}}],"collection":[{"href":"https:\/\/ikasougou.com\/ikasounkalo\/wp-json\/wp\/v2\/product"}],"about":[{"href":"https:\/\/ikasougou.com\/ikasounkalo\/wp-json\/wp\/v2\/types\/product"}],"replies":[{"embeddable":true,"href":"https:\/\/ikasougou.com\/ikasounkalo\/wp-json\/wp\/v2\/comments?post=345"}],"wp:featuredmedia":[{"embeddable":true,"href":"https:\/\/ikasougou.com\/ikasounkalo\/wp-json\/wp\/v2\/media\/346"}],"wp:attachment":[{"href":"https:\/\/ikasougou.com\/ikasounkalo\/wp-json\/wp\/v2\/media?parent=345"}],"wp:term":[{"taxonomy":"product_brand","embeddable":true,"href":"https:\/\/ikasougou.com\/ikasounkalo\/wp-json\/wp\/v2\/product_brand?post=345"},{"taxonomy":"product_cat","embeddable":true,"href":"https:\/\/ikasougou.com\/ikasounkalo\/wp-json\/wp\/v2\/product_cat?post=345"},{"taxonomy":"product_tag","embeddable":true,"href":"https:\/\/ikasougou.com\/ikasounkalo\/wp-json\/wp\/v2\/product_tag?post=345"}],"curies":[{"name":"wp","href":"https:\/\/api.w.org\/{rel}","templated":true}]}}