{"id":356,"date":"2021-04-25T18:11:44","date_gmt":"2021-04-25T16:11:44","guid":{"rendered":"https:\/\/ikasougou.com\/ikasounkalo\/?post_type=product&#038;p=356"},"modified":"2021-04-25T18:11:45","modified_gmt":"2021-04-25T16:11:45","slug":"admiration-mayonnaise-real-extra-heavy","status":"publish","type":"product","link":"https:\/\/ikasougou.com\/ikasounkalo\/produit\/admiration-mayonnaise-real-extra-heavy\/","title":{"rendered":"Admiration Mayonnaise &#8211; Real extra Heavy"},"content":{"rendered":"<h3><img data-recalc-dims=\"1\" loading=\"lazy\" decoding=\"async\" class=\"expanded-img expanded-large lazyLoad b-loaded alignleft\" src=\"https:\/\/i0.wp.com\/cdnimg.webstaurantstore.com\/images\/products\/large\/412086\/1978844.jpg?resize=109%2C109&#038;ssl=1\" width=\"109\" height=\"109\" \/>Id\u00e9al pour une grande vari\u00e9t\u00e9 de recettes classiques, de la salade de thon cr\u00e9meuse \u00e0 la sauce pour p\u00e2tes d\u00e9cadente, cette mayonnaise extra lourde est l&#8217;ingr\u00e9dient parfait ou le condiment autonome. Riche en go\u00fbt et en texture cr\u00e9meuse, il rehausse facilement d&#8217;innombrables plats et se marie bien avec les \u00e9pices et les herbes pour des sauces ou des tartinades faciles et tr\u00e8s audacieuses. Il est m\u00eame emball\u00e9 dans un conteneur de 1 gallon pour les applications en vrac.<\/h3>\n<p>&nbsp;<\/p>\n<h3>Extra lourd<img data-recalc-dims=\"1\" loading=\"lazy\" decoding=\"async\" class=\"lazyLoad b-loaded alignright\" src=\"https:\/\/i0.wp.com\/cdnimg.webstaurantstore.com\/images\/products\/large\/412086\/1978845.jpg?resize=150%2C150&#038;ssl=1\" width=\"150\" height=\"150\" \/><br \/>\nSa texture extra \u00e9paisse et cr\u00e9meuse est particuli\u00e8rement id\u00e9ale pour faire des salades de pommes de terre, de macaronis, de poulet et de thon. Utilisez-le pour couronner un club sandwich ou un hamburger classique, ou utilisez-le pour pr\u00e9parer de d\u00e9licieux beignets de crabe et des \u0153ufs farcis! M\u00e9langez cette mayonnaise extra lourde avec votre propre m\u00e9lange d&#8217;\u00e9pices pour cr\u00e9er des trempettes, des sauces et des tartinades pour toutes les occasions.<\/h3>\n<h3>Taille en vrac<img data-recalc-dims=\"1\" loading=\"lazy\" decoding=\"async\" class=\"lazyLoad b-loaded alignright\" src=\"https:\/\/i0.wp.com\/cdnimg.webstaurantstore.com\/images\/expanded-descriptions\/4\/1\/412086\/4bf8ecba-a204-fd43-ea85f672cbe956f7.jpg?resize=122%2C96&#038;ssl=1\" width=\"122\" height=\"96\" \/><br \/>\nDans un contenant de 1 gallon en vrac, cette mayonnaise est parfaite pour votre \u00e9picerie fine, sandwicherie, bar \u00e0 salade, diner ou cuisine commerciale. De plus, le pot d&#8217;un gallon avec un bouchon refermable est facile \u00e0 ranger pour de futures utilisations.<\/h3>\n<div style=\"display:flex; gap:10px;justify-content:center\" class=\"wps-pgfw-pdf-generate-icon__wrapper-frontend\">\n\t\t<a  href=\"https:\/\/ikasougou.com\/ikasounkalo\/wp-json\/wp\/v2\/product\/356?action=genpdf&amp;id=356\" class=\"pgfw-single-pdf-download-button\" ><img src=\"https:\/\/ikasougou.com\/ikasounkalo\/wp-content\/plugins\/pdf-generator-for-wp\/admin\/src\/images\/PDF_Tray.svg\" title=\"G\u00e9n\u00e9rer un PDF\" style=\"width:auto; height:45px;\"><\/a>\n\t\t<\/div>","protected":false},"excerpt":{"rendered":"<p>Id\u00e9al pour une grande vari\u00e9t\u00e9 de recettes classiques, de la salade de thon cr\u00e9meuse \u00e0 la sauce pour p\u00e2tes d\u00e9cadente, cette mayonnaise extra lourde est l&#8217;ingr\u00e9dient parfait ou le condiment autonome. Riche en go\u00fbt et en texture cr\u00e9meuse, il rehausse facilement d&#8217;innombrables plats et se marie bien avec les \u00e9pices et les herbes pour des [&#8230;]\n","protected":false},"featured_media":357,"comment_status":"open","ping_status":"closed","template":"","meta":{"jetpack_publicize_message":"","jetpack_publicize_feature_enabled":true,"jetpack_social_post_already_shared":false,"jetpack_social_options":{"image_generator_settings":{"template":"highway","default_image_id":0,"font":"","enabled":false},"version":2}},"product_brand":[],"product_cat":[16],"product_tag":[25,33,34,35,31,28],"class_list":{"0":"post-356","1":"product","2":"type-product","3":"status-publish","4":"has-post-thumbnail","6":"product_cat-alimentaires","7":"product_tag-bamako","8":"product_tag-careme","9":"product_tag-ikasougou-com","10":"product_tag-ikasounkalo","11":"product_tag-mayonnaise","12":"product_tag-ruptures","14":"first","15":"instock","16":"shipping-taxable","17":"purchasable","18":"product-type-simple"},"ams_default_variation_id":0,"ams_product_points_reward":[],"ams_product_discount_percentage":0,"ams_price_to_display":8500,"aioseo_notices":[],"ams_acf":[],"jetpack_publicize_connections":[],"jetpack-related-posts":[],"jetpack_sharing_enabled":true,"jetpack_likes_enabled":true,"_links":{"self":[{"href":"https:\/\/ikasougou.com\/ikasounkalo\/wp-json\/wp\/v2\/product\/356","targetHints":{"allow":["GET"]}}],"collection":[{"href":"https:\/\/ikasougou.com\/ikasounkalo\/wp-json\/wp\/v2\/product"}],"about":[{"href":"https:\/\/ikasougou.com\/ikasounkalo\/wp-json\/wp\/v2\/types\/product"}],"replies":[{"embeddable":true,"href":"https:\/\/ikasougou.com\/ikasounkalo\/wp-json\/wp\/v2\/comments?post=356"}],"wp:featuredmedia":[{"embeddable":true,"href":"https:\/\/ikasougou.com\/ikasounkalo\/wp-json\/wp\/v2\/media\/357"}],"wp:attachment":[{"href":"https:\/\/ikasougou.com\/ikasounkalo\/wp-json\/wp\/v2\/media?parent=356"}],"wp:term":[{"taxonomy":"product_brand","embeddable":true,"href":"https:\/\/ikasougou.com\/ikasounkalo\/wp-json\/wp\/v2\/product_brand?post=356"},{"taxonomy":"product_cat","embeddable":true,"href":"https:\/\/ikasougou.com\/ikasounkalo\/wp-json\/wp\/v2\/product_cat?post=356"},{"taxonomy":"product_tag","embeddable":true,"href":"https:\/\/ikasougou.com\/ikasounkalo\/wp-json\/wp\/v2\/product_tag?post=356"}],"curies":[{"name":"wp","href":"https:\/\/api.w.org\/{rel}","templated":true}]}}