{"id":364,"date":"2021-04-28T02:57:08","date_gmt":"2021-04-28T00:57:08","guid":{"rendered":"https:\/\/ikasougou.com\/ikasounkalo\/?post_type=product&#038;p=364"},"modified":"2022-04-04T18:42:03","modified_gmt":"2022-04-04T16:42:03","slug":"pack-de-5-paquets-de-sucre-raffine-extra-saint-louis-dominos","status":"publish","type":"product","link":"https:\/\/ikasougou.com\/ikasounkalo\/produit\/pack-de-5-paquets-de-sucre-raffine-extra-saint-louis-dominos\/","title":{"rendered":"Pack de 5 paquets de Sucre Raffin\u00e9 Extra SAINT-LOUIS Dominos"},"content":{"rendered":"<p>Accompagnez chacun de vos instants sucr\u00e9s avec les sucres en morceaux Saint Louis.<\/p>\n<h2>Caract\u00e9ristiques du produit<\/h2>\n<div class=\"row\">\n<div class=\"medium-12 large-8 xlarge-8 xxlarge-8 columns\">\n<p><span class=\"field\">D\u00e9nomination g\u00e9n\u00e9rique\u00a0:<\/span>\u00a0sucre en morceaux<\/p>\n<p><span class=\"field\">Quantit\u00e9\u00a0:<\/span>\u00a01 kg<\/p>\n<p>Conditionnement\u00a0:\u00a0bo\u00eete,\u00a0Carton<\/p>\n<p>Marques\u00a0:\u00a0Saint-Louis,\u00a0Saint Louis<\/p>\n<p>Cat\u00e9gories :\u00a0Sucres blancs,\u00a0Sucres en morceaux<\/p>\n<p><img data-recalc-dims=\"1\" loading=\"lazy\" decoding=\"async\" class=\"alignnone size-medium wp-image-22911 lazy-load-active\" src=\"https:\/\/i0.wp.com\/cdn.shortpixel.ai\/client\/q_glossy%2Cret_img%2Cw_300%2Ch_153\/https%3A\/\/ikasougou.com\/wp-content\/uploads\/2021\/04\/120516_2-300x153.jpg?resize=300%2C153&#038;ssl=1\" sizes=\"auto, (max-width: 300px) 100vw, 300px\" srcset=\"https:\/\/i1.wp.com\/ikasougou.com\/wp-content\/uploads\/2021\/04\/120516_2.jpg?w=300&amp;ssl=1 300w, https:\/\/i1.wp.com\/ikasougou.com\/wp-content\/uploads\/2021\/04\/120516_2.jpg?w=768&amp;ssl=1 768w, https:\/\/i1.wp.com\/ikasougou.com\/wp-content\/uploads\/2021\/04\/120516_2.jpg?w=510&amp;ssl=1 510w, https:\/\/i1.wp.com\/ikasougou.com\/wp-content\/uploads\/2021\/04\/120516_2.jpg?w=820&amp;ssl=1 820w\" alt=\"\" width=\"300\" height=\"153\" data-src=\"https:\/\/cdn.shortpixel.ai\/client\/q_glossy,ret_img,w_300,h_153\/https:\/\/ikasougou.com\/wp-content\/uploads\/2021\/04\/120516_2-300x153.jpg\" data-srcset=\"https:\/\/i1.wp.com\/ikasougou.com\/wp-content\/uploads\/2021\/04\/120516_2.jpg?w=300&amp;ssl=1 300w, https:\/\/i1.wp.com\/ikasougou.com\/wp-content\/uploads\/2021\/04\/120516_2.jpg?w=768&amp;ssl=1 768w, https:\/\/i1.wp.com\/ikasougou.com\/wp-content\/uploads\/2021\/04\/120516_2.jpg?w=510&amp;ssl=1 510w, https:\/\/i1.wp.com\/ikasougou.com\/wp-content\/uploads\/2021\/04\/120516_2.jpg?w=820&amp;ssl=1 820w\" \/><\/p>\n<\/div>\n<\/div>\n<div class=\"col first\">\n<section class=\"wysiwyg\">\n<h2>Guide d\u2019achat du sucre<\/h2>\n<p>Le sucre le plus couramment utilis\u00e9 est le sucre blanc granul\u00e9, mais la plupart des sortes de sucres existantes peuvent se substituer dans les recettes (\u00e0 l\u2019exception des sucres purement d\u00e9coratifs comme le caramel, par exemple.)<\/p>\n<p>Suivez les directives de votre recette pour savoir quel sucre convient le mieux au plat que vous d\u00e9sirez pr\u00e9parer.<\/p>\n<h2>Conservation<\/h2>\n<p>Le sucre se conserve tr\u00e8s bien pendant plusieurs mois, dans un lieu \u00e0 l\u2019abri de la lumi\u00e8re et de l\u2019humidit\u00e9.<\/p>\n<p>La cassonade peut durcir, alors on recommande d\u2019inclure dans l\u2019emballage ouvert un quartier d\u2019orange, ce qui lui permet de rester souple.<\/p>\n<p>Les sucres liquides peuvent \u00eatre conserv\u00e9s \u00e0 temp\u00e9rature ambiante pu dans le r\u00e9frig\u00e9rateur.<\/p>\n<p><img data-recalc-dims=\"1\" loading=\"lazy\" decoding=\"async\" class=\"alignnone size-medium wp-image-22912 lazy-load-active\" src=\"https:\/\/i0.wp.com\/cdn.shortpixel.ai\/client\/q_glossy%2Cret_img%2Cw_259%2Ch_194\/https%3A\/\/ikasougou.com\/wp-content\/uploads\/2021\/04\/sucre.jpg?resize=259%2C194&#038;ssl=1\" alt=\"\" width=\"259\" height=\"194\" data-src=\"https:\/\/cdn.shortpixel.ai\/client\/q_glossy,ret_img,w_259,h_194\/https:\/\/ikasougou.com\/wp-content\/uploads\/2021\/04\/sucre.jpg\" \/><\/p>\n<h2>Bienfaits du sucre pour la sant\u00e9<\/h2>\n<p>Le sucre blanc ne contient que des glucides et il est tr\u00e8s riche : presque 400 calories par portion de 100 g. Lorsque c\u2019est possible, il est pr\u00e9f\u00e9rable de le remplacer par du sucre brut (sucre brun) qui contient aussi des sels min\u00e9raux et certaines vitamines.<\/p>\n<p>Le sucre pur est aussi appel\u00e9 \u00ab sucre rapide \u00bb, car il fournit rapidement de l\u2019\u00e9nergie et peut donc \u00eatre utilis\u00e9 en cas d\u2019effort intense ponctuel. Pour r\u00e9partir l\u2019\u00e9nergie sur une longue p\u00e9riode, on pr\u00e9f\u00e8re toutefois les sucres lents (ceux contenus dans les c\u00e9r\u00e9ales et autres f\u00e9culents.)<\/p>\n<p><img data-recalc-dims=\"1\" loading=\"lazy\" decoding=\"async\" class=\"alignnone size-medium wp-image-22913 lazy-load-active\" src=\"https:\/\/i0.wp.com\/cdn.shortpixel.ai\/client\/q_glossy%2Cret_img%2Cw_252%2Ch_188\/https%3A\/\/ikasougou.com\/wp-content\/uploads\/2021\/04\/sucres-morceaux-sucre7.jpg?resize=252%2C188&#038;ssl=1\" alt=\"\" width=\"252\" height=\"188\" data-src=\"https:\/\/cdn.shortpixel.ai\/client\/q_glossy,ret_img,w_252,h_188\/https:\/\/ikasougou.com\/wp-content\/uploads\/2021\/04\/sucres-morceaux-sucre7.jpg\" \/><\/p>\n<\/section>\n<\/div>\n<div class=\"col\">\n<section class=\"wysiwyg\">\n<h2>Astuces culinaires<\/h2>\n<p>Le sucre est l\u2019aliment \u00ab r\u00e9confort \u00bb par excellence et il se pr\u00eate \u00e0 toutes vos recettes de desserts :<\/p>\n<ul>\n<li>Biscuits<\/li>\n<li>G\u00e2teaux et muffins<\/li>\n<li>Bonbons et chocolat<\/li>\n<li>Cr\u00e8mes et entremets<\/li>\n<li>Dans le yogourt nature<\/li>\n<li>Pour saupoudrer des petits fruits<\/li>\n<li>Pour caram\u00e9liser des fruits, p\u00e2tisseries, ma\u00efs souffl\u00e9, etc.<\/li>\n<li>Dans les boissons chaudes ou froides<\/li>\n<li>Etc.<\/li>\n<li><img data-recalc-dims=\"1\" loading=\"lazy\" decoding=\"async\" class=\"alignnone size-medium wp-image-22914 lazy-load-active\" src=\"https:\/\/i0.wp.com\/cdn.shortpixel.ai\/client\/q_glossy%2Cret_img%2Cw_276%2Ch_183\/https%3A\/\/ikasougou.com\/wp-content\/uploads\/2021\/04\/sucres-morceaux-sucre7s.jpg?resize=276%2C183&#038;ssl=1\" alt=\"\" width=\"276\" height=\"183\" data-src=\"https:\/\/cdn.shortpixel.ai\/client\/q_glossy,ret_img,w_276,h_183\/https:\/\/ikasougou.com\/wp-content\/uploads\/2021\/04\/sucres-morceaux-sucre7s.jpg\" \/><\/li>\n<\/ul>\n<p>On peut aussi l\u2019utiliser en petite quantit\u00e9 dans des recettes sal\u00e9es :<\/p>\n<ul>\n<li>Dans la sauce tomate, pour minimiser l\u2019acidit\u00e9<\/li>\n<li>Dans les sauces d\u2019inspiration orientale ou moyen-orientale<\/li>\n<li>Dans les sauces qui accompagnent la viande, la volaille et le gibier.<\/li>\n<li><img data-recalc-dims=\"1\" loading=\"lazy\" decoding=\"async\" class=\"alignnone size-medium wp-image-22915 lazy-load-active\" src=\"https:\/\/i0.wp.com\/cdn.shortpixel.ai\/client\/q_glossy%2Cret_img%2Cw_300%2Ch_275\/https%3A\/\/ikasougou.com\/wp-content\/uploads\/2021\/04\/morceaux-de-sucre-1560x1430-1-300x275.jpg?resize=300%2C275&#038;ssl=1\" sizes=\"auto, (max-width: 300px) 100vw, 300px\" srcset=\"https:\/\/i2.wp.com\/ikasougou.com\/wp-content\/uploads\/2021\/04\/morceaux-de-sucre-1560x1430-1.jpg?w=300&amp;ssl=1 300w, https:\/\/i2.wp.com\/ikasougou.com\/wp-content\/uploads\/2021\/04\/morceaux-de-sucre-1560x1430-1.jpg?w=1024&amp;ssl=1 1024w, https:\/\/i2.wp.com\/ikasougou.com\/wp-content\/uploads\/2021\/04\/morceaux-de-sucre-1560x1430-1.jpg?w=768&amp;ssl=1 768w, https:\/\/i2.wp.com\/ikasougou.com\/wp-content\/uploads\/2021\/04\/morceaux-de-sucre-1560x1430-1.jpg?w=1536&amp;ssl=1 1536w, https:\/\/i2.wp.com\/ikasougou.com\/wp-content\/uploads\/2021\/04\/morceaux-de-sucre-1560x1430-1.jpg?w=510&amp;ssl=1 510w, https:\/\/i2.wp.com\/ikasougou.com\/wp-content\/uploads\/2021\/04\/morceaux-de-sucre-1560x1430-1.jpg?w=1560&amp;ssl=1 1560w\" alt=\"\" width=\"300\" height=\"275\" data-src=\"https:\/\/cdn.shortpixel.ai\/client\/q_glossy,ret_img,w_300,h_275\/https:\/\/ikasougou.com\/wp-content\/uploads\/2021\/04\/morceaux-de-sucre-1560x1430-1-300x275.jpg\" data-srcset=\"https:\/\/i2.wp.com\/ikasougou.com\/wp-content\/uploads\/2021\/04\/morceaux-de-sucre-1560x1430-1.jpg?w=300&amp;ssl=1 300w, https:\/\/i2.wp.com\/ikasougou.com\/wp-content\/uploads\/2021\/04\/morceaux-de-sucre-1560x1430-1.jpg?w=1024&amp;ssl=1 1024w, https:\/\/i2.wp.com\/ikasougou.com\/wp-content\/uploads\/2021\/04\/morceaux-de-sucre-1560x1430-1.jpg?w=768&amp;ssl=1 768w, https:\/\/i2.wp.com\/ikasougou.com\/wp-content\/uploads\/2021\/04\/morceaux-de-sucre-1560x1430-1.jpg?w=1536&amp;ssl=1 1536w, https:\/\/i2.wp.com\/ikasougou.com\/wp-content\/uploads\/2021\/04\/morceaux-de-sucre-1560x1430-1.jpg?w=510&amp;ssl=1 510w, https:\/\/i2.wp.com\/ikasougou.com\/wp-content\/uploads\/2021\/04\/morceaux-de-sucre-1560x1430-1.jpg?w=1560&amp;ssl=1 1560w\" \/><\/li>\n<\/ul>\n<\/section>\n<\/div>\n<div style=\"display:flex; gap:10px;justify-content:center\" class=\"wps-pgfw-pdf-generate-icon__wrapper-frontend\">\n\t\t<a  href=\"https:\/\/ikasougou.com\/ikasounkalo\/wp-json\/wp\/v2\/product\/364?action=genpdf&amp;id=364\" class=\"pgfw-single-pdf-download-button\" ><img src=\"https:\/\/ikasougou.com\/ikasounkalo\/wp-content\/plugins\/pdf-generator-for-wp\/admin\/src\/images\/PDF_Tray.svg\" title=\"G\u00e9n\u00e9rer un PDF\" style=\"width:auto; height:45px;\"><\/a>\n\t\t<\/div>","protected":false},"excerpt":{"rendered":"<p>Accompagnez chacun de vos instants sucr\u00e9s avec les sucres en morceaux Saint Louis. Caract\u00e9ristiques du produit D\u00e9nomination g\u00e9n\u00e9rique\u00a0:\u00a0sucre en morceaux Quantit\u00e9\u00a0:\u00a01 kg Conditionnement\u00a0:\u00a0bo\u00eete,\u00a0Carton Marques\u00a0:\u00a0Saint-Louis,\u00a0Saint Louis Cat\u00e9gories :\u00a0Sucres blancs,\u00a0Sucres en morceaux Guide d\u2019achat du sucre Le sucre le plus couramment utilis\u00e9 est le sucre blanc granul\u00e9, mais la plupart des sortes de sucres existantes peuvent se [&#8230;]\n","protected":false},"featured_media":366,"comment_status":"open","ping_status":"closed","template":"","meta":{"jetpack_publicize_message":"","jetpack_publicize_feature_enabled":true,"jetpack_social_post_already_shared":false,"jetpack_social_options":{"image_generator_settings":{"template":"highway","default_image_id":0,"font":"","enabled":false},"version":2}},"product_brand":[],"product_cat":[16],"product_tag":[25,33,104,34,35,21,26,103],"class_list":{"0":"post-364","1":"product","2":"type-product","3":"status-publish","4":"has-post-thumbnail","6":"product_cat-alimentaires","7":"product_tag-bamako","8":"product_tag-careme","9":"product_tag-carreaux","10":"product_tag-ikasougou-com","11":"product_tag-ikasounkalo","12":"product_tag-islam","13":"product_tag-ramadan","14":"product_tag-sucre","16":"first","17":"outofstock","18":"shipping-taxable","19":"purchasable","20":"product-type-simple"},"ams_default_variation_id":0,"ams_product_points_reward":[],"ams_product_discount_percentage":0,"ams_price_to_display":5000,"aioseo_notices":[],"ams_acf":[],"jetpack_publicize_connections":[],"jetpack-related-posts":[],"jetpack_sharing_enabled":true,"jetpack_likes_enabled":true,"_links":{"self":[{"href":"https:\/\/ikasougou.com\/ikasounkalo\/wp-json\/wp\/v2\/product\/364","targetHints":{"allow":["GET"]}}],"collection":[{"href":"https:\/\/ikasougou.com\/ikasounkalo\/wp-json\/wp\/v2\/product"}],"about":[{"href":"https:\/\/ikasougou.com\/ikasounkalo\/wp-json\/wp\/v2\/types\/product"}],"replies":[{"embeddable":true,"href":"https:\/\/ikasougou.com\/ikasounkalo\/wp-json\/wp\/v2\/comments?post=364"}],"wp:featuredmedia":[{"embeddable":true,"href":"https:\/\/ikasougou.com\/ikasounkalo\/wp-json\/wp\/v2\/media\/366"}],"wp:attachment":[{"href":"https:\/\/ikasougou.com\/ikasounkalo\/wp-json\/wp\/v2\/media?parent=364"}],"wp:term":[{"taxonomy":"product_brand","embeddable":true,"href":"https:\/\/ikasougou.com\/ikasounkalo\/wp-json\/wp\/v2\/product_brand?post=364"},{"taxonomy":"product_cat","embeddable":true,"href":"https:\/\/ikasougou.com\/ikasounkalo\/wp-json\/wp\/v2\/product_cat?post=364"},{"taxonomy":"product_tag","embeddable":true,"href":"https:\/\/ikasougou.com\/ikasounkalo\/wp-json\/wp\/v2\/product_tag?post=364"}],"curies":[{"name":"wp","href":"https:\/\/api.w.org\/{rel}","templated":true}]}}