{"id":380,"date":"2021-04-28T14:00:59","date_gmt":"2021-04-28T12:00:59","guid":{"rendered":"https:\/\/ikasougou.com\/ikasounkalo\/?post_type=product&#038;p=380"},"modified":"2021-04-28T14:01:00","modified_gmt":"2021-04-28T12:01:00","slug":"dattes-ravier-alyssa","status":"publish","type":"product","link":"https:\/\/ikasougou.com\/ikasounkalo\/produit\/dattes-ravier-alyssa\/","title":{"rendered":"Dattes Ravier Alyssa"},"content":{"rendered":"<div id=\"ctl00_pnl_Category_Details\">\n<div id=\"ctl00_upnl_Widget\">\n<div id=\"header_categorie\">\n<div id=\"ctl00_pnl_Widget_Frame\">\n<div>\n<div class=\"description-categorie\">\n<p>Les dattes sont dites conditionn\u00e9es une fois qu\u2019elles subissent un lavage et un traitement thermique. Ce traitement est une humidification et\/ou un s\u00e9chage du produit. Elles peuvent \u00eatre aussi glucos\u00e9es et\/ou d\u00e9noyaut\u00e9es (\u00e0 la demande du client).<\/p>\n<p><strong>Description :<\/strong>\u00a0Dattes Deglet Nour de couleur ambr\u00e9e \u00e0 brune<br \/>\n<strong>Conservation :<\/strong>\u00a0de 3 \u00e0 9 mois \u00e0 une temp\u00e9rature de 0\u00b0C \u00e0 4\u00b0C \u00a0HR&lt;65%<br \/>\n<strong>P\u00e9riode de r\u00e9colte :<\/strong>\u00a0Octobre \u00e0 d\u00e9cembre<br \/>\n<strong>R\u00e9gion :<\/strong>\u00a0Tozeur et Kebili<br \/>\n<strong>Etat :<\/strong>\u00a0Avec ou sans noyau<\/p>\n<\/div>\n<\/div>\n<\/div>\n<\/div>\n<\/div>\n<\/div>\n<p>La soci\u00e9t\u00e9 SAGES \u00ab Soci\u00e9t\u00e9 Agro Export Sahel \u00bb est une soci\u00e9t\u00e9 sp\u00e9cialis\u00e9e dans le conditionnement et l\u2019exportation des Fruits et l\u00e9gumes notamment les Dattes, agrumes (Maltaise de Tunisie), Pomme de terre.<\/p>\n<div id=\"ctl02_pnl_Product_Details\">\n<div id=\"ctl02_upnl_Widget\">\n<div id=\"details_produit\">\n<div id=\"ctl02_pnl_Widget_Frame\">\n<div class=\"box_details\">\n<div class=\"col-md-5\">Proposer la meilleure qualit\u00e9 que la nature peut offrir, en commen\u00e7ant par accorder une attention toute particuli\u00e8re aux m\u00e9thodes de culture et de transformation les plus adapt\u00e9es et durables.<input id=\"ctl02_img_Item_Main_Image_JFSA\" class=\"img-responsive\" name=\"ctl02$img_Item_Main_Image_JFSA\" src=\"http:\/\/www.sages-tunisie.com\/Files\/App_060\/New-2021\/IMG_2321.JPG\" type=\"image\" \/><\/p>\n<div id=\"ctl02_pg_PhotoGallery_upnl\"><\/div>\n<div class=\"liste_images\">\n<div>\n<div id=\"ctl02_pnl_Thumb_YPHL_0\" class=\"thumb_css\"><\/div>\n<\/div>\n<\/div>\n<\/div>\n<\/div>\n<\/div>\n<\/div>\n<\/div>\n<\/div>\n<div style=\"display:flex; gap:10px;justify-content:center\" class=\"wps-pgfw-pdf-generate-icon__wrapper-frontend\">\n\t\t<a  href=\"https:\/\/ikasougou.com\/ikasounkalo\/wp-json\/wp\/v2\/product\/380?action=genpdf&amp;id=380\" class=\"pgfw-single-pdf-download-button\" ><img src=\"https:\/\/ikasougou.com\/ikasounkalo\/wp-content\/plugins\/pdf-generator-for-wp\/admin\/src\/images\/PDF_Tray.svg\" title=\"G\u00e9n\u00e9rer un PDF\" style=\"width:auto; height:45px;\"><\/a>\n\t\t<\/div>","protected":false},"excerpt":{"rendered":"<p>Les dattes sont dites conditionn\u00e9es une fois qu\u2019elles subissent un lavage et un traitement thermique. Ce traitement est une humidification et\/ou un s\u00e9chage du produit. Elles peuvent \u00eatre aussi glucos\u00e9es et\/ou d\u00e9noyaut\u00e9es (\u00e0 la demande du client). Description :\u00a0Dattes Deglet Nour de couleur ambr\u00e9e \u00e0 brune Conservation :\u00a0de 3 \u00e0 9 mois \u00e0 une temp\u00e9rature [&#8230;]\n","protected":false},"featured_media":381,"comment_status":"open","ping_status":"closed","template":"","meta":{"jetpack_publicize_message":"","jetpack_publicize_feature_enabled":true,"jetpack_social_post_already_shared":false,"jetpack_social_options":{"image_generator_settings":{"template":"highway","default_image_id":0,"font":"","enabled":false},"version":2}},"product_brand":[],"product_cat":[16],"product_tag":[27,34,35,26],"class_list":{"0":"post-380","1":"product","2":"type-product","3":"status-publish","4":"has-post-thumbnail","6":"product_cat-alimentaires","7":"product_tag-dattes","8":"product_tag-ikasougou-com","9":"product_tag-ikasounkalo","10":"product_tag-ramadan","12":"first","13":"instock","14":"shipping-taxable","15":"purchasable","16":"product-type-simple"},"ams_default_variation_id":0,"ams_product_points_reward":[],"ams_product_discount_percentage":0,"ams_price_to_display":1000,"aioseo_notices":[],"ams_acf":[],"jetpack_publicize_connections":[],"jetpack-related-posts":[],"jetpack_sharing_enabled":true,"jetpack_likes_enabled":true,"_links":{"self":[{"href":"https:\/\/ikasougou.com\/ikasounkalo\/wp-json\/wp\/v2\/product\/380","targetHints":{"allow":["GET"]}}],"collection":[{"href":"https:\/\/ikasougou.com\/ikasounkalo\/wp-json\/wp\/v2\/product"}],"about":[{"href":"https:\/\/ikasougou.com\/ikasounkalo\/wp-json\/wp\/v2\/types\/product"}],"replies":[{"embeddable":true,"href":"https:\/\/ikasougou.com\/ikasounkalo\/wp-json\/wp\/v2\/comments?post=380"}],"wp:featuredmedia":[{"embeddable":true,"href":"https:\/\/ikasougou.com\/ikasounkalo\/wp-json\/wp\/v2\/media\/381"}],"wp:attachment":[{"href":"https:\/\/ikasougou.com\/ikasounkalo\/wp-json\/wp\/v2\/media?parent=380"}],"wp:term":[{"taxonomy":"product_brand","embeddable":true,"href":"https:\/\/ikasougou.com\/ikasounkalo\/wp-json\/wp\/v2\/product_brand?post=380"},{"taxonomy":"product_cat","embeddable":true,"href":"https:\/\/ikasougou.com\/ikasounkalo\/wp-json\/wp\/v2\/product_cat?post=380"},{"taxonomy":"product_tag","embeddable":true,"href":"https:\/\/ikasougou.com\/ikasounkalo\/wp-json\/wp\/v2\/product_tag?post=380"}],"curies":[{"name":"wp","href":"https:\/\/api.w.org\/{rel}","templated":true}]}}