{"id":388,"date":"2021-05-04T13:47:38","date_gmt":"2021-05-04T11:47:38","guid":{"rendered":"https:\/\/ikasougou.com\/ikasounkalo\/?post_type=product&#038;p=388"},"modified":"2021-05-04T14:16:07","modified_gmt":"2021-05-04T12:16:07","slug":"monicourou-tatam-cereales","status":"publish","type":"product","link":"https:\/\/ikasougou.com\/ikasounkalo\/produit\/monicourou-tatam-cereales\/","title":{"rendered":"Monicourou &#8211; TATAM C\u00e9r\u00e9ales"},"content":{"rendered":"<p>Vous voulez gagner du temps pendant cette p\u00e9riode de je\u00fbne ?<img data-recalc-dims=\"1\" loading=\"lazy\" decoding=\"async\" class=\" wp-image-389 alignright\" src=\"https:\/\/i0.wp.com\/ikasougou.com\/ikasounkalo\/wp-content\/uploads\/sites\/87\/2021\/05\/moni2.jpeg?resize=365%2C243&#038;ssl=1\" alt=\"\" width=\"365\" height=\"243\" srcset=\"https:\/\/i0.wp.com\/ikasougou.com\/ikasounkalo\/wp-content\/uploads\/sites\/87\/2021\/05\/moni2.jpeg?resize=600%2C400&amp;ssl=1 600w, https:\/\/i0.wp.com\/ikasougou.com\/ikasounkalo\/wp-content\/uploads\/sites\/87\/2021\/05\/moni2.jpeg?resize=768%2C512&amp;ssl=1 768w, https:\/\/i0.wp.com\/ikasougou.com\/ikasounkalo\/wp-content\/uploads\/sites\/87\/2021\/05\/moni2.jpeg?resize=510%2C340&amp;ssl=1 510w, https:\/\/i0.wp.com\/ikasougou.com\/ikasounkalo\/wp-content\/uploads\/sites\/87\/2021\/05\/moni2.jpeg?w=1080&amp;ssl=1 1080w\" sizes=\"auto, (max-width: 365px) 100vw, 365px\" \/><\/p>\n<p>Le Monicourou de TATAM C\u00e9r\u00e9ales r\u00e9pond \u00e0 votre attente.<\/p>\n<p>Avec sa pr\u00e9paration facile, on vous garantit une satisfaction totale<\/p>\n<p>Avec 90% de mil la cuisson ne dure que 20mn dans de l&#8217;eau bouillante.<\/p>\n<div style=\"display:flex; gap:10px;justify-content:center\" class=\"wps-pgfw-pdf-generate-icon__wrapper-frontend\">\n\t\t<a  href=\"https:\/\/ikasougou.com\/ikasounkalo\/wp-json\/wp\/v2\/product\/388?action=genpdf&amp;id=388\" class=\"pgfw-single-pdf-download-button\" ><img src=\"https:\/\/ikasougou.com\/ikasounkalo\/wp-content\/plugins\/pdf-generator-for-wp\/admin\/src\/images\/PDF_Tray.svg\" title=\"G\u00e9n\u00e9rer un PDF\" style=\"width:auto; height:45px;\"><\/a>\n\t\t<\/div>","protected":false},"excerpt":{"rendered":"<p>Vous voulez gagner du temps pendant cette p\u00e9riode de je\u00fbne ? Le Monicourou de TATAM C\u00e9r\u00e9ales r\u00e9pond \u00e0 votre attente. Avec sa pr\u00e9paration facile, on vous garantit une satisfaction totale Avec 90% de mil la cuisson ne dure que 20mn dans de l&#8217;eau bouillante.<\/p>\n","protected":false},"featured_media":390,"comment_status":"open","ping_status":"closed","template":"","meta":{"jetpack_publicize_message":"","jetpack_publicize_feature_enabled":true,"jetpack_social_post_already_shared":false,"jetpack_social_options":{"image_generator_settings":{"template":"highway","default_image_id":0,"font":"","enabled":false},"version":2}},"product_brand":[],"product_cat":[16],"product_tag":[117,116,34,35,36,23,115,28],"class_list":{"0":"post-388","1":"product","2":"type-product","3":"status-publish","4":"has-post-thumbnail","6":"product_cat-alimentaires","7":"product_tag-15mn","8":"product_tag-bouillie","9":"product_tag-ikasougou-com","10":"product_tag-ikasounkalo","11":"product_tag-jeune","12":"product_tag-mali","13":"product_tag-monie","14":"product_tag-ruptures","16":"first","17":"instock","18":"shipping-taxable","19":"purchasable","20":"product-type-simple"},"ams_default_variation_id":0,"ams_product_points_reward":[],"ams_product_discount_percentage":0,"ams_price_to_display":900,"aioseo_notices":[],"ams_acf":[],"jetpack_publicize_connections":[],"jetpack-related-posts":[],"jetpack_sharing_enabled":true,"jetpack_likes_enabled":true,"_links":{"self":[{"href":"https:\/\/ikasougou.com\/ikasounkalo\/wp-json\/wp\/v2\/product\/388","targetHints":{"allow":["GET"]}}],"collection":[{"href":"https:\/\/ikasougou.com\/ikasounkalo\/wp-json\/wp\/v2\/product"}],"about":[{"href":"https:\/\/ikasougou.com\/ikasounkalo\/wp-json\/wp\/v2\/types\/product"}],"replies":[{"embeddable":true,"href":"https:\/\/ikasougou.com\/ikasounkalo\/wp-json\/wp\/v2\/comments?post=388"}],"wp:featuredmedia":[{"embeddable":true,"href":"https:\/\/ikasougou.com\/ikasounkalo\/wp-json\/wp\/v2\/media\/390"}],"wp:attachment":[{"href":"https:\/\/ikasougou.com\/ikasounkalo\/wp-json\/wp\/v2\/media?parent=388"}],"wp:term":[{"taxonomy":"product_brand","embeddable":true,"href":"https:\/\/ikasougou.com\/ikasounkalo\/wp-json\/wp\/v2\/product_brand?post=388"},{"taxonomy":"product_cat","embeddable":true,"href":"https:\/\/ikasougou.com\/ikasounkalo\/wp-json\/wp\/v2\/product_cat?post=388"},{"taxonomy":"product_tag","embeddable":true,"href":"https:\/\/ikasougou.com\/ikasounkalo\/wp-json\/wp\/v2\/product_tag?post=388"}],"curies":[{"name":"wp","href":"https:\/\/api.w.org\/{rel}","templated":true}]}}