{"id":391,"date":"2021-05-04T13:46:54","date_gmt":"2021-05-04T11:46:54","guid":{"rendered":"https:\/\/ikasougou.com\/ikasounkalo\/?post_type=product&#038;p=391"},"modified":"2021-05-04T14:16:17","modified_gmt":"2021-05-04T12:16:17","slug":"tiacry-des-cereales-tatam-cereales","status":"publish","type":"product","link":"https:\/\/ikasougou.com\/ikasounkalo\/produit\/tiacry-des-cereales-tatam-cereales\/","title":{"rendered":"Tiacry des c\u00e9r\u00e9ales &#8211; TATAM C\u00e9r\u00e9ales"},"content":{"rendered":"<p>Id\u00e9al pour les c\u00e9r\u00e9monies de toute sorte, le Tiacry des c\u00e9r\u00e9ales de TATAM est un incontournable dans notre consommation locale.<\/p>\n<p>Avec sa cuisson facile et rapide, ce c\u00e9r\u00e9ale pr\u00e9cuit assure un gain de temps consid\u00e9rable.<img data-recalc-dims=\"1\" loading=\"lazy\" decoding=\"async\" class=\" wp-image-392 alignright\" src=\"https:\/\/i0.wp.com\/ikasougou.com\/ikasounkalo\/wp-content\/uploads\/sites\/87\/2021\/05\/djouka2.jpeg?resize=492%2C328&#038;ssl=1\" alt=\"\" width=\"492\" height=\"328\" srcset=\"https:\/\/i0.wp.com\/ikasougou.com\/ikasounkalo\/wp-content\/uploads\/sites\/87\/2021\/05\/djouka2.jpeg?resize=600%2C400&amp;ssl=1 600w, https:\/\/i0.wp.com\/ikasougou.com\/ikasounkalo\/wp-content\/uploads\/sites\/87\/2021\/05\/djouka2.jpeg?resize=768%2C512&amp;ssl=1 768w, https:\/\/i0.wp.com\/ikasougou.com\/ikasounkalo\/wp-content\/uploads\/sites\/87\/2021\/05\/djouka2.jpeg?resize=510%2C340&amp;ssl=1 510w, https:\/\/i0.wp.com\/ikasougou.com\/ikasounkalo\/wp-content\/uploads\/sites\/87\/2021\/05\/djouka2.jpeg?w=1080&amp;ssl=1 1080w\" sizes=\"auto, (max-width: 492px) 100vw, 492px\" \/><\/p>\n<p>Cuisson<\/p>\n<p>Pour 500g de Fonio ajouter 600ml d&#8217;eau et meter au micro-onde pendant 2 \u00e1 3mn.<\/p>\n<div style=\"display:flex; gap:10px;justify-content:center\" class=\"wps-pgfw-pdf-generate-icon__wrapper-frontend\">\n\t\t<a  href=\"https:\/\/ikasougou.com\/ikasounkalo\/wp-json\/wp\/v2\/product\/391?action=genpdf&amp;id=391\" class=\"pgfw-single-pdf-download-button\" ><img src=\"https:\/\/ikasougou.com\/ikasounkalo\/wp-content\/plugins\/pdf-generator-for-wp\/admin\/src\/images\/PDF_Tray.svg\" title=\"G\u00e9n\u00e9rer un PDF\" style=\"width:auto; height:45px;\"><\/a>\n\t\t<\/div>","protected":false},"excerpt":{"rendered":"<p>Id\u00e9al pour les c\u00e9r\u00e9monies de toute sorte, le Tiacry des c\u00e9r\u00e9ales de TATAM est un incontournable dans notre consommation locale. Avec sa cuisson facile et rapide, ce c\u00e9r\u00e9ale pr\u00e9cuit assure un gain de temps consid\u00e9rable. Cuisson Pour 500g de Fonio ajouter 600ml d&#8217;eau et meter au micro-onde pendant 2 \u00e1 3mn.<\/p>\n","protected":false},"featured_media":393,"comment_status":"open","ping_status":"closed","template":"","meta":{"jetpack_publicize_message":"","jetpack_publicize_feature_enabled":true,"jetpack_social_post_already_shared":false,"jetpack_social_options":{"image_generator_settings":{"template":"highway","default_image_id":0,"font":"","enabled":false},"version":2}},"product_brand":[],"product_cat":[16],"product_tag":[25,33,112,34,35,36,23,28,113,114],"class_list":{"0":"post-391","1":"product","2":"type-product","3":"status-publish","4":"has-post-thumbnail","6":"product_cat-alimentaires","7":"product_tag-bamako","8":"product_tag-careme","9":"product_tag-fonio","10":"product_tag-ikasougou-com","11":"product_tag-ikasounkalo","12":"product_tag-jeune","13":"product_tag-mali","14":"product_tag-ruptures","15":"product_tag-tamtam","16":"product_tag-tiacry","18":"first","19":"instock","20":"shipping-taxable","21":"purchasable","22":"product-type-simple"},"ams_default_variation_id":0,"ams_product_points_reward":[],"ams_product_discount_percentage":0,"ams_price_to_display":1000,"aioseo_notices":[],"ams_acf":[],"jetpack_publicize_connections":[],"jetpack-related-posts":[],"jetpack_sharing_enabled":true,"jetpack_likes_enabled":true,"_links":{"self":[{"href":"https:\/\/ikasougou.com\/ikasounkalo\/wp-json\/wp\/v2\/product\/391","targetHints":{"allow":["GET"]}}],"collection":[{"href":"https:\/\/ikasougou.com\/ikasounkalo\/wp-json\/wp\/v2\/product"}],"about":[{"href":"https:\/\/ikasougou.com\/ikasounkalo\/wp-json\/wp\/v2\/types\/product"}],"replies":[{"embeddable":true,"href":"https:\/\/ikasougou.com\/ikasounkalo\/wp-json\/wp\/v2\/comments?post=391"}],"wp:featuredmedia":[{"embeddable":true,"href":"https:\/\/ikasougou.com\/ikasounkalo\/wp-json\/wp\/v2\/media\/393"}],"wp:attachment":[{"href":"https:\/\/ikasougou.com\/ikasounkalo\/wp-json\/wp\/v2\/media?parent=391"}],"wp:term":[{"taxonomy":"product_brand","embeddable":true,"href":"https:\/\/ikasougou.com\/ikasounkalo\/wp-json\/wp\/v2\/product_brand?post=391"},{"taxonomy":"product_cat","embeddable":true,"href":"https:\/\/ikasougou.com\/ikasounkalo\/wp-json\/wp\/v2\/product_cat?post=391"},{"taxonomy":"product_tag","embeddable":true,"href":"https:\/\/ikasougou.com\/ikasounkalo\/wp-json\/wp\/v2\/product_tag?post=391"}],"curies":[{"name":"wp","href":"https:\/\/api.w.org\/{rel}","templated":true}]}}