{"id":396,"date":"2021-05-04T14:28:05","date_gmt":"2021-05-04T12:28:05","guid":{"rendered":"https:\/\/ikasougou.com\/ikasounkalo\/?post_type=product&#038;p=396"},"modified":"2021-05-04T14:28:06","modified_gmt":"2021-05-04T12:28:06","slug":"djouka-cereales-de-tatam","status":"publish","type":"product","link":"https:\/\/ikasougou.com\/ikasounkalo\/produit\/djouka-cereales-de-tatam\/","title":{"rendered":"Djouka &#8211; C\u00e9r\u00e9ales de TATAM"},"content":{"rendered":"<p>Id\u00e9al pour les c\u00e9r\u00e9monies de toute sorte, le Djouka des c\u00e9r\u00e9ales de TATAM est un incontournable dans notre consommation locale.<\/p>\n<p>Avec sa cuisson facile et rapide, ce c\u00e9r\u00e9ale pr\u00e9cuit assure un gain de temps consid\u00e9rable.<img data-recalc-dims=\"1\" loading=\"lazy\" decoding=\"async\" class=\" wp-image-394 alignright\" src=\"https:\/\/i0.wp.com\/ikasougou.com\/ikasounkalo\/wp-content\/uploads\/sites\/87\/2021\/05\/djouka.jpeg?resize=196%2C293&#038;ssl=1\" alt=\"\" width=\"196\" height=\"293\" srcset=\"https:\/\/i0.wp.com\/ikasougou.com\/ikasounkalo\/wp-content\/uploads\/sites\/87\/2021\/05\/djouka.jpeg?resize=267%2C400&amp;ssl=1 267w, https:\/\/i0.wp.com\/ikasougou.com\/ikasounkalo\/wp-content\/uploads\/sites\/87\/2021\/05\/djouka.jpeg?resize=533%2C800&amp;ssl=1 533w, https:\/\/i0.wp.com\/ikasougou.com\/ikasounkalo\/wp-content\/uploads\/sites\/87\/2021\/05\/djouka.jpeg?resize=510%2C765&amp;ssl=1 510w, https:\/\/i0.wp.com\/ikasougou.com\/ikasounkalo\/wp-content\/uploads\/sites\/87\/2021\/05\/djouka.jpeg?w=720&amp;ssl=1 720w\" sizes=\"auto, (max-width: 196px) 100vw, 196px\" \/><\/p>\n<div style=\"display:flex; gap:10px;justify-content:center\" class=\"wps-pgfw-pdf-generate-icon__wrapper-frontend\">\n\t\t<a  href=\"https:\/\/ikasougou.com\/ikasounkalo\/wp-json\/wp\/v2\/product\/396?action=genpdf&amp;id=396\" class=\"pgfw-single-pdf-download-button\" ><img src=\"https:\/\/ikasougou.com\/ikasounkalo\/wp-content\/plugins\/pdf-generator-for-wp\/admin\/src\/images\/PDF_Tray.svg\" title=\"G\u00e9n\u00e9rer un PDF\" style=\"width:auto; height:45px;\"><\/a>\n\t\t<\/div>","protected":false},"excerpt":{"rendered":"<p>Id\u00e9al pour les c\u00e9r\u00e9monies de toute sorte, le Djouka des c\u00e9r\u00e9ales de TATAM est un incontournable dans notre consommation locale. Avec sa cuisson facile et rapide, ce c\u00e9r\u00e9ale pr\u00e9cuit assure un gain de temps consid\u00e9rable.<\/p>\n","protected":false},"featured_media":394,"comment_status":"open","ping_status":"closed","template":"","meta":{"jetpack_publicize_message":"","jetpack_publicize_feature_enabled":true,"jetpack_social_post_already_shared":false,"jetpack_social_options":{"image_generator_settings":{"template":"highway","default_image_id":0,"font":"","enabled":false},"version":2}},"product_brand":[],"product_cat":[16],"product_tag":[118,34,35,23,28],"class_list":{"0":"post-396","1":"product","2":"type-product","3":"status-publish","4":"has-post-thumbnail","6":"product_cat-alimentaires","7":"product_tag-djouka","8":"product_tag-ikasougou-com","9":"product_tag-ikasounkalo","10":"product_tag-mali","11":"product_tag-ruptures","13":"first","14":"instock","15":"shipping-taxable","16":"purchasable","17":"product-type-simple"},"ams_default_variation_id":0,"ams_product_points_reward":[],"ams_product_discount_percentage":0,"ams_price_to_display":1400,"aioseo_notices":[],"ams_acf":[],"jetpack_publicize_connections":[],"jetpack-related-posts":[],"jetpack_sharing_enabled":true,"jetpack_likes_enabled":true,"_links":{"self":[{"href":"https:\/\/ikasougou.com\/ikasounkalo\/wp-json\/wp\/v2\/product\/396","targetHints":{"allow":["GET"]}}],"collection":[{"href":"https:\/\/ikasougou.com\/ikasounkalo\/wp-json\/wp\/v2\/product"}],"about":[{"href":"https:\/\/ikasougou.com\/ikasounkalo\/wp-json\/wp\/v2\/types\/product"}],"replies":[{"embeddable":true,"href":"https:\/\/ikasougou.com\/ikasounkalo\/wp-json\/wp\/v2\/comments?post=396"}],"wp:featuredmedia":[{"embeddable":true,"href":"https:\/\/ikasougou.com\/ikasounkalo\/wp-json\/wp\/v2\/media\/394"}],"wp:attachment":[{"href":"https:\/\/ikasougou.com\/ikasounkalo\/wp-json\/wp\/v2\/media?parent=396"}],"wp:term":[{"taxonomy":"product_brand","embeddable":true,"href":"https:\/\/ikasougou.com\/ikasounkalo\/wp-json\/wp\/v2\/product_brand?post=396"},{"taxonomy":"product_cat","embeddable":true,"href":"https:\/\/ikasougou.com\/ikasounkalo\/wp-json\/wp\/v2\/product_cat?post=396"},{"taxonomy":"product_tag","embeddable":true,"href":"https:\/\/ikasougou.com\/ikasounkalo\/wp-json\/wp\/v2\/product_tag?post=396"}],"curies":[{"name":"wp","href":"https:\/\/api.w.org\/{rel}","templated":true}]}}