{"id":40,"date":"2021-04-10T02:21:16","date_gmt":"2021-04-10T00:21:16","guid":{"rendered":"https:\/\/ikasougou.com\/ikasounkalo\/?post_type=product&#038;p=40"},"modified":"2021-04-10T22:38:32","modified_gmt":"2021-04-10T20:38:32","slug":"salammbo-dattes-de-tunisie","status":"publish","type":"product","link":"https:\/\/ikasougou.com\/ikasounkalo\/produit\/salammbo-dattes-de-tunisie\/","title":{"rendered":"Salammb\u00f4 Dattes de Tunisie"},"content":{"rendered":"<h2><strong>De Tozeur \u00e0 Nefta, les oasis du grand Sud tunisien ressemblent \u00e0 des mirages<\/strong>. C\u2019est ici que l\u2019on cultive la\u00a0<strong>Deglet Nour<\/strong>, la plus prestigieuse des dattes. C\u2019est aussi la vari\u00e9t\u00e9 tunisienne la plus export\u00e9e. Son nom signifie les\u00a0<strong>\u00abdoigts de lumi\u00e8re\u00bb<\/strong>\u00a0car elle est presque translucide, laissant appara\u00eetre son noyau. M\u00eame si elle est dot\u00e9e de qualit\u00e9s exceptionnelles, la\u00a0<strong>Deglet Nour est une vari\u00e9t\u00e9 capricieuse qui exige beaucoup de soins pendant sa culture<\/strong>. Il existe d\u2019autres vari\u00e9t\u00e9s de dattes, plus pr\u00e9coces ou plus tardives. On a d\u00e9nombr\u00e9 plus de 250 cultivars en Tunisie, de dimensions tr\u00e8s variables, souvent de forme oblongue, parfois sph\u00e9rique, allant du jaune au presque noir en passant par toutes les nuances de l\u2019ambre rouge ou brun.<\/h2>\n<p><img data-recalc-dims=\"1\" loading=\"lazy\" decoding=\"async\" class=\"alignnone size-medium wp-image-22896 lazy-load-active\" src=\"https:\/\/i0.wp.com\/cdn.shortpixel.ai\/client\/q_glossy%2Cret_img%2Cw_300%2Ch_200\/https%3A\/\/ikasougou.com\/wp-content\/uploads\/2021\/04\/puree-de-dattes-0-300x200.jpg?resize=300%2C200&#038;ssl=1\" sizes=\"auto, (max-width: 300px) 100vw, 300px\" srcset=\"https:\/\/i1.wp.com\/ikasougou.com\/wp-content\/uploads\/2021\/04\/puree-de-dattes-0.jpg?w=300&amp;ssl=1 300w, https:\/\/i1.wp.com\/ikasougou.com\/wp-content\/uploads\/2021\/04\/puree-de-dattes-0.jpg?w=400&amp;ssl=1 400w\" alt=\"\" width=\"300\" height=\"200\" data-src=\"https:\/\/cdn.shortpixel.ai\/client\/q_glossy,ret_img,w_300,h_200\/https:\/\/ikasougou.com\/wp-content\/uploads\/2021\/04\/puree-de-dattes-0-300x200.jpg\" data-srcset=\"https:\/\/i1.wp.com\/ikasougou.com\/wp-content\/uploads\/2021\/04\/puree-de-dattes-0.jpg?w=300&amp;ssl=1 300w, https:\/\/i1.wp.com\/ikasougou.com\/wp-content\/uploads\/2021\/04\/puree-de-dattes-0.jpg?w=400&amp;ssl=1 400w\" \/><img data-recalc-dims=\"1\" loading=\"lazy\" decoding=\"async\" class=\"alignnone size-medium wp-image-22900 lazy-load-active\" src=\"https:\/\/i0.wp.com\/cdn.shortpixel.ai\/client\/q_glossy%2Cret_img%2Cw_300%2Ch_230\/https%3A\/\/ikasougou.com\/wp-content\/uploads\/2021\/04\/501060-1-300x230.jpg?resize=300%2C230&#038;ssl=1\" sizes=\"auto, (max-width: 300px) 100vw, 300px\" srcset=\"https:\/\/i2.wp.com\/ikasougou.com\/wp-content\/uploads\/2021\/04\/501060-1.jpg?w=300&amp;ssl=1 300w, https:\/\/i2.wp.com\/ikasougou.com\/wp-content\/uploads\/2021\/04\/501060-1.jpg?w=500&amp;ssl=1 500w\" alt=\"\" width=\"300\" height=\"230\" data-src=\"https:\/\/cdn.shortpixel.ai\/client\/q_glossy,ret_img,w_300,h_230\/https:\/\/ikasougou.com\/wp-content\/uploads\/2021\/04\/501060-1-300x230.jpg\" data-srcset=\"https:\/\/i2.wp.com\/ikasougou.com\/wp-content\/uploads\/2021\/04\/501060-1.jpg?w=300&amp;ssl=1 300w, https:\/\/i2.wp.com\/ikasougou.com\/wp-content\/uploads\/2021\/04\/501060-1.jpg?w=500&amp;ssl=1 500w\" \/>\u00a0<img data-recalc-dims=\"1\" loading=\"lazy\" decoding=\"async\" class=\"alignnone size-medium wp-image-22901 lazy-load-active\" src=\"https:\/\/i0.wp.com\/cdn.shortpixel.ai\/client\/q_glossy%2Cret_img%2Cw_300%2Ch_150\/https%3A\/\/ikasougou.com\/wp-content\/uploads\/2021\/04\/dattes-bienfaits-organisme-300x150.jpeg?resize=300%2C150&#038;ssl=1\" sizes=\"auto, (max-width: 300px) 100vw, 300px\" srcset=\"https:\/\/i0.wp.com\/ikasougou.com\/wp-content\/uploads\/2021\/04\/dattes-bienfaits-organisme.jpeg?w=300&amp;ssl=1 300w, https:\/\/i0.wp.com\/ikasougou.com\/wp-content\/uploads\/2021\/04\/dattes-bienfaits-organisme.jpeg?w=510&amp;ssl=1 510w, https:\/\/i0.wp.com\/ikasougou.com\/wp-content\/uploads\/2021\/04\/dattes-bienfaits-organisme.jpeg?w=660&amp;ssl=1 660w\" alt=\"\" width=\"300\" height=\"150\" data-src=\"https:\/\/cdn.shortpixel.ai\/client\/q_glossy,ret_img,w_300,h_150\/https:\/\/ikasougou.com\/wp-content\/uploads\/2021\/04\/dattes-bienfaits-organisme-300x150.jpeg\" data-srcset=\"https:\/\/i0.wp.com\/ikasougou.com\/wp-content\/uploads\/2021\/04\/dattes-bienfaits-organisme.jpeg?w=300&amp;ssl=1 300w, https:\/\/i0.wp.com\/ikasougou.com\/wp-content\/uploads\/2021\/04\/dattes-bienfaits-organisme.jpeg?w=510&amp;ssl=1 510w, https:\/\/i0.wp.com\/ikasougou.com\/wp-content\/uploads\/2021\/04\/dattes-bienfaits-organisme.jpeg?w=660&amp;ssl=1 660w\" \/>\u00a0<img data-recalc-dims=\"1\" loading=\"lazy\" decoding=\"async\" class=\"alignnone size-medium wp-image-22902 lazy-load-active\" src=\"https:\/\/i0.wp.com\/cdn.shortpixel.ai\/client\/q_glossy%2Cret_img%2Cw_300%2Ch_225\/https%3A\/\/ikasougou.com\/wp-content\/uploads\/2021\/04\/salammbo-un-removebg-preview-300x225.png?resize=300%2C225&#038;ssl=1\" sizes=\"auto, (max-width: 300px) 100vw, 300px\" srcset=\"https:\/\/i2.wp.com\/ikasougou.com\/wp-content\/uploads\/2021\/04\/salammbo-un-removebg-preview.png?w=300&amp;ssl=1 300w, https:\/\/i2.wp.com\/ikasougou.com\/wp-content\/uploads\/2021\/04\/salammbo-un-removebg-preview.png?w=510&amp;ssl=1 510w, https:\/\/i2.wp.com\/ikasougou.com\/wp-content\/uploads\/2021\/04\/salammbo-un-removebg-preview.png?w=577&amp;ssl=1 577w\" alt=\"\" width=\"300\" height=\"225\" data-src=\"https:\/\/cdn.shortpixel.ai\/client\/q_glossy,ret_img,w_300,h_225\/https:\/\/ikasougou.com\/wp-content\/uploads\/2021\/04\/salammbo-un-removebg-preview-300x225.png\" data-srcset=\"https:\/\/i2.wp.com\/ikasougou.com\/wp-content\/uploads\/2021\/04\/salammbo-un-removebg-preview.png?w=300&amp;ssl=1 300w, https:\/\/i2.wp.com\/ikasougou.com\/wp-content\/uploads\/2021\/04\/salammbo-un-removebg-preview.png?w=510&amp;ssl=1 510w, https:\/\/i2.wp.com\/ikasougou.com\/wp-content\/uploads\/2021\/04\/salammbo-un-removebg-preview.png?w=577&amp;ssl=1 577w\" \/><\/p>\n<div style=\"display:flex; gap:10px;justify-content:center\" class=\"wps-pgfw-pdf-generate-icon__wrapper-frontend\">\n\t\t<a  href=\"https:\/\/ikasougou.com\/ikasounkalo\/wp-json\/wp\/v2\/product\/40?action=genpdf&amp;id=40\" class=\"pgfw-single-pdf-download-button\" ><img src=\"https:\/\/ikasougou.com\/ikasounkalo\/wp-content\/plugins\/pdf-generator-for-wp\/admin\/src\/images\/PDF_Tray.svg\" title=\"G\u00e9n\u00e9rer un PDF\" style=\"width:auto; height:45px;\"><\/a>\n\t\t<\/div>","protected":false},"excerpt":{"rendered":"<p>De Tozeur \u00e0 Nefta, les oasis du grand Sud tunisien ressemblent \u00e0 des mirages. C\u2019est ici que l\u2019on cultive la\u00a0Deglet Nour, la plus prestigieuse des dattes. C\u2019est aussi la vari\u00e9t\u00e9 tunisienne la plus export\u00e9e. Son nom signifie les\u00a0\u00abdoigts de lumi\u00e8re\u00bb\u00a0car elle est presque translucide, laissant appara\u00eetre son noyau. M\u00eame si elle est dot\u00e9e de qualit\u00e9s [&#8230;]\n","protected":false},"featured_media":70,"comment_status":"open","ping_status":"closed","template":"","meta":{"jetpack_publicize_message":"","jetpack_publicize_feature_enabled":true,"jetpack_social_post_already_shared":false,"jetpack_social_options":{"image_generator_settings":{"template":"highway","default_image_id":0,"font":"","enabled":false},"version":2}},"product_brand":[],"product_cat":[16],"product_tag":[25,27,24,21,29,23,26,28],"class_list":{"0":"post-40","1":"product","2":"type-product","3":"status-publish","4":"has-post-thumbnail","6":"product_cat-alimentaires","7":"product_tag-bamako","8":"product_tag-dattes","9":"product_tag-ikasougou","10":"product_tag-islam","11":"product_tag-jeun","12":"product_tag-mali","13":"product_tag-ramadan","14":"product_tag-ruptures","16":"first","17":"instock","18":"shipping-taxable","19":"purchasable","20":"product-type-simple"},"ams_default_variation_id":0,"ams_product_points_reward":[],"ams_product_discount_percentage":0,"ams_price_to_display":3000,"aioseo_notices":[],"ams_acf":[],"jetpack_publicize_connections":[],"jetpack-related-posts":[],"jetpack_sharing_enabled":true,"jetpack_likes_enabled":true,"_links":{"self":[{"href":"https:\/\/ikasougou.com\/ikasounkalo\/wp-json\/wp\/v2\/product\/40","targetHints":{"allow":["GET"]}}],"collection":[{"href":"https:\/\/ikasougou.com\/ikasounkalo\/wp-json\/wp\/v2\/product"}],"about":[{"href":"https:\/\/ikasougou.com\/ikasounkalo\/wp-json\/wp\/v2\/types\/product"}],"replies":[{"embeddable":true,"href":"https:\/\/ikasougou.com\/ikasounkalo\/wp-json\/wp\/v2\/comments?post=40"}],"wp:featuredmedia":[{"embeddable":true,"href":"https:\/\/ikasougou.com\/ikasounkalo\/wp-json\/wp\/v2\/media\/70"}],"wp:attachment":[{"href":"https:\/\/ikasougou.com\/ikasounkalo\/wp-json\/wp\/v2\/media?parent=40"}],"wp:term":[{"taxonomy":"product_brand","embeddable":true,"href":"https:\/\/ikasougou.com\/ikasounkalo\/wp-json\/wp\/v2\/product_brand?post=40"},{"taxonomy":"product_cat","embeddable":true,"href":"https:\/\/ikasougou.com\/ikasounkalo\/wp-json\/wp\/v2\/product_cat?post=40"},{"taxonomy":"product_tag","embeddable":true,"href":"https:\/\/ikasougou.com\/ikasounkalo\/wp-json\/wp\/v2\/product_tag?post=40"}],"curies":[{"name":"wp","href":"https:\/\/api.w.org\/{rel}","templated":true}]}}