{"id":47,"date":"2021-04-10T02:36:40","date_gmt":"2021-04-10T00:36:40","guid":{"rendered":"https:\/\/ikasougou.com\/ikasounkalo\/?post_type=product&#038;p=47"},"modified":"2021-04-10T23:14:34","modified_gmt":"2021-04-10T21:14:34","slug":"mayonnaise-calve-450mg","status":"publish","type":"product","link":"https:\/\/ikasougou.com\/ikasounkalo\/produit\/mayonnaise-calve-450mg\/","title":{"rendered":"Mayonnaise Calv\u00e9 450mg"},"content":{"rendered":"<div class=\"proddesc-sec-title\">\n<h3 class=\"sec-attribute-h3-style\">Description du produit<\/h3>\n<\/div>\n<div class=\"proddesc-sec sec-text-body-style\">La Mayonnaise aux Oeufs Calv\u00e9 est une d\u00e9licieuse sauce mayonnaise pr\u00e9par\u00e9e avec des oeufs de poules \u00e9lev\u00e9es en plein air. &#8211; Disponible en bocaux et en flacons souples. &#8211; D\u00e9licieux pour diff\u00e9rents moments &#8211; Utilisation d&#8217;ingr\u00e9dients de qualit\u00e9<\/div>\n<div>\n<div class=\"pdp-attribute-head-style\">\n<h3 class=\"sec-attribute-h3-style\">Informations Nutritionnelles<\/h3>\n<\/div>\n<div class=\"sec-text-body-style dataEncode\">\n<div class=\"dataDecode\">\n<table>\n<tbody>\n<tr>\n<th>PAR 100 ML<\/th>\n<th><\/th>\n<\/tr>\n<tr>\n<td>Energie<\/td>\n<td>2900 kJ\/710 kcal<\/td>\n<\/tr>\n<tr>\n<td>Mati\u00e8res grasses<\/td>\n<td>78 g<\/td>\n<\/tr>\n<tr>\n<td>&#8211; dont satur\u00e9es<\/td>\n<td>6 g<\/td>\n<\/tr>\n<tr>\n<td>Glucides<\/td>\n<td>&lt;0.5 g<\/td>\n<\/tr>\n<tr>\n<td>&#8211; dont sucres<\/td>\n<td>&lt;0.5 g<\/td>\n<\/tr>\n<tr>\n<td>Prot\u00e9ines<\/td>\n<td>1 g<\/td>\n<\/tr>\n<tr>\n<td>Sel<\/td>\n<td>0.75 g<\/td>\n<\/tr>\n<tr>\n<td>*% d&#8217;Apport de r\u00e9f\u00e9rence pour un adulte-type (8400 kJ\/2000 kcal).<\/td>\n<td><\/td>\n<\/tr>\n<tr>\n<td>** 1 portion = 15 ml = 1 cuill\u00e8re (ce paquet contient environ 29 portions).<\/td>\n<td><\/td>\n<\/tr>\n<tr>\n<th>PAR PORTION**<\/th>\n<th><\/th>\n<\/tr>\n<tr>\n<td>Energie<\/td>\n<td>440 kJ\/110 kcal<\/td>\n<\/tr>\n<tr>\n<td>Mati\u00e8res grasses<\/td>\n<td>12 g<\/td>\n<\/tr>\n<tr>\n<td>&#8211; dont satur\u00e9es<\/td>\n<td>0.9 g<\/td>\n<\/tr>\n<tr>\n<td>Glucides<\/td>\n<td>&lt;0.5 g<\/td>\n<\/tr>\n<tr>\n<td>&#8211; dont sucres<\/td>\n<td>&lt;0.5 g<\/td>\n<\/tr>\n<tr>\n<td>Prot\u00e9ines<\/td>\n<td>&lt;0.5 g<\/td>\n<\/tr>\n<tr>\n<td>Sel<\/td>\n<td>0.11 g<\/td>\n<\/tr>\n<tr>\n<td>*% d&#8217;Apport de r\u00e9f\u00e9rence pour un adulte-type (8400 kJ\/2000 kcal).<\/td>\n<td><\/td>\n<\/tr>\n<tr>\n<td>** 1 portion = 15 ml = 1 cuill\u00e8re (ce paquet contient environ 29 portions).<\/td>\n<td><\/td>\n<\/tr>\n<tr>\n<th>%*<\/th>\n<th><\/th>\n<\/tr>\n<tr>\n<td>Energie<\/td>\n<td>6%<\/td>\n<\/tr>\n<tr>\n<td>Mati\u00e8res grasses<\/td>\n<td>17%<\/td>\n<\/tr>\n<tr>\n<td>&#8211; dont satur\u00e9es<\/td>\n<td>5%<\/td>\n<\/tr>\n<tr>\n<td>Glucides<\/td>\n<td>&lt;1%<\/td>\n<\/tr>\n<tr>\n<td>&#8211; dont sucres<\/td>\n<td>&lt;1%<\/td>\n<\/tr>\n<tr>\n<td>Prot\u00e9ines<\/td>\n<td>&lt;1%<\/td>\n<\/tr>\n<tr>\n<td>Sel<\/td>\n<td>2%<\/td>\n<\/tr>\n<tr>\n<td>*% d&#8217;Apport de r\u00e9f\u00e9rence pour un adulte-type (8400 kJ\/2000 kcal).<\/td>\n<td>&#8211;<\/td>\n<\/tr>\n<tr>\n<td>** 1 portion = 15 ml = 1 cuill\u00e8re (ce paquet contient environ 29 portions).<\/td>\n<td>&#8211;<\/td>\n<\/tr>\n<\/tbody>\n<\/table>\n<\/div>\n<\/div>\n<\/div>\n<div class=\"pdp-attribute-head-style\"><\/div>\n<div>\n<div class=\"pdp-attribute-head-style\">\n<h3 class=\"sec-attribute-h3-style\">Ingr\u00e9dients<\/h3>\n<p>Huile de colza<br \/>\njaune d&#8217;<strong>\u0153uf<\/strong> 7.8%<br \/>\nvinaigre<br \/>\nmoutarde (eau, graines de <strong>moutarde<\/strong>, vinaigre, sel, \u00e9pices, ar\u00f4mes)<br \/>\nsel<br \/>\nsucre<br \/>\nacidifiant: acide lactique<br \/>\npoivre blanc<br \/>\nar\u00f4mes<br \/>\ncolorant: b\u00eata-carot\u00e8ne<br \/>\nantioxyg\u00e8ne: E385<\/p>\n<\/div>\n<\/div>\n<div style=\"display:flex; gap:10px;justify-content:center\" class=\"wps-pgfw-pdf-generate-icon__wrapper-frontend\">\n\t\t<a  href=\"https:\/\/ikasougou.com\/ikasounkalo\/wp-json\/wp\/v2\/product\/47?action=genpdf&amp;id=47\" class=\"pgfw-single-pdf-download-button\" ><img src=\"https:\/\/ikasougou.com\/ikasounkalo\/wp-content\/plugins\/pdf-generator-for-wp\/admin\/src\/images\/PDF_Tray.svg\" title=\"G\u00e9n\u00e9rer un PDF\" style=\"width:auto; height:45px;\"><\/a>\n\t\t<\/div>","protected":false},"excerpt":{"rendered":"<p>Description du produit La Mayonnaise aux Oeufs Calv\u00e9 est une d\u00e9licieuse sauce mayonnaise pr\u00e9par\u00e9e avec des oeufs de poules \u00e9lev\u00e9es en plein air. &#8211; Disponible en bocaux et en flacons souples. &#8211; D\u00e9licieux pour diff\u00e9rents moments &#8211; Utilisation d&#8217;ingr\u00e9dients de qualit\u00e9 Informations Nutritionnelles PAR 100 ML Energie 2900 kJ\/710 kcal Mati\u00e8res grasses 78 g &#8211; [&#8230;]\n","protected":false},"featured_media":48,"comment_status":"open","ping_status":"closed","template":"","meta":{"jetpack_publicize_message":"","jetpack_publicize_feature_enabled":true,"jetpack_social_post_already_shared":false,"jetpack_social_options":{"image_generator_settings":{"template":"highway","default_image_id":0,"font":"","enabled":false},"version":2}},"product_brand":[],"product_cat":[16],"product_tag":[25,24,23,31],"class_list":{"0":"post-47","1":"product","2":"type-product","3":"status-publish","4":"has-post-thumbnail","6":"product_cat-alimentaires","7":"product_tag-bamako","8":"product_tag-ikasougou","9":"product_tag-mali","10":"product_tag-mayonnaise","12":"first","13":"instock","14":"shipping-taxable","15":"purchasable","16":"product-type-simple"},"ams_default_variation_id":0,"ams_product_points_reward":[],"ams_product_discount_percentage":0,"ams_price_to_display":800,"aioseo_notices":[],"ams_acf":[],"jetpack_publicize_connections":[],"jetpack-related-posts":[],"jetpack_sharing_enabled":true,"jetpack_likes_enabled":true,"_links":{"self":[{"href":"https:\/\/ikasougou.com\/ikasounkalo\/wp-json\/wp\/v2\/product\/47","targetHints":{"allow":["GET"]}}],"collection":[{"href":"https:\/\/ikasougou.com\/ikasounkalo\/wp-json\/wp\/v2\/product"}],"about":[{"href":"https:\/\/ikasougou.com\/ikasounkalo\/wp-json\/wp\/v2\/types\/product"}],"replies":[{"embeddable":true,"href":"https:\/\/ikasougou.com\/ikasounkalo\/wp-json\/wp\/v2\/comments?post=47"}],"wp:featuredmedia":[{"embeddable":true,"href":"https:\/\/ikasougou.com\/ikasounkalo\/wp-json\/wp\/v2\/media\/48"}],"wp:attachment":[{"href":"https:\/\/ikasougou.com\/ikasounkalo\/wp-json\/wp\/v2\/media?parent=47"}],"wp:term":[{"taxonomy":"product_brand","embeddable":true,"href":"https:\/\/ikasougou.com\/ikasounkalo\/wp-json\/wp\/v2\/product_brand?post=47"},{"taxonomy":"product_cat","embeddable":true,"href":"https:\/\/ikasougou.com\/ikasounkalo\/wp-json\/wp\/v2\/product_cat?post=47"},{"taxonomy":"product_tag","embeddable":true,"href":"https:\/\/ikasougou.com\/ikasounkalo\/wp-json\/wp\/v2\/product_tag?post=47"}],"curies":[{"name":"wp","href":"https:\/\/api.w.org\/{rel}","templated":true}]}}