{"id":50,"date":"2021-04-10T02:43:05","date_gmt":"2021-04-10T00:43:05","guid":{"rendered":"https:\/\/ikasougou.com\/ikasounkalo\/?post_type=product&#038;p=50"},"modified":"2021-04-10T22:09:27","modified_gmt":"2021-04-10T20:09:27","slug":"pasta-tom-couscous-1kg","status":"publish","type":"product","link":"https:\/\/ikasougou.com\/ikasounkalo\/produit\/pasta-tom-couscous-1kg\/","title":{"rendered":"PASTA TOM COUSCOUS 1KG"},"content":{"rendered":"<p>Au sens strict, le couscous blanc est la graine obtenue par agglom\u00e9ration de semoule de bl\u00e9 dur blanche et d\u2019eau, celle-ci pouvant \u00eatre fine, moyenne ou grosse.<\/p>\n<p>Les grains obtenus seront ensuite pr\u00e9cuits et enfin s\u00e9ch\u00e9s. La couleur du couscous blanc est uniforme, variant du jaune clair au blanc cr\u00e8me.<\/p>\n<div class=\"cms-content\">\n<p>Semoule de\u00a0<strong>bl\u00e9*<\/strong>\u00a0dur blanche, eau.<\/p>\n<p><em>*Issue de l&#8217;Agriculture Biologique.<\/em><\/p>\n<p><strong>Les informations en gras sont destin\u00e9es aux personnes intol\u00e9rantes ou allergiques.<\/strong><\/p>\n<p><strong>Valeurs nutritionnelles pour 100g :<\/strong><\/p>\n<p>Energie : 1487\u00a0kJ \/ 351 kcal<\/p>\n<div>\n<div>________________________________<\/div>\n<div><\/div>\n<div>Mati\u00e8res grasses : 1,5g<\/div>\n<div>Dont acides gras satur\u00e9s : 0,4g<\/div>\n<div>\n<div>________________________________<\/div>\n<div><\/div>\n<div>Glucides : 70g<\/div>\n<div>Dont sucres : 2,5g<\/div>\n<div>\n<div>________________________________<\/div>\n<div><\/div>\n<div>\n<div>Fibres : 3,7g<\/div>\n<div>\n<div>________________________________<\/div>\n<div><\/div>\n<div>Prot\u00e9ines : 12g<\/div>\n<div>________________________________<\/div>\n<div><\/div>\n<\/div>\n<\/div>\n<div>Sel : Traces.<\/div>\n<\/div>\n<\/div>\n<\/div>\n<\/div>\n<p>&nbsp;<\/p>\n<div class=\"cms-content\">\n<p>Traces possibles de soja.<\/p>\n<\/div>\n<div style=\"display:flex; gap:10px;justify-content:center\" class=\"wps-pgfw-pdf-generate-icon__wrapper-frontend\">\n\t\t<a  href=\"https:\/\/ikasougou.com\/ikasounkalo\/wp-json\/wp\/v2\/product\/50?action=genpdf&amp;id=50\" class=\"pgfw-single-pdf-download-button\" ><img src=\"https:\/\/ikasougou.com\/ikasounkalo\/wp-content\/plugins\/pdf-generator-for-wp\/admin\/src\/images\/PDF_Tray.svg\" title=\"G\u00e9n\u00e9rer un PDF\" style=\"width:auto; height:45px;\"><\/a>\n\t\t<\/div>","protected":false},"excerpt":{"rendered":"<p>Au sens strict, le couscous blanc est la graine obtenue par agglom\u00e9ration de semoule de bl\u00e9 dur blanche et d\u2019eau, celle-ci pouvant \u00eatre fine, moyenne ou grosse. Les grains obtenus seront ensuite pr\u00e9cuits et enfin s\u00e9ch\u00e9s. La couleur du couscous blanc est uniforme, variant du jaune clair au blanc cr\u00e8me. Semoule de\u00a0bl\u00e9*\u00a0dur blanche, eau. *Issue [&#8230;]\n","protected":false},"featured_media":68,"comment_status":"open","ping_status":"closed","template":"","meta":{"jetpack_publicize_message":"","jetpack_publicize_feature_enabled":true,"jetpack_social_post_already_shared":false,"jetpack_social_options":{"image_generator_settings":{"template":"highway","default_image_id":0,"font":"","enabled":false},"version":2}},"product_brand":[],"product_cat":[16],"product_tag":[25,32,24,21,29,23,28],"class_list":{"0":"post-50","1":"product","2":"type-product","3":"status-publish","4":"has-post-thumbnail","6":"product_cat-alimentaires","7":"product_tag-bamako","8":"product_tag-couscous","9":"product_tag-ikasougou","10":"product_tag-islam","11":"product_tag-jeun","12":"product_tag-mali","13":"product_tag-ruptures","15":"first","16":"instock","17":"shipping-taxable","18":"purchasable","19":"product-type-simple"},"ams_default_variation_id":0,"ams_product_points_reward":[],"ams_product_discount_percentage":0,"ams_price_to_display":800,"aioseo_notices":[],"ams_acf":[],"jetpack_publicize_connections":[],"jetpack-related-posts":[],"jetpack_sharing_enabled":true,"jetpack_likes_enabled":true,"_links":{"self":[{"href":"https:\/\/ikasougou.com\/ikasounkalo\/wp-json\/wp\/v2\/product\/50","targetHints":{"allow":["GET"]}}],"collection":[{"href":"https:\/\/ikasougou.com\/ikasounkalo\/wp-json\/wp\/v2\/product"}],"about":[{"href":"https:\/\/ikasougou.com\/ikasounkalo\/wp-json\/wp\/v2\/types\/product"}],"replies":[{"embeddable":true,"href":"https:\/\/ikasougou.com\/ikasounkalo\/wp-json\/wp\/v2\/comments?post=50"}],"wp:featuredmedia":[{"embeddable":true,"href":"https:\/\/ikasougou.com\/ikasounkalo\/wp-json\/wp\/v2\/media\/68"}],"wp:attachment":[{"href":"https:\/\/ikasougou.com\/ikasounkalo\/wp-json\/wp\/v2\/media?parent=50"}],"wp:term":[{"taxonomy":"product_brand","embeddable":true,"href":"https:\/\/ikasougou.com\/ikasounkalo\/wp-json\/wp\/v2\/product_brand?post=50"},{"taxonomy":"product_cat","embeddable":true,"href":"https:\/\/ikasougou.com\/ikasounkalo\/wp-json\/wp\/v2\/product_cat?post=50"},{"taxonomy":"product_tag","embeddable":true,"href":"https:\/\/ikasougou.com\/ikasounkalo\/wp-json\/wp\/v2\/product_tag?post=50"}],"curies":[{"name":"wp","href":"https:\/\/api.w.org\/{rel}","templated":true}]}}