{"id":53,"date":"2021-04-10T02:58:35","date_gmt":"2021-04-10T00:58:35","guid":{"rendered":"https:\/\/ikasougou.com\/ikasounkalo\/?post_type=product&#038;p=53"},"modified":"2021-04-10T21:42:29","modified_gmt":"2021-04-10T19:42:29","slug":"amaroy-cappuccino","status":"publish","type":"product","link":"https:\/\/ikasougou.com\/ikasounkalo\/produit\/amaroy-cappuccino\/","title":{"rendered":"AMAROY Cappuccino"},"content":{"rendered":"<h2><span class=\"\">Caract\u00e9ristiques du produit<\/span><\/h2>\n<div class=\"row\">\n<div class=\"medium-12 large-8 xlarge-8 xxlarge-8 columns\">\n<p><span class=\"field\">Quantit\u00e9:<\/span>\u00a0500g<\/p>\n<p><span class=\"field\">Emballage:\u00a0<\/span>Dose<\/p>\n<p><span class=\"field\">Marques:\u00a0<\/span>Amaroy<\/p>\n<p><span class=\"field\">Cat\u00e9gories:\u00a0<\/span>aliments \u00e0\u00a0base de v\u00e9g\u00e9taux et les\u00a0boissons\u00a0, les\u00a0boissons\u00a0, les\u00a0aliments \u00e0\u00a0base de v\u00e9g\u00e9taux\u00a0,\u00a0Coffees\u00a0,\u00a0aliments lyophilis\u00e9s\u00a0,\u00a0boissons instantan\u00e9es\u00a0,\u00a0lyophilis\u00e9s aliments \u00e0\u00a0base de\u00a0plantes\u00a0,\u00a0caf\u00e9s instantan\u00e9s\u00a0,\u00a0caf\u00e9s instantan\u00e9s lyophilis\u00e9s<\/p>\n<p><span class=\"field\">Labels, certifications, r\u00e9compenses:\u00a0<\/span>Agriculture durable\u00a0,\u00a0Fabriqu\u00e9 en Allemagne\u00a0,\u00a0UTZ Certified<br \/>\n<img loading=\"lazy\" decoding=\"async\" src=\"https:\/\/static.openfoodfacts.org\/images\/lang\/en\/labels\/utz-certified.90x90.svg\" width=\"90\" height=\"90\" \/><\/p>\n<p><span class=\"field\">Origine des ingr\u00e9dients:\u00a0<\/span>Allemagne<\/p>\n<p><span class=\"field\">Lieux de fabrication ou de transformation:\u00a0<\/span>Hambourg<\/p>\n<p><img data-recalc-dims=\"1\" loading=\"lazy\" decoding=\"async\" class=\"alignnone size-medium wp-image-66\" src=\"https:\/\/i0.wp.com\/ikasougou.com\/ikasounkalo\/wp-content\/uploads\/sites\/87\/2021\/04\/AMAROY-removebg-preview.png?resize=341%2C400&#038;ssl=1\" alt=\"\" width=\"341\" height=\"400\" srcset=\"https:\/\/i0.wp.com\/ikasougou.com\/ikasounkalo\/wp-content\/uploads\/sites\/87\/2021\/04\/AMAROY-removebg-preview.png?resize=341%2C400&amp;ssl=1 341w, https:\/\/i0.wp.com\/ikasougou.com\/ikasounkalo\/wp-content\/uploads\/sites\/87\/2021\/04\/AMAROY-removebg-preview.png?w=461&amp;ssl=1 461w\" sizes=\"auto, (max-width: 341px) 100vw, 341px\" \/><\/p>\n<p>&nbsp;<\/p>\n<\/div>\n<\/div>\n<div style=\"display:flex; gap:10px;justify-content:center\" class=\"wps-pgfw-pdf-generate-icon__wrapper-frontend\">\n\t\t<a  href=\"https:\/\/ikasougou.com\/ikasounkalo\/wp-json\/wp\/v2\/product\/53?action=genpdf&amp;id=53\" class=\"pgfw-single-pdf-download-button\" ><img src=\"https:\/\/ikasougou.com\/ikasounkalo\/wp-content\/plugins\/pdf-generator-for-wp\/admin\/src\/images\/PDF_Tray.svg\" title=\"G\u00e9n\u00e9rer un PDF\" style=\"width:auto; height:45px;\"><\/a>\n\t\t<\/div>","protected":false},"excerpt":{"rendered":"<p>Caract\u00e9ristiques du produit Quantit\u00e9:\u00a0500g Emballage:\u00a0Dose Marques:\u00a0Amaroy Cat\u00e9gories:\u00a0aliments \u00e0\u00a0base de v\u00e9g\u00e9taux et les\u00a0boissons\u00a0, les\u00a0boissons\u00a0, les\u00a0aliments \u00e0\u00a0base de v\u00e9g\u00e9taux\u00a0,\u00a0Coffees\u00a0,\u00a0aliments lyophilis\u00e9s\u00a0,\u00a0boissons instantan\u00e9es\u00a0,\u00a0lyophilis\u00e9s aliments \u00e0\u00a0base de\u00a0plantes\u00a0,\u00a0caf\u00e9s instantan\u00e9s\u00a0,\u00a0caf\u00e9s instantan\u00e9s lyophilis\u00e9s Labels, certifications, r\u00e9compenses:\u00a0Agriculture durable\u00a0,\u00a0Fabriqu\u00e9 en Allemagne\u00a0,\u00a0UTZ Certified Origine des ingr\u00e9dients:\u00a0Allemagne Lieux de fabrication ou de transformation:\u00a0Hambourg &nbsp;<\/p>\n","protected":false},"featured_media":66,"comment_status":"open","ping_status":"closed","template":"","meta":{"jetpack_publicize_message":"","jetpack_publicize_feature_enabled":true,"jetpack_social_post_already_shared":false,"jetpack_social_options":{"image_generator_settings":{"template":"highway","default_image_id":0,"font":"","enabled":false},"version":2}},"product_brand":[],"product_cat":[16],"product_tag":[25,30,24,29,23,26],"class_list":{"0":"post-53","1":"product","2":"type-product","3":"status-publish","4":"has-post-thumbnail","6":"product_cat-alimentaires","7":"product_tag-bamako","8":"product_tag-cafe","9":"product_tag-ikasougou","10":"product_tag-jeun","11":"product_tag-mali","12":"product_tag-ramadan","14":"first","15":"instock","16":"shipping-taxable","17":"purchasable","18":"product-type-simple"},"ams_default_variation_id":0,"ams_product_points_reward":[],"ams_product_discount_percentage":0,"ams_price_to_display":2500,"aioseo_notices":[],"ams_acf":[],"jetpack_publicize_connections":[],"jetpack-related-posts":[],"jetpack_sharing_enabled":true,"jetpack_likes_enabled":true,"_links":{"self":[{"href":"https:\/\/ikasougou.com\/ikasounkalo\/wp-json\/wp\/v2\/product\/53","targetHints":{"allow":["GET"]}}],"collection":[{"href":"https:\/\/ikasougou.com\/ikasounkalo\/wp-json\/wp\/v2\/product"}],"about":[{"href":"https:\/\/ikasougou.com\/ikasounkalo\/wp-json\/wp\/v2\/types\/product"}],"replies":[{"embeddable":true,"href":"https:\/\/ikasougou.com\/ikasounkalo\/wp-json\/wp\/v2\/comments?post=53"}],"wp:featuredmedia":[{"embeddable":true,"href":"https:\/\/ikasougou.com\/ikasounkalo\/wp-json\/wp\/v2\/media\/66"}],"wp:attachment":[{"href":"https:\/\/ikasougou.com\/ikasounkalo\/wp-json\/wp\/v2\/media?parent=53"}],"wp:term":[{"taxonomy":"product_brand","embeddable":true,"href":"https:\/\/ikasougou.com\/ikasounkalo\/wp-json\/wp\/v2\/product_brand?post=53"},{"taxonomy":"product_cat","embeddable":true,"href":"https:\/\/ikasougou.com\/ikasounkalo\/wp-json\/wp\/v2\/product_cat?post=53"},{"taxonomy":"product_tag","embeddable":true,"href":"https:\/\/ikasougou.com\/ikasounkalo\/wp-json\/wp\/v2\/product_tag?post=53"}],"curies":[{"name":"wp","href":"https:\/\/api.w.org\/{rel}","templated":true}]}}