{"id":571,"date":"2022-03-24T16:51:20","date_gmt":"2022-03-24T15:51:20","guid":{"rendered":"https:\/\/ikasougou.com\/ikasounkalo\/sample-product\/120-bouteilles-deau-minerale-assinie-de-33cl\/"},"modified":"2022-03-24T17:12:06","modified_gmt":"2022-03-24T16:12:06","slug":"120-bouteilles-deau-minerale-assinie-de-33cl","status":"publish","type":"product","link":"https:\/\/ikasougou.com\/ikasounkalo\/produit\/120-bouteilles-deau-minerale-assinie-de-33cl\/","title":{"rendered":"120 Bouteilles d\u2019Eau Min\u00e9rale Assinie de 33CL"},"content":{"rendered":"<p>D\u00e9couvrez en exclusivit\u00e9 sur Ikasougou.com, l\u2019eau min\u00e9rale ASSINIE, une eau naturellement pure, l\u00e9g\u00e8re et douce. Nous vous proposons le format de 33 cl en un pack de 120 \u00e0 10000 fcfa.<\/p>\n<p><img data-recalc-dims=\"1\" loading=\"lazy\" decoding=\"async\" class=\"alignnone size-medium wp-image-572\" src=\"https:\/\/i0.wp.com\/ikasougou.com\/ventengros\/wp-content\/uploads\/sites\/96\/2021\/12\/aseini-png-300x300.png?resize=300%2C300&#038;ssl=1\" alt=\"\" width=\"300\" height=\"300\" \/><\/p>\n<div style=\"display:flex; gap:10px;justify-content:center\" class=\"wps-pgfw-pdf-generate-icon__wrapper-frontend\">\n\t\t<a  href=\"https:\/\/ikasougou.com\/ikasounkalo\/wp-json\/wp\/v2\/product\/571?action=genpdf&amp;id=571\" class=\"pgfw-single-pdf-download-button\" ><img src=\"https:\/\/ikasougou.com\/ikasounkalo\/wp-content\/plugins\/pdf-generator-for-wp\/admin\/src\/images\/PDF_Tray.svg\" title=\"G\u00e9n\u00e9rer un PDF\" style=\"width:auto; height:45px;\"><\/a>\n\t\t<\/div>","protected":false},"excerpt":{"rendered":"<p>D\u00e9couvrez en exclusivit\u00e9 sur Ikasougou.com, l\u2019eau min\u00e9rale ASSINIE, une eau naturellement pure, l\u00e9g\u00e8re et douce. Nous vous proposons le format de 33 cl en un pack de 120 \u00e0 10000 fcfa.<\/p>\n","protected":false},"featured_media":572,"comment_status":"open","ping_status":"closed","template":"","meta":{"jetpack_publicize_message":"","jetpack_publicize_feature_enabled":true,"jetpack_social_post_already_shared":true,"jetpack_social_options":{"image_generator_settings":{"template":"highway","default_image_id":0,"font":"","enabled":false},"version":2}},"product_brand":[],"product_cat":[125,16],"product_tag":[172,173,25,174,23,175],"class_list":{"0":"post-571","1":"product","2":"type-product","3":"status-publish","4":"has-post-thumbnail","6":"product_cat-boissons","7":"product_cat-alimentaires","8":"product_tag-33cl","9":"product_tag-assinie","10":"product_tag-bamako","11":"product_tag-eau","12":"product_tag-mali","13":"product_tag-minerale","15":"first","16":"instock","17":"sale","18":"shipping-taxable","19":"purchasable","20":"product-type-simple"},"ams_default_variation_id":0,"ams_product_points_reward":[],"ams_product_discount_percentage":5,"ams_price_to_display":9500,"aioseo_notices":[],"ams_acf":[],"jetpack_publicize_connections":[],"jetpack-related-posts":[],"jetpack_sharing_enabled":true,"jetpack_likes_enabled":true,"_links":{"self":[{"href":"https:\/\/ikasougou.com\/ikasounkalo\/wp-json\/wp\/v2\/product\/571","targetHints":{"allow":["GET"]}}],"collection":[{"href":"https:\/\/ikasougou.com\/ikasounkalo\/wp-json\/wp\/v2\/product"}],"about":[{"href":"https:\/\/ikasougou.com\/ikasounkalo\/wp-json\/wp\/v2\/types\/product"}],"replies":[{"embeddable":true,"href":"https:\/\/ikasougou.com\/ikasounkalo\/wp-json\/wp\/v2\/comments?post=571"}],"wp:featuredmedia":[{"embeddable":true,"href":"https:\/\/ikasougou.com\/ikasounkalo\/wp-json\/wp\/v2\/media\/572"}],"wp:attachment":[{"href":"https:\/\/ikasougou.com\/ikasounkalo\/wp-json\/wp\/v2\/media?parent=571"}],"wp:term":[{"taxonomy":"product_brand","embeddable":true,"href":"https:\/\/ikasougou.com\/ikasounkalo\/wp-json\/wp\/v2\/product_brand?post=571"},{"taxonomy":"product_cat","embeddable":true,"href":"https:\/\/ikasougou.com\/ikasounkalo\/wp-json\/wp\/v2\/product_cat?post=571"},{"taxonomy":"product_tag","embeddable":true,"href":"https:\/\/ikasougou.com\/ikasounkalo\/wp-json\/wp\/v2\/product_tag?post=571"}],"curies":[{"name":"wp","href":"https:\/\/api.w.org\/{rel}","templated":true}]}}