{"id":583,"date":"2022-04-01T14:38:58","date_gmt":"2022-04-01T12:38:58","guid":{"rendered":"https:\/\/ikasougou.com\/ikasounkalo\/?post_type=product&#038;p=583"},"modified":"2022-04-01T17:15:07","modified_gmt":"2022-04-01T15:15:07","slug":"paquet-de-12-reaktor-boisson-energisante","status":"publish","type":"product","link":"https:\/\/ikasougou.com\/ikasounkalo\/produit\/paquet-de-12-reaktor-boisson-energisante\/","title":{"rendered":"Paquet de 12 Reaktor &#8211; Boisson \u00c9nergisante"},"content":{"rendered":"<p>Le Reaktor est efficace pour lutter contre le manque d\u2019\u00e9nergie et la fatigue, C\u2019est pourquoi elle a la pr\u00e9f\u00e9rence des \u00e9tudiants en p\u00e9riode d\u2019examens, des travailleurs d\u00e9bord\u00e9s, des sportifs ou simplement des night clubbers. Elle procure une plus grande r\u00e9sistance \u00e0 la fatigue. Ainsi, elle permet de supporter une certaine charge de travail physique ou intellectuelle pendant une assez longue dur\u00e9e. Elle augmente votre capacit\u00e9 de r\u00e9action. Elle est une boisson id\u00e9ale pour toutes les dynamiques.<\/p>\n<div style=\"display:flex; gap:10px;justify-content:center\" class=\"wps-pgfw-pdf-generate-icon__wrapper-frontend\">\n\t\t<a  href=\"https:\/\/ikasougou.com\/ikasounkalo\/wp-json\/wp\/v2\/product\/583?action=genpdf&amp;id=583\" class=\"pgfw-single-pdf-download-button\" ><img src=\"https:\/\/ikasougou.com\/ikasounkalo\/wp-content\/plugins\/pdf-generator-for-wp\/admin\/src\/images\/PDF_Tray.svg\" title=\"G\u00e9n\u00e9rer un PDF\" style=\"width:auto; height:45px;\"><\/a>\n\t\t<\/div>","protected":false},"excerpt":{"rendered":"<p>Le Reaktor est efficace pour lutter contre le manque d\u2019\u00e9nergie et la fatigue<\/p>\n","protected":false},"featured_media":584,"comment_status":"open","ping_status":"closed","template":"","meta":{"jetpack_publicize_message":"","jetpack_publicize_feature_enabled":true,"jetpack_social_post_already_shared":true,"jetpack_social_options":{"image_generator_settings":{"template":"highway","default_image_id":0,"font":"","enabled":false},"version":2}},"product_brand":[],"product_cat":[125,16],"product_tag":[182,183,184,185],"class_list":{"0":"post-583","1":"product","2":"type-product","3":"status-publish","4":"has-post-thumbnail","6":"product_cat-boissons","7":"product_cat-alimentaires","8":"product_tag-defatiguantes","9":"product_tag-dynamiques","10":"product_tag-reaktor","11":"product_tag-resistance","13":"first","14":"instock","15":"shipping-taxable","16":"purchasable","17":"product-type-simple"},"ams_default_variation_id":0,"ams_product_points_reward":[],"ams_product_discount_percentage":0,"ams_price_to_display":3300,"aioseo_notices":[],"ams_acf":[],"jetpack_publicize_connections":[],"jetpack-related-posts":[],"jetpack_sharing_enabled":true,"jetpack_likes_enabled":true,"_links":{"self":[{"href":"https:\/\/ikasougou.com\/ikasounkalo\/wp-json\/wp\/v2\/product\/583","targetHints":{"allow":["GET"]}}],"collection":[{"href":"https:\/\/ikasougou.com\/ikasounkalo\/wp-json\/wp\/v2\/product"}],"about":[{"href":"https:\/\/ikasougou.com\/ikasounkalo\/wp-json\/wp\/v2\/types\/product"}],"replies":[{"embeddable":true,"href":"https:\/\/ikasougou.com\/ikasounkalo\/wp-json\/wp\/v2\/comments?post=583"}],"wp:featuredmedia":[{"embeddable":true,"href":"https:\/\/ikasougou.com\/ikasounkalo\/wp-json\/wp\/v2\/media\/584"}],"wp:attachment":[{"href":"https:\/\/ikasougou.com\/ikasounkalo\/wp-json\/wp\/v2\/media?parent=583"}],"wp:term":[{"taxonomy":"product_brand","embeddable":true,"href":"https:\/\/ikasougou.com\/ikasounkalo\/wp-json\/wp\/v2\/product_brand?post=583"},{"taxonomy":"product_cat","embeddable":true,"href":"https:\/\/ikasougou.com\/ikasounkalo\/wp-json\/wp\/v2\/product_cat?post=583"},{"taxonomy":"product_tag","embeddable":true,"href":"https:\/\/ikasougou.com\/ikasounkalo\/wp-json\/wp\/v2\/product_tag?post=583"}],"curies":[{"name":"wp","href":"https:\/\/api.w.org\/{rel}","templated":true}]}}