{"id":681,"date":"2022-04-21T18:21:17","date_gmt":"2022-04-21T16:21:17","guid":{"rendered":"https:\/\/ikasougou.com\/ikasounkalo\/?post_type=product&#038;p=681"},"modified":"2022-04-22T12:31:15","modified_gmt":"2022-04-22T10:31:15","slug":"b-f-champignons-de-paris-pieds-et-morceaux-400g","status":"publish","type":"product","link":"https:\/\/ikasougou.com\/ikasounkalo\/produit\/b-f-champignons-de-paris-pieds-et-morceaux-400g\/","title":{"rendered":"B.F Champignons de Paris Pieds et morceaux 400G"},"content":{"rendered":"<div class=\"product-usage__list\">\n<div class=\"product-usage__item\"><strong>SAUTEUSE <\/strong>\u00c9goutter, ne pas rincer. 3 minutes \u00e0 feu vif avec ajout de mati\u00e8re grasse.<\/div>\n<div class=\"product-usage__item\"><strong>SALADIER <\/strong>\u00c9goutter, ne pas rincer. Assaisonner d\u2019une sauce au choix, stocker en chambre froide.<\/div>\n<div class=\"product-usage__item\"><strong>FOUR MIXTE <\/strong>\u00c9goutter, ne pas rincer. 6 minutes \u00e0 150\u2009\u00b0C en gastronorme plein couvert + sauce au choix.<\/div>\n<\/div>\n<div class=\"container_ingredients\">\n<h2 class=\"title_info\">Ingr\u00e9dients<\/h2>\n<p class=\"text_ingredient\">Champignons de Paris, eau, sel, acidifiant : acide citrique, antioxydant : acide ascorbique.<\/p>\n<\/div>\n<div style=\"display:flex; gap:10px;justify-content:center\" class=\"wps-pgfw-pdf-generate-icon__wrapper-frontend\">\n\t\t<a  href=\"https:\/\/ikasougou.com\/ikasounkalo\/wp-json\/wp\/v2\/product\/681?action=genpdf&amp;id=681\" class=\"pgfw-single-pdf-download-button\" ><img src=\"https:\/\/ikasougou.com\/ikasounkalo\/wp-content\/plugins\/pdf-generator-for-wp\/admin\/src\/images\/PDF_Tray.svg\" title=\"G\u00e9n\u00e9rer un PDF\" style=\"width:auto; height:45px;\"><\/a>\n\t\t<\/div>","protected":false},"excerpt":{"rendered":"<p>SAUTEUSE \u00c9goutter, ne pas rincer. 3 minutes \u00e0 feu vif avec ajout de mati\u00e8re grasse. SALADIER \u00c9goutter, ne pas rincer. Assaisonner d\u2019une sauce au choix, stocker en chambre froide. FOUR MIXTE \u00c9goutter, ne pas rincer. 6 minutes \u00e0 150\u2009\u00b0C en gastronorme plein couvert + sauce au choix. Ingr\u00e9dients Champignons de Paris, eau, sel, acidifiant : [&#8230;]\n","protected":false},"featured_media":682,"comment_status":"open","ping_status":"closed","template":"","meta":{"jetpack_publicize_message":"","jetpack_publicize_feature_enabled":true,"jetpack_social_post_already_shared":true,"jetpack_social_options":{"image_generator_settings":{"template":"highway","default_image_id":0,"font":"","enabled":false},"version":2}},"product_brand":[],"product_cat":[198],"product_tag":[],"class_list":{"0":"post-681","1":"product","2":"type-product","3":"status-publish","4":"has-post-thumbnail","6":"product_cat-conserves","8":"first","9":"instock","10":"shipping-taxable","11":"product-type-simple"},"ams_default_variation_id":0,"ams_product_points_reward":[],"ams_product_discount_percentage":0,"ams_price_to_display":0,"aioseo_notices":[],"ams_acf":[],"jetpack_publicize_connections":[],"jetpack-related-posts":[],"jetpack_sharing_enabled":true,"jetpack_likes_enabled":true,"_links":{"self":[{"href":"https:\/\/ikasougou.com\/ikasounkalo\/wp-json\/wp\/v2\/product\/681","targetHints":{"allow":["GET"]}}],"collection":[{"href":"https:\/\/ikasougou.com\/ikasounkalo\/wp-json\/wp\/v2\/product"}],"about":[{"href":"https:\/\/ikasougou.com\/ikasounkalo\/wp-json\/wp\/v2\/types\/product"}],"replies":[{"embeddable":true,"href":"https:\/\/ikasougou.com\/ikasounkalo\/wp-json\/wp\/v2\/comments?post=681"}],"wp:featuredmedia":[{"embeddable":true,"href":"https:\/\/ikasougou.com\/ikasounkalo\/wp-json\/wp\/v2\/media\/682"}],"wp:attachment":[{"href":"https:\/\/ikasougou.com\/ikasounkalo\/wp-json\/wp\/v2\/media?parent=681"}],"wp:term":[{"taxonomy":"product_brand","embeddable":true,"href":"https:\/\/ikasougou.com\/ikasounkalo\/wp-json\/wp\/v2\/product_brand?post=681"},{"taxonomy":"product_cat","embeddable":true,"href":"https:\/\/ikasougou.com\/ikasounkalo\/wp-json\/wp\/v2\/product_cat?post=681"},{"taxonomy":"product_tag","embeddable":true,"href":"https:\/\/ikasougou.com\/ikasounkalo\/wp-json\/wp\/v2\/product_tag?post=681"}],"curies":[{"name":"wp","href":"https:\/\/api.w.org\/{rel}","templated":true}]}}