{"id":685,"date":"2022-04-21T18:26:44","date_gmt":"2022-04-21T16:26:44","guid":{"rendered":"https:\/\/ikasougou.com\/ikasounkalo\/?post_type=product&#038;p=685"},"modified":"2022-04-22T12:31:15","modified_gmt":"2022-04-22T10:31:15","slug":"b-f-macedoine-legume-400g","status":"publish","type":"product","link":"https:\/\/ikasougou.com\/ikasounkalo\/produit\/b-f-macedoine-legume-400g\/","title":{"rendered":"B.F Mac\u00e9doine L\u00e9gume 400g"},"content":{"rendered":"<table class=\"fiche shadow\">\n<tbody>\n<tr class=\"score\">\n<td>\n<div>\n<div><\/div>\n<\/div>\n<\/td>\n<\/tr>\n<tr>\n<th id=\"calories\" scope=\"col\">\n<h3>Valeurs nutritionelles :<\/h3>\n<\/th>\n<\/tr>\n<tr class=\"nutri\">\n<td>\n<table class=\"nutri shadow\">\n<caption>Valeurs nutritives<\/caption>\n<thead>\n<tr>\n<th class=\"thead\" colspan=\"2\" scope=\"col\">Valeurs nutritives<\/th>\n<\/tr>\n<\/thead>\n<tbody>\n<tr class=\"p1\">\n<th class=\"big_border\" colspan=\"2\" scope=\"col\">\n<div class=\"p2\">Taille d\u2019une portion<\/div>\n<div class=\"taille\">\u2013<\/div>\n<\/th>\n<\/tr>\n<tr>\n<th class=\"teneur\" colspan=\"2\" scope=\"col\">Teneur pour 100 g<\/th>\n<\/tr>\n<tr>\n<th class=\"med_border\" colspan=\"2\">\n<div class=\"cal\">Calories<\/div>\n<div class=\"calories\">37<\/div>\n<\/th>\n<\/tr>\n<tr>\n<th colspan=\"2\" scope=\"col\">\n<div class=\"aj\">% Apport journalier *<\/div>\n<\/th>\n<\/tr>\n<tr class=\"l  \">\n<th scope=\"row\">Mati\u00e8res grasses\u00a0<span class=\"unite\">0.0 g<\/span><\/th>\n<td class=\"_prt\">0 %<\/td>\n<\/tr>\n<tr class=\"l sub \">\n<th scope=\"row\">Acides Gras Satur\u00e9s\u00a0<span class=\"unite\">0.0 g<\/span><\/th>\n<td class=\"_prt\">0 %<\/td>\n<\/tr>\n<tr class=\"salt  \">\n<th scope=\"row\">Sel\u00a0<span class=\"unite\">0.7 g<\/span><\/th>\n<td class=\"_prt\">12 %<\/td>\n<\/tr>\n<tr class=\"salt sub \">\n<th scope=\"row\">Sodium\u00a0<span class=\"unite\">0.3 g<\/span><\/th>\n<td class=\"_prt\">13 %<\/td>\n<\/tr>\n<tr class=\"s  \">\n<th scope=\"row\">Glucides\u00a0<span class=\"unite\">4.4 g<\/span><\/th>\n<td class=\"_prt\">2 %<\/td>\n<\/tr>\n<tr class=\"s sub \">\n<th scope=\"row\">Sucres\u00a0<span class=\"unite\">0.9 g<\/span><\/th>\n<td class=\"_prt\">1 %<\/td>\n<\/tr>\n<tr class=\"p  \">\n<th scope=\"row\">Prot\u00e9ines\u00a0<span class=\"unite\">2.1 g<\/span><\/th>\n<td class=\"_prt\">4 %<\/td>\n<\/tr>\n<\/tbody>\n<tfoot>\n<tr>\n<td class=\"footer med_border\" colspan=\"2\">\n<div>* Le pourcentage des valeurs quotidiennes est bas\u00e9 sur un r\u00e9gime \u00e0 2000 calories. Vos valeurs quotidiennes peuvent \u00eatre plus ou moins \u00e9lev\u00e9es selon vos besoins en calories.<\/div>\n<\/td>\n<\/tr>\n<\/tfoot>\n<\/table>\n<p>&nbsp;<\/p>\n<div><a href=\"https:\/\/i0.wp.com\/static.openfoodfacts.org\/images\/products\/325\/856\/121\/0698\/nutrition_fr.12.full.jpg?ssl=1\"><img data-recalc-dims=\"1\" decoding=\"async\" class=\"prodx shadow\" src=\"https:\/\/i0.wp.com\/images.food-watching.com\/webp\/image_nutrition_url\/3258561210698-image_nutrition_url.webp?w=1020&#038;ssl=1\" \/><\/a><\/div>\n<\/td>\n<\/tr>\n<tr>\n<th scope=\"col\"><\/th>\n<\/tr>\n<tr class=\"score\">\n<td><\/td>\n<\/tr>\n<\/tbody>\n<\/table>\n<div style=\"display:flex; gap:10px;justify-content:center\" class=\"wps-pgfw-pdf-generate-icon__wrapper-frontend\">\n\t\t<a  href=\"https:\/\/ikasougou.com\/ikasounkalo\/wp-json\/wp\/v2\/product\/685?action=genpdf&amp;id=685\" class=\"pgfw-single-pdf-download-button\" ><img src=\"https:\/\/ikasougou.com\/ikasounkalo\/wp-content\/plugins\/pdf-generator-for-wp\/admin\/src\/images\/PDF_Tray.svg\" title=\"G\u00e9n\u00e9rer un PDF\" style=\"width:auto; height:45px;\"><\/a>\n\t\t<\/div>","protected":false},"excerpt":{"rendered":"<p>Valeurs nutritionelles : Valeurs nutritives Valeurs nutritives Taille d\u2019une portion \u2013 Teneur pour 100 g Calories 37 % Apport journalier * Mati\u00e8res grasses\u00a00.0 g 0 % Acides Gras Satur\u00e9s\u00a00.0 g 0 % Sel\u00a00.7 g 12 % Sodium\u00a00.3 g 13 % Glucides\u00a04.4 g 2 % Sucres\u00a00.9 g 1 % Prot\u00e9ines\u00a02.1 g 4 % * Le pourcentage [&#8230;]\n","protected":false},"featured_media":686,"comment_status":"open","ping_status":"closed","template":"","meta":{"jetpack_publicize_message":"","jetpack_publicize_feature_enabled":true,"jetpack_social_post_already_shared":true,"jetpack_social_options":{"image_generator_settings":{"template":"highway","default_image_id":0,"font":"","enabled":false},"version":2}},"product_brand":[],"product_cat":[198,16],"product_tag":[],"class_list":{"0":"post-685","1":"product","2":"type-product","3":"status-publish","4":"has-post-thumbnail","6":"product_cat-conserves","7":"product_cat-alimentaires","9":"first","10":"instock","11":"shipping-taxable","12":"purchasable","13":"product-type-simple"},"ams_default_variation_id":0,"ams_product_points_reward":[],"ams_product_discount_percentage":0,"ams_price_to_display":800,"aioseo_notices":[],"ams_acf":[],"jetpack_publicize_connections":[],"jetpack-related-posts":[],"jetpack_sharing_enabled":true,"jetpack_likes_enabled":true,"_links":{"self":[{"href":"https:\/\/ikasougou.com\/ikasounkalo\/wp-json\/wp\/v2\/product\/685","targetHints":{"allow":["GET"]}}],"collection":[{"href":"https:\/\/ikasougou.com\/ikasounkalo\/wp-json\/wp\/v2\/product"}],"about":[{"href":"https:\/\/ikasougou.com\/ikasounkalo\/wp-json\/wp\/v2\/types\/product"}],"replies":[{"embeddable":true,"href":"https:\/\/ikasougou.com\/ikasounkalo\/wp-json\/wp\/v2\/comments?post=685"}],"wp:featuredmedia":[{"embeddable":true,"href":"https:\/\/ikasougou.com\/ikasounkalo\/wp-json\/wp\/v2\/media\/686"}],"wp:attachment":[{"href":"https:\/\/ikasougou.com\/ikasounkalo\/wp-json\/wp\/v2\/media?parent=685"}],"wp:term":[{"taxonomy":"product_brand","embeddable":true,"href":"https:\/\/ikasougou.com\/ikasounkalo\/wp-json\/wp\/v2\/product_brand?post=685"},{"taxonomy":"product_cat","embeddable":true,"href":"https:\/\/ikasougou.com\/ikasounkalo\/wp-json\/wp\/v2\/product_cat?post=685"},{"taxonomy":"product_tag","embeddable":true,"href":"https:\/\/ikasougou.com\/ikasounkalo\/wp-json\/wp\/v2\/product_tag?post=685"}],"curies":[{"name":"wp","href":"https:\/\/api.w.org\/{rel}","templated":true}]}}