{"id":693,"date":"2022-04-21T18:41:36","date_gmt":"2022-04-21T16:41:36","guid":{"rendered":"https:\/\/ikasougou.com\/ikasounkalo\/?post_type=product&#038;p=693"},"modified":"2022-04-22T12:31:14","modified_gmt":"2022-04-22T10:31:14","slug":"barilla-thin-spaghetti","status":"publish","type":"product","link":"https:\/\/ikasougou.com\/ikasounkalo\/produit\/barilla-thin-spaghetti\/","title":{"rendered":"BARILLA \u2014 Thin Spaghetti"},"content":{"rendered":"<p>Les p\u00e2tes italiennes les plus populaires \u2013 les spaghettis \u2013 sont de longues \u201cficelles\u201d relativement fines qui, apr\u00e8s la cuisson, cr\u00e9ent un enchev\u00eatrement savoureux, qui est<img data-recalc-dims=\"1\" loading=\"lazy\" decoding=\"async\" class=\" wp-image-551 alignright\" src=\"https:\/\/i0.wp.com\/supermarchenakara.com\/wp-content\/uploads\/2021\/05\/THIN-SPAGHETTI-BARILLA-WHOLE-GRAIN-454G-800x315.jpeg?resize=570%2C224\" sizes=\"auto, (max-width: 570px) 100vw, 570px\" srcset=\"https:\/\/supermarchenakara.com\/wp-content\/uploads\/2021\/05\/THIN-SPAGHETTI-BARILLA-WHOLE-GRAIN-454G-800x315.jpeg 800w, https:\/\/supermarchenakara.com\/wp-content\/uploads\/2021\/05\/THIN-SPAGHETTI-BARILLA-WHOLE-GRAIN-454G-768x302.jpeg 768w, https:\/\/supermarchenakara.com\/wp-content\/uploads\/2021\/05\/THIN-SPAGHETTI-BARILLA-WHOLE-GRAIN-454G-510x201.jpeg 510w, https:\/\/supermarchenakara.com\/wp-content\/uploads\/2021\/05\/THIN-SPAGHETTI-BARILLA-WHOLE-GRAIN-454G.jpeg 960w\" alt=\"\" width=\"570\" height=\"224\" \/> l\u2019un des symboles de l\u2019Italie ensoleill\u00e9e et de sa cuisine unique. Les spaghettis sont le plus souvent servis avec des sauces plus lourdes, comme la fameuse sauce bolognaise ou la cr\u00e8me carbonara au bacon, mais il se marie \u00e9galement bien avec des ajouts plus l\u00e9gers, par exemple sous forme de spaghetti napoli avec une sauce tomate aromatique ou quelle bonne qualit\u00e9 est assez d\u2019huile d\u2019olive et d\u2019ail pour cr\u00e9er un plat traditionnel simple mais raffin\u00e9 comme dans un restaurant napolitain. D\u00e9couvrez ces compositions uniques et d\u2019autres avec des p\u00e2tes spaghetti dans le r\u00f4le principal \u2013 c\u2019est un produit qui devrait \u00eatre dans chaque garde-manger de la maison, comme base pour des plats de tous les jours et encore plus festifs. Nous proposons une large gamme de p\u00e2tes spaghetti originales de bl\u00e9 de la plus haute qualit\u00e9, conservant une excellente \u00e9lasticit\u00e9 apr\u00e8s la cuisson et ne collant pas. Pour les amateurs de saine alimentation et les personnes au r\u00e9gime, nous proposons des vari\u00e9t\u00e9s uniques de spaghettis \u00e0 base de grains entiers ou de farine de millet \u2013 une source tr\u00e8s pr\u00e9cieuse de fibres, de vitamines et de min\u00e9raux, cr\u00e9ant avec des sauces \u00e0 base de l\u00e9gumes et d\u2019huile d\u2019olive saines et nourrissantes. comme des plats faciles \u00e0 dig\u00e9rer.<\/p>\n<div style=\"display:flex; gap:10px;justify-content:center\" class=\"wps-pgfw-pdf-generate-icon__wrapper-frontend\">\n\t\t<a  href=\"https:\/\/ikasougou.com\/ikasounkalo\/wp-json\/wp\/v2\/product\/693?action=genpdf&amp;id=693\" class=\"pgfw-single-pdf-download-button\" ><img src=\"https:\/\/ikasougou.com\/ikasounkalo\/wp-content\/plugins\/pdf-generator-for-wp\/admin\/src\/images\/PDF_Tray.svg\" title=\"G\u00e9n\u00e9rer un PDF\" style=\"width:auto; height:45px;\"><\/a>\n\t\t<\/div>","protected":false},"excerpt":{"rendered":"<p>Les p\u00e2tes italiennes les plus populaires<\/p>\n","protected":false},"featured_media":694,"comment_status":"open","ping_status":"closed","template":"","meta":{"jetpack_publicize_message":"","jetpack_publicize_feature_enabled":true,"jetpack_social_post_already_shared":true,"jetpack_social_options":{"image_generator_settings":{"template":"highway","default_image_id":0,"font":"","enabled":false},"version":2}},"product_brand":[],"product_cat":[198,16],"product_tag":[],"class_list":{"0":"post-693","1":"product","2":"type-product","3":"status-publish","4":"has-post-thumbnail","6":"product_cat-conserves","7":"product_cat-alimentaires","9":"first","10":"instock","11":"shipping-taxable","12":"purchasable","13":"product-type-simple"},"ams_default_variation_id":0,"ams_product_points_reward":[],"ams_product_discount_percentage":0,"ams_price_to_display":1250,"aioseo_notices":[],"ams_acf":[],"jetpack_publicize_connections":[],"jetpack-related-posts":[],"jetpack_sharing_enabled":true,"jetpack_likes_enabled":true,"_links":{"self":[{"href":"https:\/\/ikasougou.com\/ikasounkalo\/wp-json\/wp\/v2\/product\/693","targetHints":{"allow":["GET"]}}],"collection":[{"href":"https:\/\/ikasougou.com\/ikasounkalo\/wp-json\/wp\/v2\/product"}],"about":[{"href":"https:\/\/ikasougou.com\/ikasounkalo\/wp-json\/wp\/v2\/types\/product"}],"replies":[{"embeddable":true,"href":"https:\/\/ikasougou.com\/ikasounkalo\/wp-json\/wp\/v2\/comments?post=693"}],"wp:featuredmedia":[{"embeddable":true,"href":"https:\/\/ikasougou.com\/ikasounkalo\/wp-json\/wp\/v2\/media\/694"}],"wp:attachment":[{"href":"https:\/\/ikasougou.com\/ikasounkalo\/wp-json\/wp\/v2\/media?parent=693"}],"wp:term":[{"taxonomy":"product_brand","embeddable":true,"href":"https:\/\/ikasougou.com\/ikasounkalo\/wp-json\/wp\/v2\/product_brand?post=693"},{"taxonomy":"product_cat","embeddable":true,"href":"https:\/\/ikasougou.com\/ikasounkalo\/wp-json\/wp\/v2\/product_cat?post=693"},{"taxonomy":"product_tag","embeddable":true,"href":"https:\/\/ikasougou.com\/ikasounkalo\/wp-json\/wp\/v2\/product_tag?post=693"}],"curies":[{"name":"wp","href":"https:\/\/api.w.org\/{rel}","templated":true}]}}