{"id":695,"date":"2022-04-21T18:49:51","date_gmt":"2022-04-21T16:49:51","guid":{"rendered":"https:\/\/ikasougou.com\/ikasounkalo\/?post_type=product&#038;p=695"},"modified":"2022-04-22T12:31:14","modified_gmt":"2022-04-22T10:31:14","slug":"barilla-mini-penne-rigate-500g","status":"publish","type":"product","link":"https:\/\/ikasougou.com\/ikasounkalo\/produit\/barilla-mini-penne-rigate-500g\/","title":{"rendered":"Barilla Mini Penne Rigate 500g"},"content":{"rendered":"<div id=\"tab-description\" class=\"woocommerce-Tabs-panel woocommerce-Tabs-panel--description panel entry-content active\" role=\"tabpanel\" aria-labelledby=\"tab-title-description\">\n<p>L\u00e0 o\u00f9 se trouve Barilla, il y a chez soi Petites histoires d\u2019une grande bont\u00e9 La magie d\u2019\u00eatre un enfant Imaginez un monde d\u2019histoires fantastiques, dans lequel vivre de nouvelles \u00e9motions chaque jour et \u00eatre \u00e9merveill\u00e9 par les yeux de vos enfants. Partagez la magie d\u2019\u00eatre un enfant avec Piccolini. Petit vous \u00eates n\u00e9 grand vous devenez Pour faire de bonnes p\u00e2tes, le secret est l\u2019amour, directement des champs de bl\u00e9. Le bl\u00e9 que nous utilisons provient de vari\u00e9t\u00e9s cultiv\u00e9es avec soin et passion pour assurer une qualit\u00e9 qui rend les adultes et les enfants heureux. Notre avenir Pas \u00e0 pas, nous construisons l\u2019avenir: nous le faisons en partant du respect de l\u2019environnement dans lequel nous vivons, en promouvant des pratiques agricoles innovantes et en utilisant des emballages en papier enti\u00e8rement recyclables. \u00c0 l\u2019int\u00e9rieur des p\u00e2tes Barilla, il y a notre histoire, la passion, l\u2019engagement des gens et, surtout, le d\u00e9sir de contribuer tous ensemble \u00e0 un avenir meilleur.<\/p>\n<\/div>\n<div style=\"display:flex; gap:10px;justify-content:center\" class=\"wps-pgfw-pdf-generate-icon__wrapper-frontend\">\n\t\t<a  href=\"https:\/\/ikasougou.com\/ikasounkalo\/wp-json\/wp\/v2\/product\/695?action=genpdf&amp;id=695\" class=\"pgfw-single-pdf-download-button\" ><img src=\"https:\/\/ikasougou.com\/ikasounkalo\/wp-content\/plugins\/pdf-generator-for-wp\/admin\/src\/images\/PDF_Tray.svg\" title=\"G\u00e9n\u00e9rer un PDF\" style=\"width:auto; height:45px;\"><\/a>\n\t\t<\/div>","protected":false},"excerpt":{"rendered":"<p>L\u00e0 o\u00f9 se trouve Barilla, il y a chez soi Petites histoires d\u2019une grande bont\u00e9<\/p>\n","protected":false},"featured_media":696,"comment_status":"open","ping_status":"closed","template":"","meta":{"jetpack_publicize_message":"","jetpack_publicize_feature_enabled":true,"jetpack_social_post_already_shared":true,"jetpack_social_options":{"image_generator_settings":{"template":"highway","default_image_id":0,"font":"","enabled":false},"version":2}},"product_brand":[],"product_cat":[198,16],"product_tag":[],"class_list":{"0":"post-695","1":"product","2":"type-product","3":"status-publish","4":"has-post-thumbnail","6":"product_cat-conserves","7":"product_cat-alimentaires","9":"first","10":"instock","11":"shipping-taxable","12":"purchasable","13":"product-type-simple"},"ams_default_variation_id":0,"ams_product_points_reward":[],"ams_product_discount_percentage":0,"ams_price_to_display":1250,"aioseo_notices":[],"ams_acf":[],"jetpack_publicize_connections":[],"jetpack-related-posts":[],"jetpack_sharing_enabled":true,"jetpack_likes_enabled":true,"_links":{"self":[{"href":"https:\/\/ikasougou.com\/ikasounkalo\/wp-json\/wp\/v2\/product\/695","targetHints":{"allow":["GET"]}}],"collection":[{"href":"https:\/\/ikasougou.com\/ikasounkalo\/wp-json\/wp\/v2\/product"}],"about":[{"href":"https:\/\/ikasougou.com\/ikasounkalo\/wp-json\/wp\/v2\/types\/product"}],"replies":[{"embeddable":true,"href":"https:\/\/ikasougou.com\/ikasounkalo\/wp-json\/wp\/v2\/comments?post=695"}],"wp:featuredmedia":[{"embeddable":true,"href":"https:\/\/ikasougou.com\/ikasounkalo\/wp-json\/wp\/v2\/media\/696"}],"wp:attachment":[{"href":"https:\/\/ikasougou.com\/ikasounkalo\/wp-json\/wp\/v2\/media?parent=695"}],"wp:term":[{"taxonomy":"product_brand","embeddable":true,"href":"https:\/\/ikasougou.com\/ikasounkalo\/wp-json\/wp\/v2\/product_brand?post=695"},{"taxonomy":"product_cat","embeddable":true,"href":"https:\/\/ikasougou.com\/ikasounkalo\/wp-json\/wp\/v2\/product_cat?post=695"},{"taxonomy":"product_tag","embeddable":true,"href":"https:\/\/ikasougou.com\/ikasounkalo\/wp-json\/wp\/v2\/product_tag?post=695"}],"curies":[{"name":"wp","href":"https:\/\/api.w.org\/{rel}","templated":true}]}}