{"id":719,"date":"2023-02-22T20:34:04","date_gmt":"2023-02-22T19:34:04","guid":{"rendered":"https:\/\/ikasougou.com\/ikasounkalo\/?post_type=product&#038;p=719"},"modified":"2024-03-08T17:10:03","modified_gmt":"2024-03-08T16:10:03","slug":"mini-coffret-rectangulaire-rouge","status":"publish","type":"product","link":"https:\/\/ikasougou.com\/ikasounkalo\/produit\/mini-coffret-rectangulaire-rouge\/","title":{"rendered":"Mini coffret rectangulaire Rouge"},"content":{"rendered":"<p>Offrez en cadeau ce Mini coffret rectangulaire (4 000 FCFA), id\u00e9al comme cadeau, compos\u00e9 d&#8217;un chapelet manuel et d&#8217;un chapelet num\u00e9rique. Plus d&#8217;information sur WhatsApp au <span dir=\"ltr\"><i class=\"x1b0d499 x1vv9jnp xahult9\" data-visualcompletion=\"css-img\"><\/i><a class=\"x1i10hfl xjbqb8w x6umtig x1b1mbwd xaqea5y xav7gou x9f619 x1ypdohk xt0psk2 xe8uvvx xdj266r x11i5rnm xat24cr x1mh8g0r xexx8yu x4uap5 x18d9i69 xkhd6sd x16tdsg8 x1hl2dhg xggy1nq x1a2a7pz xt0b8zv x1fey0fg\" tabindex=\"0\" role=\"link\" href=\"https:\/\/api.whatsapp.com\/send?phone=%2B223%2079%2009%2063%2036&amp;text=Lien%C2%A0%3A%0D%0Ahttps%3A%2F%2Ffb.me%2FrlTYHBYZb%0D%0A%0D%0AJ%E2%80%99ai%20vu%20ceci%20sur%20Facebook...&amp;icebreaker=J%E2%80%99ai%20vu%20ceci%20sur%20Facebook...&amp;context=AWA4CQpSOy47Y9XSQfnLaSGmS-3GCkij0ApQ3_yIesU-mZkqzyyqpW65qZpWDjsg9ngFfMT5xnfeZoAL4NFOFtACmGXzaChBVLELnB8PacbejgshJd_McTahoIrxFNoKoO9cnSrOEZBK1ZlNCFLD31Np-x2O2kninbG2aVKRJwX-muVuR35shq1rqC6V9EFKsxBqGp44W8MokNANjwUvzq-1kB9SBCqmJjCbTQs3ttypniY3VASdlOnDBAuStCaWZkNPUezx63KRFWrEN8sZkw1A4t97xyAbzbcbPeqB2xSKMlFhdamsRiW0vO_-L3Fc_8JKhMKueADhjXSuDdyreRwUleYtwIVA59fB_dSYQCkOeMmXcMiX90bC7NuQZoBgNxSCFiiqE4G9pcIMeE4tD90VnzmlIMgyiIdRuSmEDZ4a4_o&amp;source_url=https%3A%2F%2Ffb.me%2FrlTYHBYZb&amp;fbclid=IwAR1AZo7j_bKjrV_h4-1AJ8zTVfnxUygZRARqrlAToXuhDLKzNoal5HBOveA\" target=\"_blank\" rel=\"nofollow noopener\">79 09 63 36<\/a><\/span>.<\/p>\n<div style=\"display:flex; gap:10px;justify-content:center\" class=\"wps-pgfw-pdf-generate-icon__wrapper-frontend\">\n\t\t<a  href=\"https:\/\/ikasougou.com\/ikasounkalo\/wp-json\/wp\/v2\/product\/719?action=genpdf&amp;id=719\" class=\"pgfw-single-pdf-download-button\" ><img src=\"https:\/\/ikasougou.com\/ikasounkalo\/wp-content\/plugins\/pdf-generator-for-wp\/admin\/src\/images\/PDF_Tray.svg\" title=\"G\u00e9n\u00e9rer un PDF\" style=\"width:auto; height:45px;\"><\/a>\n\t\t<\/div>","protected":false},"excerpt":{"rendered":"<p>Offrez en cadeau ce Mini coffret rectangulaire (4 000 FCFA), id\u00e9al comme cadeau, compos\u00e9 d&#8217;un chapelet manuel et d&#8217;un chapelet num\u00e9rique. Plus d&#8217;information sur WhatsApp au 79 09 63 36.<\/p>\n","protected":false},"featured_media":713,"comment_status":"open","ping_status":"closed","template":"","meta":{"jetpack_publicize_message":"Mini coffret rectangulaire Violet","jetpack_publicize_feature_enabled":true,"jetpack_social_post_already_shared":true,"jetpack_social_options":{"image_generator_settings":{"template":"highway","default_image_id":0,"font":"","enabled":false},"version":2}},"product_brand":[],"product_cat":[19],"product_tag":[25,43,121,35,199,26],"class_list":{"0":"post-719","1":"product","2":"type-product","3":"status-publish","4":"has-post-thumbnail","6":"product_cat-ika-sali-minen","7":"product_tag-bamako","8":"product_tag-chapelet","9":"product_tag-chapelet-numerique","10":"product_tag-ikasounkalo","11":"product_tag-mini-coffret-rectangulaire","12":"product_tag-ramadan","14":"first","15":"instock","16":"shipping-taxable","17":"purchasable","18":"product-type-simple"},"ams_default_variation_id":0,"ams_product_points_reward":[],"ams_product_discount_percentage":0,"ams_price_to_display":4000,"aioseo_notices":[],"ams_acf":[],"jetpack_publicize_connections":[],"jetpack-related-posts":[],"jetpack_sharing_enabled":true,"jetpack_likes_enabled":true,"_links":{"self":[{"href":"https:\/\/ikasougou.com\/ikasounkalo\/wp-json\/wp\/v2\/product\/719","targetHints":{"allow":["GET"]}}],"collection":[{"href":"https:\/\/ikasougou.com\/ikasounkalo\/wp-json\/wp\/v2\/product"}],"about":[{"href":"https:\/\/ikasougou.com\/ikasounkalo\/wp-json\/wp\/v2\/types\/product"}],"replies":[{"embeddable":true,"href":"https:\/\/ikasougou.com\/ikasounkalo\/wp-json\/wp\/v2\/comments?post=719"}],"wp:featuredmedia":[{"embeddable":true,"href":"https:\/\/ikasougou.com\/ikasounkalo\/wp-json\/wp\/v2\/media\/713"}],"wp:attachment":[{"href":"https:\/\/ikasougou.com\/ikasounkalo\/wp-json\/wp\/v2\/media?parent=719"}],"wp:term":[{"taxonomy":"product_brand","embeddable":true,"href":"https:\/\/ikasougou.com\/ikasounkalo\/wp-json\/wp\/v2\/product_brand?post=719"},{"taxonomy":"product_cat","embeddable":true,"href":"https:\/\/ikasougou.com\/ikasounkalo\/wp-json\/wp\/v2\/product_cat?post=719"},{"taxonomy":"product_tag","embeddable":true,"href":"https:\/\/ikasougou.com\/ikasounkalo\/wp-json\/wp\/v2\/product_tag?post=719"}],"curies":[{"name":"wp","href":"https:\/\/api.w.org\/{rel}","templated":true}]}}