{"id":730,"date":"2023-02-28T18:17:41","date_gmt":"2023-02-28T17:17:41","guid":{"rendered":"https:\/\/ikasougou.com\/ikasounkalo\/?post_type=product&#038;p=730"},"modified":"2023-02-28T18:17:42","modified_gmt":"2023-02-28T17:17:42","slug":"coffret-de-coran-de-poche-et-chapelet","status":"publish","type":"product","link":"https:\/\/ikasougou.com\/ikasounkalo\/produit\/coffret-de-coran-de-poche-et-chapelet\/","title":{"rendered":"Coffret de Coran de poche et chapelet"},"content":{"rendered":"<p>Salam chers Clients, d\u00e9couvrez ce coffret dans lequel vous avez un mini Coran complet ainsi deux chapelets num\u00e9rique et traditionnel. Ce coffret est id\u00e9al pour des personnes qui aiment avoir avec elles un Coran avec eux partout que ce soit pendant leurs voyages, pendant leurs courses ou dans leurs bureaux . Plus d&#8217;informations sur Whatsapp au <span dir=\"ltr\"><i class=\"x1b0d499 x1vv9jnp xahult9\" data-visualcompletion=\"css-img\"><\/i><a class=\"x1i10hfl xjbqb8w x6umtig x1b1mbwd xaqea5y xav7gou x9f619 x1ypdohk xt0psk2 xe8uvvx xdj266r x11i5rnm xat24cr x1mh8g0r xexx8yu x4uap5 x18d9i69 xkhd6sd x16tdsg8 x1hl2dhg xggy1nq x1a2a7pz xt0b8zv x1fey0fg\" tabindex=\"0\" role=\"link\" href=\"https:\/\/l.facebook.com\/l.php?u=https%3A%2F%2Fapi.whatsapp.com%2Fsend%3Fphone%3D22379096336%26text%3DLien%25C2%25A0%253A%250D%250Ahttps%253A%252F%252Ffb.me%252F5wSNGJ03o%250D%250A%250D%250AJ%25E2%2580%2599ai%2520vu%2520ceci%2520sur%2520Facebook...%26icebreaker%3DJ%25E2%2580%2599ai%2520vu%2520ceci%2520sur%2520Facebook...%26context%3DAWCMAI35q2FV2qPj1sv38xesBhPsTCT4ZaP33PLIgRNfxkh7pNt5MrALWXuGfp5lJwLd3wZLeF8T2lEcW-D_lN-24QT_pHwTVP2ArsxyV5MMMlYdBpuApZWAWeNHsU9rKUIhiepvBBv4s04NIQAjyPA4CcA-Nvw8-8WWJGcxPRVmhcP07cA6t6dX458dik2yrlXNLmE6wvGZgH8PJhceSadogOH51Fj-83J5PbF2E9PGHyylFBk_rpatNLQlP5YOFDPiHvQe_CrDBPi1-NwYErO3AsYGICOi8xLGekKUIctvhyloZKCNEy1Hnxd0DXGAyehRFi9acVN2Fc5GFQM3dXZgKoc5suYAIylznONk44H4HsbG8b12BHHRLO9ea_lyRIDDDDBIBhWrxTGDcQrik1CK9u0IktdHvzz6FP8GGOubmpo%26source_url%3Dhttps%253A%252F%252Ffb.me%252F5wSNGJ03o%26fbclid%3DIwAR3L2nruNx9eQrd9gcg6ZulLDeUXzYqJ6gMQuy3fhARIf9J3o6XDxv0v_Z4&amp;h=AT2SlGvGgJaQWsjvssZQubqEy1kIsRKjC2oWyjg5FmswBbBuSlnv3_k8KjmHAT4-OYXaVgSXTfW-_fvwBG744qxkBIjPC68RT5yxf5caMNNhA4s4CwQgt_IOzXuVyHQSoMlXOAPa0sk&amp;__tn__=-UK-R&amp;c[0]=AT00G9Xfxpr54vcNmLDZ3XLhiI_6npZJAhs4FlFcnVXTMMpaa_C5QH74LgjrqhmLSp4550-ZGhLn3huWLA16ERbeAIokGqufp7Rda-D-aXdsqNO7_D7c-Vr5VlErLnsXgYsGDFg0IVh87lZXBKYKEx6PRNLY6HKGscoHyYZuNBwBXWszyNPEr-MBB50oqZptARgtndMa1dxIX6t739pzZ2Xh\" target=\"_blank\" rel=\"nofollow noopener\">79 09 63 36<\/a><\/span>.<\/p>\n<p><img data-recalc-dims=\"1\" loading=\"lazy\" decoding=\"async\" class=\"alignnone size-medium wp-image-732\" src=\"https:\/\/i0.wp.com\/ikasougou.com\/ikasounkalo\/wp-content\/uploads\/sites\/87\/2023\/02\/coffret-de-poche-coran-2023-02-20-16.39.png?resize=533%2C400&#038;ssl=1\" alt=\"\" width=\"533\" height=\"400\" srcset=\"https:\/\/i0.wp.com\/ikasougou.com\/ikasounkalo\/wp-content\/uploads\/sites\/87\/2023\/02\/coffret-de-poche-coran-2023-02-20-16.39.png?resize=533%2C400&amp;ssl=1 533w, https:\/\/i0.wp.com\/ikasougou.com\/ikasounkalo\/wp-content\/uploads\/sites\/87\/2023\/02\/coffret-de-poche-coran-2023-02-20-16.39.png?resize=1067%2C800&amp;ssl=1 1067w, https:\/\/i0.wp.com\/ikasougou.com\/ikasounkalo\/wp-content\/uploads\/sites\/87\/2023\/02\/coffret-de-poche-coran-2023-02-20-16.39.png?resize=768%2C576&amp;ssl=1 768w, https:\/\/i0.wp.com\/ikasougou.com\/ikasounkalo\/wp-content\/uploads\/sites\/87\/2023\/02\/coffret-de-poche-coran-2023-02-20-16.39.png?resize=510%2C383&amp;ssl=1 510w, https:\/\/i0.wp.com\/ikasougou.com\/ikasounkalo\/wp-content\/uploads\/sites\/87\/2023\/02\/coffret-de-poche-coran-2023-02-20-16.39.png?w=1280&amp;ssl=1 1280w\" sizes=\"auto, (max-width: 533px) 100vw, 533px\" \/> <img data-recalc-dims=\"1\" loading=\"lazy\" decoding=\"async\" class=\"alignnone size-medium wp-image-731\" src=\"https:\/\/i0.wp.com\/ikasougou.com\/ikasounkalo\/wp-content\/uploads\/sites\/87\/2023\/02\/2023-02-20-16.39.png?resize=533%2C400&#038;ssl=1\" alt=\"\" width=\"533\" height=\"400\" srcset=\"https:\/\/i0.wp.com\/ikasougou.com\/ikasounkalo\/wp-content\/uploads\/sites\/87\/2023\/02\/2023-02-20-16.39.png?resize=533%2C400&amp;ssl=1 533w, https:\/\/i0.wp.com\/ikasougou.com\/ikasounkalo\/wp-content\/uploads\/sites\/87\/2023\/02\/2023-02-20-16.39.png?resize=1067%2C800&amp;ssl=1 1067w, https:\/\/i0.wp.com\/ikasougou.com\/ikasounkalo\/wp-content\/uploads\/sites\/87\/2023\/02\/2023-02-20-16.39.png?resize=768%2C576&amp;ssl=1 768w, https:\/\/i0.wp.com\/ikasougou.com\/ikasounkalo\/wp-content\/uploads\/sites\/87\/2023\/02\/2023-02-20-16.39.png?resize=510%2C383&amp;ssl=1 510w, https:\/\/i0.wp.com\/ikasougou.com\/ikasounkalo\/wp-content\/uploads\/sites\/87\/2023\/02\/2023-02-20-16.39.png?w=1280&amp;ssl=1 1280w\" sizes=\"auto, (max-width: 533px) 100vw, 533px\" \/><\/p>\n<div style=\"display:flex; gap:10px;justify-content:center\" class=\"wps-pgfw-pdf-generate-icon__wrapper-frontend\">\n\t\t<a  href=\"https:\/\/ikasougou.com\/ikasounkalo\/wp-json\/wp\/v2\/product\/730?action=genpdf&amp;id=730\" class=\"pgfw-single-pdf-download-button\" ><img src=\"https:\/\/ikasougou.com\/ikasounkalo\/wp-content\/plugins\/pdf-generator-for-wp\/admin\/src\/images\/PDF_Tray.svg\" title=\"G\u00e9n\u00e9rer un PDF\" style=\"width:auto; height:45px;\"><\/a>\n\t\t<\/div>","protected":false},"excerpt":{"rendered":"<p>Salam chers Clients, d\u00e9couvrez ce coffret dans lequel vous avez un mini Coran complet ainsi deux chapelets num\u00e9rique et traditionnel. Ce coffret est id\u00e9al pour des personnes qui aiment avoir avec elles un Coran avec eux partout que ce soit pendant leurs voyages, pendant leurs courses ou dans leurs bureaux . Plus d&#8217;informations sur Whatsapp [&#8230;]\n","protected":false},"featured_media":731,"comment_status":"open","ping_status":"closed","template":"","meta":{"jetpack_publicize_message":"","jetpack_publicize_feature_enabled":true,"jetpack_social_post_already_shared":true,"jetpack_social_options":{"image_generator_settings":{"template":"highway","default_image_id":0,"font":"","enabled":false},"version":2}},"product_brand":[],"product_cat":[19],"product_tag":[45,202],"class_list":{"0":"post-730","1":"product","2":"type-product","3":"status-publish","4":"has-post-thumbnail","6":"product_cat-ika-sali-minen","7":"product_tag-coran","8":"product_tag-top-produits","10":"first","11":"instock","12":"shipping-taxable","13":"purchasable","14":"product-type-simple"},"ams_default_variation_id":0,"ams_product_points_reward":[],"ams_product_discount_percentage":0,"ams_price_to_display":7000,"aioseo_notices":[],"ams_acf":[],"jetpack_publicize_connections":[],"jetpack-related-posts":[],"jetpack_sharing_enabled":true,"jetpack_likes_enabled":true,"_links":{"self":[{"href":"https:\/\/ikasougou.com\/ikasounkalo\/wp-json\/wp\/v2\/product\/730","targetHints":{"allow":["GET"]}}],"collection":[{"href":"https:\/\/ikasougou.com\/ikasounkalo\/wp-json\/wp\/v2\/product"}],"about":[{"href":"https:\/\/ikasougou.com\/ikasounkalo\/wp-json\/wp\/v2\/types\/product"}],"replies":[{"embeddable":true,"href":"https:\/\/ikasougou.com\/ikasounkalo\/wp-json\/wp\/v2\/comments?post=730"}],"wp:featuredmedia":[{"embeddable":true,"href":"https:\/\/ikasougou.com\/ikasounkalo\/wp-json\/wp\/v2\/media\/731"}],"wp:attachment":[{"href":"https:\/\/ikasougou.com\/ikasounkalo\/wp-json\/wp\/v2\/media?parent=730"}],"wp:term":[{"taxonomy":"product_brand","embeddable":true,"href":"https:\/\/ikasougou.com\/ikasounkalo\/wp-json\/wp\/v2\/product_brand?post=730"},{"taxonomy":"product_cat","embeddable":true,"href":"https:\/\/ikasougou.com\/ikasounkalo\/wp-json\/wp\/v2\/product_cat?post=730"},{"taxonomy":"product_tag","embeddable":true,"href":"https:\/\/ikasougou.com\/ikasounkalo\/wp-json\/wp\/v2\/product_tag?post=730"}],"curies":[{"name":"wp","href":"https:\/\/api.w.org\/{rel}","templated":true}]}}