{"id":763,"date":"2023-03-06T15:11:29","date_gmt":"2023-03-06T14:11:29","guid":{"rendered":"http:\/\/ikasougou.com\/ikasounkalo\/sample-product\/poisson-machoiron-1kg-ou-1-carton\/"},"modified":"2023-03-06T15:11:30","modified_gmt":"2023-03-06T14:11:30","slug":"poisson-machoiron-1kg-ou-1-carton","status":"publish","type":"product","link":"https:\/\/ikasougou.com\/ikasounkalo\/produit\/poisson-machoiron-1kg-ou-1-carton\/","title":{"rendered":"Poisson Machoiron (1KG ou 1 Carton)"},"content":{"rendered":"<p>Le poisson Machoiron est un poisson sans \u00e9cailles, bien charnu et qui est facile \u00e0 cuisin\u00e9. Il est tr\u00e8s bon en soupe et s\u2019adapte bien \u00e0 nos sauces africaines. Il peut \u00eatre fum\u00e9, grill\u00e9, s\u00e9ch\u00e9, frit\u2026<\/p>\n<p><img data-recalc-dims=\"1\" loading=\"lazy\" decoding=\"async\" class=\"alignnone size-medium wp-image-764\" src=\"https:\/\/i0.wp.com\/ikasougou.com\/ikasounkalo\/wp-content\/uploads\/sites\/87\/2023\/03\/07_IMG_20230121_134355.png?resize=300%2C300&#038;ssl=1\" alt=\"\" width=\"300\" height=\"300\" \/><\/p>\n<div style=\"display:flex; gap:10px;justify-content:center\" class=\"wps-pgfw-pdf-generate-icon__wrapper-frontend\">\n\t\t<a  href=\"https:\/\/ikasougou.com\/ikasounkalo\/wp-json\/wp\/v2\/product\/763?action=genpdf&amp;id=763\" class=\"pgfw-single-pdf-download-button\" ><img src=\"https:\/\/ikasougou.com\/ikasounkalo\/wp-content\/plugins\/pdf-generator-for-wp\/admin\/src\/images\/PDF_Tray.svg\" title=\"G\u00e9n\u00e9rer un PDF\" style=\"width:auto; height:45px;\"><\/a>\n\t\t<\/div>","protected":false},"excerpt":{"rendered":"<p>Le poisson Machoiron est un poisson sans \u00e9cailles, bien charnu et qui est facile \u00e0 cuisin\u00e9. Il est tr\u00e8s bon en soupe et s\u2019adapte bien \u00e0 nos sauces africaines. Il peut \u00eatre fum\u00e9, grill\u00e9, s\u00e9ch\u00e9, frit\u2026<\/p>\n","protected":false},"featured_media":764,"comment_status":"open","ping_status":"closed","template":"","meta":{"jetpack_publicize_message":"","jetpack_publicize_feature_enabled":true,"jetpack_social_post_already_shared":true,"jetpack_social_options":{"image_generator_settings":{"template":"highway","default_image_id":0,"font":"","enabled":false},"version":2}},"product_brand":[],"product_cat":[207,16],"product_tag":[203,208,205,210,148,211,209,206],"class_list":{"0":"post-763","1":"product","2":"type-product","3":"status-publish","4":"has-post-thumbnail","6":"product_cat-poissons","7":"product_cat-alimentaires","8":"product_tag-alimentaire","9":"product_tag-bestpoissons","10":"product_tag-dejeuner","11":"product_tag-diner","12":"product_tag-famille","13":"product_tag-plat","14":"product_tag-poissons","15":"product_tag-repas","17":"first","18":"instock","19":"shipping-taxable","20":"purchasable","21":"product-type-simple"},"ams_default_variation_id":0,"ams_product_points_reward":[],"ams_product_discount_percentage":0,"ams_price_to_display":1700,"aioseo_notices":[],"ams_acf":[],"jetpack_publicize_connections":[],"jetpack-related-posts":[],"jetpack_sharing_enabled":true,"jetpack_likes_enabled":true,"_links":{"self":[{"href":"https:\/\/ikasougou.com\/ikasounkalo\/wp-json\/wp\/v2\/product\/763","targetHints":{"allow":["GET"]}}],"collection":[{"href":"https:\/\/ikasougou.com\/ikasounkalo\/wp-json\/wp\/v2\/product"}],"about":[{"href":"https:\/\/ikasougou.com\/ikasounkalo\/wp-json\/wp\/v2\/types\/product"}],"replies":[{"embeddable":true,"href":"https:\/\/ikasougou.com\/ikasounkalo\/wp-json\/wp\/v2\/comments?post=763"}],"wp:featuredmedia":[{"embeddable":true,"href":"https:\/\/ikasougou.com\/ikasounkalo\/wp-json\/wp\/v2\/media\/764"}],"wp:attachment":[{"href":"https:\/\/ikasougou.com\/ikasounkalo\/wp-json\/wp\/v2\/media?parent=763"}],"wp:term":[{"taxonomy":"product_brand","embeddable":true,"href":"https:\/\/ikasougou.com\/ikasounkalo\/wp-json\/wp\/v2\/product_brand?post=763"},{"taxonomy":"product_cat","embeddable":true,"href":"https:\/\/ikasougou.com\/ikasounkalo\/wp-json\/wp\/v2\/product_cat?post=763"},{"taxonomy":"product_tag","embeddable":true,"href":"https:\/\/ikasougou.com\/ikasounkalo\/wp-json\/wp\/v2\/product_tag?post=763"}],"curies":[{"name":"wp","href":"https:\/\/api.w.org\/{rel}","templated":true}]}}