{"id":795,"date":"2023-03-18T16:42:49","date_gmt":"2023-03-18T15:42:49","guid":{"rendered":"https:\/\/ikasougou.com\/ikasounkalo\/?post_type=product&#038;p=795"},"modified":"2023-03-19T22:30:06","modified_gmt":"2023-03-19T21:30:06","slug":"sac-islamique-noir","status":"publish","type":"product","link":"https:\/\/ikasougou.com\/ikasounkalo\/produit\/sac-islamique-noir\/","title":{"rendered":"Sac Islamique Noir"},"content":{"rendered":"<p>Tapis de pri\u00e8re avec son sac de rangement accompagn\u00e9 d&#8217;un chapelet et d&#8217;un extrait de Coran (10 000 FCFA) . Un design chic, vous offrant un plaisir visuel merveilleux. Id\u00e9al pour vos pri\u00e8res du vendredi, ou en cadeau pour vos a\u00een\u00e9s. Plus d&#8217;informations au +223<span dir=\"ltr\"><a class=\"x1i10hfl xjbqb8w x6umtig x1b1mbwd xaqea5y xav7gou x9f619 x1ypdohk xt0psk2 xe8uvvx xdj266r x11i5rnm xat24cr x1mh8g0r xexx8yu x4uap5 x18d9i69 xkhd6sd x16tdsg8 x1hl2dhg xggy1nq x1a2a7pz xt0b8zv x1fey0fg\" tabindex=\"0\" role=\"link\" href=\"https:\/\/api.whatsapp.com\/send?phone=79%2009%2063%2036&amp;text=Lien%C2%A0%3A%0D%0Ahttps%3A%2F%2Ffb.me%2FfEui38ybC%0D%0A%0D%0AJ%E2%80%99ai%20vu%20ceci%20sur%20Facebook...&amp;icebreaker=J%E2%80%99ai%20vu%20ceci%20sur%20Facebook...&amp;context=AWC-15ZTeBtJzbK2X0GVoPto_wvVlQzjH1kq6vcTWktNEj7Nx7rFNO5MF6_ldpwmVKzhL-DgVMh62HHtBO9LS2s-DP6teCHRyCeUMSdeekUTMnHdKH1UZn-fWH0b5MgTjxu8ePlxGGG223FJSU0QttALwcL3FM4po1Mpr381niv5hyt8fVsWKBerCSBIXJMcjD3PPNPMHSIIxeH-yoRW-LT7OdzMKNcdxfSZKzvqYlDK6voHomQL1R4RXYVVbcEhhy8TABMRxKVkhgxJ6E-AikucHoJriMrsi30-SN-B1mjMFoR-IfyZD-w9__BL32MsTLxh98yjUdrqNAfOC5d_4H-Xd0MWZgLH-_MR27-rjiZcmr6DbG7NpxMCfm0n6mEZwkbTITXtPQgcgIU5VQYrNjDpMxN6uOPMirEp5rJPdFtd6sI&amp;source_url=https%3A%2F%2Ffb.me%2FfEui38ybC&amp;fbclid=IwAR0dE0YyVUGE0tmlFsSQABJRJpkZWvx7pdXu2ZdvU8cwBuZ-XtgV_lYZzu4\" target=\"_blank\" rel=\"nofollow noopener\">79 09 63 36<\/a><\/span> .<\/p>\n<div style=\"display:flex; gap:10px;justify-content:center\" class=\"wps-pgfw-pdf-generate-icon__wrapper-frontend\">\n\t\t<a  href=\"https:\/\/ikasougou.com\/ikasounkalo\/wp-json\/wp\/v2\/product\/795?action=genpdf&amp;id=795\" class=\"pgfw-single-pdf-download-button\" ><img src=\"https:\/\/ikasougou.com\/ikasounkalo\/wp-content\/plugins\/pdf-generator-for-wp\/admin\/src\/images\/PDF_Tray.svg\" title=\"G\u00e9n\u00e9rer un PDF\" style=\"width:auto; height:45px;\"><\/a>\n\t\t<\/div>","protected":false},"excerpt":{"rendered":"<p>Tapis de pri\u00e8re avec son sac de rangement accompagn\u00e9 d&#8217;un chapelet et d&#8217;un extrait de Coran (10 000 FCFA) . Un design chic, vous offrant un plaisir visuel merveilleux. Id\u00e9al pour vos pri\u00e8res du vendredi, ou en cadeau pour vos a\u00een\u00e9s. Plus d&#8217;informations au +22379 09 63 36 .<\/p>\n","protected":false},"featured_media":797,"comment_status":"open","ping_status":"closed","template":"","meta":{"jetpack_publicize_message":"","jetpack_publicize_feature_enabled":true,"jetpack_social_post_already_shared":true,"jetpack_social_options":{"image_generator_settings":{"template":"highway","default_image_id":0,"font":"","enabled":false},"version":2}},"product_brand":[],"product_cat":[19],"product_tag":[201],"class_list":{"0":"post-795","1":"product","2":"type-product","3":"status-publish","4":"has-post-thumbnail","6":"product_cat-ika-sali-minen","7":"product_tag-bestreligieux","9":"first","10":"instock","11":"shipping-taxable","12":"purchasable","13":"product-type-simple"},"ams_default_variation_id":0,"ams_product_points_reward":[],"ams_product_discount_percentage":0,"ams_price_to_display":10000,"aioseo_notices":[],"ams_acf":[],"jetpack_publicize_connections":[],"jetpack-related-posts":[],"jetpack_sharing_enabled":true,"jetpack_likes_enabled":true,"_links":{"self":[{"href":"https:\/\/ikasougou.com\/ikasounkalo\/wp-json\/wp\/v2\/product\/795","targetHints":{"allow":["GET"]}}],"collection":[{"href":"https:\/\/ikasougou.com\/ikasounkalo\/wp-json\/wp\/v2\/product"}],"about":[{"href":"https:\/\/ikasougou.com\/ikasounkalo\/wp-json\/wp\/v2\/types\/product"}],"replies":[{"embeddable":true,"href":"https:\/\/ikasougou.com\/ikasounkalo\/wp-json\/wp\/v2\/comments?post=795"}],"wp:featuredmedia":[{"embeddable":true,"href":"https:\/\/ikasougou.com\/ikasounkalo\/wp-json\/wp\/v2\/media\/797"}],"wp:attachment":[{"href":"https:\/\/ikasougou.com\/ikasounkalo\/wp-json\/wp\/v2\/media?parent=795"}],"wp:term":[{"taxonomy":"product_brand","embeddable":true,"href":"https:\/\/ikasougou.com\/ikasounkalo\/wp-json\/wp\/v2\/product_brand?post=795"},{"taxonomy":"product_cat","embeddable":true,"href":"https:\/\/ikasougou.com\/ikasounkalo\/wp-json\/wp\/v2\/product_cat?post=795"},{"taxonomy":"product_tag","embeddable":true,"href":"https:\/\/ikasougou.com\/ikasounkalo\/wp-json\/wp\/v2\/product_tag?post=795"}],"curies":[{"name":"wp","href":"https:\/\/api.w.org\/{rel}","templated":true}]}}