{"id":1124,"date":"2021-10-14T17:32:41","date_gmt":"2021-10-14T15:32:41","guid":{"rendered":"https:\/\/ikasougou.com\/kofaisani\/?post_type=product&#038;p=1124"},"modified":"2022-03-01T12:58:31","modified_gmt":"2022-03-01T12:58:31","slug":"montre-intelligent-avec-ecran-tactile-sur-commande-et-livre-en-1-mois","status":"publish","type":"product","link":"https:\/\/ikasougou.com\/kofaisani\/produit\/montre-intelligent-avec-ecran-tactile-sur-commande-et-livre-en-1-mois\/","title":{"rendered":"Montre Intelligent avec \u00c9cran Tactile (Sur Commande et Livr\u00e9 en 1 Mois)"},"content":{"rendered":"<p>D\u00e9couvrez cette montre intelligente pour hommes id\u00e9ales pour le Sport disposant du Bluetooth, d&#8217;un cam\u00e9ra,\u00a0 avec un support SD (pour carte m\u00e9moire ) et d&#8217;un support Sim pour\u00a0 passer recevoir les appels et avec les applications pour les r\u00e9seaux sociaux .Veuillez s\u00e9lectionner la date qui vous conviennes.<\/p>\n<p><img data-recalc-dims=\"1\" loading=\"lazy\" decoding=\"async\" class=\"size-medium wp-image-16981 alignnone\" src=\"https:\/\/i0.wp.com\/ikasougou.com\/ishop\/wp-content\/uploads\/sites\/60\/2019\/11\/smart-watch1-442x400.jpg?resize=442%2C400&#038;ssl=1\" alt=\"\" width=\"442\" height=\"400\" \/><img data-recalc-dims=\"1\" loading=\"lazy\" decoding=\"async\" class=\"alignnone size-medium wp-image-16996\" src=\"https:\/\/i0.wp.com\/ikasougou.com\/wp-content\/uploads\/2019\/11\/smartwatch01-300x300.jpg?resize=300%2C300&#038;ssl=1\" alt=\"\" width=\"300\" height=\"300\" \/><\/p>\n<p><strong>Fonction principale:<\/strong><\/p>\n<ul>\n<li>Montre intelligente multifonction: composer par carte SIM ou Bluetooth, podom\u00e8tre, calcul des Calories, rappel s\u00e9dentaire, surveillance du sommeil, rappel de Message (\u00e0 partir du texte, du t\u00e9l\u00e9phone et d&#8217;autres notifications d&#8217;application), contr\u00f4leurs de cam\u00e9ra, lecteurs de musique, r\u00e9veil, Anti-perte, enregistreur vocal et ainsi de suite. Une fois que vous utiliserez une montre intelligente, cette montre Bluetooth vous rendra la vie plus facile et plus pratique.<\/li>\n<\/ul>\n<p><img data-recalc-dims=\"1\" loading=\"lazy\" decoding=\"async\" class=\"alignnone size-medium wp-image-16982\" src=\"https:\/\/i0.wp.com\/ikasougou.com\/ishop\/wp-content\/uploads\/sites\/60\/2019\/11\/smart-watch2.jpg?resize=605%2C307&#038;ssl=1\" alt=\"\" width=\"605\" height=\"307\" \/> <img data-recalc-dims=\"1\" loading=\"lazy\" decoding=\"async\" class=\"alignnone size-medium wp-image-16983\" src=\"https:\/\/i0.wp.com\/ikasougou.com\/ishop\/wp-content\/uploads\/sites\/60\/2019\/11\/smart-watch3.jpg?resize=677%2C348&#038;ssl=1\" alt=\"\" width=\"677\" height=\"348\" \/><\/p>\n<ul>\n<li>Batterie longue dur\u00e9e: plus de capacit\u00e9, plus de r\u00e9sistance. La charge compl\u00e8te ne n\u00e9cessite qu&#8217;une demi-heure environ et le temps de veille peut aller jusqu&#8217;\u00e0 5-7 jours avec pleine puissance.<\/li>\n<\/ul>\n<p><img data-recalc-dims=\"1\" loading=\"lazy\" decoding=\"async\" class=\"alignnone size-medium wp-image-16984\" src=\"https:\/\/i0.wp.com\/ikasougou.com\/ishop\/wp-content\/uploads\/sites\/60\/2019\/11\/smart-watch5.jpg?resize=584%2C174&#038;ssl=1\" alt=\"\" width=\"584\" height=\"174\" \/><\/p>\n<ul>\n<li>Compatibilit\u00e9 large et connexion Stable: la montre intelligente adopte la technologie Bluetooth V3.0 pour connecter votre t\u00e9l\u00e9phone. La gamme de connexion jusqu&#8217;\u00e0 33ft garantit un faible retard de signal.<\/li>\n<\/ul>\n<p><img data-recalc-dims=\"1\" loading=\"lazy\" decoding=\"async\" class=\"alignnone size-medium wp-image-16985\" src=\"https:\/\/i0.wp.com\/ikasougou.com\/ishop\/wp-content\/uploads\/sites\/60\/2019\/11\/smart-watch6.jpg?resize=600%2C305&#038;ssl=1\" alt=\"\" width=\"600\" height=\"305\" \/><\/p>\n<ul>\n<li>Montre intelligente Bluetooth confortable et Durable: surface en acier inoxydable, processus de stratification de pr\u00e9cision, bracelet de montre mat\u00e9riel Nano TPU85, finition mate anti-transpiration, conception convexe ergonomique et bracelet souple qui rendent le port plus confortable. Conception imperm\u00e9able Unique, bonne pour l&#8217;activit\u00e9 ext\u00e9rieure. Et la montre intelligente \u00e9galement \u00e9quip\u00e9e d&#8217;un \u00e9cran tactile capacitif 1.22 &#8220;IPS LCD 2.5D radian, avec une r\u00e9solution de 240*240 pixels, rend l&#8217;\u00e9cran clair et lumineux.<\/li>\n<\/ul>\n<p><img data-recalc-dims=\"1\" loading=\"lazy\" decoding=\"async\" class=\"alignnone size-medium wp-image-16986\" src=\"https:\/\/i0.wp.com\/ikasougou.com\/ishop\/wp-content\/uploads\/sites\/60\/2019\/11\/smart-watch7.jpg?resize=601%2C305&#038;ssl=1\" alt=\"\" width=\"601\" height=\"305\" \/><\/p>\n<p><strong>Sp\u00e9cification:<\/strong><\/p>\n<ul>\n<li>CPU (m\u00e9moire en cours d&#8217;ex\u00e9cution) MTK6261-D<\/li>\n<li>RAM\/ROM MTK6261 (int\u00e9gr\u00e9)-32 + 32 mo<\/li>\n<li>Carte m\u00e9moire prise en charge de la carte TF (MAX 32 GB)<\/li>\n<li>2G GSM 850\/900\/1800\/1900 MHz<\/li>\n<li>Cam\u00e9ra 0.3 MP<\/li>\n<li>Taille de l&#8217;\u00e9cran 1.54 &#8221;\/1.52&#8221; LCD<\/li>\n<li>R\u00e9solution 240*240 pixels<\/li>\n<\/ul>\n<p><img data-recalc-dims=\"1\" loading=\"lazy\" decoding=\"async\" class=\"alignnone size-medium wp-image-16987\" src=\"https:\/\/i0.wp.com\/ikasougou.com\/ishop\/wp-content\/uploads\/sites\/60\/2019\/11\/smart-watch4-561x400.jpg?resize=561%2C400&#038;ssl=1\" alt=\"\" width=\"561\" height=\"400\" \/><\/p>\n<ul>\n<li>\u00c9cran tactile capacitif d&#8217;\u00e9cran tactile<\/li>\n<li>Microphone de soutien de divertissement, p\u00e9dom\u00e8tres, cam\u00e9ras, pr\u00e9venir les microphones lostsupport, p\u00e9dom\u00e8tres, cam\u00e9ras, pr\u00e9venir la perte<\/li>\n<li>Ajouter l&#8217;annuaire t\u00e9l\u00e9phonique de fonction, rappel d&#8217;appel<\/li>\n<li>Fonction poussoir WeChat, informations, etc.<\/li>\n<li>Bluetooth BT Ver 3.0<\/li>\n<li>Appel t\u00e9l\u00e9phonique prend en charge le r\u00e9seau 2G<\/li>\n<li>Interface micro USB e\/s, casque USB, emplacement pour carte TF, emplacement pour carte SIM<\/li>\n<li>Adaptateur DC5V\/2A (Port Micro USB)<\/li>\n<li>Capacit\u00e9 de la batterie batterie Li-ion 3.7 V\/380 mah<\/li>\n<li>Temps de veille 4.5 jours<\/li>\n<li>Mat\u00e9riau alliage de Zinc + unit\u00e9 centrale<\/li>\n<li>Langue de la montre: anglais allemand fran\u00e7ais italien Portugal espagne russie<\/li>\n<\/ul>\n<p><img data-recalc-dims=\"1\" loading=\"lazy\" decoding=\"async\" class=\"alignnone size-medium wp-image-16988\" src=\"https:\/\/i0.wp.com\/ikasougou.com\/ishop\/wp-content\/uploads\/sites\/60\/2019\/11\/smart-watch8.jpg?resize=616%2C247&#038;ssl=1\" alt=\"\" width=\"616\" height=\"247\" \/><img data-recalc-dims=\"1\" loading=\"lazy\" decoding=\"async\" class=\"alignnone size-medium wp-image-16989\" src=\"https:\/\/i0.wp.com\/ikasougou.com\/ishop\/wp-content\/uploads\/sites\/60\/2019\/11\/smart-watch-407x400.jpg?resize=407%2C400&#038;ssl=1\" alt=\"\" width=\"407\" height=\"400\" \/><\/p>\n<p>&nbsp;<\/p>\n<p>&nbsp;<\/p>\n<p>&nbsp;<\/p>\n<div style=\"display:flex; gap:10px;justify-content:center\" class=\"wps-pgfw-pdf-generate-icon__wrapper-frontend\">\n\t\t<a  href=\"https:\/\/ikasougou.com\/kofaisani\/wp-json\/wp\/v2\/product\/1124?action=genpdf&amp;id=1124\" class=\"pgfw-single-pdf-download-button\" ><img src=\"https:\/\/ikasougou.com\/kofaisani\/wp-content\/plugins\/pdf-generator-for-wp\/admin\/src\/images\/PDF_Tray.svg\" title=\"G\u00e9n\u00e9rer un PDF\" style=\"width:auto; height:45px;\"><\/a>\n\t\t<\/div>","protected":false},"excerpt":{"rendered":"<p>D\u00e9couvrez cette montre intelligente pour hommes id\u00e9ales pour le Sport disposant du Bluetooth, d&#8217;un cam\u00e9ra,\u00a0 avec un support SD (pour carte m\u00e9moire ) et d&#8217;un support Sim pour\u00a0 passer recevoir les appels et avec les applications pour les r\u00e9seaux sociaux .Veuillez s\u00e9lectionner la date qui vous conviennes. Fonction principale: Montre intelligente multifonction: composer par carte [&#8230;]\n","protected":false},"featured_media":1165,"comment_status":"open","ping_status":"closed","template":"","meta":{"jetpack_publicize_message":"","jetpack_publicize_feature_enabled":true,"jetpack_social_post_already_shared":true,"jetpack_social_options":{"image_generator_settings":{"template":"highway","default_image_id":0,"font":"","enabled":false},"version":2}},"product_brand":[],"product_cat":[38,82,78,83],"product_tag":[],"class_list":{"0":"post-1124","1":"product","2":"type-product","3":"status-publish","4":"has-post-thumbnail","6":"product_cat-high-tech","7":"product_cat-montre-intelligent","8":"product_cat-reservation","9":"product_cat-smart-watch","11":"first","12":"instock","13":"shipping-taxable","14":"purchasable","15":"product-type-simple"},"ams_default_variation_id":0,"ams_product_points_reward":[],"ams_product_discount_percentage":0,"ams_price_to_display":17500,"aioseo_notices":[],"ams_acf":[],"jetpack_publicize_connections":[],"jetpack_sharing_enabled":true,"jetpack_likes_enabled":true,"jetpack-related-posts":[],"_links":{"self":[{"href":"https:\/\/ikasougou.com\/kofaisani\/wp-json\/wp\/v2\/product\/1124","targetHints":{"allow":["GET"]}}],"collection":[{"href":"https:\/\/ikasougou.com\/kofaisani\/wp-json\/wp\/v2\/product"}],"about":[{"href":"https:\/\/ikasougou.com\/kofaisani\/wp-json\/wp\/v2\/types\/product"}],"replies":[{"embeddable":true,"href":"https:\/\/ikasougou.com\/kofaisani\/wp-json\/wp\/v2\/comments?post=1124"}],"wp:featuredmedia":[{"embeddable":true,"href":"https:\/\/ikasougou.com\/kofaisani\/wp-json\/wp\/v2\/media\/1165"}],"wp:attachment":[{"href":"https:\/\/ikasougou.com\/kofaisani\/wp-json\/wp\/v2\/media?parent=1124"}],"wp:term":[{"taxonomy":"product_brand","embeddable":true,"href":"https:\/\/ikasougou.com\/kofaisani\/wp-json\/wp\/v2\/product_brand?post=1124"},{"taxonomy":"product_cat","embeddable":true,"href":"https:\/\/ikasougou.com\/kofaisani\/wp-json\/wp\/v2\/product_cat?post=1124"},{"taxonomy":"product_tag","embeddable":true,"href":"https:\/\/ikasougou.com\/kofaisani\/wp-json\/wp\/v2\/product_tag?post=1124"}],"curies":[{"name":"wp","href":"https:\/\/api.w.org\/{rel}","templated":true}]}}