{"id":1125,"date":"2021-10-14T17:32:41","date_gmt":"2021-10-14T15:32:41","guid":{"rendered":"https:\/\/ikasougou.com\/kofaisani\/?post_type=product&#038;p=1125"},"modified":"2022-03-01T12:57:19","modified_gmt":"2022-03-01T12:57:19","slug":"montre-intelligent-avec-ecran-tactile-et-bracelet-en-cuir-sur-commande-et-livre-en-1-mois","status":"publish","type":"product","link":"https:\/\/ikasougou.com\/kofaisani\/produit\/montre-intelligent-avec-ecran-tactile-et-bracelet-en-cuir-sur-commande-et-livre-en-1-mois\/","title":{"rendered":"Montre Intelligent avec \u00c9cran Tactile et Bracelet en Cuir (Sur Commande et Livr\u00e9 en 1 Mois)"},"content":{"rendered":"<p><strong><span style=\"font-size: 15.0pt;\">Montre intelligente hommes avec 2G GSM Micro SIM TF carte r\u00e9ponse appel cam\u00e9ra horloge podom\u00e8tre Bluetooth Smartwatch montre de sant\u00e9 pour Android<\/span><\/strong><\/p>\n<p><img data-recalc-dims=\"1\" loading=\"lazy\" decoding=\"async\" class=\"alignnone size-medium wp-image-16999\" src=\"https:\/\/i0.wp.com\/ikasougou.com\/ishop\/wp-content\/uploads\/sites\/60\/2019\/11\/smart-watch-2-1-244x400.jpg?resize=244%2C400&#038;ssl=1\" alt=\"\" width=\"244\" height=\"400\" \/> <img data-recalc-dims=\"1\" loading=\"lazy\" decoding=\"async\" class=\"alignnone size-medium wp-image-17000\" src=\"https:\/\/i0.wp.com\/ikasougou.com\/ishop\/wp-content\/uploads\/sites\/60\/2019\/11\/smart-watch-2-2-271x400.jpg?resize=271%2C400&#038;ssl=1\" alt=\"\" width=\"271\" height=\"400\" \/> <img data-recalc-dims=\"1\" loading=\"lazy\" decoding=\"async\" class=\"alignnone size-medium wp-image-17001\" src=\"https:\/\/i0.wp.com\/ikasougou.com\/ishop\/wp-content\/uploads\/sites\/60\/2019\/11\/smart-watch-2-3-360x400.jpg?resize=360%2C400&#038;ssl=1\" alt=\"\" width=\"360\" height=\"400\" \/> <img data-recalc-dims=\"1\" loading=\"lazy\" decoding=\"async\" class=\"alignnone size-medium wp-image-17002\" src=\"https:\/\/i0.wp.com\/ikasougou.com\/ishop\/wp-content\/uploads\/sites\/60\/2019\/11\/smart-watch-2-4-278x400.jpg?resize=278%2C400&#038;ssl=1\" alt=\"\" width=\"278\" height=\"400\" \/> <img data-recalc-dims=\"1\" loading=\"lazy\" decoding=\"async\" class=\"alignnone size-medium wp-image-17003\" src=\"https:\/\/i0.wp.com\/ikasougou.com\/ishop\/wp-content\/uploads\/sites\/60\/2019\/11\/smart-watch-2-5-264x400.jpg?resize=264%2C400&#038;ssl=1\" alt=\"\" width=\"264\" height=\"400\" \/> <img data-recalc-dims=\"1\" loading=\"lazy\" decoding=\"async\" class=\"alignnone size-medium wp-image-17004\" src=\"https:\/\/i0.wp.com\/ikasougou.com\/ishop\/wp-content\/uploads\/sites\/60\/2019\/11\/smart-watch-2-6-239x400.jpg?resize=239%2C400&#038;ssl=1\" alt=\"\" width=\"239\" height=\"400\" \/> <img data-recalc-dims=\"1\" loading=\"lazy\" decoding=\"async\" class=\"alignnone size-medium wp-image-17005\" src=\"https:\/\/i0.wp.com\/ikasougou.com\/ishop\/wp-content\/uploads\/sites\/60\/2019\/11\/smart-watch-2-7-270x400.jpg?resize=270%2C400&#038;ssl=1\" alt=\"\" width=\"270\" height=\"400\" \/> <img data-recalc-dims=\"1\" loading=\"lazy\" decoding=\"async\" class=\"alignnone size-medium wp-image-17006\" src=\"https:\/\/i0.wp.com\/ikasougou.com\/ishop\/wp-content\/uploads\/sites\/60\/2019\/11\/smart-watch-2-8-289x400.jpg?resize=289%2C400&#038;ssl=1\" alt=\"\" width=\"289\" height=\"400\" \/> <img data-recalc-dims=\"1\" loading=\"lazy\" decoding=\"async\" class=\"alignnone size-medium wp-image-17007\" src=\"https:\/\/i0.wp.com\/ikasougou.com\/ishop\/wp-content\/uploads\/sites\/60\/2019\/11\/smart-watch-2-9-308x400.jpg?resize=308%2C400&#038;ssl=1\" alt=\"\" width=\"308\" height=\"400\" \/> <img data-recalc-dims=\"1\" loading=\"lazy\" decoding=\"async\" class=\"alignnone size-medium wp-image-17008\" src=\"https:\/\/i0.wp.com\/ikasougou.com\/ishop\/wp-content\/uploads\/sites\/60\/2019\/11\/smart-watch-2-10-271x400.jpg?resize=271%2C400&#038;ssl=1\" alt=\"\" width=\"271\" height=\"400\" \/> <img data-recalc-dims=\"1\" loading=\"lazy\" decoding=\"async\" class=\"alignnone size-medium wp-image-17009\" src=\"https:\/\/i0.wp.com\/ikasougou.com\/ishop\/wp-content\/uploads\/sites\/60\/2019\/11\/smart-watch-2-11-290x400.jpg?resize=290%2C400&#038;ssl=1\" alt=\"\" width=\"290\" height=\"400\" \/> <img data-recalc-dims=\"1\" loading=\"lazy\" decoding=\"async\" class=\"alignnone size-medium wp-image-17010\" src=\"https:\/\/i0.wp.com\/ikasougou.com\/ishop\/wp-content\/uploads\/sites\/60\/2019\/11\/smart-watch-2-12-266x400.jpg?resize=266%2C400&#038;ssl=1\" alt=\"\" width=\"266\" height=\"400\" \/> <img data-recalc-dims=\"1\" loading=\"lazy\" decoding=\"async\" class=\"alignnone size-medium wp-image-17011\" src=\"https:\/\/i0.wp.com\/ikasougou.com\/ishop\/wp-content\/uploads\/sites\/60\/2019\/11\/smart-watch-2-13-283x400.jpg?resize=283%2C400&#038;ssl=1\" alt=\"\" width=\"283\" height=\"400\" \/> <img data-recalc-dims=\"1\" loading=\"lazy\" decoding=\"async\" class=\"alignnone size-medium wp-image-17012\" src=\"https:\/\/i0.wp.com\/ikasougou.com\/ishop\/wp-content\/uploads\/sites\/60\/2019\/11\/smart-watch-2-287x400.jpg?resize=287%2C400&#038;ssl=1\" alt=\"\" width=\"287\" height=\"400\" \/><img data-recalc-dims=\"1\" loading=\"lazy\" decoding=\"async\" class=\"alignnone size-medium wp-image-17013\" src=\"https:\/\/i0.wp.com\/ikasougou.com\/ishop\/wp-content\/uploads\/sites\/60\/2019\/11\/smart-watch-2-0-345x400.jpg?resize=345%2C400&#038;ssl=1\" alt=\"\" width=\"345\" height=\"400\" \/><\/p>\n<div style=\"display:flex; gap:10px;justify-content:center\" class=\"wps-pgfw-pdf-generate-icon__wrapper-frontend\">\n\t\t<a  href=\"https:\/\/ikasougou.com\/kofaisani\/wp-json\/wp\/v2\/product\/1125?action=genpdf&amp;id=1125\" class=\"pgfw-single-pdf-download-button\" ><img src=\"https:\/\/ikasougou.com\/kofaisani\/wp-content\/plugins\/pdf-generator-for-wp\/admin\/src\/images\/PDF_Tray.svg\" title=\"G\u00e9n\u00e9rer un PDF\" style=\"width:auto; height:45px;\"><\/a>\n\t\t<\/div>","protected":false},"excerpt":{"rendered":"<p>Montre intelligente hommes avec 2G GSM Micro SIM TF carte r\u00e9ponse appel cam\u00e9ra horloge podom\u00e8tre Bluetooth Smartwatch montre de sant\u00e9 pour Android<\/p>\n","protected":false},"featured_media":1175,"comment_status":"open","ping_status":"closed","template":"","meta":{"jetpack_publicize_message":"","jetpack_publicize_feature_enabled":true,"jetpack_social_post_already_shared":true,"jetpack_social_options":{"image_generator_settings":{"template":"highway","default_image_id":0,"font":"","enabled":false},"version":2}},"product_brand":[],"product_cat":[38,82,78,83],"product_tag":[],"class_list":{"0":"post-1125","1":"product","2":"type-product","3":"status-publish","4":"has-post-thumbnail","6":"product_cat-high-tech","7":"product_cat-montre-intelligent","8":"product_cat-reservation","9":"product_cat-smart-watch","11":"first","12":"instock","13":"shipping-taxable","14":"purchasable","15":"product-type-simple"},"ams_default_variation_id":0,"ams_product_points_reward":[],"ams_product_discount_percentage":0,"ams_price_to_display":35000,"aioseo_notices":[],"ams_acf":[],"jetpack_publicize_connections":[],"jetpack_sharing_enabled":true,"jetpack_likes_enabled":true,"jetpack-related-posts":[],"_links":{"self":[{"href":"https:\/\/ikasougou.com\/kofaisani\/wp-json\/wp\/v2\/product\/1125","targetHints":{"allow":["GET"]}}],"collection":[{"href":"https:\/\/ikasougou.com\/kofaisani\/wp-json\/wp\/v2\/product"}],"about":[{"href":"https:\/\/ikasougou.com\/kofaisani\/wp-json\/wp\/v2\/types\/product"}],"replies":[{"embeddable":true,"href":"https:\/\/ikasougou.com\/kofaisani\/wp-json\/wp\/v2\/comments?post=1125"}],"wp:featuredmedia":[{"embeddable":true,"href":"https:\/\/ikasougou.com\/kofaisani\/wp-json\/wp\/v2\/media\/1175"}],"wp:attachment":[{"href":"https:\/\/ikasougou.com\/kofaisani\/wp-json\/wp\/v2\/media?parent=1125"}],"wp:term":[{"taxonomy":"product_brand","embeddable":true,"href":"https:\/\/ikasougou.com\/kofaisani\/wp-json\/wp\/v2\/product_brand?post=1125"},{"taxonomy":"product_cat","embeddable":true,"href":"https:\/\/ikasougou.com\/kofaisani\/wp-json\/wp\/v2\/product_cat?post=1125"},{"taxonomy":"product_tag","embeddable":true,"href":"https:\/\/ikasougou.com\/kofaisani\/wp-json\/wp\/v2\/product_tag?post=1125"}],"curies":[{"name":"wp","href":"https:\/\/api.w.org\/{rel}","templated":true}]}}