{"id":1126,"date":"2021-10-14T17:32:41","date_gmt":"2021-10-14T15:32:41","guid":{"rendered":"https:\/\/ikasougou.com\/kofaisani\/?post_type=product&#038;p=1126"},"modified":"2025-06-11T20:53:29","modified_gmt":"2025-06-11T20:53:29","slug":"montre-intelligent-goldenspike-kw18-sur-commande-et-livre-en-1-mois","status":"publish","type":"product","link":"https:\/\/ikasougou.com\/kofaisani\/produit\/montre-intelligent-goldenspike-kw18-sur-commande-et-livre-en-1-mois\/","title":{"rendered":"Montre Intelligent GOLDENSPIKE KW18 (Sur Commande et Livr\u00e9 en 1 Mois)"},"content":{"rendered":"<div>\n<div><strong><span data-spm-anchor-id=\"a2g0o.detail.1000023.i0.5b6d5c1bJN96Zh\">GOLDENSPIKE KW18 Bluetooth montre intelligente 1,3 pouce plein \u00e9cran 240*240 prise en charge SIM 32 gb TF carte Smartwatch t\u00e9l\u00e9phone fr\u00e9quence cardiaque horloge<\/span><\/strong><\/div>\n<div><img data-recalc-dims=\"1\" decoding=\"async\" src=\"https:\/\/i0.wp.com\/ae01.alicdn.com\/kf\/HTB1kJo_bbZnBKNjSZFhq6A.oXXa9.jpg?w=1020&#038;ssl=1\" alt=\"1\" \/><\/div>\n<\/div>\n<div>\n<p><strong>Caract\u00e9ristiques:<\/strong><\/p>\n<p>1. CPU MTK2502C, carte ROM128Mb + 64 mo + 32 go Max 32TF<\/p>\n<p>2. il est s\u00e9par\u00e9 pour le bo\u00eetier de montre et la lunette de montre, mais pas le bo\u00eetier de montre de poin\u00e7onnage unique, ce qui le rend plus haut de gamme<\/p>\n<p>3. c&#8217;est un placage de m\u00e9tal avec un traitement d&#8217;oxydation anodique pour la finition, ce qui rend la couleur et la solidit\u00e9 uniformes<\/p>\n<p>4. 1.3 pouces HD IPS \u00e9cran rond entier, qui est \u00e9galement tr\u00e8s populaire taille d&#8217;\u00e9cran parmi la premi\u00e8re marque<\/p>\n<p>5. \u00e9cran tactile capacitif radian 2.5 D, OGS, non-air-gap, ce qui le rend plus haut de gamme et confortable<\/p>\n<p>6. fente de carte SIM\/TF lat\u00e9rale, conception de brevet pour les montres intelligentes, ce qui le rend caract\u00e9ristique et pratique<\/p>\n<p>7. techniques de coupe stratifi\u00e9es pour le verre de trempe, ce qui le rend plus st\u00e9r\u00e9oscopique, anti-rayures, anti-casse<\/p>\n<p>8. bracelet de montre doux et non dangereux, les m\u00eames mat\u00e9riaux pour les jouets sexuels et les produits pour b\u00e9b\u00e9s, port confortable<\/p>\n<p><img data-recalc-dims=\"1\" decoding=\"async\" src=\"https:\/\/i0.wp.com\/ae01.alicdn.com\/kf\/HTB1H7iLfpGWBuNjy0Fbq6z4sXXac.jpg?w=1020&#038;ssl=1\" alt=\"11\" \/><\/p>\n<p>9. conception fantastique pour l&#8217;interface utilisateur, et personnalis\u00e9 est acceptable<\/p>\n<p>10. BT 4.0, prend en charge IOS + Android<\/p>\n<p>11. vie quotidienne imperm\u00e9able \u00e0 l&#8217;eau, charge magn\u00e9tique<\/p>\n<p>12. Batterie polym\u00e8re haute puissance 350 mAh, stand by&gt; 7 jours, utilisation normale&gt; 2 jours<\/p>\n<p>13. Fonctions puissantes telles que podom\u00e8tre, analyze du sommeil, alarme s\u00e9dentaire, caculateur, fr\u00e9quence cardiaque, siri, m\u00e9t\u00e9o, cam\u00e9ra \u00e0 distance, anti-perte, etc.<\/p>\n<p>14. Construit en SNS tels que QQ, Wechat, Facebook etc<\/p>\n<p><img data-recalc-dims=\"1\" decoding=\"async\" src=\"https:\/\/i0.wp.com\/ae01.alicdn.com\/kf\/HTB15FE0boOWBKNjSZKzq6xfWFXaf.jpg?w=1020&#038;ssl=1\" alt=\"9\" \/><\/p>\n<p><strong>Sp\u00e9cification:<\/strong><\/p>\n<p>CPU: MTK2502C;<\/p>\n<p>128 mo + 64 mo;<\/p>\n<p>Prise en charge de la carte TF max 16 go;<\/p>\n<p>Affichage: 1.3 pouces \u00e9cran circulaire IPS HD LCD:<\/p>\n<p>R\u00e9solution: 240*240 pixel BT4.0<\/p>\n<p><strong>Fonction:<\/strong><\/p>\n<p>Fr\u00e9quence cardiaque, carte Menory,<\/p>\n<p>SIMcard,, surpport IOS et Android<\/p>\n<p>Appel, SMS, podom\u00e8tre, s\u00e9dentaire<\/p>\n<p>Rappel, anti-perte, etc.<\/p>\n<\/div>\n<p><img data-recalc-dims=\"1\" decoding=\"async\" src=\"https:\/\/i0.wp.com\/ae01.alicdn.com\/kf\/HTB13T1.fxSYBuNjSspjq6x73VXas.jpg?w=1020&#038;ssl=1\" alt=\"17\" data-spm-anchor-id=\"a2g0o.detail.1000023.i1.5b6d5c1bJN96Zh\" \/><\/p>\n<div>\n<p><strong>Fonction principale:<\/strong><\/p>\n<p>Fonction t\u00e9l\u00e9phone: cadran, mains libres, enregistrements t\u00e9l\u00e9phoniques, annuaire t\u00e9l\u00e9phonique, t\u00e9l\u00e9phone Bluetooth,<\/p>\n<p>SMS: SMS locaux, SMS Bluetooth<\/p>\n<p>Fonction de t\u00e9l\u00e9phone: fonction de t\u00e9l\u00e9phone, fonction de t\u00e9l\u00e9phone<\/p>\n<p>Fonction de t\u00e9l\u00e9phone: visages d&#8217;horloge Fashional; cliquez pour changer<\/p>\n<p>Anti-perdu: Anti-perdu, recherche bidirectionnelle<\/p>\n<p><img data-recalc-dims=\"1\" decoding=\"async\" src=\"https:\/\/i0.wp.com\/ae01.alicdn.com\/kf\/HTB1WOZIbmYTBKNjSZKbq6xJ8pXaU.jpg?w=1020&#038;ssl=1\" alt=\"5\" \/><\/p>\n<p>Podom\u00e8tre: enregistrements de pas, enregistrements de Calories, enregistrements de Distance<\/p>\n<p>Photographie: t\u00e9l\u00e9phones mobiles t\u00e9l\u00e9command\u00e9s; stockage sur t\u00e9l\u00e9phones mobiles, Format d&#8217;image, PNG, JPG<\/p>\n<p>NFC: appairage Bluetooth, \u00e9change de cartes de visite, \u00e9change d&#8217;informations<\/p>\n<p>Autres: alarme s\u00e9dentaire, alarme s\u00e9dentaire, r\u00e9veil, calendrier, chronom\u00e8tre, Calculato, moniteur de fr\u00e9quence cardiaque, moniteur de fr\u00e9quence cardiaque, informations synchronis\u00e9es Bluetooth, capteur G, moteur, micro, haut-parleur, carte SIM, bouton, bouton rotatif<\/p>\n<p><img data-recalc-dims=\"1\" decoding=\"async\" src=\"https:\/\/i0.wp.com\/ae01.alicdn.com\/kf\/HTB1CjGCfrGYBuNjy0Foq6AiBFXaz.jpg?w=1020&#038;ssl=1\" alt=\"2\" \/><\/p>\n<p><strong>Caract\u00e9ristiques principales:<\/strong><\/p>\n<p>\u00b7 CPU MTK2502C, supporte parfaitement les OS IOS et Android<\/p>\n<p>\u00b7 Il est s\u00e9par\u00e9 pour le bo\u00eetier de montre et la lunette de montre, mais pas le bo\u00eetier de montre de poin\u00e7onnage unique, ce qui le rend plus haut de gamme.<\/p>\n<p>\u00b7 C&#8217;est un placage de m\u00e9tal avec un traitement d&#8217;oxydation anodique pour la finition, ce qui en fait une couleur et une solidit\u00e9 uniformes.<\/p>\n<\/div>\n<p><img data-recalc-dims=\"1\" decoding=\"async\" src=\"https:\/\/i0.wp.com\/ae01.alicdn.com\/kf\/HTB1K5u5fuuSBuNjSsziq6zq8pXaL.jpg?w=1020&#038;ssl=1\" alt=\"7\" \/><\/p>\n<div>\n<p>\u00b7 \u00c9cran rond LCD 1.3 pouces IPS<\/p>\n<p>\u00b7 2.5 D radian \u00e9cran tactile capacitif, OGS, non-air-gap, ce qui le rend plus haut de gamme et confortable \u00e0 porter<\/p>\n<p>\u00b7 Fente de carte SIM\/TF lat\u00e9rale, conception de brevet pour les montres intelligentes, ce qui le rend caract\u00e9ristique et pratique.<\/p>\n<p>\u00b7 Techniques de coupe stratifi\u00e9es pour le verre de trempe, ce qui le rend plus st\u00e9r\u00e9oscopique, anti-rayure, anti-cass\u00e9<\/p>\n<p>\u00b7 Bracelet de montre doux et non dangereux, les m\u00eames mat\u00e9riaux pour les jouets sexuels et les produits pour b\u00e9b\u00e9s, port confortable<\/p>\n<p><img data-recalc-dims=\"1\" decoding=\"async\" src=\"https:\/\/i0.wp.com\/ae01.alicdn.com\/kf\/HTB1UAeIfv9TBuNjy0Fcq6zeiFXaL.jpg?w=1020&#038;ssl=1\" alt=\"4\" \/><\/p>\n<p>\u00b7 Une conception fantastique pour l&#8217;interface utilisateur et personnalis\u00e9e est acceptable.<\/p>\n<p>\u00b7 Magn\u00e9tique chargeur<\/p>\n<p>\u00b7 Vraie batterie de polym\u00e8re de la puissance 340 mAh \u00e9lev\u00e9e, tiennent par&gt; 5 jours, utilisation normale&gt; 1 jours<\/p>\n<p>\u00b7 Fonctions puissantes telles que podom\u00e8tre, analyze du sommeil, alarme s\u00e9dentaire, caculateur, fr\u00e9quence cardiaque, m\u00e9t\u00e9o, cam\u00e9ra \u00e0 distance, anti-perte, etc.<\/p>\n<p><img data-recalc-dims=\"1\" decoding=\"async\" src=\"https:\/\/i0.wp.com\/ae01.alicdn.com\/kf\/HTB1FOi5fuuSBuNjSsziq6zq8pXa2.jpg?w=1020&#038;ssl=1\" alt=\"3\" \/><\/p>\n<p>\u00b7 Geste pour r\u00e9veiller l&#8217;\u00e9cran<\/p>\n<p>\u00b7 Langue: anglais, fran\u00e7ais, allemand, espagnol, portugais, italien, pays-bas, russe, polonais, turc, tha\u00ef, Veit Nam, inde, indon\u00e9sien, arabe, h\u00e9breu.<\/p>\n<p><strong>Le forfait comprend:<\/strong><\/p>\n<p>1 x Bluetooth Montre<\/p>\n<p>1 x c\u00e2ble usb<\/p>\n<p>1 x Manuel de L&#8217;utilisateur<\/p>\n<p>1x bo\u00eete-cadeau<\/p>\n<div>\u00a0\u00a0\u00a0\u00a0 <img data-recalc-dims=\"1\" decoding=\"async\" src=\"https:\/\/i0.wp.com\/ae01.alicdn.com\/kf\/HTB1UfS.fv5TBuNjSspmq6yDRVXai.jpg?w=1020&#038;ssl=1\" alt=\"6\" \/>\u00a0 <img data-recalc-dims=\"1\" decoding=\"async\" src=\"https:\/\/i0.wp.com\/ae01.alicdn.com\/kf\/HTB1j.pobxuTBuNkHFNRq6A9qpXaG.jpg?w=1020&#038;ssl=1\" alt=\"8\" \/>\u00a0 <img data-recalc-dims=\"1\" decoding=\"async\" src=\"https:\/\/i0.wp.com\/ae01.alicdn.com\/kf\/HTB1nPC5fuuSBuNjSsziq6zq8pXaQ.jpg?w=1020&#038;ssl=1\" alt=\"10\" \/>\u00a0 <img data-recalc-dims=\"1\" decoding=\"async\" src=\"https:\/\/i0.wp.com\/ae01.alicdn.com\/kf\/HTB1J_snfCtYBeNjSspaq6yOOFXaf.jpg?w=1020&#038;ssl=1\" alt=\"12\" \/> <img data-recalc-dims=\"1\" decoding=\"async\" src=\"https:\/\/i0.wp.com\/ae01.alicdn.com\/kf\/HTB1ijK5fuuSBuNjSsziq6zq8pXau.jpg?w=1020&#038;ssl=1\" alt=\"13\" \/> <img data-recalc-dims=\"1\" decoding=\"async\" src=\"https:\/\/i0.wp.com\/ae01.alicdn.com\/kf\/HTB17VBBbDCWBKNjSZFtq6yC3FXaz.jpg?w=1020&#038;ssl=1\" alt=\"14\" \/> <img data-recalc-dims=\"1\" decoding=\"async\" src=\"https:\/\/i0.wp.com\/ae01.alicdn.com\/kf\/HTB1nXusfrSYBuNjSspiq6xNzpXaV.jpg?w=1020&#038;ssl=1\" alt=\"15\" \/> <img data-recalc-dims=\"1\" decoding=\"async\" src=\"https:\/\/i0.wp.com\/ae01.alicdn.com\/kf\/HTB1DHIzbf6TBKNjSZJiq6zKVFXa9.jpg?w=1020&#038;ssl=1\" alt=\"16\" \/><\/div>\n<p>&nbsp;<\/p>\n<\/div>\n<div style=\"display:flex; gap:10px;justify-content:center\" class=\"wps-pgfw-pdf-generate-icon__wrapper-frontend\">\n\t\t<a  href=\"https:\/\/ikasougou.com\/kofaisani\/wp-json\/wp\/v2\/product\/1126?action=genpdf&amp;id=1126\" class=\"pgfw-single-pdf-download-button\" ><img src=\"https:\/\/ikasougou.com\/kofaisani\/wp-content\/plugins\/pdf-generator-for-wp\/admin\/src\/images\/PDF_Tray.svg\" title=\"G\u00e9n\u00e9rer un PDF\" style=\"width:auto; height:45px;\"><\/a>\n\t\t<\/div>","protected":false},"excerpt":{"rendered":"<p>GOLDENSPIKE KW18 Bluetooth montre intelligente 1,3 pouce plein \u00e9cran 240*240 prise en charge SIM 32 gb TF carte Smartwatch t\u00e9l\u00e9phone fr\u00e9quence cardiaque horloge Caract\u00e9ristiques: 1. CPU MTK2502C, carte ROM128Mb + 64 mo + 32 go Max 32TF 2. il est s\u00e9par\u00e9 pour le bo\u00eetier de montre et la lunette de montre, mais pas le bo\u00eetier [&#8230;]\n","protected":false},"featured_media":1192,"comment_status":"open","ping_status":"closed","template":"","meta":{"jetpack_publicize_message":"","jetpack_publicize_feature_enabled":true,"jetpack_social_post_already_shared":true,"jetpack_social_options":{"image_generator_settings":{"template":"highway","default_image_id":0,"font":"","enabled":false},"version":2}},"product_brand":[],"product_cat":[38,82,78,83],"product_tag":[84,85],"class_list":{"0":"post-1126","1":"product","2":"type-product","3":"status-publish","4":"has-post-thumbnail","6":"product_cat-high-tech","7":"product_cat-montre-intelligent","8":"product_cat-reservation","9":"product_cat-smart-watch","10":"product_tag-montre-intelligent","11":"product_tag-smart-watch","13":"first","14":"instock","15":"shipping-taxable","16":"product-type-simple"},"ams_default_variation_id":0,"ams_product_points_reward":[],"ams_product_discount_percentage":0,"ams_price_to_display":0,"aioseo_notices":[],"ams_acf":[],"jetpack_publicize_connections":[],"jetpack_sharing_enabled":true,"jetpack_likes_enabled":true,"jetpack-related-posts":[],"_links":{"self":[{"href":"https:\/\/ikasougou.com\/kofaisani\/wp-json\/wp\/v2\/product\/1126","targetHints":{"allow":["GET"]}}],"collection":[{"href":"https:\/\/ikasougou.com\/kofaisani\/wp-json\/wp\/v2\/product"}],"about":[{"href":"https:\/\/ikasougou.com\/kofaisani\/wp-json\/wp\/v2\/types\/product"}],"replies":[{"embeddable":true,"href":"https:\/\/ikasougou.com\/kofaisani\/wp-json\/wp\/v2\/comments?post=1126"}],"wp:featuredmedia":[{"embeddable":true,"href":"https:\/\/ikasougou.com\/kofaisani\/wp-json\/wp\/v2\/media\/1192"}],"wp:attachment":[{"href":"https:\/\/ikasougou.com\/kofaisani\/wp-json\/wp\/v2\/media?parent=1126"}],"wp:term":[{"taxonomy":"product_brand","embeddable":true,"href":"https:\/\/ikasougou.com\/kofaisani\/wp-json\/wp\/v2\/product_brand?post=1126"},{"taxonomy":"product_cat","embeddable":true,"href":"https:\/\/ikasougou.com\/kofaisani\/wp-json\/wp\/v2\/product_cat?post=1126"},{"taxonomy":"product_tag","embeddable":true,"href":"https:\/\/ikasougou.com\/kofaisani\/wp-json\/wp\/v2\/product_tag?post=1126"}],"curies":[{"name":"wp","href":"https:\/\/api.w.org\/{rel}","templated":true}]}}