{"id":1137,"date":"2021-10-14T17:32:43","date_gmt":"2021-10-14T15:32:43","guid":{"rendered":"https:\/\/ikasougou.com\/kofaisani\/?post_type=product&#038;p=1137"},"modified":"2021-10-15T13:00:40","modified_gmt":"2021-10-15T11:00:40","slug":"montre-intelligente-cw8-pour-les-sportifs","status":"publish","type":"product","link":"https:\/\/ikasougou.com\/kofaisani\/produit\/montre-intelligente-cw8-pour-les-sportifs\/","title":{"rendered":"Montre Intelligente CW8 pour les Sportifs"},"content":{"rendered":"<div>\n<div class=\"product-overview\">\n<div id=\"product-description\" class=\"product-description\" data-spm=\"1000023\" data-spm-anchor-id=\"a2g0o.detail.0.1000023.2ec241f0rtujyX\">\n<div class=\"origin-part box-sizing\">\n<div class=\"detailmodule_text-image\">\n<p class=\"detail-desc-decorate-content\">Vos efforts ne seront pas gaspill\u00e9s, toute la date entre vos mains, vous pouvez toujours comprendre votre condition physique.<\/p>\n<p><img data-recalc-dims=\"1\" decoding=\"async\" class=\"detail-desc-decorate-image\" src=\"https:\/\/i0.wp.com\/ae01.alicdn.com\/kf\/H47143acbde8d4778885d3a96eb618308Q.jpg?w=1020&#038;ssl=1\" \/><\/p>\n<\/div>\n<div class=\"detailmodule_text-image\">\n<p class=\"detail-desc-decorate-title\">Fr\u00e9quence cardiaque\/tension art\u00e9rielle\/oxyg\u00e8ne sanguin<\/p>\n<p class=\"detail-desc-decorate-content\">Le r\u00e9sultat de mesure de mesure est affich\u00e9 \u00e0 l&#8217;\u00e9cran et l&#8217;application v\u00e9rifie votre condition corporelle chaque fois que vous \u00eates<\/p>\n<p><img data-recalc-dims=\"1\" decoding=\"async\" class=\"detail-desc-decorate-image\" src=\"https:\/\/i0.wp.com\/ae01.alicdn.com\/kf\/H3c7c2d97c26f41a8aff90a3ca0ac86cae.jpg?w=1020&#038;ssl=1\" \/><\/p>\n<\/div>\n<div class=\"detailmodule_text-image\">\n<p class=\"detail-desc-decorate-title\">De mani\u00e8re plus \u00e0 la mode plus mince<\/p>\n<p class=\"detail-desc-decorate-content\">Mince et l\u00e9ger, finement con\u00e7u extraordinaire qualit\u00e9 montre intelligente exceptionnelle, joue un r\u00f4le de premier plan dans les tendances de la mode<\/p>\n<p><img data-recalc-dims=\"1\" decoding=\"async\" class=\"detail-desc-decorate-image\" src=\"https:\/\/i0.wp.com\/ae01.alicdn.com\/kf\/Hca38692fa2964966808490414ff21f15o.jpg?w=1020&#038;ssl=1\" \/><\/p>\n<\/div>\n<div class=\"detailmodule_text-image\">\n<p class=\"detail-desc-decorate-title\">Chaque \u00e9tape est enregistr\u00e9<\/p>\n<p class=\"detail-desc-decorate-content\">Enregistrer les \u00e9tapes, calculer et montrer dans l&#8217;application distance de marche, calories br\u00fbl\u00e9es profitez des exercices en cours d&#8217;ex\u00e9cution escalade v\u00e9lo<\/p>\n<p><img data-recalc-dims=\"1\" decoding=\"async\" class=\"detail-desc-decorate-image\" src=\"https:\/\/i0.wp.com\/ae01.alicdn.com\/kf\/H955c7a8259a746f2b923d5df97af143ct.jpg?w=1020&#038;ssl=1\" \/><\/p>\n<\/div>\n<div class=\"detailmodule_text-image\">\n<p class=\"detail-desc-decorate-title\">Plus vie pratique<\/p>\n<p class=\"detail-desc-decorate-content\">Lib\u00e9rez votre \u00e9nergie style de sport confortable et durable<\/p>\n<p><img data-recalc-dims=\"1\" decoding=\"async\" class=\"detail-desc-decorate-image\" src=\"https:\/\/i0.wp.com\/ae01.alicdn.com\/kf\/Hea0bb15415d8476d88df31b6f10219bfE.jpg?w=1020&#038;ssl=1\" \/><\/p>\n<\/div>\n<div class=\"detailmodule_text-image\">\n<p class=\"detail-desc-decorate-title\">Texte entrants notification<\/p>\n<p class=\"detail-desc-decorate-content\">Appels t\u00e9l\u00e9phoniques, sms, rappels de notification d&#8217;application aucune chose importante ne sera manqu\u00e9e<\/p>\n<p><img data-recalc-dims=\"1\" decoding=\"async\" class=\"detail-desc-decorate-image\" src=\"https:\/\/i0.wp.com\/ae01.alicdn.com\/kf\/H7b617f6770ff4071bce52ebaba951644h.jpg?w=1020&#038;ssl=1\" \/><\/p>\n<\/div>\n<div class=\"detailmodule_text-image\">\n<p class=\"detail-desc-decorate-title\">R\u00e9sistance \u00e0 l&#8217;eau<\/p>\n<p class=\"detail-desc-decorate-content\">Niveau de r\u00e9sistance \u00e0 l&#8217;eau IP67<\/p>\n<p><img data-recalc-dims=\"1\" decoding=\"async\" class=\"detail-desc-decorate-image\" src=\"https:\/\/i0.wp.com\/ae01.alicdn.com\/kf\/Hbe1a9ce5f55a4109aec446f3b7e005942.jpg?w=1020&#038;ssl=1\" \/><\/p>\n<\/div>\n<div class=\"detailmodule_text-image\">\n<p class=\"detail-desc-decorate-title\">Rappel de Vibration<\/p>\n<p class=\"detail-desc-decorate-content\">Vibrez vous informer la fonction est activ\u00e9e<\/p>\n<p><img data-recalc-dims=\"1\" decoding=\"async\" class=\"detail-desc-decorate-image\" src=\"https:\/\/i0.wp.com\/ae01.alicdn.com\/kf\/Ha3fd6a9152034a9dab13bb2ba5c358cdG.jpg?w=1020&#038;ssl=1\" \/><\/p>\n<\/div>\n<div class=\"detailmodule_text-image\">\n<p class=\"detail-desc-decorate-title\">Mise \u00e0 jour m\u00e9t\u00e9o en temps r\u00e9el<\/p>\n<p class=\"detail-desc-decorate-content\">Conditions m\u00e9t\u00e9orologiques actuelles synchronis\u00e9es avec le t\u00e9l\u00e9phone<\/p>\n<p><img data-recalc-dims=\"1\" decoding=\"async\" class=\"detail-desc-decorate-image\" src=\"https:\/\/i0.wp.com\/ae01.alicdn.com\/kf\/Hbc42e66bc1ad40d2a1df49487c08a572N.jpg?w=1020&#038;ssl=1\" \/><\/p>\n<\/div>\n<div class=\"detailmodule_text-image\">\n<p class=\"detail-desc-decorate-title\">Plus de fonction &#8212; tout dans votre main<\/p>\n<p class=\"detail-desc-decorate-content\">Surveillance du sommeil rappel s\u00e9dentaire secouer un t\u00e9l\u00e9phone<\/p>\n<p><img data-recalc-dims=\"1\" decoding=\"async\" class=\"detail-desc-decorate-image\" src=\"https:\/\/i0.wp.com\/ae01.alicdn.com\/kf\/H9c06f368a8694f2caed9c8306e7fce08d.jpg?w=1020&#038;ssl=1\" \/><\/p>\n<\/div>\n<div class=\"detailmodule_text-image\">\n<p class=\"detail-desc-decorate-title\">Bracelet color\u00e9 suivez votre coeur<\/p>\n<p class=\"detail-desc-decorate-content\">Conception diff\u00e9rente pour la sc\u00e8ne diff\u00e9rente, couleur diff\u00e9rente pour l&#8217;humeur diff\u00e9rente<\/p>\n<p><img data-recalc-dims=\"1\" decoding=\"async\" class=\"detail-desc-decorate-image\" src=\"https:\/\/i0.wp.com\/ae01.alicdn.com\/kf\/Hb1a0d9b3cdbf43909b4176b64db7a632N.jpg?w=1020&#038;ssl=1\" \/><\/p>\n<\/div>\n<div class=\"detailmodule_text\">\n<p class=\"detail-desc-decorate-title\">FAQ<\/p>\n<\/div>\n<div class=\"detailmodule_text\">\n<p class=\"detail-desc-decorate-content\">Q: foire aux questions<\/p>\n<\/div>\n<div class=\"detailmodule_text\">\n<p class=\"detail-desc-decorate-content\">R: r\u00e9ponse \u00e0 la question ci-dessus.<\/p>\n<\/div>\n<div class=\"detailmodule_text\">\n<p class=\"detail-desc-decorate-content\">Q: foire aux questions<\/p>\n<\/div>\n<div class=\"detailmodule_text\">\n<p class=\"detail-desc-decorate-content\">R: r\u00e9ponse \u00e0 la question ci-dessus.<\/p>\n<\/div>\n<div class=\"detailmodule_text\">\n<p class=\"detail-desc-decorate-content\">Q: foire aux questions<\/p>\n<\/div>\n<div class=\"detailmodule_text\">\n<p class=\"detail-desc-decorate-content\">R: r\u00e9ponse \u00e0 la question ci-dessus.<\/p>\n<\/div>\n<div class=\"detailmodule_text-image\">\n<p class=\"detail-desc-decorate-title\">Plusieurs Couleurs Disponibles<\/p>\n<p><img data-recalc-dims=\"1\" decoding=\"async\" class=\"detail-desc-decorate-image\" src=\"https:\/\/i0.wp.com\/ae01.alicdn.com\/kf\/H88cae0c0d9ab4e19ac0eda1023809828M.jpg?w=1020&#038;ssl=1\" \/><img data-recalc-dims=\"1\" decoding=\"async\" class=\"detail-desc-decorate-image\" src=\"https:\/\/i0.wp.com\/ae01.alicdn.com\/kf\/H977f45c57889497eba47165e94f2835c6.jpg?w=1020&#038;ssl=1\" \/><img data-recalc-dims=\"1\" decoding=\"async\" class=\"detail-desc-decorate-image\" src=\"https:\/\/i0.wp.com\/ae01.alicdn.com\/kf\/H9f41531e56ee45129badbae55e17ad9eN.jpg?w=1020&#038;ssl=1\" data-spm-anchor-id=\"a2g0o.detail.1000023.i0.2ec241f0rtujyX\" \/><\/p>\n<\/div>\n<\/div>\n<\/div>\n<\/div>\n<\/div>\n<div data-spm=\"1000024\">\n<div id=\"feedback\" class=\"product-reviews\"><iframe loading=\"lazy\" id=\"product-evaluation\" class=\"product-evaluation\" src=\"https:\/\/feedback.aliexpress.com\/display\/productEvaluation.htm?v=2&amp;productId=4000088846522&amp;ownerMemberId=230863712&amp;companyId=240424562&amp;memberType=seller&amp;startValidDate=&amp;i18n=true\" width=\"100%\" height=\"516\" frameborder=\"0\" marginwidth=\"0\" marginheight=\"0\" scrolling=\"no\" data-mce-fragment=\"1\"><\/iframe><\/div>\n<\/div>\n<div style=\"display:flex; gap:10px;justify-content:center\" class=\"wps-pgfw-pdf-generate-icon__wrapper-frontend\">\n\t\t<a  href=\"https:\/\/ikasougou.com\/kofaisani\/wp-json\/wp\/v2\/product\/1137?action=genpdf&amp;id=1137\" class=\"pgfw-single-pdf-download-button\" ><img src=\"https:\/\/ikasougou.com\/kofaisani\/wp-content\/plugins\/pdf-generator-for-wp\/admin\/src\/images\/PDF_Tray.svg\" title=\"G\u00e9n\u00e9rer un PDF\" style=\"width:auto; height:45px;\"><\/a>\n\t\t<\/div>","protected":false},"excerpt":{"rendered":"<p>Vos efforts ne seront pas gaspill\u00e9s, toute la date entre vos mains, vous pouvez toujours comprendre votre condition physique. Fr\u00e9quence cardiaque\/tension art\u00e9rielle\/oxyg\u00e8ne sanguin Le r\u00e9sultat de mesure de mesure est affich\u00e9 \u00e0 l&#8217;\u00e9cran et l&#8217;application v\u00e9rifie votre condition corporelle chaque fois que vous \u00eates De mani\u00e8re plus \u00e0 la mode plus mince Mince et l\u00e9ger, [&#8230;]\n","protected":false},"featured_media":1244,"comment_status":"open","ping_status":"closed","template":"","meta":{"jetpack_publicize_message":"","jetpack_publicize_feature_enabled":true,"jetpack_social_post_already_shared":true,"jetpack_social_options":{"image_generator_settings":{"template":"highway","default_image_id":0,"font":"","enabled":false},"version":2}},"product_brand":[],"product_cat":[38,82,78],"product_tag":[],"class_list":{"0":"post-1137","1":"product","2":"type-product","3":"status-publish","4":"has-post-thumbnail","6":"product_cat-high-tech","7":"product_cat-montre-intelligent","8":"product_cat-reservation","10":"first","11":"instock","12":"shipping-taxable","13":"purchasable","14":"product-type-simple"},"ams_default_variation_id":0,"ams_product_points_reward":[],"ams_product_discount_percentage":0,"ams_price_to_display":15000,"aioseo_notices":[],"ams_acf":[],"jetpack_publicize_connections":[],"jetpack_sharing_enabled":true,"jetpack_likes_enabled":true,"jetpack-related-posts":[],"_links":{"self":[{"href":"https:\/\/ikasougou.com\/kofaisani\/wp-json\/wp\/v2\/product\/1137","targetHints":{"allow":["GET"]}}],"collection":[{"href":"https:\/\/ikasougou.com\/kofaisani\/wp-json\/wp\/v2\/product"}],"about":[{"href":"https:\/\/ikasougou.com\/kofaisani\/wp-json\/wp\/v2\/types\/product"}],"replies":[{"embeddable":true,"href":"https:\/\/ikasougou.com\/kofaisani\/wp-json\/wp\/v2\/comments?post=1137"}],"wp:featuredmedia":[{"embeddable":true,"href":"https:\/\/ikasougou.com\/kofaisani\/wp-json\/wp\/v2\/media\/1244"}],"wp:attachment":[{"href":"https:\/\/ikasougou.com\/kofaisani\/wp-json\/wp\/v2\/media?parent=1137"}],"wp:term":[{"taxonomy":"product_brand","embeddable":true,"href":"https:\/\/ikasougou.com\/kofaisani\/wp-json\/wp\/v2\/product_brand?post=1137"},{"taxonomy":"product_cat","embeddable":true,"href":"https:\/\/ikasougou.com\/kofaisani\/wp-json\/wp\/v2\/product_cat?post=1137"},{"taxonomy":"product_tag","embeddable":true,"href":"https:\/\/ikasougou.com\/kofaisani\/wp-json\/wp\/v2\/product_tag?post=1137"}],"curies":[{"name":"wp","href":"https:\/\/api.w.org\/{rel}","templated":true}]}}