{"id":1444,"date":"2021-10-26T15:03:10","date_gmt":"2021-10-26T13:03:10","guid":{"rendered":"https:\/\/ikasougou.com\/kofaisani\/?post_type=product&#038;p=1444"},"modified":"2021-10-26T15:08:33","modified_gmt":"2021-10-26T13:08:33","slug":"manette-sans-fil-console-pc-android-ios","status":"publish","type":"product","link":"https:\/\/ikasougou.com\/kofaisani\/produit\/manette-sans-fil-console-pc-android-ios\/","title":{"rendered":"Manette sans fil Console\/Pc\/Android\/iOs"},"content":{"rendered":"<div class=\"text-ellipsis\" title=\"boutons tactiles, avec support de t\u00e9l\u00e9phone, MOTEUR VIBRATION, ERGONOMIQUE\"><span class=\"\" data-spm-anchor-id=\"a2700.wholesale.0.i7.678a41c6IJqmIb\">Manette sans fil Console\/Pc\/Android\/iOS, avec support de t\u00e9l\u00e9phone, MOTEUR \u00e0 VIBRATION, ERGONOMIQUE pour toutes vos parties de jeux vid\u00e9os.<\/span><\/div>\n<dl class=\"do-entry-item\">\n<dt class=\"do-entry-item\"><span class=\"attr-name J-attr-name\" title=\"Moule priv\u00e9\">Moule Priv\u00e9 : <\/span><span style=\"font-size: 14.4px;\">OUI<\/span><\/dt>\n<\/dl>\n<dl class=\"do-entry-item\">\n<dt class=\"do-entry-item\"><span class=\"attr-name J-attr-name\" title=\"Marque\">Nom de la marque : <\/span><span style=\"font-size: 14.4px;\">IPEGA<\/span><\/dt>\n<\/dl>\n<dl class=\"do-entry-item\">\n<dt class=\"do-entry-item\"><span class=\"attr-name J-attr-name\" title=\"Num\u00e9ro de mod\u00e8le\">Num\u00e9ro de mod\u00e8le : <\/span><span style=\"font-size: 14.4px;\">PG-9128<\/span><\/dt>\n<\/dl>\n<dl class=\"do-entry-item\">\n<dt class=\"do-entry-item\"><span class=\"attr-name J-attr-name\" title=\"Plateforme compatible\">Plateforme compatible : <span class=\"\" data-spm-anchor-id=\"a2700.wholesale.0.i7.678a41c6IJqmIb\">Console\/Pc\/Android\/iOs<\/span><\/span><\/dt>\n<\/dl>\n<dl class=\"do-entry-item\">\n<dt class=\"do-entry-item\"><span class=\"attr-name J-attr-name\" title=\"Taper\">Type : <\/span><span style=\"font-size: 14.4px;\">Manette de jeu<\/span><\/dt>\n<dt><\/dt>\n<dt class=\"do-entry-item\"><span class=\"attr-name J-attr-name\" style=\"font-size: 14.4px;\" title=\"Attestation\">Attestation : <\/span><span style=\"font-size: 14.4px;\">FCC, CE, RoHS<\/span><\/dt>\n<\/dl>\n<div style=\"display:flex; gap:10px;justify-content:center\" class=\"wps-pgfw-pdf-generate-icon__wrapper-frontend\">\n\t\t<a  href=\"https:\/\/ikasougou.com\/kofaisani\/wp-json\/wp\/v2\/product\/1444?action=genpdf&amp;id=1444\" class=\"pgfw-single-pdf-download-button\" ><img src=\"https:\/\/ikasougou.com\/kofaisani\/wp-content\/plugins\/pdf-generator-for-wp\/admin\/src\/images\/PDF_Tray.svg\" title=\"G\u00e9n\u00e9rer un PDF\" style=\"width:auto; height:45px;\"><\/a>\n\t\t<\/div>","protected":false},"excerpt":{"rendered":"<p>Manette sans fil Console\/Pc\/Android\/iOS, avec support de t\u00e9l\u00e9phone, MOTEUR \u00e0 VIBRATION, ERGONOMIQUE pour toutes vos parties de jeux vid\u00e9os. Moule Priv\u00e9 : OUI Nom de la marque : IPEGA Num\u00e9ro de mod\u00e8le : PG-9128 Plateforme compatible : Console\/Pc\/Android\/iOs Type : Manette de jeu Attestation : FCC, CE, RoHS<\/p>\n","protected":false},"featured_media":1445,"comment_status":"open","ping_status":"closed","template":"","meta":{"jetpack_publicize_message":"","jetpack_publicize_feature_enabled":true,"jetpack_social_post_already_shared":true,"jetpack_social_options":{"image_generator_settings":{"template":"highway","default_image_id":0,"font":"","enabled":false},"version":2}},"product_brand":[],"product_cat":[38,67],"product_tag":[126,124,127,123,125],"class_list":{"0":"post-1444","1":"product","2":"type-product","3":"status-publish","4":"has-post-thumbnail","6":"product_cat-high-tech","7":"product_cat-jeux-videos","8":"product_tag-android","9":"product_tag-console","10":"product_tag-ios","11":"product_tag-manette-sans-fil","12":"product_tag-pc","14":"first","15":"instock","16":"shipping-taxable","17":"purchasable","18":"product-type-simple"},"ams_default_variation_id":0,"ams_product_points_reward":[],"ams_product_discount_percentage":0,"ams_price_to_display":10000,"aioseo_notices":[],"ams_acf":[],"jetpack_publicize_connections":[],"jetpack_sharing_enabled":true,"jetpack_likes_enabled":true,"jetpack-related-posts":[],"_links":{"self":[{"href":"https:\/\/ikasougou.com\/kofaisani\/wp-json\/wp\/v2\/product\/1444","targetHints":{"allow":["GET"]}}],"collection":[{"href":"https:\/\/ikasougou.com\/kofaisani\/wp-json\/wp\/v2\/product"}],"about":[{"href":"https:\/\/ikasougou.com\/kofaisani\/wp-json\/wp\/v2\/types\/product"}],"replies":[{"embeddable":true,"href":"https:\/\/ikasougou.com\/kofaisani\/wp-json\/wp\/v2\/comments?post=1444"}],"wp:featuredmedia":[{"embeddable":true,"href":"https:\/\/ikasougou.com\/kofaisani\/wp-json\/wp\/v2\/media\/1445"}],"wp:attachment":[{"href":"https:\/\/ikasougou.com\/kofaisani\/wp-json\/wp\/v2\/media?parent=1444"}],"wp:term":[{"taxonomy":"product_brand","embeddable":true,"href":"https:\/\/ikasougou.com\/kofaisani\/wp-json\/wp\/v2\/product_brand?post=1444"},{"taxonomy":"product_cat","embeddable":true,"href":"https:\/\/ikasougou.com\/kofaisani\/wp-json\/wp\/v2\/product_cat?post=1444"},{"taxonomy":"product_tag","embeddable":true,"href":"https:\/\/ikasougou.com\/kofaisani\/wp-json\/wp\/v2\/product_tag?post=1444"}],"curies":[{"name":"wp","href":"https:\/\/api.w.org\/{rel}","templated":true}]}}