{"id":1472,"date":"2021-10-26T18:26:24","date_gmt":"2021-10-26T16:26:24","guid":{"rendered":"https:\/\/ikasougou.com\/kofaisani\/?post_type=product&#038;p=1472"},"modified":"2021-10-26T18:26:24","modified_gmt":"2021-10-26T16:26:24","slug":"bureau-motorise-reglable-en-hauteur","status":"publish","type":"product","link":"https:\/\/ikasougou.com\/kofaisani\/produit\/bureau-motorise-reglable-en-hauteur\/","title":{"rendered":"Bureau Motorise R\u00e9glable en Hauteur"},"content":{"rendered":"<div style=\"width: 960px;\" class=\"wp-video\"><video class=\"wp-video-shortcode\" id=\"video-1472-1\" width=\"960\" height=\"540\" preload=\"metadata\" controls=\"controls\"><source type=\"video\/mp4\" src=\"https:\/\/ikasougou.com\/kofaisani\/wp-content\/uploads\/sites\/86\/2021\/10\/bureau.mp4?_=1\" \/><a href=\"https:\/\/ikasougou.com\/kofaisani\/wp-content\/uploads\/sites\/86\/2021\/10\/bureau.mp4\">https:\/\/ikasougou.com\/kofaisani\/wp-content\/uploads\/sites\/86\/2021\/10\/bureau.mp4<\/a><\/video><\/div>\n<p>Bureau r\u00e9glable en hauteur de bureau en m\u00e9tal d&#8217;usine professionnelle avec deux pieds pour poste de travail de bureau et table de jeu.<\/p>\n<div class=\"do-entry-title\"><span>D\u00e9tails rapides<\/span><\/div>\n<div class=\"do-entry-list\">\n<dl class=\"do-entry-item\">\n<dt class=\"do-entry-item\"><span class=\"attr-name J-attr-name\" title=\"Caract\u00e9ristique\"><span>Caract\u00e9ristique\u00a0<\/span><span>: <\/span><\/span><span style=\"font-size: 14.4px;\">R\u00e9glable (hauteur), Automatique<\/span><\/dt>\n<\/dl>\n<dl class=\"do-entry-item\">\n<dt class=\"do-entry-item\"><span class=\"attr-name J-attr-name\" title=\"Utilisation sp\u00e9cifique\"><span>Utilisation sp\u00e9cifique\u00a0<\/span><span>: <\/span><\/span><span style=\"font-size: 14.4px;\">Bureaux<\/span><\/dt>\n<\/dl>\n<dl class=\"do-entry-item\">\n<dt class=\"do-entry-item\"><span class=\"attr-name J-attr-name\" title=\"Usage g\u00e9n\u00e9ral\"><span>Utilisation g\u00e9n\u00e9rale\u00a0<\/span><span>: <\/span><\/span><span style=\"font-size: 14.4px;\">Mobilier commercial<\/span><\/dt>\n<\/dl>\n<dl class=\"do-entry-item\">\n<dt class=\"do-entry-item\"><span class=\"attr-name J-attr-name\" title=\"Taper\"><span>Type\u00a0<\/span><span>: <\/span><\/span><span style=\"font-size: 14.4px;\">Mobilier de bureau<\/span><\/dt>\n<\/dl>\n<dl class=\"do-entry-item\">\n<dt class=\"do-entry-item\"><span class=\"attr-name J-attr-name\" title=\"Emballage de courrier\"><span>Emballage du courrier\u00a0<\/span><span>: <\/span><\/span><span style=\"font-size: 14.4px;\">Oui<\/span><\/dt>\n<\/dl>\n<dl class=\"do-entry-item\">\n<dt class=\"do-entry-item\"><span class=\"attr-name J-attr-name\" title=\"Mat\u00e9riel\"><span>Mat\u00e9riel\u00a0<\/span><span>: <\/span><\/span><span style=\"font-size: 14.4px;\">M\u00e9tal<\/span><\/dt>\n<\/dl>\n<dl class=\"do-entry-item\">\n<dt class=\"do-entry-item\"><span class=\"attr-name J-attr-name\" title=\"Apparence\"><span>Apparence\u00a0<\/span><span>: <\/span><\/span><span style=\"font-size: 14.4px;\">Moderne<\/span><\/dt>\n<\/dl>\n<dl class=\"do-entry-item\">\n<dt class=\"do-entry-item\"><span class=\"attr-name J-attr-name\" title=\"Type de m\u00e9tal\"><span>Type de m\u00e9tal\u00a0<\/span><span>: <\/span><\/span><span style=\"font-size: 14.4px;\">Le fer<\/span><\/dt>\n<\/dl>\n<dl class=\"do-entry-item\">\n<dt class=\"do-entry-item\"><span class=\"attr-name J-attr-name\" title=\"Lieu d'origine\"><span>Lieu d&#8217;origine\u00a0<\/span><span>: <\/span><\/span><span style=\"font-size: 14.4px;\">Zhejiang, Chine<\/span><\/dt>\n<\/dl>\n<dl class=\"do-entry-item\">\n<dt class=\"do-entry-item\"><span class=\"attr-name J-attr-name\" title=\"Marque\"><span>Nom de la marque\u00a0<\/span><span>: <\/span><\/span><span style=\"font-size: 14.4px;\">AOK\u00c9<\/span><\/dt>\n<\/dl>\n<dl class=\"do-entry-item\">\n<dt class=\"do-entry-item\"><span class=\"attr-name J-attr-name\" title=\"Num\u00e9ro de mod\u00e8le\"><span>Num\u00e9ro de mod\u00e8le<\/span><span> : <\/span><\/span><span style=\"font-size: 14.4px;\">AK02YJRT-AF<\/span><\/dt>\n<\/dl>\n<dl class=\"do-entry-item\">\n<dt class=\"do-entry-item\"><span class=\"attr-name J-attr-name\" title=\"Nom du produit\"><span>Nom du produit\u00a0<\/span><span>: <\/span><\/span><span style=\"font-size: 14.4px;\">rehausseur de bureau \u00e9lectronique \u00e0 un moteur pour bureau \u00e0 la maison<\/span><\/dt>\n<\/dl>\n<dl class=\"do-entry-item\">\n<dt class=\"do-entry-item\"><span class=\"attr-name J-attr-name\" title=\"garantie\"><span>garantie\u00a0<\/span><span>: <\/span><\/span><span style=\"font-size: 14.4px;\">3-5 ans<\/span><\/dt>\n<\/dl>\n<dl class=\"do-entry-item\">\n<dt class=\"do-entry-item\"><span class=\"attr-name J-attr-name\" title=\"Couleur\"><span>Couleur\u00a0<\/span><span>: <\/span><\/span><span style=\"font-size: 14.4px;\">Gris, blanc, bois<\/span><\/dt>\n<\/dl>\n<dl class=\"do-entry-item\">\n<dt class=\"do-entry-item\"><span class=\"attr-name J-attr-name\" title=\"capacit\u00e9 de chargement\"><span>capacit\u00e9 de charge\u00a0<\/span><span>: <\/span><\/span><span style=\"font-size: 14.4px;\">90KG<\/span><\/dt>\n<\/dl>\n<dl class=\"do-entry-item\">\n<dt class=\"do-entry-item\"><span class=\"attr-name J-attr-name\" title=\"Style\"><span>Styles\u00a0<\/span><span>: <\/span><\/span><span style=\"font-size: 14.4px;\">Morden<\/span><\/dt>\n<\/dl>\n<dl class=\"do-entry-item\">\n<dt class=\"do-entry-item\"><span class=\"attr-name J-attr-name\" title=\"Concevoir\"><span>Conception\u00a0<\/span><span>: <\/span><\/span><span style=\"font-size: 14.4px;\">Meubles de bureau Morden<\/span><\/dt>\n<\/dl>\n<dl class=\"do-entry-item\">\n<dt class=\"do-entry-item\"><span class=\"attr-name J-attr-name\" title=\"Certificat\"><span>Certificat\u00a0<\/span><span>: <\/span><\/span><span style=\"font-size: 14.4px;\">ISO9001\/CE<\/span><\/dt>\n<\/dl>\n<dl class=\"do-entry-item\">\n<dt class=\"do-entry-item\"><span class=\"attr-name J-attr-name\" title=\"Service\"><span>Prestations\u00a0<\/span><span>: <\/span><\/span><span style=\"font-size: 14.4px;\">Service apr\u00e8s-vente<\/span><\/dt>\n<\/dl>\n<dl class=\"do-entry-item\">\n<dt class=\"do-entry-item\"><span class=\"attr-name J-attr-name\" title=\"Application\"><span>Candidature\u00a0<\/span><span>: <\/span><\/span><span style=\"font-size: 14.4px;\">Bureau, H\u00f4tel, Maison<\/span><\/dt>\n<\/dl>\n<\/div>\n<div style=\"display:flex; gap:10px;justify-content:center\" class=\"wps-pgfw-pdf-generate-icon__wrapper-frontend\">\n\t\t<a  href=\"https:\/\/ikasougou.com\/kofaisani\/wp-json\/wp\/v2\/product\/1472?action=genpdf&amp;id=1472\" class=\"pgfw-single-pdf-download-button\" ><img src=\"https:\/\/ikasougou.com\/kofaisani\/wp-content\/plugins\/pdf-generator-for-wp\/admin\/src\/images\/PDF_Tray.svg\" title=\"G\u00e9n\u00e9rer un PDF\" style=\"width:auto; height:45px;\"><\/a>\n\t\t<\/div>","protected":false},"excerpt":{"rendered":"<p>Bureau r\u00e9glable en hauteur de bureau en m\u00e9tal d&#8217;usine professionnelle avec deux pieds pour poste de travail de bureau et table de jeu. D\u00e9tails rapides Caract\u00e9ristique\u00a0: R\u00e9glable (hauteur), Automatique Utilisation sp\u00e9cifique\u00a0: Bureaux Utilisation g\u00e9n\u00e9rale\u00a0: Mobilier commercial Type\u00a0: Mobilier de bureau Emballage du courrier\u00a0: Oui Mat\u00e9riel\u00a0: M\u00e9tal Apparence\u00a0: Moderne Type de m\u00e9tal\u00a0: Le fer Lieu d&#8217;origine\u00a0: [&#8230;]\n","protected":false},"featured_media":1478,"comment_status":"open","ping_status":"closed","template":"","meta":{"jetpack_publicize_message":"","jetpack_publicize_feature_enabled":true,"jetpack_social_post_already_shared":true,"jetpack_social_options":{"image_generator_settings":{"template":"highway","default_image_id":0,"font":"","enabled":false},"version":2}},"product_brand":[],"product_cat":[38,69,66],"product_tag":[137,138,139],"class_list":{"0":"post-1472","1":"product","2":"type-product","3":"status-publish","4":"has-post-thumbnail","6":"product_cat-high-tech","7":"product_cat-multimedia-audio-videos","8":"product_cat-ordinateur-bureautique","9":"product_tag-bureau","10":"product_tag-motorise","11":"product_tag-reglable-en-hauteur","13":"first","14":"instock","15":"virtual","16":"purchasable","17":"product-type-simple"},"ams_default_variation_id":0,"ams_product_points_reward":[],"ams_product_discount_percentage":0,"ams_price_to_display":350000,"aioseo_notices":[],"ams_acf":[],"jetpack_publicize_connections":[],"jetpack_sharing_enabled":true,"jetpack_likes_enabled":true,"jetpack-related-posts":[],"_links":{"self":[{"href":"https:\/\/ikasougou.com\/kofaisani\/wp-json\/wp\/v2\/product\/1472","targetHints":{"allow":["GET"]}}],"collection":[{"href":"https:\/\/ikasougou.com\/kofaisani\/wp-json\/wp\/v2\/product"}],"about":[{"href":"https:\/\/ikasougou.com\/kofaisani\/wp-json\/wp\/v2\/types\/product"}],"replies":[{"embeddable":true,"href":"https:\/\/ikasougou.com\/kofaisani\/wp-json\/wp\/v2\/comments?post=1472"}],"wp:featuredmedia":[{"embeddable":true,"href":"https:\/\/ikasougou.com\/kofaisani\/wp-json\/wp\/v2\/media\/1478"}],"wp:attachment":[{"href":"https:\/\/ikasougou.com\/kofaisani\/wp-json\/wp\/v2\/media?parent=1472"}],"wp:term":[{"taxonomy":"product_brand","embeddable":true,"href":"https:\/\/ikasougou.com\/kofaisani\/wp-json\/wp\/v2\/product_brand?post=1472"},{"taxonomy":"product_cat","embeddable":true,"href":"https:\/\/ikasougou.com\/kofaisani\/wp-json\/wp\/v2\/product_cat?post=1472"},{"taxonomy":"product_tag","embeddable":true,"href":"https:\/\/ikasougou.com\/kofaisani\/wp-json\/wp\/v2\/product_tag?post=1472"}],"curies":[{"name":"wp","href":"https:\/\/api.w.org\/{rel}","templated":true}]}}