{"id":1481,"date":"2022-01-05T11:02:50","date_gmt":"2022-01-05T10:02:50","guid":{"rendered":"https:\/\/ikasougou.com\/kofaisani\/?post_type=product&#038;p=1481"},"modified":"2022-01-05T11:02:50","modified_gmt":"2022-01-05T10:02:50","slug":"poele-electrique-dinterieur-sans-fumee","status":"publish","type":"product","link":"https:\/\/ikasougou.com\/kofaisani\/produit\/poele-electrique-dinterieur-sans-fumee\/","title":{"rendered":"Po\u00eale \u00c9lectrique d&#8217;Int\u00e9rieur sans Fum\u00e9e"},"content":{"rendered":"<p data-spm-anchor-id=\"a2g0o.detail.1000023.i0.23023d89kWeHzG\">-1300W peut chauffer les aliments rapidement et efficacement, conception de surface de rev\u00eatement antiadh\u00e9sif, avec sortie d&#8217;huile, facile \u00e0 nettoyer et s\u00fbr \u00e0 utiliser.<br \/>\n-Corps en aluminium moul\u00e9, rev\u00eatement antiadh\u00e9sif sain, po\u00eale en aluminium super \u00e9paisse, poign\u00e9e durable et confortable et stabilit\u00e9 du pied antid\u00e9rapant, cuisson sans fum\u00e9e.<br \/>\n-Double contr\u00f4le, r\u00e9glage de la temp\u00e9rature \u00e0 5 niveaux, protection de mise hors tension automatique, s\u00fbr et fiable.<br \/>\n-Tout le corps peut \u00eatre lav\u00e9, peut \u00eatre nettoy\u00e9 \u00e0 l&#8217;eau chaude et au d\u00e9tergent.<br \/>\n-Pas besoin de placer le po\u00eale n&#8217;importe o\u00f9, conception plug and play, conception de barbecue + pot chaud, combinaison de casseroles et po\u00eales, partagez le plaisir de cuisiner avec votre famille et vos amis.<\/p>\n<p>&nbsp;<\/p>\n<p><b>Sp\u00e9cification :<\/b><\/p>\n<p>-Mat\u00e9riau : Aluminium<br \/>\n-Convient pour 5-6 personnes<\/p>\n<p>&nbsp;<\/p>\n<p><b>Tableau Des tailles :<\/b><\/p>\n<p>Taille r\u00e9elle : 73x24cm \/ 28.74&#215;9.45inch<br \/>\nMarmite bouillante : 22\u2009cm \/ 8.66 pouces<\/p>\n<p>&nbsp;<\/p>\n<p><b>Le forfait Comprend :<\/b><\/p>\n<p>Po\u00eale \u00e0 Barbecue \u00e9lectrique multifonction 1 pi\u00e8ce<br \/>\nAdaptateur 1 pi\u00e8ce (prise am\u00e9ricaine)<br \/>\n1 pi\u00e8ce Manuel<\/p>\n<p>&nbsp;<\/p>\n<p><b>Note :<\/b><\/p>\n<p>La couleur peut \u00eatre l\u00e9g\u00e8rement diff\u00e9rente en raison de l&#8217;\u00e9talonnage des couleurs de chaque moniteur individuel.<br \/>\nVeuillez permettre un l\u00e9ger \u00e9cart de mesure en raison de la mesure manuelle.<\/p>\n<p>&nbsp;<\/p>\n<p><img data-recalc-dims=\"1\" loading=\"lazy\" decoding=\"async\" title=\"Electric Stove Indoor Hotpot Grill Pan Smokeless Integrated Pot for Household Dinner Entertainment US Adapter\" src=\"https:\/\/i0.wp.com\/ae01.alicdn.com\/kf\/H67b3528b47734718a83e285ab9a066ed5.jpg?resize=1020%2C1020&#038;ssl=1\" alt=\"Electric Stove Indoor Hotpot Grill Pan Smokeless Integrated Pot for Household Dinner Entertainment US Adapter\" width=\"1020\" height=\"1020\" \/><\/p>\n<p><img data-recalc-dims=\"1\" loading=\"lazy\" decoding=\"async\" title=\"Electric Stove Indoor Hotpot Grill Pan Smokeless Integrated Pot for Household Dinner Entertainment US Adapter\" src=\"https:\/\/i0.wp.com\/ae01.alicdn.com\/kf\/Hd188eee85ebe4850a865e6d021404843N.jpg?resize=1020%2C1020&#038;ssl=1\" alt=\"Electric Stove Indoor Hotpot Grill Pan Smokeless Integrated Pot for Household Dinner Entertainment US Adapter\" width=\"1020\" height=\"1020\" \/><\/p>\n<p><img data-recalc-dims=\"1\" loading=\"lazy\" decoding=\"async\" title=\"Electric Stove Indoor Hotpot Grill Pan Smokeless Integrated Pot for Household Dinner Entertainment US Adapter\" src=\"https:\/\/i0.wp.com\/ae01.alicdn.com\/kf\/H9407c860c1b245e7a3373b8db7391566h.jpg?resize=1020%2C1020&#038;ssl=1\" alt=\"Electric Stove Indoor Hotpot Grill Pan Smokeless Integrated Pot for Household Dinner Entertainment US Adapter\" width=\"1020\" height=\"1020\" \/><\/p>\n<p><img data-recalc-dims=\"1\" loading=\"lazy\" decoding=\"async\" title=\"Electric Stove Indoor Hotpot Grill Pan Smokeless Integrated Pot for Household Dinner Entertainment US Adapter\" src=\"https:\/\/i0.wp.com\/ae01.alicdn.com\/kf\/H187a82e13fff4172aa5e2d42f78a6484A.jpg?resize=1020%2C1020&#038;ssl=1\" alt=\"Electric Stove Indoor Hotpot Grill Pan Smokeless Integrated Pot for Household Dinner Entertainment US Adapter\" width=\"1020\" height=\"1020\" \/><\/p>\n<p><img data-recalc-dims=\"1\" loading=\"lazy\" decoding=\"async\" title=\"Electric Stove Indoor Hotpot Grill Pan Smokeless Integrated Pot for Household Dinner Entertainment US Adapter\" src=\"https:\/\/i0.wp.com\/ae01.alicdn.com\/kf\/H709b377264d74cdfb854a7d71527c1443.jpg?resize=1020%2C1020&#038;ssl=1\" alt=\"Electric Stove Indoor Hotpot Grill Pan Smokeless Integrated Pot for Household Dinner Entertainment US Adapter\" width=\"1020\" height=\"1020\" \/><\/p>\n<div style=\"display:flex; gap:10px;justify-content:center\" class=\"wps-pgfw-pdf-generate-icon__wrapper-frontend\">\n\t\t<a  href=\"https:\/\/ikasougou.com\/kofaisani\/wp-json\/wp\/v2\/product\/1481?action=genpdf&amp;id=1481\" class=\"pgfw-single-pdf-download-button\" ><img src=\"https:\/\/ikasougou.com\/kofaisani\/wp-content\/plugins\/pdf-generator-for-wp\/admin\/src\/images\/PDF_Tray.svg\" title=\"G\u00e9n\u00e9rer un PDF\" style=\"width:auto; height:45px;\"><\/a>\n\t\t<\/div>","protected":false},"excerpt":{"rendered":"<p>-1300W peut chauffer les aliments rapidement et efficacement, conception de surface de rev\u00eatement antiadh\u00e9sif, avec sortie d&#8217;huile, facile \u00e0 nettoyer et s\u00fbr \u00e0 utiliser. -Corps en aluminium moul\u00e9, rev\u00eatement antiadh\u00e9sif sain, po\u00eale en aluminium super \u00e9paisse, poign\u00e9e durable et confortable et stabilit\u00e9 du pied antid\u00e9rapant, cuisson sans fum\u00e9e. -Double contr\u00f4le, r\u00e9glage de la temp\u00e9rature \u00e0 [&#8230;]\n","protected":false},"featured_media":1482,"comment_status":"open","ping_status":"closed","template":"","meta":{"jetpack_publicize_message":"","jetpack_publicize_feature_enabled":true,"jetpack_social_post_already_shared":true,"jetpack_social_options":{"image_generator_settings":{"template":"highway","default_image_id":0,"font":"","enabled":false},"version":2}},"product_brand":[],"product_cat":[51,41,38,40],"product_tag":[141,143,142,140],"class_list":{"0":"post-1481","1":"product","2":"type-product","3":"status-publish","4":"has-post-thumbnail","6":"product_cat-alimentaires","7":"product_cat-cuisine-eletromenager","8":"product_cat-high-tech","9":"product_cat-home","10":"product_tag-electrique","11":"product_tag-fumee","12":"product_tag-interieur","13":"product_tag-poele","15":"first","16":"instock","17":"virtual","18":"purchasable","19":"product-type-simple"},"ams_default_variation_id":0,"ams_product_points_reward":[],"ams_product_discount_percentage":0,"ams_price_to_display":40000,"aioseo_notices":[],"ams_acf":[],"jetpack_publicize_connections":[],"jetpack_sharing_enabled":true,"jetpack_likes_enabled":true,"jetpack-related-posts":[],"_links":{"self":[{"href":"https:\/\/ikasougou.com\/kofaisani\/wp-json\/wp\/v2\/product\/1481","targetHints":{"allow":["GET"]}}],"collection":[{"href":"https:\/\/ikasougou.com\/kofaisani\/wp-json\/wp\/v2\/product"}],"about":[{"href":"https:\/\/ikasougou.com\/kofaisani\/wp-json\/wp\/v2\/types\/product"}],"replies":[{"embeddable":true,"href":"https:\/\/ikasougou.com\/kofaisani\/wp-json\/wp\/v2\/comments?post=1481"}],"wp:featuredmedia":[{"embeddable":true,"href":"https:\/\/ikasougou.com\/kofaisani\/wp-json\/wp\/v2\/media\/1482"}],"wp:attachment":[{"href":"https:\/\/ikasougou.com\/kofaisani\/wp-json\/wp\/v2\/media?parent=1481"}],"wp:term":[{"taxonomy":"product_brand","embeddable":true,"href":"https:\/\/ikasougou.com\/kofaisani\/wp-json\/wp\/v2\/product_brand?post=1481"},{"taxonomy":"product_cat","embeddable":true,"href":"https:\/\/ikasougou.com\/kofaisani\/wp-json\/wp\/v2\/product_cat?post=1481"},{"taxonomy":"product_tag","embeddable":true,"href":"https:\/\/ikasougou.com\/kofaisani\/wp-json\/wp\/v2\/product_tag?post=1481"}],"curies":[{"name":"wp","href":"https:\/\/api.w.org\/{rel}","templated":true}]}}