{"id":1487,"date":"2022-01-05T11:39:05","date_gmt":"2022-01-05T10:39:05","guid":{"rendered":"https:\/\/ikasougou.com\/kofaisani\/?post_type=product&#038;p=1487"},"modified":"2022-03-01T13:05:39","modified_gmt":"2022-03-01T13:05:39","slug":"machine-dimpression-dongles-pour-salon","status":"publish","type":"product","link":"https:\/\/ikasougou.com\/kofaisani\/produit\/machine-dimpression-dongles-pour-salon\/","title":{"rendered":"Machine d&#8217;impression d&#8217;ongles pour Salon"},"content":{"rendered":"<h3 class=\"detailmodule_dynamic\" data-spm-anchor-id=\"a2g0o.detail.1000023.i2.14a67b576AxiIA\"><strong><span style=\"color: #555555; font-size: 14.4px;\">Questions\/R\u00e9ponses<\/span><\/strong><\/h3>\n<div class=\"detailmodule_html\">\n<div class=\"detail-desc-decorate-richtext\">\n<div class=\"detailmodule_text\">\n<p class=\"detail-desc-decorate-content\">Q : combien d&#8217;ongles peuvent \u00eatre imprim\u00e9s avec 1 cartouche\u202f?<\/p>\n<p class=\"detail-desc-decorate-content\">R : une cartouche peut imprimer plus de 3000 ongles.<\/p>\n<p class=\"detail-desc-decorate-content\">Q : est-ce facile \u00e0 utiliser\u202f?<\/p>\n<p class=\"detail-desc-decorate-content\">R : mettez la cartouche d&#8217;encre et connectez-vous \u00e0 Internet pour imprimer. Les nouveaux utilisateurs peuvent \u00e9galement d\u00e9marrer facilement.<\/p>\n<p class=\"detail-desc-decorate-content\">Q : combien de temps pour exp\u00e9dier la commande\u202f?<\/p>\n<p class=\"detail-desc-decorate-content\">UN : nous allons envoyer dans un jour apr\u00e8s votre paiement effectu\u00e9, prend environ 4-9 jours arriver votre adresse.<\/p>\n<p class=\"detail-desc-decorate-content\">Q : le motif est-il populaire aupr\u00e8s des clients\u202f?<\/p>\n<p class=\"detail-desc-decorate-content\">R : il existe de nombreux styles populaires dans l&#8217;application, qui peuvent \u00eatre imprim\u00e9s directement. Les manucures peuvent aussi faire du bricolage, tr\u00e8s puissant.<\/p>\n<p class=\"detail-desc-decorate-content\">Q : qu&#8217;en est-il de la garantie\u202f?<\/p>\n<p class=\"detail-desc-decorate-content\">A : Nous vous offrons 1 an de garantie. Et support technique \u00e0 vie<\/p>\n<p><img data-recalc-dims=\"1\" loading=\"lazy\" decoding=\"async\" src=\"https:\/\/i0.wp.com\/ae01.alicdn.com\/kf\/Hae43fbb2836d4bae9ac792b77908b755e.jpg?resize=800%2C600&#038;ssl=1\" width=\"800\" height=\"600\" data-spm-anchor-id=\"a2g0o.detail.1000023.i4.14a67b576AxiIA\" \/><img data-recalc-dims=\"1\" loading=\"lazy\" decoding=\"async\" src=\"https:\/\/i0.wp.com\/ae01.alicdn.com\/kf\/Hf5b006b0d2e44c91beeb43af1175f089M.jpg?resize=800%2C800&#038;ssl=1\" width=\"800\" height=\"800\" data-spm-anchor-id=\"a2g0o.detail.1000023.i0.14a67b576AxiIA\" \/><\/p>\n<p><img data-recalc-dims=\"1\" loading=\"lazy\" decoding=\"async\" src=\"https:\/\/i0.wp.com\/ae01.alicdn.com\/kf\/H38af8fdaabca400899fecf872ff61961M.jpg?resize=800%2C800&#038;ssl=1\" width=\"800\" height=\"800\" \/><img data-recalc-dims=\"1\" loading=\"lazy\" decoding=\"async\" src=\"https:\/\/i0.wp.com\/ae01.alicdn.com\/kf\/Ua8b22bd0e98d4d3eb80e8b9f4d24f8efV.jpg?resize=800%2C800&#038;ssl=1\" width=\"800\" height=\"800\" \/><img data-recalc-dims=\"1\" loading=\"lazy\" decoding=\"async\" src=\"https:\/\/i0.wp.com\/ae01.alicdn.com\/kf\/U3c7e95493f714943a9f272e1fa00f633k.jpg?resize=800%2C800&#038;ssl=1\" width=\"800\" height=\"800\" \/><img data-recalc-dims=\"1\" loading=\"lazy\" decoding=\"async\" src=\"https:\/\/i0.wp.com\/ae01.alicdn.com\/kf\/He2d2cd4210954ccdaa6455395fc7b7aap.jpg?resize=800%2C800&#038;ssl=1\" width=\"800\" height=\"800\" \/><img data-recalc-dims=\"1\" loading=\"lazy\" decoding=\"async\" src=\"https:\/\/i0.wp.com\/ae01.alicdn.com\/kf\/H23605edecda3470ca7d0fa56c9e8632eC.jpg?resize=800%2C800&#038;ssl=1\" width=\"800\" height=\"800\" \/><img data-recalc-dims=\"1\" loading=\"lazy\" decoding=\"async\" src=\"https:\/\/i0.wp.com\/ae01.alicdn.com\/kf\/H99b0340100e0429bb7ea418bd2891eccg.jpg?resize=800%2C800&#038;ssl=1\" width=\"800\" height=\"800\" \/><img data-recalc-dims=\"1\" loading=\"lazy\" decoding=\"async\" src=\"https:\/\/i0.wp.com\/ae01.alicdn.com\/kf\/H34d63e3895874b12acf653136bbd7ce0v.jpg?resize=800%2C845&#038;ssl=1\" width=\"800\" height=\"845\" \/><img data-recalc-dims=\"1\" decoding=\"async\" src=\"https:\/\/i0.wp.com\/ae01.alicdn.com\/kf\/H13dcd77d1e9e42dbb89567a1389e8651t.jpg?w=1020&#038;ssl=1\" \/><img data-recalc-dims=\"1\" decoding=\"async\" src=\"https:\/\/i0.wp.com\/ae01.alicdn.com\/kf\/Hc03bc5ebe994473aa0a5fc539d472bb7C.jpg?w=1020&#038;ssl=1\" \/><img data-recalc-dims=\"1\" loading=\"lazy\" decoding=\"async\" src=\"https:\/\/i0.wp.com\/ae01.alicdn.com\/kf\/Hc9f082c25de247f78a55d78bac49ae6f3.jpg?resize=800%2C618&#038;ssl=1\" width=\"800\" height=\"618\" data-spm-anchor-id=\"a2g0o.detail.1000023.i1.14a67b576AxiIA\" \/><\/p>\n<\/div>\n<p><img data-recalc-dims=\"1\" loading=\"lazy\" decoding=\"async\" src=\"https:\/\/i0.wp.com\/ae01.alicdn.com\/kf\/H79420824e88143d481b5e79576e12ed1o.jpg?resize=800%2C800&#038;ssl=1\" width=\"800\" height=\"800\" \/><img data-recalc-dims=\"1\" loading=\"lazy\" decoding=\"async\" src=\"https:\/\/i0.wp.com\/ae01.alicdn.com\/kf\/H631692b4e0cc46deafa749a7cb55f2dby.jpg?resize=800%2C912&#038;ssl=1\" width=\"800\" height=\"912\" \/><img data-recalc-dims=\"1\" loading=\"lazy\" decoding=\"async\" src=\"https:\/\/i0.wp.com\/ae01.alicdn.com\/kf\/H99b81be568d745819b221fd2e4a6b2f4q.jpg?resize=800%2C800&#038;ssl=1\" width=\"800\" height=\"800\" \/><img data-recalc-dims=\"1\" loading=\"lazy\" decoding=\"async\" src=\"https:\/\/i0.wp.com\/ae01.alicdn.com\/kf\/H0e812fbbae124476903b319e7f872a0fd.jpg?resize=800%2C1342&#038;ssl=1\" width=\"800\" height=\"1342\" \/><img data-recalc-dims=\"1\" loading=\"lazy\" decoding=\"async\" src=\"https:\/\/i0.wp.com\/ae01.alicdn.com\/kf\/H863aed6b375849da9b06e085e0e5f1ba5.jpg?resize=800%2C1156&#038;ssl=1\" width=\"800\" height=\"1156\" \/><img data-recalc-dims=\"1\" loading=\"lazy\" decoding=\"async\" src=\"https:\/\/i0.wp.com\/ae01.alicdn.com\/kf\/Hc5b400f724d847bba417cb48bb2dd851M.jpg?resize=800%2C2060&#038;ssl=1\" width=\"800\" height=\"2060\" \/><img data-recalc-dims=\"1\" loading=\"lazy\" decoding=\"async\" src=\"https:\/\/i0.wp.com\/ae01.alicdn.com\/kf\/H50ef318520d440bbbc665b68a07f8492o.jpg?resize=800%2C1269&#038;ssl=1\" width=\"800\" height=\"1269\" \/><img data-recalc-dims=\"1\" loading=\"lazy\" decoding=\"async\" src=\"https:\/\/i0.wp.com\/ae01.alicdn.com\/kf\/Hc7e556dd956f4064aab693662fed2a628.jpg?resize=800%2C1320&#038;ssl=1\" width=\"800\" height=\"1320\" \/><\/p>\n<p><img data-recalc-dims=\"1\" loading=\"lazy\" decoding=\"async\" src=\"https:\/\/i0.wp.com\/ae01.alicdn.com\/kf\/Hb14f6a9a232b4a1fb3ec704e195ef9bfa.jpg?resize=800%2C1071&#038;ssl=1\" width=\"800\" height=\"1071\" \/><img data-recalc-dims=\"1\" loading=\"lazy\" decoding=\"async\" src=\"https:\/\/i0.wp.com\/ae01.alicdn.com\/kf\/Hc18360ea5e1648f59af07d53338acbd6j.jpg?resize=800%2C800&#038;ssl=1\" width=\"800\" height=\"800\" \/><img data-recalc-dims=\"1\" loading=\"lazy\" decoding=\"async\" src=\"https:\/\/i0.wp.com\/ae01.alicdn.com\/kf\/H16510c03da53468da1d16cec3c8b9d8f7.jpg?resize=800%2C1265&#038;ssl=1\" width=\"800\" height=\"1265\" \/><img data-recalc-dims=\"1\" loading=\"lazy\" decoding=\"async\" src=\"https:\/\/i0.wp.com\/ae01.alicdn.com\/kf\/Ha0a903ab38dc44e68394f109e6f16221X.jpg?resize=800%2C1120&#038;ssl=1\" width=\"800\" height=\"1120\" \/><img data-recalc-dims=\"1\" loading=\"lazy\" decoding=\"async\" src=\"https:\/\/i0.wp.com\/ae01.alicdn.com\/kf\/H84c3741350c4494f90199496efafa5caZ.jpg?resize=800%2C1280&#038;ssl=1\" width=\"800\" height=\"1280\" \/><img data-recalc-dims=\"1\" loading=\"lazy\" decoding=\"async\" src=\"https:\/\/i0.wp.com\/ae01.alicdn.com\/kf\/H8d053270c3894228a94156c85db7d2f7J.jpg?resize=800%2C1477&#038;ssl=1\" width=\"800\" height=\"1477\" \/><img data-recalc-dims=\"1\" loading=\"lazy\" decoding=\"async\" src=\"https:\/\/i0.wp.com\/ae01.alicdn.com\/kf\/H99846f4fbb854d6599ae9f4b6705616bj.jpg?resize=800%2C1239&#038;ssl=1\" width=\"800\" height=\"1239\" \/><img data-recalc-dims=\"1\" loading=\"lazy\" decoding=\"async\" src=\"https:\/\/i0.wp.com\/ae01.alicdn.com\/kf\/Hb305074163974991a894cca417567308P.jpg?resize=800%2C1148&#038;ssl=1\" width=\"800\" height=\"1148\" \/><\/p>\n<p><img data-recalc-dims=\"1\" loading=\"lazy\" decoding=\"async\" src=\"https:\/\/i0.wp.com\/ae01.alicdn.com\/kf\/HTB17xGWdjfguuRjSspaq6yXVXXax.jpg?resize=800%2C292&#038;ssl=1\" width=\"800\" height=\"292\" \/><\/p>\n<p>&nbsp;<\/p>\n<p><img data-recalc-dims=\"1\" loading=\"lazy\" decoding=\"async\" src=\"https:\/\/i0.wp.com\/ae01.alicdn.com\/kf\/HTB13oJsKruWBuNjSszgq6z8jVXar.jpg?resize=800%2C682&#038;ssl=1\" width=\"800\" height=\"682\" \/><\/p>\n<p>&nbsp;<\/p>\n<p><img data-recalc-dims=\"1\" loading=\"lazy\" decoding=\"async\" src=\"https:\/\/i0.wp.com\/ae01.alicdn.com\/kf\/HTB15.A1KXuWBuNjSszbq6AS7FXad.jpg?resize=800%2C731&#038;ssl=1\" width=\"800\" height=\"731\" \/><\/p>\n<p>SERVICE<\/p>\n<ul>\n<li>Real Shot: tous les produits sont 100% real shot<\/li>\n<li>D\u00e9lai de livraison : sera exp\u00e9di\u00e9 dans un d\u00e9lai de 1 \u00e0 2 jours ouvrables apr\u00e8s le paiement<\/li>\n<li>Nous allons le v\u00e9rifier et le tester avant l&#8217;exp\u00e9dition pour nous assurer que les machines fonctionnent bien.<\/li>\n<li>Si vous avez un probl\u00e8me de paiement\/des doutes concernant la machine, veuillez nous contacter par email ou WhatsApp, nous vous r\u00e9pondrons d\u00e8s que possible<\/li>\n<li>Toutes nos machines ont la certification CE qui garantit la qualit\u00e9 et la s\u00e9curit\u00e9.<\/li>\n<li>Nous avons une \u00e9quipe de support de technologie professionnelle pour vos services en temps opportun.<\/li>\n<li>Il est du devoir des acheteurs de passer la douane et de payer les taxes et frais de douane.<\/li>\n<\/ul>\n<p>&nbsp;<\/p>\n<\/div>\n<\/div>\n<div style=\"display:flex; gap:10px;justify-content:center\" class=\"wps-pgfw-pdf-generate-icon__wrapper-frontend\">\n\t\t<a  href=\"https:\/\/ikasougou.com\/kofaisani\/wp-json\/wp\/v2\/product\/1487?action=genpdf&amp;id=1487\" class=\"pgfw-single-pdf-download-button\" ><img src=\"https:\/\/ikasougou.com\/kofaisani\/wp-content\/plugins\/pdf-generator-for-wp\/admin\/src\/images\/PDF_Tray.svg\" title=\"G\u00e9n\u00e9rer un PDF\" style=\"width:auto; height:45px;\"><\/a>\n\t\t<\/div>","protected":false},"excerpt":{"rendered":"<p>Une cartouche peut imprimer plus de 3000 ongles.<\/p>\n","protected":false},"featured_media":1492,"comment_status":"open","ping_status":"closed","template":"","meta":{"jetpack_publicize_message":"","jetpack_publicize_feature_enabled":true,"jetpack_social_post_already_shared":true,"jetpack_social_options":{"image_generator_settings":{"template":"highway","default_image_id":0,"font":"","enabled":false},"version":2}},"product_brand":[],"product_cat":[38,78],"product_tag":[145,144,146,147],"class_list":{"0":"post-1487","1":"product","2":"type-product","3":"status-publish","4":"has-post-thumbnail","6":"product_cat-high-tech","7":"product_cat-reservation","8":"product_tag-impression","9":"product_tag-machine","10":"product_tag-ongles","11":"product_tag-salon","13":"first","14":"instock","15":"shipping-taxable","16":"purchasable","17":"product-type-simple"},"ams_default_variation_id":0,"ams_product_points_reward":[],"ams_product_discount_percentage":0,"ams_price_to_display":750000,"aioseo_notices":[],"ams_acf":[],"jetpack_publicize_connections":[],"jetpack_sharing_enabled":true,"jetpack_likes_enabled":true,"jetpack-related-posts":[],"_links":{"self":[{"href":"https:\/\/ikasougou.com\/kofaisani\/wp-json\/wp\/v2\/product\/1487","targetHints":{"allow":["GET"]}}],"collection":[{"href":"https:\/\/ikasougou.com\/kofaisani\/wp-json\/wp\/v2\/product"}],"about":[{"href":"https:\/\/ikasougou.com\/kofaisani\/wp-json\/wp\/v2\/types\/product"}],"replies":[{"embeddable":true,"href":"https:\/\/ikasougou.com\/kofaisani\/wp-json\/wp\/v2\/comments?post=1487"}],"wp:featuredmedia":[{"embeddable":true,"href":"https:\/\/ikasougou.com\/kofaisani\/wp-json\/wp\/v2\/media\/1492"}],"wp:attachment":[{"href":"https:\/\/ikasougou.com\/kofaisani\/wp-json\/wp\/v2\/media?parent=1487"}],"wp:term":[{"taxonomy":"product_brand","embeddable":true,"href":"https:\/\/ikasougou.com\/kofaisani\/wp-json\/wp\/v2\/product_brand?post=1487"},{"taxonomy":"product_cat","embeddable":true,"href":"https:\/\/ikasougou.com\/kofaisani\/wp-json\/wp\/v2\/product_cat?post=1487"},{"taxonomy":"product_tag","embeddable":true,"href":"https:\/\/ikasougou.com\/kofaisani\/wp-json\/wp\/v2\/product_tag?post=1487"}],"curies":[{"name":"wp","href":"https:\/\/api.w.org\/{rel}","templated":true}]}}