{"id":1770,"date":"2022-08-01T11:52:40","date_gmt":"2022-08-01T11:52:40","guid":{"rendered":"https:\/\/ikasougou.com\/kofaisani\/?post_type=product&#038;p=1770"},"modified":"2022-09-06T16:13:32","modified_gmt":"2022-09-06T16:13:32","slug":"lampe-de-poche-tactique-led-ultra-lumineuse-2-en-1-9990000lm-mini-batterie-externe-3-modes-declairage-avec-cable-de-chargement-usb-nouveaute-lampe-de-poche-tactique-led-ultra-lumineuse-2-en-1","status":"publish","type":"product","link":"https:\/\/ikasougou.com\/kofaisani\/produit\/lampe-de-poche-tactique-led-ultra-lumineuse-2-en-1-9990000lm-mini-batterie-externe-3-modes-declairage-avec-cable-de-chargement-usb-nouveaute-lampe-de-poche-tactique-led-ultra-lumineuse-2-en-1\/","title":{"rendered":"Lampe de poche tactique LED"},"content":{"rendered":"<div class=\"detailmodule_text\">\n<div style=\"width: 720px;\" class=\"wp-video\"><video class=\"wp-video-shortcode\" id=\"video-1770-1\" width=\"720\" height=\"720\" preload=\"metadata\" controls=\"controls\"><source type=\"video\/mp4\" src=\"https:\/\/ikasougou.com\/kofaisani\/wp-content\/uploads\/sites\/86\/2022\/08\/super-lampe.mp4?_=1\" \/><a href=\"https:\/\/ikasougou.com\/kofaisani\/wp-content\/uploads\/sites\/86\/2022\/08\/super-lampe.mp4\">https:\/\/ikasougou.com\/kofaisani\/wp-content\/uploads\/sites\/86\/2022\/08\/super-lampe.mp4<\/a><\/video><\/div>\n<p class=\"detail-desc-decorate-content\">Type de produit : Lampe de Poche Grade : fort-faible-clignotant<\/p>\n<p class=\"detail-desc-decorate-content\">Mat\u00e9riel : ABS M\u00e8che : G3 Imperm\u00e9able : IPX6<\/p>\n<p class=\"detail-desc-decorate-content\">Batterie : batterie int\u00e9gr\u00e9e Capacit\u00e9 de la batterie : 1200 mAh<\/p>\n<p class=\"detail-desc-decorate-content\">Taille : 12.3\u00d72.5 CM Poids Net : 73 g<\/p>\n<p class=\"detail-desc-decorate-content\">Fonction : Rechargeable L\u00e9ger et portable, grande capacit\u00e9, mais tr\u00e8s l\u00e9ger, fabriqu\u00e9 en ABS dur \u00e9lev\u00e9, le corps a une grande capacit\u00e9 \u00e9lectrique, mais est tr\u00e8s l\u00e9ger Noyau de lampe G3 \u00e0 haute luminosit\u00e9 am\u00e9lior\u00e9, luminosit\u00e9 comparable aux phares de voiture.<\/p>\n<p class=\"detail-desc-decorate-content\">Concentrez-vous sur l&#8217;effet de lumi\u00e8re longue distance, testez le sens de la lumi\u00e8re visible \u00e0 1500M Charge rapide, intelligente, rapide et pratique Une torche et un chargeur de t\u00e9l\u00e9phone portable Emballage Inclus : 1 * lampe de poche, 1 * bo\u00eete d&#8217;emballage. 1 * c\u00e2ble de chargement. 1 * manuel d&#8217;utilisation<\/p>\n<\/div>\n<div class=\"detailmodule_image\" data-spm-anchor-id=\"a2g0o.detail.1000023.i0.721073caESUEU0\"><img data-recalc-dims=\"1\" decoding=\"async\" class=\"detail-desc-decorate-image\" src=\"https:\/\/i0.wp.com\/ae01.alicdn.com\/kf\/Sae0e408f95004d689bfb39285ce2eb19z.jpg?w=1020&#038;ssl=1\" \/><img data-recalc-dims=\"1\" decoding=\"async\" class=\"detail-desc-decorate-image\" src=\"https:\/\/i0.wp.com\/ae01.alicdn.com\/kf\/Sef14edbe26cf46ec8a2303bbfa06bd8b6.jpg?w=1020&#038;ssl=1\" \/><img data-recalc-dims=\"1\" decoding=\"async\" class=\"detail-desc-decorate-image\" src=\"https:\/\/i0.wp.com\/ae01.alicdn.com\/kf\/S8f1496000d404267bfdbcca471d75cb9I.jpg?w=1020&#038;ssl=1\" \/><img data-recalc-dims=\"1\" decoding=\"async\" class=\"detail-desc-decorate-image\" src=\"https:\/\/i0.wp.com\/ae01.alicdn.com\/kf\/Sbc3885fb20b94941a87dcec6bb764334x.jpg?w=1020&#038;ssl=1\" \/><img data-recalc-dims=\"1\" decoding=\"async\" class=\"detail-desc-decorate-image\" src=\"https:\/\/i0.wp.com\/ae01.alicdn.com\/kf\/S2f256039d1844c678368420f84970a51e.jpg?w=1020&#038;ssl=1\" \/><img data-recalc-dims=\"1\" decoding=\"async\" class=\"detail-desc-decorate-image\" src=\"https:\/\/i0.wp.com\/ae01.alicdn.com\/kf\/S1b4fac5634984f7fb4819c60ca07859aN.jpg?w=1020&#038;ssl=1\" \/><img data-recalc-dims=\"1\" decoding=\"async\" class=\"detail-desc-decorate-image\" src=\"https:\/\/i0.wp.com\/ae01.alicdn.com\/kf\/S9561c51bf4774aa69c76c0ec596178d8g.jpg?w=1020&#038;ssl=1\" \/><img data-recalc-dims=\"1\" decoding=\"async\" class=\"detail-desc-decorate-image\" src=\"https:\/\/i0.wp.com\/ae01.alicdn.com\/kf\/S6cfb34c184e645b495371530a83cfee3s.jpg?w=1020&#038;ssl=1\" \/><img data-recalc-dims=\"1\" decoding=\"async\" class=\"detail-desc-decorate-image\" src=\"https:\/\/i0.wp.com\/ae01.alicdn.com\/kf\/S559f64ad39624c8fa7e1b65e4d81defag.jpg?w=1020&#038;ssl=1\" \/><img data-recalc-dims=\"1\" decoding=\"async\" class=\"detail-desc-decorate-image\" src=\"https:\/\/i0.wp.com\/ae01.alicdn.com\/kf\/Scaf76d110b034d8184b645bd81f3b67ai.jpg?w=1020&#038;ssl=1\" \/><img data-recalc-dims=\"1\" decoding=\"async\" class=\"detail-desc-decorate-image\" src=\"https:\/\/i0.wp.com\/ae01.alicdn.com\/kf\/Se21d1102d48347e488909aeb2378f9ceS.jpg?w=1020&#038;ssl=1\" \/><img data-recalc-dims=\"1\" decoding=\"async\" class=\"detail-desc-decorate-image\" src=\"https:\/\/i0.wp.com\/ae01.alicdn.com\/kf\/S961c9e89a5384aab8a1bf45cc8927305N.jpg?w=1020&#038;ssl=1\" \/><img data-recalc-dims=\"1\" decoding=\"async\" class=\"detail-desc-decorate-image\" src=\"https:\/\/i0.wp.com\/ae01.alicdn.com\/kf\/Sc9e8f248a7e641aeb499c109a7fc9d69o.jpg?w=1020&#038;ssl=1\" \/><img data-recalc-dims=\"1\" decoding=\"async\" class=\"detail-desc-decorate-image\" src=\"https:\/\/i0.wp.com\/ae01.alicdn.com\/kf\/Sbf5a601d764242dfb4d3cb991f06fe39g.jpg?w=1020&#038;ssl=1\" \/><img data-recalc-dims=\"1\" decoding=\"async\" class=\"detail-desc-decorate-image\" src=\"https:\/\/i0.wp.com\/ae01.alicdn.com\/kf\/Se0ef4f8ec1cf4279a13a5af21e98e7465.jpg?w=1020&#038;ssl=1\" \/><img data-recalc-dims=\"1\" decoding=\"async\" class=\"detail-desc-decorate-image\" src=\"https:\/\/i0.wp.com\/ae01.alicdn.com\/kf\/Sce67d7ab170e499aa1a268df6d2f88b8e.jpg?w=1020&#038;ssl=1\" \/><\/div>\n<div style=\"display:flex; gap:10px;justify-content:center\" class=\"wps-pgfw-pdf-generate-icon__wrapper-frontend\">\n\t\t<a  href=\"https:\/\/ikasougou.com\/kofaisani\/wp-json\/wp\/v2\/product\/1770?action=genpdf&amp;id=1770\" class=\"pgfw-single-pdf-download-button\" ><img src=\"https:\/\/ikasougou.com\/kofaisani\/wp-content\/plugins\/pdf-generator-for-wp\/admin\/src\/images\/PDF_Tray.svg\" title=\"G\u00e9n\u00e9rer un PDF\" style=\"width:auto; height:45px;\"><\/a>\n\t\t<\/div>","protected":false},"excerpt":{"rendered":"<h1 class=\"product-title-text\" data-spm-anchor-id=\"a2g0o.detail.1000016.i2.721073caESUEU0\">Mini batterie externe, 3 Modes d&#8217;\u00e9clairage avec c\u00e2ble de chargement USB<\/h1>\n","protected":false},"featured_media":1775,"comment_status":"open","ping_status":"closed","template":"","meta":{"jetpack_publicize_message":"","jetpack_publicize_feature_enabled":true,"jetpack_social_post_already_shared":true,"jetpack_social_options":{"image_generator_settings":{"template":"highway","default_image_id":0,"font":"","enabled":false},"version":2}},"product_brand":[],"product_cat":[38,78],"product_tag":[244,246,245],"class_list":{"0":"post-1770","1":"product","2":"type-product","3":"status-publish","4":"has-post-thumbnail","6":"product_cat-high-tech","7":"product_cat-reservation","8":"product_tag-lampe","9":"product_tag-recharge-usb","10":"product_tag-ultra-forte","12":"first","13":"instock","14":"shipping-taxable","15":"purchasable","16":"product-type-simple"},"ams_default_variation_id":0,"ams_product_points_reward":[],"ams_product_discount_percentage":0,"ams_price_to_display":6500,"aioseo_notices":[],"ams_acf":[],"jetpack_publicize_connections":[],"jetpack_sharing_enabled":true,"jetpack_likes_enabled":true,"jetpack-related-posts":[],"_links":{"self":[{"href":"https:\/\/ikasougou.com\/kofaisani\/wp-json\/wp\/v2\/product\/1770","targetHints":{"allow":["GET"]}}],"collection":[{"href":"https:\/\/ikasougou.com\/kofaisani\/wp-json\/wp\/v2\/product"}],"about":[{"href":"https:\/\/ikasougou.com\/kofaisani\/wp-json\/wp\/v2\/types\/product"}],"replies":[{"embeddable":true,"href":"https:\/\/ikasougou.com\/kofaisani\/wp-json\/wp\/v2\/comments?post=1770"}],"wp:featuredmedia":[{"embeddable":true,"href":"https:\/\/ikasougou.com\/kofaisani\/wp-json\/wp\/v2\/media\/1775"}],"wp:attachment":[{"href":"https:\/\/ikasougou.com\/kofaisani\/wp-json\/wp\/v2\/media?parent=1770"}],"wp:term":[{"taxonomy":"product_brand","embeddable":true,"href":"https:\/\/ikasougou.com\/kofaisani\/wp-json\/wp\/v2\/product_brand?post=1770"},{"taxonomy":"product_cat","embeddable":true,"href":"https:\/\/ikasougou.com\/kofaisani\/wp-json\/wp\/v2\/product_cat?post=1770"},{"taxonomy":"product_tag","embeddable":true,"href":"https:\/\/ikasougou.com\/kofaisani\/wp-json\/wp\/v2\/product_tag?post=1770"}],"curies":[{"name":"wp","href":"https:\/\/api.w.org\/{rel}","templated":true}]}}