{"id":1811,"date":"2022-09-12T10:35:09","date_gmt":"2022-09-12T10:35:09","guid":{"rendered":"https:\/\/ikasougou.com\/kofaisani\/?post_type=product&#038;p=1811"},"modified":"2022-09-14T10:47:28","modified_gmt":"2022-09-14T10:47:28","slug":"serrure-biometrique-intelligente-a-empreintes-digitales","status":"publish","type":"product","link":"https:\/\/ikasougou.com\/kofaisani\/produit\/serrure-biometrique-intelligente-a-empreintes-digitales\/","title":{"rendered":"Serrure biom\u00e9trique intelligente \u00e0 empreintes digitales"},"content":{"rendered":"<p><strong data-spm-anchor-id=\"a2g0o.detail.1000023.i0.4c136bfdJOlmmn\">Serrure intelligente Portable P4 \u00e0 empreintes digitales, s\u00e9curit\u00e9 sans cl\u00e9 USB Rechargeable serrure de porte \u00e9lectronique antivol cadenas \u00e0 d\u00e9verrouillage rapide lecteur biom\u00e9trique d&#8217;empreintes digitales pour sac \u00e0 bagages valise<\/strong><\/p>\n<p><strong>Caract\u00e9ristique:<\/strong><br \/>\n<strong>1. Petite taille, belle apparence, mat\u00e9riau dur<br \/>\n2. Peut enregistrer 10 empreintes digitales; R\u00e9sistant aux chutes, anti-cambriolage.<br \/>\n3. Trois heures de charge, quatre mois de veille, une charge, 1000 de d\u00e9verrouillage (verrouillage et d\u00e9verrouillage illimit\u00e9s tant qu&#8217;il y a du courant);<br \/>\n4. Pour portes de garage, portes d&#8217;entrep\u00f4t, sacs \u00e0 dos, bagages, etc.<\/strong><\/p>\n<p><strong>Sp\u00e9cifications:<\/strong><br \/>\n<strong>Capteur d&#8217;empreintes digitales: technologie de capteur d&#8217;empreintes digitales \u00e0 semi-conducteur, 72*64, enregistrement 10 fois, sauvegarde 10 ensembles<br \/>\nForme d&#8217;empreinte digitale: carr\u00e9, 10.4*10.4mm<br \/>\nPoids du produit: 58 grammes<br \/>\nTaille du produit: 28*52.5*12mm<br \/>\nCapacit\u00e9 de stockage: 10 jeux d&#8217;empreintes digitales<br \/>\nTechnologie: biom\u00e9trie<br \/>\nFaux taux: &lt;0.002<br \/>\nTaux de rejet: &amp; lt; 1<br \/>\nTemps de collecte des empreintes digitales: \u2264 0.5 secondes<br \/>\nTemps de correspondance des empreintes digitales: \u2264 1.0 secondes<br \/>\nCapacit\u00e9 d&#8217;empreinte digitale d&#8217;administrateur: 2 jeux d&#8217;empreintes digitales<br \/>\nR\u00e9glage des empreintes digitales: appuyez bri\u00e8vement pour d\u00e9verrouiller, appuyez longuement pendant 5 secondes pour d\u00e9finir les empreintes digitales, appuyez longuement pendant 10 secondes pour supprimer les empreintes digitales<br \/>\nNoyau de verrouillage: pas de noyau de verrouillage m\u00e9canique<br \/>\nSyst\u00e8me de Support: pour Android, pour iOS<br \/>\nCarte d&#8217;induction IC: non pris en charge<br \/>\nMoteur: moteur de d\u00e9c\u00e9l\u00e9ration plan\u00e9taire M10<br \/>\nTension de fonctionnement: 3.7 V<br \/>\nBatterie: batterie au lithium 80mAh 3.7 V<br \/>\nCourant de Charge: 5V\/160ma<br \/>\nEn veille: 4 mois<br \/>\nRappel de charge compl\u00e8te: lumi\u00e8re verte \u00e9teinte<br \/>\nAlerte de faible puissance: 3.5 V<br \/>\nLAMPE \u00c0 LED: tricolore Lampe<br \/>\nInterface USB: Micro USB 5V 0.5 A (charge d&#8217;urgence)<br \/>\nBouton: bouton de d\u00e9tection de course * 1 (int\u00e9gr\u00e9)<br \/>\nTemp\u00e9rature de fonctionnement: -20 \u00b0C ~ + 70 \u00b0C<br \/>\nTemps de d\u00e9verrouillage: 1000 fois <\/strong><\/p>\n<p><strong>Note:<\/strong><br \/>\n<strong>L&#8217;image peut ne pas refl\u00e9ter la couleur r\u00e9elle de l&#8217;article en raison de la lumi\u00e8re photographique diff\u00e9rente, de l&#8217;angle et du moniteur d&#8217;affichage.<\/strong><\/p>\n<p><strong>Le forfait Comprend:<\/strong><br \/>\n<strong>1 x Serrure D&#8217;empreinte Digitale<br \/>\n1 x C\u00e2ble USB<br \/>\n1 x Manuel de L&#8217;utilisateur<\/strong><\/p>\n<p><img data-recalc-dims=\"1\" decoding=\"async\" src=\"https:\/\/i0.wp.com\/ae01.alicdn.com\/kf\/Hdfd381d0e0784f92bfb7bb74bbad1eecM.jpg?w=1020&#038;ssl=1\" \/><img data-recalc-dims=\"1\" decoding=\"async\" src=\"https:\/\/i0.wp.com\/ae01.alicdn.com\/kf\/H44118be39d35422493ba672bbc20cee7H.jpg?w=1020&#038;ssl=1\" \/><img data-recalc-dims=\"1\" decoding=\"async\" src=\"https:\/\/i0.wp.com\/ae01.alicdn.com\/kf\/H081ee4f4343c4c74bfc88a0853e63570W.jpg?w=1020&#038;ssl=1\" \/><img data-recalc-dims=\"1\" decoding=\"async\" src=\"https:\/\/i0.wp.com\/ae01.alicdn.com\/kf\/Hdfd759c01b90445dbe1e8cebd5a5bc02G.jpg?w=1020&#038;ssl=1\" \/><img data-recalc-dims=\"1\" decoding=\"async\" src=\"https:\/\/i0.wp.com\/ae01.alicdn.com\/kf\/Hc5de8f31afe644a29c77740317120e23n.jpg?w=1020&#038;ssl=1\" \/><img data-recalc-dims=\"1\" decoding=\"async\" src=\"https:\/\/i0.wp.com\/ae01.alicdn.com\/kf\/Hbc34cbd7e5f649a89f90daf5ab42c0cb4.jpg?w=1020&#038;ssl=1\" \/><\/p>\n<p>&nbsp;<\/p>\n<div style=\"display:flex; gap:10px;justify-content:center\" class=\"wps-pgfw-pdf-generate-icon__wrapper-frontend\">\n\t\t<a  href=\"https:\/\/ikasougou.com\/kofaisani\/wp-json\/wp\/v2\/product\/1811?action=genpdf&amp;id=1811\" class=\"pgfw-single-pdf-download-button\" ><img src=\"https:\/\/ikasougou.com\/kofaisani\/wp-content\/plugins\/pdf-generator-for-wp\/admin\/src\/images\/PDF_Tray.svg\" title=\"G\u00e9n\u00e9rer un PDF\" style=\"width:auto; height:45px;\"><\/a>\n\t\t<\/div>","protected":false},"excerpt":{"rendered":"<div class=\"product-title\" style=\"text-align: left;\">\n<pre class=\"product-title-text\" data-spm-anchor-id=\"a2g0o.detail.1000016.i2.4c136bfdJOlmmn\"><span style=\"font-size: 85%;\">Serrure biom\u00e9trique intelligente \u00e0 empreintes digitales, cadenas de s\u00e9curit\u00e9 \u00e9lectronique sans cl\u00e9, capteur d'empreinte digitale Rechargeable par USB pour bagages<\/span><\/pre>\n<\/div>\n","protected":false},"featured_media":1815,"comment_status":"open","ping_status":"closed","template":"","meta":{"jetpack_publicize_message":"","jetpack_publicize_feature_enabled":true,"jetpack_social_post_already_shared":true,"jetpack_social_options":{"image_generator_settings":{"template":"highway","default_image_id":0,"font":"","enabled":false},"version":2}},"product_brand":[],"product_cat":[38],"product_tag":[],"class_list":{"0":"post-1811","1":"product","2":"type-product","3":"status-publish","4":"has-post-thumbnail","6":"product_cat-high-tech","8":"first","9":"instock","10":"shipping-taxable","11":"purchasable","12":"product-type-simple"},"ams_default_variation_id":0,"ams_product_points_reward":[],"ams_product_discount_percentage":0,"ams_price_to_display":25000,"aioseo_notices":[],"ams_acf":[],"jetpack_publicize_connections":[],"jetpack_sharing_enabled":true,"jetpack_likes_enabled":true,"jetpack-related-posts":[],"_links":{"self":[{"href":"https:\/\/ikasougou.com\/kofaisani\/wp-json\/wp\/v2\/product\/1811","targetHints":{"allow":["GET"]}}],"collection":[{"href":"https:\/\/ikasougou.com\/kofaisani\/wp-json\/wp\/v2\/product"}],"about":[{"href":"https:\/\/ikasougou.com\/kofaisani\/wp-json\/wp\/v2\/types\/product"}],"replies":[{"embeddable":true,"href":"https:\/\/ikasougou.com\/kofaisani\/wp-json\/wp\/v2\/comments?post=1811"}],"wp:featuredmedia":[{"embeddable":true,"href":"https:\/\/ikasougou.com\/kofaisani\/wp-json\/wp\/v2\/media\/1815"}],"wp:attachment":[{"href":"https:\/\/ikasougou.com\/kofaisani\/wp-json\/wp\/v2\/media?parent=1811"}],"wp:term":[{"taxonomy":"product_brand","embeddable":true,"href":"https:\/\/ikasougou.com\/kofaisani\/wp-json\/wp\/v2\/product_brand?post=1811"},{"taxonomy":"product_cat","embeddable":true,"href":"https:\/\/ikasougou.com\/kofaisani\/wp-json\/wp\/v2\/product_cat?post=1811"},{"taxonomy":"product_tag","embeddable":true,"href":"https:\/\/ikasougou.com\/kofaisani\/wp-json\/wp\/v2\/product_tag?post=1811"}],"curies":[{"name":"wp","href":"https:\/\/api.w.org\/{rel}","templated":true}]}}