{"id":1870,"date":"2022-09-14T10:39:15","date_gmt":"2022-09-14T10:39:15","guid":{"rendered":"https:\/\/ikasougou.com\/kofaisani\/?post_type=product&#038;p=1870"},"modified":"2022-09-14T10:47:26","modified_gmt":"2022-09-14T10:47:26","slug":"huawei-carte-micro-sd-1to","status":"publish","type":"product","link":"https:\/\/ikasougou.com\/kofaisani\/produit\/huawei-carte-micro-sd-1to\/","title":{"rendered":"HUAWEI \u2013 carte Micro SD 1To"},"content":{"rendered":"<div align=\"left\" data-spm-anchor-id=\"a2g0o.detail.1000023.i0.27617202rRqagp\">Champ d&#8217;application: t\u00e9l\u00e9phone portable\/ordinateur\/cam\u00e9ra\/drone\/navigateur<\/div>\n<div align=\"left\"><\/div>\n<div align=\"left\">Interface: pas de pilote, plug and play, prise chaude<\/div>\n<div align=\"left\"><\/div>\n<div align=\"left\">D\u00e9marrage: d\u00e9marrage USB\/support de d\u00e9marrage du disque dur.<\/div>\n<div align=\"left\"><\/div>\n<div align=\"left\">Conservation des donn\u00e9es: les donn\u00e9es sont conserv\u00e9es pendant au moins 10 ans<\/div>\n<div align=\"left\"><\/div>\n<div align=\"left\">R\u00e9sistance: 1000000 fois r\u00e9inscriptible<\/div>\n<div align=\"left\"><\/div>\n<div align=\"left\">Alimentation: USB aliment\u00e9 par bus (4.5V ~ 5.5V)<\/div>\n<div align=\"left\"><\/div>\n<div align=\"left\">Courant de travail: temp\u00e9rature de travail: 0 \u00b0 c ~ 60 \u00b0 c<\/div>\n<div align=\"left\"><\/div>\n<div align=\"left\">Temp\u00e9rature de stockage: -20 \u00b0 c ~ 85 \u00b0 c<\/div>\n<div align=\"left\"><\/div>\n<div align=\"left\">(La capacit\u00e9 de la carte m\u00e9moire et du produit de disque d&#8217;u est habituellement calcul\u00e9e selon 1M = 1000KB, 1G = 1000MB, et le syst\u00e8me d&#8217;exploitation adopte un algorithme binaire: 1M = 1024KB, 1G = 1024 mo. Par cons\u00e9quent, la capacit\u00e9 d&#8217;affichage et la capacit\u00e9 nominale du produit de m\u00e9moire flash sont certaines. Diff\u00e9rence<\/div>\n<div style=\"display:flex; gap:10px;justify-content:center\" class=\"wps-pgfw-pdf-generate-icon__wrapper-frontend\">\n\t\t<a  href=\"https:\/\/ikasougou.com\/kofaisani\/wp-json\/wp\/v2\/product\/1870?action=genpdf&amp;id=1870\" class=\"pgfw-single-pdf-download-button\" ><img src=\"https:\/\/ikasougou.com\/kofaisani\/wp-content\/plugins\/pdf-generator-for-wp\/admin\/src\/images\/PDF_Tray.svg\" title=\"G\u00e9n\u00e9rer un PDF\" style=\"width:auto; height:45px;\"><\/a>\n\t\t<\/div>","protected":false},"excerpt":{"rendered":"<p><strong>HUAWEI<\/strong> \u2013 carte Micro SD de classe 10, 100\u2009% authentique, carte m\u00e9moire pour Smartphone et PC<\/p>\n","protected":false},"featured_media":1871,"comment_status":"open","ping_status":"closed","template":"","meta":{"jetpack_publicize_message":"","jetpack_publicize_feature_enabled":true,"jetpack_social_post_already_shared":true,"jetpack_social_options":{"image_generator_settings":{"template":"highway","default_image_id":0,"font":"","enabled":false},"version":2}},"product_brand":[],"product_cat":[38,69],"product_tag":[],"class_list":{"0":"post-1870","1":"product","2":"type-product","3":"status-publish","4":"has-post-thumbnail","6":"product_cat-high-tech","7":"product_cat-multimedia-audio-videos","9":"first","10":"instock","11":"shipping-taxable","12":"purchasable","13":"product-type-simple"},"ams_default_variation_id":0,"ams_product_points_reward":[],"ams_product_discount_percentage":0,"ams_price_to_display":15000,"aioseo_notices":[],"ams_acf":[],"jetpack_publicize_connections":[],"jetpack_sharing_enabled":true,"jetpack_likes_enabled":true,"jetpack-related-posts":[],"_links":{"self":[{"href":"https:\/\/ikasougou.com\/kofaisani\/wp-json\/wp\/v2\/product\/1870","targetHints":{"allow":["GET"]}}],"collection":[{"href":"https:\/\/ikasougou.com\/kofaisani\/wp-json\/wp\/v2\/product"}],"about":[{"href":"https:\/\/ikasougou.com\/kofaisani\/wp-json\/wp\/v2\/types\/product"}],"replies":[{"embeddable":true,"href":"https:\/\/ikasougou.com\/kofaisani\/wp-json\/wp\/v2\/comments?post=1870"}],"wp:featuredmedia":[{"embeddable":true,"href":"https:\/\/ikasougou.com\/kofaisani\/wp-json\/wp\/v2\/media\/1871"}],"wp:attachment":[{"href":"https:\/\/ikasougou.com\/kofaisani\/wp-json\/wp\/v2\/media?parent=1870"}],"wp:term":[{"taxonomy":"product_brand","embeddable":true,"href":"https:\/\/ikasougou.com\/kofaisani\/wp-json\/wp\/v2\/product_brand?post=1870"},{"taxonomy":"product_cat","embeddable":true,"href":"https:\/\/ikasougou.com\/kofaisani\/wp-json\/wp\/v2\/product_cat?post=1870"},{"taxonomy":"product_tag","embeddable":true,"href":"https:\/\/ikasougou.com\/kofaisani\/wp-json\/wp\/v2\/product_tag?post=1870"}],"curies":[{"name":"wp","href":"https:\/\/api.w.org\/{rel}","templated":true}]}}