{"id":226,"date":"2019-03-07T21:27:23","date_gmt":"2019-03-07T20:27:23","guid":{"rendered":"https:\/\/ikasougou.com\/latyland\/?post_type=product&#038;p=226"},"modified":"2022-04-21T11:25:28","modified_gmt":"2022-04-21T09:25:28","slug":"le-kilo-petit-pois-bio-non-decortique","status":"publish","type":"product","link":"https:\/\/ikasougou.com\/latyland\/produit\/le-kilo-petit-pois-bio-non-decortique\/","title":{"rendered":"LE KILO PETIT POIS BIO (NON D\u00c9CORTIQU\u00c9 )"},"content":{"rendered":"<h5><span style=\"font-size: 170%;\">Les petits pois renferment de nombreux min\u00e9raux, des oligo-\u00e9l\u00e9ments, des vitamines du groupe B, de la vitamine C et des fibres douces, faciles \u00e0 assimiler quand ils sont primeurs. Ils poss\u00e8dent aussi deux pigments antioxydants indispensables \u00e0 la sant\u00e9 de la r\u00e9tine : la lut\u00e9ine et la z\u00e9axanthine. Autant de raisons pour en ajouter une poign\u00e9e (frais ou congel\u00e9s) dans une soupe, un plat de p\u00e2tes, de riz ou de boulgour.<\/span><\/h5>\n<p><img loading=\"lazy\" decoding=\"async\" class=\"size-full wp-image-227 aligncenter\" src=\"https:\/\/ikasougou.com\/latyland\/wp-content\/uploads\/sites\/17\/2019\/03\/petit-pois-bio-maraicher-bio-alsace-lorraine.jpg\" alt=\"\" width=\"279\" height=\"180\" \/><\/p>\n<div style=\"display:flex; gap:10px;justify-content:center\" class=\"wps-pgfw-pdf-generate-icon__wrapper-frontend\">\n\t\t<a  href=\"https:\/\/ikasougou.com\/latyland\/wp-json\/wp\/v2\/product\/226?action=genpdf&amp;id=226\" class=\"pgfw-single-pdf-download-button\" ><img src=\"https:\/\/ikasougou.com\/latyland\/wp-content\/plugins\/pdf-generator-for-wp\/admin\/src\/images\/PDF_Tray.svg\" title=\"G\u00e9n\u00e9rer un PDF\" style=\"width:auto; height:45px;\"><\/a>\n\t\t<\/div>","protected":false},"excerpt":{"rendered":"<p>Les petits pois renferment de nombreux min\u00e9raux, des oligo-\u00e9l\u00e9ments, des vitamines du groupe B, de la vitamine C et des fibres douces, faciles \u00e0 assimiler quand ils sont primeurs. Ils poss\u00e8dent aussi deux pigments antioxydants indispensables \u00e0 la sant\u00e9 de la r\u00e9tine : la lut\u00e9ine et la z\u00e9axanthine. Autant de raisons pour en ajouter une [&#8230;]\n","protected":false},"featured_media":227,"comment_status":"open","ping_status":"closed","template":"","meta":{"jetpack_post_was_ever_published":false,"jetpack_publicize_message":"LE KILO PETIT POIS BIO (NON D\u00c9CORTIQU\u00c9 )","jetpack_publicize_feature_enabled":true,"jetpack_social_post_already_shared":true,"jetpack_social_options":{"image_generator_settings":{"template":"highway","default_image_id":0,"font":"","enabled":false},"version":2}},"product_brand":[],"product_cat":[18],"product_tag":[],"class_list":{"0":"post-226","1":"product","2":"type-product","3":"status-publish","4":"has-post-thumbnail","6":"product_cat-alimentaires","8":"first","9":"instock","10":"shipping-taxable","11":"purchasable","12":"product-type-simple"},"ams_default_variation_id":0,"ams_product_points_reward":[],"ams_product_discount_percentage":0,"ams_price_to_display":1000,"aioseo_notices":[],"ams_acf":[],"jetpack_publicize_connections":[],"jetpack_sharing_enabled":true,"jetpack_likes_enabled":true,"_links":{"self":[{"href":"https:\/\/ikasougou.com\/latyland\/wp-json\/wp\/v2\/product\/226","targetHints":{"allow":["GET"]}}],"collection":[{"href":"https:\/\/ikasougou.com\/latyland\/wp-json\/wp\/v2\/product"}],"about":[{"href":"https:\/\/ikasougou.com\/latyland\/wp-json\/wp\/v2\/types\/product"}],"replies":[{"embeddable":true,"href":"https:\/\/ikasougou.com\/latyland\/wp-json\/wp\/v2\/comments?post=226"}],"wp:featuredmedia":[{"embeddable":true,"href":"https:\/\/ikasougou.com\/latyland\/wp-json\/wp\/v2\/media\/227"}],"wp:attachment":[{"href":"https:\/\/ikasougou.com\/latyland\/wp-json\/wp\/v2\/media?parent=226"}],"wp:term":[{"taxonomy":"product_brand","embeddable":true,"href":"https:\/\/ikasougou.com\/latyland\/wp-json\/wp\/v2\/product_brand?post=226"},{"taxonomy":"product_cat","embeddable":true,"href":"https:\/\/ikasougou.com\/latyland\/wp-json\/wp\/v2\/product_cat?post=226"},{"taxonomy":"product_tag","embeddable":true,"href":"https:\/\/ikasougou.com\/latyland\/wp-json\/wp\/v2\/product_tag?post=226"}],"curies":[{"name":"wp","href":"https:\/\/api.w.org\/{rel}","templated":true}]}}