{"id":32,"date":"2018-07-04T18:02:19","date_gmt":"2018-07-04T16:02:19","guid":{"rendered":"https:\/\/ikasougou.com\/latyland\/?post_type=product&#038;p=32"},"modified":"2022-04-21T11:25:29","modified_gmt":"2022-04-21T09:25:29","slug":"orange-bio","status":"publish","type":"product","link":"https:\/\/ikasougou.com\/latyland\/produit\/orange-bio\/","title":{"rendered":"Orange Bio"},"content":{"rendered":"<p>faite plein de vitamine C de calcium et de magn\u00e9sium pour d\u00e9buter la journ\u00e9e<\/p>\n<div style=\"display:flex; gap:10px;justify-content:center\" class=\"wps-pgfw-pdf-generate-icon__wrapper-frontend\">\n\t\t<a  href=\"https:\/\/ikasougou.com\/latyland\/wp-json\/wp\/v2\/product\/32?action=genpdf&amp;id=32\" class=\"pgfw-single-pdf-download-button\" ><img src=\"https:\/\/ikasougou.com\/latyland\/wp-content\/plugins\/pdf-generator-for-wp\/admin\/src\/images\/PDF_Tray.svg\" title=\"G\u00e9n\u00e9rer un PDF\" style=\"width:auto; height:45px;\"><\/a>\n\t\t<\/div>","protected":false},"excerpt":{"rendered":"<p>faite plein de vitamine C de calcium et de magn\u00e9sium pour d\u00e9buter la journ\u00e9e<\/p>\n","protected":false},"featured_media":191,"comment_status":"open","ping_status":"closed","template":"","meta":{"jetpack_post_was_ever_published":false,"jetpack_publicize_message":"","jetpack_publicize_feature_enabled":true,"jetpack_social_post_already_shared":true,"jetpack_social_options":{"image_generator_settings":{"template":"highway","default_image_id":0,"font":"","enabled":false},"version":2}},"product_brand":[],"product_cat":[18,22],"product_tag":[],"class_list":{"0":"post-32","1":"product","2":"type-product","3":"status-publish","4":"has-post-thumbnail","6":"product_cat-alimentaires","7":"product_cat-fruits-legumes","9":"first","10":"instock","11":"shipping-taxable","12":"purchasable","13":"product-type-simple"},"ams_default_variation_id":0,"ams_product_points_reward":[],"ams_product_discount_percentage":0,"ams_price_to_display":1000,"aioseo_notices":[],"ams_acf":[],"jetpack_publicize_connections":[],"jetpack_sharing_enabled":true,"jetpack_likes_enabled":true,"_links":{"self":[{"href":"https:\/\/ikasougou.com\/latyland\/wp-json\/wp\/v2\/product\/32","targetHints":{"allow":["GET"]}}],"collection":[{"href":"https:\/\/ikasougou.com\/latyland\/wp-json\/wp\/v2\/product"}],"about":[{"href":"https:\/\/ikasougou.com\/latyland\/wp-json\/wp\/v2\/types\/product"}],"replies":[{"embeddable":true,"href":"https:\/\/ikasougou.com\/latyland\/wp-json\/wp\/v2\/comments?post=32"}],"wp:featuredmedia":[{"embeddable":true,"href":"https:\/\/ikasougou.com\/latyland\/wp-json\/wp\/v2\/media\/191"}],"wp:attachment":[{"href":"https:\/\/ikasougou.com\/latyland\/wp-json\/wp\/v2\/media?parent=32"}],"wp:term":[{"taxonomy":"product_brand","embeddable":true,"href":"https:\/\/ikasougou.com\/latyland\/wp-json\/wp\/v2\/product_brand?post=32"},{"taxonomy":"product_cat","embeddable":true,"href":"https:\/\/ikasougou.com\/latyland\/wp-json\/wp\/v2\/product_cat?post=32"},{"taxonomy":"product_tag","embeddable":true,"href":"https:\/\/ikasougou.com\/latyland\/wp-json\/wp\/v2\/product_tag?post=32"}],"curies":[{"name":"wp","href":"https:\/\/api.w.org\/{rel}","templated":true}]}}