{"id":16,"date":"2022-05-03T14:53:46","date_gmt":"2022-05-03T12:53:46","guid":{"rendered":"https:\/\/ikasougou.com\/macsy\/?page_id=16"},"modified":"2022-06-03T12:36:13","modified_gmt":"2022-06-03T10:36:13","slug":"a-propos-de-macsy","status":"publish","type":"page","link":"https:\/\/ikasougou.com\/macsy\/a-propos-de-macsy\/","title":{"rendered":"A Propos de MacSy"},"content":{"rendered":"<div style=\"background: #fff; padding: 10px; margin-top: 5px; text-align:justify;\">\n<p><img loading=\"lazy\" decoding=\"async\" class=\"size-medium wp-image-17 aligncenter\" src=\"https:\/\/ikasougou.com\/macsy\/wp-content\/uploads\/sites\/106\/2022\/05\/logo-MS-oK-300x212.jpg\" alt=\"\" width=\"300\" height=\"212\" srcset=\"https:\/\/ikasougou.com\/macsy\/wp-content\/uploads\/sites\/106\/2022\/05\/logo-MS-oK-300x212.jpg 300w, https:\/\/ikasougou.com\/macsy\/wp-content\/uploads\/sites\/106\/2022\/05\/logo-MS-oK-768x543.jpg 768w, https:\/\/ikasougou.com\/macsy\/wp-content\/uploads\/sites\/106\/2022\/05\/logo-MS-oK-510x361.jpg 510w, https:\/\/ikasougou.com\/macsy\/wp-content\/uploads\/sites\/106\/2022\/05\/logo-MS-oK.jpg 841w\" sizes=\"auto, (max-width: 300px) 100vw, 300px\" \/><\/p>\n<p><strong>MacSy<\/strong> est une Marque <strong>Malienne<\/strong> sp\u00e9cialis\u00e9e dans des collections de <em>pr\u00eat \u00e0 porter, de Tuniques, de Bazins, de Chemises, de Sandales et Tapettes en cuir et d\u2019accessoires<\/em>.<\/p>\n<p><strong>Messages de MacSy<\/strong><\/p>\n<p>Chers clientes et clients, vous avez r\u00e9cemment achet\u00e9 des <em>Tuniques (boubous), chemises, sandales, chapeaux, boutons de manchette<\/em> et j&#8217;esp\u00e8re que ces produits vous donnent enti\u00e8re satisfaction et je vous remercie pour votre confiance. Je voulais juste vous remercier pour votre achat et particuli\u00e8rement pour souhaiter bonne f\u00eate de ramadan. Nous sommes tr\u00e8s chanceux d&#8217;avoir des clients comme vous\u202f! Merci d&#8217;\u00eatre client de <strong>MacSy<\/strong> (<em><strong>M.S<\/strong><\/em>). La galaxie des <strong>HOMMES \u00c0 VOS BESOINS<\/strong>, C&#8217;est aussi des commandes personnalis\u00e9es, uniques et destin\u00e9es qu&#8217;\u00e0 vous et uniquement qu\u2019\u00e0 vous.<\/p>\n<p><strong>Adresse<\/strong> :<br \/><em>Faladie Sema, Rue du gouverneur en face de l\u2019Agence Wave<\/em><\/p>\n<p><strong>Contact<\/strong> : <em>+223 93 70 70 70<\/em><\/p>\n<\/div>\n<div style=\"display:flex; gap:10px;justify-content:center\" class=\"wps-pgfw-pdf-generate-icon__wrapper-frontend\">\n\t\t<a  href=\"https:\/\/ikasougou.com\/macsy\/wp-json\/wp\/v2\/pages\/16?action=genpdf&amp;id=16\" class=\"pgfw-single-pdf-download-button\" ><img src=\"https:\/\/ikasougou.com\/macsy\/wp-content\/plugins\/pdf-generator-for-wp\/admin\/src\/images\/PDF_Tray.svg\" title=\"G\u00e9n\u00e9rer un PDF\" style=\"width:auto; height:45px;\"><\/a>\n\t\t<\/div>","protected":false},"excerpt":{"rendered":"<p>MacSy est une Marque Malienne sp\u00e9cialis\u00e9e dans des collections de pr\u00eat \u00e0 porter, de Tuniques, de Bazins, de Chemises, de Sandales et Tapettes en cuir et d\u2019accessoires. Messages de MacSy Chers clientes et clients, vous avez r\u00e9cemment achet\u00e9 des Tuniques (boubous), chemises, sandales, chapeaux, boutons de manchette et j&#8217;esp\u00e8re que ces produits vous donnent enti\u00e8re [&#8230;]\n","protected":false},"author":1,"featured_media":0,"parent":0,"menu_order":0,"comment_status":"closed","ping_status":"closed","template":"page-blank-title-center.php","meta":{"jetpack_post_was_ever_published":false,"footnotes":""},"class_list":["post-16","page","type-page","status-publish","hentry"],"aioseo_notices":[],"ams_acf":[],"jetpack_sharing_enabled":true,"_links":{"self":[{"href":"https:\/\/ikasougou.com\/macsy\/wp-json\/wp\/v2\/pages\/16","targetHints":{"allow":["GET"]}}],"collection":[{"href":"https:\/\/ikasougou.com\/macsy\/wp-json\/wp\/v2\/pages"}],"about":[{"href":"https:\/\/ikasougou.com\/macsy\/wp-json\/wp\/v2\/types\/page"}],"author":[{"embeddable":true,"href":"https:\/\/ikasougou.com\/macsy\/wp-json\/wp\/v2\/users\/1"}],"replies":[{"embeddable":true,"href":"https:\/\/ikasougou.com\/macsy\/wp-json\/wp\/v2\/comments?post=16"}],"version-history":[{"count":6,"href":"https:\/\/ikasougou.com\/macsy\/wp-json\/wp\/v2\/pages\/16\/revisions"}],"predecessor-version":[{"id":671,"href":"https:\/\/ikasougou.com\/macsy\/wp-json\/wp\/v2\/pages\/16\/revisions\/671"}],"wp:attachment":[{"href":"https:\/\/ikasougou.com\/macsy\/wp-json\/wp\/v2\/media?parent=16"}],"curies":[{"name":"wp","href":"https:\/\/api.w.org\/{rel}","templated":true}]}}