{"id":1119,"date":"2022-07-06T13:25:12","date_gmt":"2022-07-06T11:25:12","guid":{"rendered":"https:\/\/ikasougou.com\/macsy\/?post_type=product&#038;p=1119"},"modified":"2022-07-06T19:25:22","modified_gmt":"2022-07-06T17:25:22","slug":"collection-tabaski-macsy-manches-courtes-3","status":"publish","type":"product","link":"https:\/\/ikasougou.com\/macsy\/produit\/collection-tabaski-macsy-manches-courtes-3\/","title":{"rendered":"Collection Tabaski MacSy Manches courtes"},"content":{"rendered":"<p>Collection Tabaski 2 pi\u00e8ces, manches courtes, faites avec des mat\u00e9riaux de qualit\u00e9. D\u00e9marquez-vous parmi la foule, pendant la f\u00eate qui approche, avec cette tenue classique que tout gentleman devrait avoir.<\/p>\n<div style=\"display:flex; gap:10px;justify-content:center\" class=\"wps-pgfw-pdf-generate-icon__wrapper-frontend\">\n\t\t<a  href=\"https:\/\/ikasougou.com\/macsy\/wp-json\/wp\/v2\/product\/1119?action=genpdf&amp;id=1119\" class=\"pgfw-single-pdf-download-button\" ><img src=\"https:\/\/ikasougou.com\/macsy\/wp-content\/plugins\/pdf-generator-for-wp\/admin\/src\/images\/PDF_Tray.svg\" title=\"G\u00e9n\u00e9rer un PDF\" style=\"width:auto; height:45px;\"><\/a>\n\t\t<\/div>","protected":false},"excerpt":{"rendered":"<p>D\u00e9marquez-vous parmi la foule, pendant la f\u00eate qui approche, avec cette tenue classique que tout gentleman devrait avoir.<\/p>\n","protected":false},"featured_media":1130,"comment_status":"open","ping_status":"closed","template":"","meta":{"jetpack_post_was_ever_published":false,"jetpack_publicize_message":"","jetpack_publicize_feature_enabled":true,"jetpack_social_post_already_shared":true,"jetpack_social_options":{"image_generator_settings":{"template":"highway","default_image_id":0,"font":"","enabled":false},"version":2}},"product_brand":[],"product_cat":[21,73,56],"product_tag":[67,68,71,70,69,66,65],"class_list":{"0":"post-1119","1":"product","2":"type-product","3":"status-publish","4":"has-post-thumbnail","6":"product_cat-chemises","7":"product_cat-collection-2022","8":"product_cat-manches-courtes","9":"product_tag-chic","10":"product_tag-choc","11":"product_tag-collection2022","12":"product_tag-courtes","13":"product_tag-manches","14":"product_tag-mode","15":"product_tag-tabaski","17":"first","18":"instock","19":"shipping-taxable","20":"purchasable","21":"product-type-simple"},"ams_default_variation_id":0,"ams_product_points_reward":[],"ams_product_discount_percentage":0,"ams_price_to_display":55000,"aioseo_notices":[],"ams_acf":[],"jetpack_publicize_connections":[],"jetpack_sharing_enabled":true,"_links":{"self":[{"href":"https:\/\/ikasougou.com\/macsy\/wp-json\/wp\/v2\/product\/1119","targetHints":{"allow":["GET"]}}],"collection":[{"href":"https:\/\/ikasougou.com\/macsy\/wp-json\/wp\/v2\/product"}],"about":[{"href":"https:\/\/ikasougou.com\/macsy\/wp-json\/wp\/v2\/types\/product"}],"replies":[{"embeddable":true,"href":"https:\/\/ikasougou.com\/macsy\/wp-json\/wp\/v2\/comments?post=1119"}],"wp:featuredmedia":[{"embeddable":true,"href":"https:\/\/ikasougou.com\/macsy\/wp-json\/wp\/v2\/media\/1130"}],"wp:attachment":[{"href":"https:\/\/ikasougou.com\/macsy\/wp-json\/wp\/v2\/media?parent=1119"}],"wp:term":[{"taxonomy":"product_brand","embeddable":true,"href":"https:\/\/ikasougou.com\/macsy\/wp-json\/wp\/v2\/product_brand?post=1119"},{"taxonomy":"product_cat","embeddable":true,"href":"https:\/\/ikasougou.com\/macsy\/wp-json\/wp\/v2\/product_cat?post=1119"},{"taxonomy":"product_tag","embeddable":true,"href":"https:\/\/ikasougou.com\/macsy\/wp-json\/wp\/v2\/product_tag?post=1119"}],"curies":[{"name":"wp","href":"https:\/\/api.w.org\/{rel}","templated":true}]}}